{"id":9767,"date":"2025-02-10T18:43:10","date_gmt":"2025-02-10T18:43:10","guid":{"rendered":"http:\/\/isikdemir.com.tr\/?page_id=9767"},"modified":"2025-04-28T17:36:08","modified_gmt":"2025-04-28T17:36:08","slug":"kare","status":"publish","type":"page","link":"https:\/\/isikdemir.com.tr\/index.php\/kare\/","title":{"rendered":"KARE"},"content":{"rendered":"\t\t<div data-elementor-type=\"wp-page\" data-elementor-id=\"9767\" class=\"elementor elementor-9767\">\n\t\t\t\t        <section class=\"elementor-section elementor-top-section elementor-element elementor-element-2f96f888 elementor-section-boxed elementor-section-height-default elementor-section-height-default ct-header-fixed-none ct-row-max-none\" data-id=\"2f96f888\" data-element_type=\"section\">\n            \n                        <div class=\"elementor-container elementor-column-gap-extended \">\n                    <div class=\"elementor-column elementor-col-66 elementor-top-column elementor-element elementor-element-6728a36e\" data-id=\"6728a36e\" data-element_type=\"column\">\n        <div class=\"elementor-widget-wrap elementor-element-populated\">\n                    \n        \t\t<div class=\"elementor-element elementor-element-7faf9e52 elementor-widget elementor-widget-ct_title\" data-id=\"7faf9e52\" data-element_type=\"widget\" data-widget_type=\"ct_title.default\">\n\t\t\t\t<div class=\"elementor-widget-container\">\n\t\t\t\t\t<div class=\"ct-title1 style2\">\r\n    <h3>\r\n    \t\t        <span>KARE<\/span>\r\n\t        <i><\/i>\r\n\t        <\/h3>\r\n<\/div>\t\t\t\t<\/div>\n\t\t\t\t<\/div>\n\t\t\t\t<div class=\"elementor-element elementor-element-23b3523b elementor-widget elementor-widget-text-editor\" data-id=\"23b3523b\" data-element_type=\"widget\" data-widget_type=\"text-editor.default\">\n\t\t\t\t\t\t\t\t\t<h4>Kare Dolu Demir Nedir?<\/h4><p>Kare dolu demir \u00fcretim ya da genel montaj \u00e7al\u0131\u015fmalar\u0131nda yayg\u0131n olarak kullan\u0131lan hadde \u00fcr\u00fcnlerdendir. Buna ek olarak korkuluk onar\u0131m\u0131 ya da tesis ekipmanlar\u0131 aras\u0131nda da yerini alan kare dolu demir \u00fcr\u00fcnleri kap\u0131 ve pencere koruyucular\u0131n yan\u0131 s\u0131ra ferforje demir i\u015fi alan\u0131nda da tercih edilmektedir. Her t\u00fcrl\u00fc malzemeden \u00fcretilebilen bu hadde \u00fcr\u00fcnler y\u00fcksek korozyon direncine sahiptir. Bu sayede harika bir a\u011f\u0131rl\u0131k ta\u015f\u0131ma \u00f6zelli\u011fi bar\u0131nd\u0131rmaktad\u0131r.<\/p><h4>Kare Dolu Demir Kullan\u0131m Alanlar\u0131<\/h4><p>\u00d6ncelikle dayan\u0131kl\u0131l\u0131\u011f\u0131 ve uzun \u00f6m\u00fcrl\u00fc olmas\u0131yla tan\u0131nan bu demir t\u00fcr\u00fcn\u00fcn pek \u00e7ok alanda kullan\u0131ld\u0131\u011f\u0131 bilinmektedir. \u0130\u00e7i dolu demir uygulamalar\u0131 asl\u0131nda g\u00fcn\u00fcm\u00fczdeki yap\u0131lar\u0131n yan\u0131 s\u0131ra demir yolu yap\u0131m\u0131nda da kullan\u0131lmaktad\u0131r. Genel kullan\u0131m alanlar\u0131; korkuluk, vin\u00e7 yollar\u0131, ray demiri, makine imalatlar\u0131 ve zirai aletler gibi alanlard\u0131r.<\/p>\t\t\t\t\t\t\t\t<\/div>\n\t\t\t\t<div class=\"elementor-element elementor-element-5c4e058 elementor-invisible elementor-widget elementor-widget-ct_gallery_carousel\" data-id=\"5c4e058\" data-element_type=\"widget\" data-settings=\"{&quot;_animation&quot;:&quot;fadeInRight&quot;}\" data-widget_type=\"ct_gallery_carousel.default\">\n\t\t\t\t<div class=\"elementor-widget-container\">\n\t\t\t\t\t    <div class=\"ct-gallery-carousel1 ct-slick-slider\">\r\n        <div class=\"ct-carousel-inner\">\r\n            <div class=\"ct-slick-carousel\" data-arrows=\"\" data-dots=\"\" data-pauseOnHover=\"\" data-autoplay=\"\" data-autoplaySpeed=\"5000\" data-infinite=\"\" data-speed=\"700\" data-colxs=\"2\" data-colsm=\"2\" data-colmd=\"3\" data-collg=\"3\" data-colxl=\"3\" data-dir=\"false\" data-slidesToScroll=\"1\">\r\n                                    <div class=\"slick-slide\">\r\n                        <img fetchpriority=\"high\" decoding=\"async\" class=\"\" src=\"https:\/\/isikdemir.com.tr\/wp-content\/uploads\/2025\/03\/product-4-475x555.jpg\" width=\"475\" height=\"555\" alt=\"product-4\" title=\"product-4\" \/>                    <\/div>\r\n                                    <div class=\"slick-slide\">\r\n                        <img decoding=\"async\" class=\"\" src=\"https:\/\/isikdemir.com.tr\/wp-content\/uploads\/2025\/03\/product-4-2-475x555.jpg\" width=\"475\" height=\"555\" alt=\"product-4-2\" title=\"product-4-2\" \/>                    <\/div>\r\n                                    <div class=\"slick-slide\">\r\n                        <img decoding=\"async\" class=\"\" src=\"https:\/\/isikdemir.com.tr\/wp-content\/uploads\/2025\/03\/product-4-4-475x555.jpg\" width=\"475\" height=\"555\" alt=\"product-4-4\" title=\"product-4-4\" \/>                    <\/div>\r\n                                    <div class=\"slick-slide\">\r\n                        <img loading=\"lazy\" decoding=\"async\" class=\"\" src=\"https:\/\/isikdemir.com.tr\/wp-content\/uploads\/2025\/03\/33e69489_big-1-475x576.jpg\" width=\"475\" height=\"576\" alt=\"33e69489_big\" title=\"33e69489_big\" \/>                    <\/div>\r\n                            <\/div>\r\n        <\/div>\r\n    <\/div>\r\n\t\t\t\t<\/div>\n\t\t\t\t<\/div>\n\t\t\t\t<div class=\"elementor-element elementor-element-b061623 elementor-widget elementor-widget-text-editor\" data-id=\"b061623\" data-element_type=\"widget\" data-widget_type=\"text-editor.default\">\n\t\t\t\t\t\t\t\t\t<style>\n    table {\n        width: 65%; \/* Tablo geni\u015fli\u011fi azalt\u0131ld\u0131 *\/\n        border-collapse: collapse;\n        margin: 20px 0;\n        background-color: #ffffff;\n        box-shadow: 0 4px 8px rgba(0, 0, 0, 0.1);\n       \n        vertical-align: top; \/* Tablolar\u0131n \u00fcst hizadan ba\u015flamas\u0131n\u0131 sa\u011flar *\/\n    }\n    table, th, td {\n        border: 1px solid #ddd;\n    }\n    th, td {\n        padding: 10px;\n        text-align: left;\n    }\n    th {\n        background-color: #0073e6; \/* Koyu mavi *\/\n        color: #ffffff; \/* Beyaz yaz\u0131 *\/\n        font-weight: bold;\n    }\n    tr:nth-child(even) {\n        background-color: #e6f2ff; \/* A\u00e7\u0131k mavi *\/\n    }\n    tr:hover {\n        background-color: #cce6ff; \/* Orta ton mavi *\/\n    }\n   \n   \n    .table-container {\n        display: flex; \/* Tablolar\u0131 yan yana yerle\u015ftirmek i\u00e7in *\/\n        justify-content: space-between; \/* Tablolar aras\u0131ndaki bo\u015flu\u011fu otomatik ayarlar *\/\n        width: 100%; \/* Container'\u0131n geni\u015fli\u011fi *\/\n    }\n<\/style>\n\n<h3>Boyut ve A\u011f\u0131rl\u0131k Tablolar\u0131<\/h3>\n   \n    <table>\n        <thead>\n            <tr>\n                <th>Boyut (mm)<\/th>\n                <th>A\u011f\u0131rl\u0131k (kg\/m)<\/th>\n            <\/tr>\n        <\/thead>\n        <tbody>\n            <tr>\n                <td>7 x 7<\/td>\n                <td>0,385<\/td>\n            <\/tr>\n            <tr>\n                <td>7,5 x 7,5<\/td>\n                <td>0,442<\/td>\n            <\/tr>\n            <tr>\n                <td>8 x 8<\/td>\n                <td>0,502<\/td>\n            <\/tr>\n            <tr>\n                <td>8,5 x 8,5<\/td>\n                <td>0,567<\/td>\n            <\/tr>\n            <tr>\n                <td>9 x 9<\/td>\n                <td>0,636<\/td>\n            <\/tr>\n            <tr>\n                <td>9,5 x 9,5<\/td>\n                <td>0,708<\/td>\n            <\/tr>\n            <tr>\n                <td>10 x 10<\/td>\n                <td>0,785<\/td>\n            <\/tr>\n            <tr>\n                <td>10,5 x 10,5<\/td>\n                <td>0,865<\/td>\n            <\/tr>\n            <tr>\n                <td>11 x 11<\/td>\n                <td>0,95<\/td>\n            <\/tr>\n            <tr>\n                <td>11,5 x 11,5<\/td>\n                <td>1,038<\/td>\n            <\/tr>\n            <tr>\n                <td>12 x 12<\/td>\n                <td>1,13<\/td>\n            <\/tr>\n            <tr>\n                <td>12,5 x 12,5<\/td>\n                <td>1,227<\/td>\n            <\/tr>\n            <tr>\n                <td>13 x 13<\/td>\n                <td>1,327<\/td>\n            <\/tr>\n            <tr>\n                <td>13,5 x 13,5<\/td>\n                <td>1,431<\/td>\n            <\/tr>\n   <tr>\n                <td>14 x 14<\/td>\n                <td>1,539<\/td>\n            <\/tr>\n            <tr>\n                <td>14,5 x 14,5<\/td>\n                <td>1,65<\/td>\n            <\/tr>\n            <tr>\n                <td>15 x 15<\/td>\n                <td>1,766<\/td>\n            <\/tr>\n            <tr>\n                <td>15,5 x 15,5<\/td>\n                <td>1,886<\/td>\n            <\/tr>\n            <tr>\n                <td>16 x 16<\/td>\n                <td>2,01<\/td>\n            <\/tr>\n            <tr>\n                <td>17 x 17<\/td>\n                <td>2,269<\/td>\n            <\/tr>\n            <tr>\n                <td>18 x 18<\/td>\n                <td>2,543<\/td>\n            <\/tr>\n            <tr>\n                <td>19 x 19<\/td>\n                <td>2,834<\/td>\n            <\/tr>\n            <tr>\n                <td>20 x 20<\/td>\n                <td>3,14<\/td>\n            <\/tr>\n            <tr>\n                <td>22 x 22<\/td>\n                <td>3,799<\/td>\n            <\/tr>\n            <tr>\n                <td>25 x 25<\/td>\n                <td>4,906<\/td>\n            <\/tr>\n        <\/tbody>\n    <\/table>\n\n   \t\t\t\t\t\t\t\t<\/div>\n\t\t            <\/div>\n        <\/div>\n                <div class=\"elementor-column elementor-col-33 elementor-top-column elementor-element elementor-element-d8fcb61\" data-id=\"d8fcb61\" data-element_type=\"column\">\n        <div class=\"elementor-widget-wrap elementor-element-populated\">\n                    \n        \t\t<div class=\"elementor-element elementor-element-38948abd elementor-widget__width-inherit elementor-widget elementor-widget-ct_navigation_menu\" data-id=\"38948abd\" data-element_type=\"widget\" data-widget_type=\"ct_navigation_menu.default\">\n\t\t\t\t<div class=\"elementor-widget-container\">\n\t\t\t\t\t    <div id=\"ct_navigation_menu-38948abd\" class=\"ct-navigation-menu1 default\">\r\n        <div class=\"menu-menu-services-container\"><ul id=\"menu-menu-services\" class=\"menu\"><li id=\"menu-item-9897\" class=\"menu-item menu-item-type-post_type menu-item-object-page menu-item-9897\"><a href=\"https:\/\/isikdemir.com.tr\/index.php\/borular\/\">BORULAR<\/a><\/li>\n<li id=\"menu-item-9898\" class=\"menu-item menu-item-type-post_type menu-item-object-page menu-item-9898\"><a href=\"https:\/\/isikdemir.com.tr\/index.php\/profil\/\">PROF\u0130LLER<\/a><\/li>\n<li id=\"menu-item-9894\" class=\"menu-item menu-item-type-post_type menu-item-object-page menu-item-9894\"><a href=\"https:\/\/isikdemir.com.tr\/index.php\/saclar\/\">SACLAR<\/a><\/li>\n<li id=\"menu-item-9896\" class=\"menu-item menu-item-type-post_type menu-item-object-page menu-item-9896\"><a href=\"https:\/\/isikdemir.com.tr\/index.php\/ipe-demir-profil\/\">IPE DEM\u0130R<\/a><\/li>\n<li id=\"menu-item-9887\" class=\"menu-item menu-item-type-post_type menu-item-object-page menu-item-9887\"><a href=\"https:\/\/isikdemir.com.tr\/index.php\/ipn-demir-profil\/\">IPN DEM\u0130R<\/a><\/li>\n<li id=\"menu-item-9886\" class=\"menu-item menu-item-type-post_type menu-item-object-page menu-item-9886\"><a href=\"https:\/\/isikdemir.com.tr\/index.php\/upn-demir-profil\/\">UPN DEM\u0130R<\/a><\/li>\n<li id=\"menu-item-9895\" class=\"menu-item menu-item-type-post_type menu-item-object-page menu-item-9895\"><a href=\"https:\/\/isikdemir.com.tr\/index.php\/hea-3\/\">HEA PROF\u0130L<\/a><\/li>\n<li id=\"menu-item-9888\" class=\"menu-item menu-item-type-post_type menu-item-object-page menu-item-9888\"><a href=\"https:\/\/isikdemir.com.tr\/index.php\/heb\/\">HEB PROF\u0130L<\/a><\/li>\n<li id=\"menu-item-9889\" class=\"menu-item menu-item-type-post_type menu-item-object-page menu-item-9889\"><a href=\"https:\/\/isikdemir.com.tr\/index.php\/hem-2\/\">HEM PROF\u0130L<\/a><\/li>\n<li id=\"menu-item-9891\" class=\"menu-item menu-item-type-post_type menu-item-object-page menu-item-9891\"><a href=\"https:\/\/isikdemir.com.tr\/index.php\/lama-ve-silmeler\/\">LAMA VE S\u0130LME<\/a><\/li>\n<li id=\"menu-item-9884\" class=\"menu-item menu-item-type-post_type menu-item-object-page menu-item-9884\"><a href=\"https:\/\/isikdemir.com.tr\/index.php\/kare\/\">KARE<\/a><\/li>\n<li id=\"menu-item-9899\" class=\"menu-item menu-item-type-post_type menu-item-object-page menu-item-9899\"><a href=\"https:\/\/isikdemir.com.tr\/index.php\/kosebent\/\">K\u00d6\u015eEBENTLER<\/a><\/li>\n<li id=\"menu-item-9892\" class=\"menu-item menu-item-type-post_type menu-item-object-page menu-item-9892\"><a href=\"https:\/\/isikdemir.com.tr\/index.php\/elektrot\/\">ELEKTROT<\/a><\/li>\n<li id=\"menu-item-9885\" class=\"menu-item menu-item-type-post_type menu-item-object-page menu-item-9885\"><a href=\"https:\/\/isikdemir.com.tr\/index.php\/kaynak-telleri\/\">KAYNAK TELLER\u0130<\/a><\/li>\n<li id=\"menu-item-9893\" class=\"menu-item menu-item-type-post_type menu-item-object-page menu-item-9893\"><a href=\"https:\/\/isikdemir.com.tr\/index.php\/galvaniz-sac\/\">PANELLER<\/a><\/li>\n<li id=\"menu-item-10470\" class=\"menu-item menu-item-type-post_type menu-item-object-page menu-item-10470\"><a href=\"https:\/\/isikdemir.com.tr\/index.php\/celik-hasir-insaat-demiri\/\">\u00c7EL\u0130K HASIR \u2013 \u0130N\u015eAAT DEM\u0130R\u0130<\/a><\/li>\n<li id=\"menu-item-10625\" class=\"menu-item menu-item-type-post_type menu-item-object-page menu-item-10625\"><a href=\"https:\/\/isikdemir.com.tr\/index.php\/elementor-10564\/\">HARDOX<\/a><\/li>\n<\/ul><\/div>    <\/div>\r\n\t\t\t\t<\/div>\n\t\t\t\t<\/div>\n\t\t\t\t<div class=\"elementor-element elementor-element-554cdcf3 elementor-widget elementor-widget-spacer\" data-id=\"554cdcf3\" data-element_type=\"widget\" data-widget_type=\"spacer.default\">\n\t\t\t\t<div class=\"elementor-widget-container\">\n\t\t\t\t\t\t\t<div class=\"elementor-spacer\">\n\t\t\t<div class=\"elementor-spacer-inner\"><\/div>\n\t\t<\/div>\n\t\t\t\t\t\t<\/div>\n\t\t\t\t<\/div>\n\t\t\t\t<div class=\"elementor-element elementor-element-436d9dc0 elementor-widget elementor-widget-spacer\" data-id=\"436d9dc0\" data-element_type=\"widget\" data-widget_type=\"spacer.default\">\n\t\t\t\t<div class=\"elementor-widget-container\">\n\t\t\t\t\t\t\t<div class=\"elementor-spacer\">\n\t\t\t<div class=\"elementor-spacer-inner\"><\/div>\n\t\t<\/div>\n\t\t\t\t\t\t<\/div>\n\t\t\t\t<\/div>\n\t\t\t\t<div class=\"elementor-element elementor-element-40424b1e elementor-widget elementor-widget-ct_download\" data-id=\"40424b1e\" data-element_type=\"widget\" data-widget_type=\"ct_download.default\">\n\t\t\t\t<div class=\"elementor-widget-container\">\n\t\t\t\t\t    <div class=\"ct-download\">\r\n                    <div class=\"item--download\">\r\n                <a href=\"http:\/\/isikdemir.com.tr\/isikdemirkatalog_2025.pdf\" target=\"_blank\">\r\n            \t<i aria-hidden=\"true\" class=\"material zmdi zmdi-download\"><\/i>                                <span>Katalog <\/span>\r\n            \t<\/a>\r\n           <\/div>\r\n            <\/div>\r\n\t\t\t\t<\/div>\n\t\t\t\t<\/div>\n\t\t            <\/div>\n        <\/div>\n                    <\/div>\n        <\/section>\n        \t\t<\/div>\n\t\t","protected":false},"excerpt":{"rendered":"<p>KARE Kare Dolu Demir Nedir? Kare dolu demir \u00fcretim ya da genel montaj \u00e7al\u0131\u015fmalar\u0131nda yayg\u0131n olarak kullan\u0131lan hadde \u00fcr\u00fcnlerdendir. Buna ek olarak korkuluk onar\u0131m\u0131 ya da tesis ekipmanlar\u0131 aras\u0131nda da yerini alan kare dolu demir \u00fcr\u00fcnleri kap\u0131 ve pencere koruyucular\u0131n yan\u0131 s\u0131ra ferforje demir i\u015fi alan\u0131nda da tercih edilmektedir. Her t\u00fcrl\u00fc malzemeden \u00fcretilebilen bu hadde [&hellip;]<\/p>\n","protected":false},"author":1,"featured_media":0,"parent":0,"menu_order":0,"comment_status":"closed","ping_status":"closed","template":"","meta":{"footnotes":""},"class_list":["post-9767","page","type-page","status-publish","hentry"],"yoast_head":"<!-- This site is optimized with the Yoast SEO plugin v24.3 - https:\/\/yoast.com\/wordpress\/plugins\/seo\/ -->\r\n<title>KARE - I\u015eIK DEM\u0130R<\/title>\r\n<meta name=\"robots\" content=\"index, follow, max-snippet:-1, max-image-preview:large, max-video-preview:-1\" \/>\r\n<link rel=\"canonical\" href=\"https:\/\/isikdemir.com.tr\/index.php\/kare\/\" \/>\r\n<meta property=\"og:locale\" content=\"tr_TR\" \/>\r\n<meta property=\"og:type\" content=\"article\" \/>\r\n<meta property=\"og:title\" content=\"KARE - I\u015eIK DEM\u0130R\" \/>\r\n<meta property=\"og:description\" content=\"KARE Kare Dolu Demir Nedir? Kare dolu demir \u00fcretim ya da genel montaj \u00e7al\u0131\u015fmalar\u0131nda yayg\u0131n olarak kullan\u0131lan hadde \u00fcr\u00fcnlerdendir. Buna ek olarak korkuluk onar\u0131m\u0131 ya da tesis ekipmanlar\u0131 aras\u0131nda da yerini alan kare dolu demir \u00fcr\u00fcnleri kap\u0131 ve pencere koruyucular\u0131n yan\u0131 s\u0131ra ferforje demir i\u015fi alan\u0131nda da tercih edilmektedir. Her t\u00fcrl\u00fc malzemeden \u00fcretilebilen bu hadde [&hellip;]\" \/>\r\n<meta property=\"og:url\" content=\"https:\/\/isikdemir.com.tr\/index.php\/kare\/\" \/>\r\n<meta property=\"og:site_name\" content=\"I\u015eIK DEM\u0130R\" \/>\r\n<meta property=\"article:publisher\" content=\"https:\/\/www.facebook.com\/p\/Ik-Demir-100092820544779\/?locale=tr_TR\" \/>\r\n<meta property=\"article:modified_time\" content=\"2025-04-28T17:36:08+00:00\" \/>\r\n<meta property=\"og:image\" content=\"http:\/\/isikdemir.com.tr\/wp-content\/uploads\/2025\/03\/product-4-475x555.jpg\" \/>\r\n<meta name=\"twitter:card\" content=\"summary_large_image\" \/>\r\n<meta name=\"twitter:label1\" content=\"Tahmini okuma s\u00fcresi\" \/>\n\t<meta name=\"twitter:data1\" content=\"3 dakika\" \/>\r\n<script type=\"application\/ld+json\" class=\"yoast-schema-graph\">{\"@context\":\"https:\/\/schema.org\",\"@graph\":[{\"@type\":\"WebPage\",\"@id\":\"https:\/\/isikdemir.com.tr\/index.php\/kare\/\",\"url\":\"https:\/\/isikdemir.com.tr\/index.php\/kare\/\",\"name\":\"KARE - I\u015eIK DEM\u0130R\",\"isPartOf\":{\"@id\":\"https:\/\/isikdemir.com.tr\/#website\"},\"primaryImageOfPage\":{\"@id\":\"https:\/\/isikdemir.com.tr\/index.php\/kare\/#primaryimage\"},\"image\":{\"@id\":\"https:\/\/isikdemir.com.tr\/index.php\/kare\/#primaryimage\"},\"thumbnailUrl\":\"http:\/\/isikdemir.com.tr\/wp-content\/uploads\/2025\/03\/product-4-475x555.jpg\",\"datePublished\":\"2025-02-10T18:43:10+00:00\",\"dateModified\":\"2025-04-28T17:36:08+00:00\",\"breadcrumb\":{\"@id\":\"https:\/\/isikdemir.com.tr\/index.php\/kare\/#breadcrumb\"},\"inLanguage\":\"tr\",\"potentialAction\":[{\"@type\":\"ReadAction\",\"target\":[\"https:\/\/isikdemir.com.tr\/index.php\/kare\/\"]}]},{\"@type\":\"ImageObject\",\"inLanguage\":\"tr\",\"@id\":\"https:\/\/isikdemir.com.tr\/index.php\/kare\/#primaryimage\",\"url\":\"https:\/\/isikdemir.com.tr\/wp-content\/uploads\/2025\/03\/product-4.jpg\",\"contentUrl\":\"https:\/\/isikdemir.com.tr\/wp-content\/uploads\/2025\/03\/product-4.jpg\",\"width\":555,\"height\":555},{\"@type\":\"BreadcrumbList\",\"@id\":\"https:\/\/isikdemir.com.tr\/index.php\/kare\/#breadcrumb\",\"itemListElement\":[{\"@type\":\"ListItem\",\"position\":1,\"name\":\"Anasayfa\",\"item\":\"https:\/\/isikdemir.com.tr\/\"},{\"@type\":\"ListItem\",\"position\":2,\"name\":\"KARE\"}]},{\"@type\":\"WebSite\",\"@id\":\"https:\/\/isikdemir.com.tr\/#website\",\"url\":\"https:\/\/isikdemir.com.tr\/\",\"name\":\"I\u015eIK BORU PROF\u0130L\",\"description\":\"I\u015eIK BORU PROF\u0130L\",\"publisher\":{\"@id\":\"https:\/\/isikdemir.com.tr\/#organization\"},\"potentialAction\":[{\"@type\":\"SearchAction\",\"target\":{\"@type\":\"EntryPoint\",\"urlTemplate\":\"https:\/\/isikdemir.com.tr\/?s={search_term_string}\"},\"query-input\":{\"@type\":\"PropertyValueSpecification\",\"valueRequired\":true,\"valueName\":\"search_term_string\"}}],\"inLanguage\":\"tr\"},{\"@type\":\"Organization\",\"@id\":\"https:\/\/isikdemir.com.tr\/#organization\",\"name\":\"I\u015eIK BORU PROF\u0130L\",\"url\":\"https:\/\/isikdemir.com.tr\/\",\"logo\":{\"@type\":\"ImageObject\",\"inLanguage\":\"tr\",\"@id\":\"https:\/\/isikdemir.com.tr\/#\/schema\/logo\/image\/\",\"url\":\"https:\/\/isikdemir.com.tr\/wp-content\/uploads\/2020\/02\/logo.png\",\"contentUrl\":\"https:\/\/isikdemir.com.tr\/wp-content\/uploads\/2020\/02\/logo.png\",\"width\":300,\"height\":57,\"caption\":\"I\u015eIK BORU PROF\u0130L\"},\"image\":{\"@id\":\"https:\/\/isikdemir.com.tr\/#\/schema\/logo\/image\/\"},\"sameAs\":[\"https:\/\/www.facebook.com\/p\/Ik-Demir-100092820544779\/?locale=tr_TR\"]}]}<\/script>\r\n<!-- \/ Yoast SEO plugin. -->","yoast_head_json":{"title":"KARE - I\u015eIK DEM\u0130R","robots":{"index":"index","follow":"follow","max-snippet":"max-snippet:-1","max-image-preview":"max-image-preview:large","max-video-preview":"max-video-preview:-1"},"canonical":"https:\/\/isikdemir.com.tr\/index.php\/kare\/","og_locale":"tr_TR","og_type":"article","og_title":"KARE - I\u015eIK DEM\u0130R","og_description":"KARE Kare Dolu Demir Nedir? Kare dolu demir \u00fcretim ya da genel montaj \u00e7al\u0131\u015fmalar\u0131nda yayg\u0131n olarak kullan\u0131lan hadde \u00fcr\u00fcnlerdendir. Buna ek olarak korkuluk onar\u0131m\u0131 ya da tesis ekipmanlar\u0131 aras\u0131nda da yerini alan kare dolu demir \u00fcr\u00fcnleri kap\u0131 ve pencere koruyucular\u0131n yan\u0131 s\u0131ra ferforje demir i\u015fi alan\u0131nda da tercih edilmektedir. Her t\u00fcrl\u00fc malzemeden \u00fcretilebilen bu hadde [&hellip;]","og_url":"https:\/\/isikdemir.com.tr\/index.php\/kare\/","og_site_name":"I\u015eIK DEM\u0130R","article_publisher":"https:\/\/www.facebook.com\/p\/Ik-Demir-100092820544779\/?locale=tr_TR","article_modified_time":"2025-04-28T17:36:08+00:00","og_image":[{"url":"http:\/\/isikdemir.com.tr\/wp-content\/uploads\/2025\/03\/product-4-475x555.jpg","type":"","width":"","height":""}],"twitter_card":"summary_large_image","twitter_misc":{"Tahmini okuma s\u00fcresi":"3 dakika"},"schema":{"@context":"https:\/\/schema.org","@graph":[{"@type":"WebPage","@id":"https:\/\/isikdemir.com.tr\/index.php\/kare\/","url":"https:\/\/isikdemir.com.tr\/index.php\/kare\/","name":"KARE - I\u015eIK DEM\u0130R","isPartOf":{"@id":"https:\/\/isikdemir.com.tr\/#website"},"primaryImageOfPage":{"@id":"https:\/\/isikdemir.com.tr\/index.php\/kare\/#primaryimage"},"image":{"@id":"https:\/\/isikdemir.com.tr\/index.php\/kare\/#primaryimage"},"thumbnailUrl":"http:\/\/isikdemir.com.tr\/wp-content\/uploads\/2025\/03\/product-4-475x555.jpg","datePublished":"2025-02-10T18:43:10+00:00","dateModified":"2025-04-28T17:36:08+00:00","breadcrumb":{"@id":"https:\/\/isikdemir.com.tr\/index.php\/kare\/#breadcrumb"},"inLanguage":"tr","potentialAction":[{"@type":"ReadAction","target":["https:\/\/isikdemir.com.tr\/index.php\/kare\/"]}]},{"@type":"ImageObject","inLanguage":"tr","@id":"https:\/\/isikdemir.com.tr\/index.php\/kare\/#primaryimage","url":"https:\/\/isikdemir.com.tr\/wp-content\/uploads\/2025\/03\/product-4.jpg","contentUrl":"https:\/\/isikdemir.com.tr\/wp-content\/uploads\/2025\/03\/product-4.jpg","width":555,"height":555},{"@type":"BreadcrumbList","@id":"https:\/\/isikdemir.com.tr\/index.php\/kare\/#breadcrumb","itemListElement":[{"@type":"ListItem","position":1,"name":"Anasayfa","item":"https:\/\/isikdemir.com.tr\/"},{"@type":"ListItem","position":2,"name":"KARE"}]},{"@type":"WebSite","@id":"https:\/\/isikdemir.com.tr\/#website","url":"https:\/\/isikdemir.com.tr\/","name":"I\u015eIK BORU PROF\u0130L","description":"I\u015eIK BORU PROF\u0130L","publisher":{"@id":"https:\/\/isikdemir.com.tr\/#organization"},"potentialAction":[{"@type":"SearchAction","target":{"@type":"EntryPoint","urlTemplate":"https:\/\/isikdemir.com.tr\/?s={search_term_string}"},"query-input":{"@type":"PropertyValueSpecification","valueRequired":true,"valueName":"search_term_string"}}],"inLanguage":"tr"},{"@type":"Organization","@id":"https:\/\/isikdemir.com.tr\/#organization","name":"I\u015eIK BORU PROF\u0130L","url":"https:\/\/isikdemir.com.tr\/","logo":{"@type":"ImageObject","inLanguage":"tr","@id":"https:\/\/isikdemir.com.tr\/#\/schema\/logo\/image\/","url":"https:\/\/isikdemir.com.tr\/wp-content\/uploads\/2020\/02\/logo.png","contentUrl":"https:\/\/isikdemir.com.tr\/wp-content\/uploads\/2020\/02\/logo.png","width":300,"height":57,"caption":"I\u015eIK BORU PROF\u0130L"},"image":{"@id":"https:\/\/isikdemir.com.tr\/#\/schema\/logo\/image\/"},"sameAs":["https:\/\/www.facebook.com\/p\/Ik-Demir-100092820544779\/?locale=tr_TR"]}]}},"_links":{"self":[{"href":"https:\/\/isikdemir.com.tr\/index.php\/wp-json\/wp\/v2\/pages\/9767","targetHints":{"allow":["GET"]}}],"collection":[{"href":"https:\/\/isikdemir.com.tr\/index.php\/wp-json\/wp\/v2\/pages"}],"about":[{"href":"https:\/\/isikdemir.com.tr\/index.php\/wp-json\/wp\/v2\/types\/page"}],"author":[{"embeddable":true,"href":"https:\/\/isikdemir.com.tr\/index.php\/wp-json\/wp\/v2\/users\/1"}],"replies":[{"embeddable":true,"href":"https:\/\/isikdemir.com.tr\/index.php\/wp-json\/wp\/v2\/comments?post=9767"}],"version-history":[{"count":22,"href":"https:\/\/isikdemir.com.tr\/index.php\/wp-json\/wp\/v2\/pages\/9767\/revisions"}],"predecessor-version":[{"id":10516,"href":"https:\/\/isikdemir.com.tr\/index.php\/wp-json\/wp\/v2\/pages\/9767\/revisions\/10516"}],"wp:attachment":[{"href":"https:\/\/isikdemir.com.tr\/index.php\/wp-json\/wp\/v2\/media?parent=9767"}],"curies":[{"name":"wp","href":"https:\/\/api.w.org\/{rel}","templated":true}]}}