{"id":9679,"date":"2025-02-07T21:55:37","date_gmt":"2025-02-07T21:55:37","guid":{"rendered":"http:\/\/isikdemir.com.tr\/?page_id=9679"},"modified":"2025-03-05T22:30:25","modified_gmt":"2025-03-05T22:30:25","slug":"kaynak-telleri","status":"publish","type":"page","link":"https:\/\/isikdemir.com.tr\/index.php\/kaynak-telleri\/","title":{"rendered":"KAYNAK TELLER\u0130"},"content":{"rendered":"\t\t<div data-elementor-type=\"wp-page\" data-elementor-id=\"9679\" class=\"elementor elementor-9679\">\n\t\t\t\t        <section class=\"elementor-section elementor-top-section elementor-element elementor-element-2ed8fb72 elementor-section-boxed elementor-section-height-default elementor-section-height-default ct-header-fixed-none ct-row-max-none\" data-id=\"2ed8fb72\" data-element_type=\"section\">\n            \n                        <div class=\"elementor-container elementor-column-gap-extended \">\n                    <div class=\"elementor-column elementor-col-66 elementor-top-column elementor-element elementor-element-56a7c97c\" data-id=\"56a7c97c\" data-element_type=\"column\">\n        <div class=\"elementor-widget-wrap elementor-element-populated\">\n                    \n        \t\t<div class=\"elementor-element elementor-element-2af28bc4 elementor-widget elementor-widget-ct_title\" data-id=\"2af28bc4\" data-element_type=\"widget\" data-widget_type=\"ct_title.default\">\n\t\t\t\t<div class=\"elementor-widget-container\">\n\t\t\t\t\t<div class=\"ct-title1 style2\">\r\n    <h3>\r\n    \t\t        <span>KAYNAK TELLER\u0130<\/span>\r\n\t        <i><\/i>\r\n\t        <\/h3>\r\n<\/div>\t\t\t\t<\/div>\n\t\t\t\t<\/div>\n\t\t\t\t<div class=\"elementor-element elementor-element-a634180 elementor-widget elementor-widget-text-editor\" data-id=\"a634180\" data-element_type=\"widget\" data-widget_type=\"text-editor.default\">\n\t\t\t\t\t\t\t\t\t<p><img fetchpriority=\"high\" decoding=\"async\" class=\"\" src=\"http:\/\/isikdemir.com.tr\/wp-content\/uploads\/2025\/02\/kaynakteli.png\" width=\"400\" height=\"320\" \/><\/p><h3><br \/>SG2<\/h3><p>\u00d6zellikle ala\u015f\u0131ms\u0131z \u00e7elikler \u00fczerindeki yar\u0131 otomatik ve tam otomatik kaynak uygulamalar\u0131nda kullan\u0131lan y\u00fczeyi bak\u0131r kapl\u0131 gazalt\u0131 kaynak telidir<\/p>\t\t\t\t\t\t\t\t<\/div>\n\t\t\t\t<div class=\"elementor-element elementor-element-fa4b95e elementor-widget elementor-widget-text-editor\" data-id=\"fa4b95e\" data-element_type=\"widget\" data-widget_type=\"text-editor.default\">\n\t\t\t\t\t\t\t\t\t<h5><br \/>Kullan\u0131ld\u0131\u011f\u0131 Yerler ve \u00d6zellikleri<\/h5><ul><li>Ala\u015f\u0131ms\u0131z, genel yap\u0131 ve ince taneli \u00e7eliklerden imal edilen konstr\u00fcksiyon, makine, gemi, tank, kazan, boru, ince sac, karoseri,\u00e7elik mobilya, kaporta, metal e\u015fyalar\u0131n kayna\u011f\u0131nda ve otomotiv sanayinde kullan\u0131lan y\u00fczeyi bak\u0131r kapl\u0131 gazalt\u0131 (MIG\/MAG) kaynak telidir.<\/li><li>Homojen ve gerekli kal\u0131nl\u0131kta yap\u0131lm\u0131\u015f olan bak\u0131r kaplama elektrik iletkenli\u011fini ve telin paslanmaya kar\u015f\u0131 direncini artt\u0131r\u0131r.<\/li><li>Koruyucu gaz olarak ana metalin kal\u0131nl\u0131\u011f\u0131na g\u00f6re CO\u2082 (karbondioksit) veya kar\u0131\u015f\u0131m gazlar (Ar+CO\u2082) kullanabilir.<br \/>400 \u00b0C \u2018lere kadar ki i\u015fletme s\u0131cakl\u0131klar\u0131na kadar kullanabilir.<\/li><\/ul><h3>SG3<\/h3><p>\u00d6zellikle yar\u0131 otomatik ve tam otomatik GMAW uygulamalar\u0131 i\u00e7in tasarlanm\u0131\u015ft\u0131r.<\/p><h5>Kullan\u0131ld\u0131\u011f\u0131 Yerler ve \u00d6zellikleri<\/h5><ul><li>Ala\u015f\u0131ms\u0131z ,genel yap\u0131 ve ince taneli \u00e7eliklerden imal edilen konstr\u00fcksiyon, makina, gemi, tank, kazan, boru, karoseri, \u00e7elik mobilya, kaporta, metal e\u015fyalar\u0131n kayna\u011f\u0131nda kullan\u0131lan y\u00fcksek dayan\u0131ml\u0131 y\u00fczeyi bak\u0131r kapl\u0131 gazalt\u0131 (MIG\/MAG)kaynak telidir. ORW SG2 gazalt\u0131 kaynak teline oranla daha y\u00fcksek miktarda silisyum (S\u0130) ve manganez (Mn) i\u00e7erir. Homojen ve gerekli kal\u0131nl\u0131kta yap\u0131lm\u0131\u015f olan bak\u0131r kaplama elektrik iletkenli\u011fini ve telin paslanmaya kar\u015f\u0131 direncini artt\u0131r\u0131r.<\/li><li>Koruyucu gaz olarak ana metalin kal\u0131nl\u0131\u011f\u0131na g\u00f6re CO\u2082 (karbondioksit) veya kar\u0131\u015f\u0131m gazlar (Ar+CO\u2082) kullanabilir. 400 oC \u2018lere kadarki i\u015fletme s\u0131cakl\u0131klar\u0131na kadar kullanabilir.<\/li><\/ul>\t\t\t\t\t\t\t\t<\/div>\n\t\t            <\/div>\n        <\/div>\n                <div class=\"elementor-column elementor-col-33 elementor-top-column elementor-element elementor-element-2953a0b\" data-id=\"2953a0b\" data-element_type=\"column\">\n        <div class=\"elementor-widget-wrap elementor-element-populated\">\n                    \n        \t\t<div class=\"elementor-element elementor-element-3bdc0f02 elementor-widget__width-inherit elementor-widget elementor-widget-ct_navigation_menu\" data-id=\"3bdc0f02\" data-element_type=\"widget\" data-widget_type=\"ct_navigation_menu.default\">\n\t\t\t\t<div class=\"elementor-widget-container\">\n\t\t\t\t\t    <div id=\"ct_navigation_menu-3bdc0f02\" class=\"ct-navigation-menu1 default\">\r\n        <div class=\"menu-menu-services-container\"><ul id=\"menu-menu-services\" class=\"menu\"><li id=\"menu-item-9897\" class=\"menu-item menu-item-type-post_type menu-item-object-page menu-item-9897\"><a href=\"https:\/\/isikdemir.com.tr\/index.php\/borular\/\">BORULAR<\/a><\/li>\n<li id=\"menu-item-9898\" class=\"menu-item menu-item-type-post_type menu-item-object-page menu-item-9898\"><a href=\"https:\/\/isikdemir.com.tr\/index.php\/profil\/\">PROF\u0130LLER<\/a><\/li>\n<li id=\"menu-item-9894\" class=\"menu-item menu-item-type-post_type menu-item-object-page menu-item-9894\"><a href=\"https:\/\/isikdemir.com.tr\/index.php\/saclar\/\">SACLAR<\/a><\/li>\n<li id=\"menu-item-9896\" class=\"menu-item menu-item-type-post_type menu-item-object-page menu-item-9896\"><a href=\"https:\/\/isikdemir.com.tr\/index.php\/ipe-demir-profil\/\">IPE DEM\u0130R<\/a><\/li>\n<li id=\"menu-item-9887\" class=\"menu-item menu-item-type-post_type menu-item-object-page menu-item-9887\"><a href=\"https:\/\/isikdemir.com.tr\/index.php\/ipn-demir-profil\/\">IPN DEM\u0130R<\/a><\/li>\n<li id=\"menu-item-9886\" class=\"menu-item menu-item-type-post_type menu-item-object-page menu-item-9886\"><a href=\"https:\/\/isikdemir.com.tr\/index.php\/upn-demir-profil\/\">UPN DEM\u0130R<\/a><\/li>\n<li id=\"menu-item-9895\" class=\"menu-item menu-item-type-post_type menu-item-object-page menu-item-9895\"><a href=\"https:\/\/isikdemir.com.tr\/index.php\/hea-3\/\">HEA PROF\u0130L<\/a><\/li>\n<li id=\"menu-item-9888\" class=\"menu-item menu-item-type-post_type menu-item-object-page menu-item-9888\"><a href=\"https:\/\/isikdemir.com.tr\/index.php\/heb\/\">HEB PROF\u0130L<\/a><\/li>\n<li id=\"menu-item-9889\" class=\"menu-item menu-item-type-post_type menu-item-object-page menu-item-9889\"><a href=\"https:\/\/isikdemir.com.tr\/index.php\/hem-2\/\">HEM PROF\u0130L<\/a><\/li>\n<li id=\"menu-item-9891\" class=\"menu-item menu-item-type-post_type menu-item-object-page menu-item-9891\"><a href=\"https:\/\/isikdemir.com.tr\/index.php\/lama-ve-silmeler\/\">LAMA VE S\u0130LME<\/a><\/li>\n<li id=\"menu-item-9884\" class=\"menu-item menu-item-type-post_type menu-item-object-page menu-item-9884\"><a href=\"https:\/\/isikdemir.com.tr\/index.php\/kare\/\">KARE<\/a><\/li>\n<li id=\"menu-item-9899\" class=\"menu-item menu-item-type-post_type menu-item-object-page menu-item-9899\"><a href=\"https:\/\/isikdemir.com.tr\/index.php\/kosebent\/\">K\u00d6\u015eEBENTLER<\/a><\/li>\n<li id=\"menu-item-9892\" class=\"menu-item menu-item-type-post_type menu-item-object-page menu-item-9892\"><a href=\"https:\/\/isikdemir.com.tr\/index.php\/elektrot\/\">ELEKTROT<\/a><\/li>\n<li id=\"menu-item-9885\" class=\"menu-item menu-item-type-post_type menu-item-object-page menu-item-9885\"><a href=\"https:\/\/isikdemir.com.tr\/index.php\/kaynak-telleri\/\">KAYNAK TELLER\u0130<\/a><\/li>\n<li id=\"menu-item-9893\" class=\"menu-item menu-item-type-post_type menu-item-object-page menu-item-9893\"><a href=\"https:\/\/isikdemir.com.tr\/index.php\/galvaniz-sac\/\">PANELLER<\/a><\/li>\n<li id=\"menu-item-10470\" class=\"menu-item menu-item-type-post_type menu-item-object-page menu-item-10470\"><a href=\"https:\/\/isikdemir.com.tr\/index.php\/celik-hasir-insaat-demiri\/\">\u00c7EL\u0130K HASIR \u2013 \u0130N\u015eAAT DEM\u0130R\u0130<\/a><\/li>\n<li id=\"menu-item-10625\" class=\"menu-item menu-item-type-post_type menu-item-object-page menu-item-10625\"><a href=\"https:\/\/isikdemir.com.tr\/index.php\/elementor-10564\/\">HARDOX<\/a><\/li>\n<\/ul><\/div>    <\/div>\r\n\t\t\t\t<\/div>\n\t\t\t\t<\/div>\n\t\t\t\t<div class=\"elementor-element elementor-element-53115342 elementor-widget elementor-widget-spacer\" data-id=\"53115342\" data-element_type=\"widget\" data-widget_type=\"spacer.default\">\n\t\t\t\t<div class=\"elementor-widget-container\">\n\t\t\t\t\t\t\t<div class=\"elementor-spacer\">\n\t\t\t<div class=\"elementor-spacer-inner\"><\/div>\n\t\t<\/div>\n\t\t\t\t\t\t<\/div>\n\t\t\t\t<\/div>\n\t\t\t\t<div class=\"elementor-element elementor-element-24cbadda elementor-widget elementor-widget-spacer\" data-id=\"24cbadda\" data-element_type=\"widget\" data-widget_type=\"spacer.default\">\n\t\t\t\t<div class=\"elementor-widget-container\">\n\t\t\t\t\t\t\t<div class=\"elementor-spacer\">\n\t\t\t<div class=\"elementor-spacer-inner\"><\/div>\n\t\t<\/div>\n\t\t\t\t\t\t<\/div>\n\t\t\t\t<\/div>\n\t\t\t\t<div class=\"elementor-element elementor-element-45ecd7f8 elementor-widget elementor-widget-ct_download\" data-id=\"45ecd7f8\" data-element_type=\"widget\" data-widget_type=\"ct_download.default\">\n\t\t\t\t<div class=\"elementor-widget-container\">\n\t\t\t\t\t    <div class=\"ct-download\">\r\n                    <div class=\"item--download\">\r\n                <a href=\"\/isikdemirkatalog_2025.pdf\">\r\n            \t<i aria-hidden=\"true\" class=\"material zmdi zmdi-download\"><\/i>                                <span>Katalog <\/span>\r\n            \t<\/a>\r\n           <\/div>\r\n            <\/div>\r\n\t\t\t\t<\/div>\n\t\t\t\t<\/div>\n\t\t            <\/div>\n        <\/div>\n                    <\/div>\n        <\/section>\n        \t\t<\/div>\n\t\t","protected":false},"excerpt":{"rendered":"<p>KAYNAK TELLER\u0130 SG2 \u00d6zellikle ala\u015f\u0131ms\u0131z \u00e7elikler \u00fczerindeki yar\u0131 otomatik ve tam otomatik kaynak uygulamalar\u0131nda kullan\u0131lan y\u00fczeyi bak\u0131r kapl\u0131 gazalt\u0131 kaynak telidir Kullan\u0131ld\u0131\u011f\u0131 Yerler ve \u00d6zellikleri Ala\u015f\u0131ms\u0131z, genel yap\u0131 ve ince taneli \u00e7eliklerden imal edilen konstr\u00fcksiyon, makine, gemi, tank, kazan, boru, ince sac, karoseri,\u00e7elik mobilya, kaporta, metal e\u015fyalar\u0131n kayna\u011f\u0131nda ve otomotiv sanayinde kullan\u0131lan y\u00fczeyi bak\u0131r kapl\u0131 [&hellip;]<\/p>\n","protected":false},"author":1,"featured_media":0,"parent":0,"menu_order":0,"comment_status":"closed","ping_status":"closed","template":"","meta":{"footnotes":""},"class_list":["post-9679","page","type-page","status-publish","hentry"],"yoast_head":"<!-- This site is optimized with the Yoast SEO plugin v24.3 - https:\/\/yoast.com\/wordpress\/plugins\/seo\/ -->\r\n<title>KAYNAK TELLER\u0130 - I\u015eIK DEM\u0130R<\/title>\r\n<meta name=\"robots\" content=\"index, follow, max-snippet:-1, max-image-preview:large, max-video-preview:-1\" \/>\r\n<link rel=\"canonical\" href=\"https:\/\/isikdemir.com.tr\/index.php\/kaynak-telleri\/\" \/>\r\n<meta property=\"og:locale\" content=\"tr_TR\" \/>\r\n<meta property=\"og:type\" content=\"article\" \/>\r\n<meta property=\"og:title\" content=\"KAYNAK TELLER\u0130 - I\u015eIK DEM\u0130R\" \/>\r\n<meta property=\"og:description\" content=\"KAYNAK TELLER\u0130 SG2 \u00d6zellikle ala\u015f\u0131ms\u0131z \u00e7elikler \u00fczerindeki yar\u0131 otomatik ve tam otomatik kaynak uygulamalar\u0131nda kullan\u0131lan y\u00fczeyi bak\u0131r kapl\u0131 gazalt\u0131 kaynak telidir Kullan\u0131ld\u0131\u011f\u0131 Yerler ve \u00d6zellikleri Ala\u015f\u0131ms\u0131z, genel yap\u0131 ve ince taneli \u00e7eliklerden imal edilen konstr\u00fcksiyon, makine, gemi, tank, kazan, boru, ince sac, karoseri,\u00e7elik mobilya, kaporta, metal e\u015fyalar\u0131n kayna\u011f\u0131nda ve otomotiv sanayinde kullan\u0131lan y\u00fczeyi bak\u0131r kapl\u0131 [&hellip;]\" \/>\r\n<meta property=\"og:url\" content=\"https:\/\/isikdemir.com.tr\/index.php\/kaynak-telleri\/\" \/>\r\n<meta property=\"og:site_name\" content=\"I\u015eIK DEM\u0130R\" \/>\r\n<meta property=\"article:publisher\" content=\"https:\/\/www.facebook.com\/p\/Ik-Demir-100092820544779\/?locale=tr_TR\" \/>\r\n<meta property=\"article:modified_time\" content=\"2025-03-05T22:30:25+00:00\" \/>\r\n<meta property=\"og:image\" content=\"http:\/\/isikdemir.com.tr\/wp-content\/uploads\/2025\/02\/kaynakteli.png\" \/>\r\n<meta name=\"twitter:card\" content=\"summary_large_image\" \/>\r\n<meta name=\"twitter:label1\" content=\"Tahmini okuma s\u00fcresi\" \/>\n\t<meta name=\"twitter:data1\" content=\"2 dakika\" \/>\r\n<script type=\"application\/ld+json\" class=\"yoast-schema-graph\">{\"@context\":\"https:\/\/schema.org\",\"@graph\":[{\"@type\":\"WebPage\",\"@id\":\"https:\/\/isikdemir.com.tr\/index.php\/kaynak-telleri\/\",\"url\":\"https:\/\/isikdemir.com.tr\/index.php\/kaynak-telleri\/\",\"name\":\"KAYNAK TELLER\u0130 - I\u015eIK DEM\u0130R\",\"isPartOf\":{\"@id\":\"https:\/\/isikdemir.com.tr\/#website\"},\"primaryImageOfPage\":{\"@id\":\"https:\/\/isikdemir.com.tr\/index.php\/kaynak-telleri\/#primaryimage\"},\"image\":{\"@id\":\"https:\/\/isikdemir.com.tr\/index.php\/kaynak-telleri\/#primaryimage\"},\"thumbnailUrl\":\"http:\/\/isikdemir.com.tr\/wp-content\/uploads\/2025\/02\/kaynakteli.png\",\"datePublished\":\"2025-02-07T21:55:37+00:00\",\"dateModified\":\"2025-03-05T22:30:25+00:00\",\"breadcrumb\":{\"@id\":\"https:\/\/isikdemir.com.tr\/index.php\/kaynak-telleri\/#breadcrumb\"},\"inLanguage\":\"tr\",\"potentialAction\":[{\"@type\":\"ReadAction\",\"target\":[\"https:\/\/isikdemir.com.tr\/index.php\/kaynak-telleri\/\"]}]},{\"@type\":\"ImageObject\",\"inLanguage\":\"tr\",\"@id\":\"https:\/\/isikdemir.com.tr\/index.php\/kaynak-telleri\/#primaryimage\",\"url\":\"https:\/\/isikdemir.com.tr\/wp-content\/uploads\/2025\/02\/kaynakteli.png\",\"contentUrl\":\"https:\/\/isikdemir.com.tr\/wp-content\/uploads\/2025\/02\/kaynakteli.png\",\"width\":350,\"height\":242},{\"@type\":\"BreadcrumbList\",\"@id\":\"https:\/\/isikdemir.com.tr\/index.php\/kaynak-telleri\/#breadcrumb\",\"itemListElement\":[{\"@type\":\"ListItem\",\"position\":1,\"name\":\"Anasayfa\",\"item\":\"https:\/\/isikdemir.com.tr\/\"},{\"@type\":\"ListItem\",\"position\":2,\"name\":\"KAYNAK TELLER\u0130\"}]},{\"@type\":\"WebSite\",\"@id\":\"https:\/\/isikdemir.com.tr\/#website\",\"url\":\"https:\/\/isikdemir.com.tr\/\",\"name\":\"I\u015eIK BORU PROF\u0130L\",\"description\":\"I\u015eIK BORU PROF\u0130L\",\"publisher\":{\"@id\":\"https:\/\/isikdemir.com.tr\/#organization\"},\"potentialAction\":[{\"@type\":\"SearchAction\",\"target\":{\"@type\":\"EntryPoint\",\"urlTemplate\":\"https:\/\/isikdemir.com.tr\/?s={search_term_string}\"},\"query-input\":{\"@type\":\"PropertyValueSpecification\",\"valueRequired\":true,\"valueName\":\"search_term_string\"}}],\"inLanguage\":\"tr\"},{\"@type\":\"Organization\",\"@id\":\"https:\/\/isikdemir.com.tr\/#organization\",\"name\":\"I\u015eIK BORU PROF\u0130L\",\"url\":\"https:\/\/isikdemir.com.tr\/\",\"logo\":{\"@type\":\"ImageObject\",\"inLanguage\":\"tr\",\"@id\":\"https:\/\/isikdemir.com.tr\/#\/schema\/logo\/image\/\",\"url\":\"https:\/\/isikdemir.com.tr\/wp-content\/uploads\/2020\/02\/logo.png\",\"contentUrl\":\"https:\/\/isikdemir.com.tr\/wp-content\/uploads\/2020\/02\/logo.png\",\"width\":300,\"height\":57,\"caption\":\"I\u015eIK BORU PROF\u0130L\"},\"image\":{\"@id\":\"https:\/\/isikdemir.com.tr\/#\/schema\/logo\/image\/\"},\"sameAs\":[\"https:\/\/www.facebook.com\/p\/Ik-Demir-100092820544779\/?locale=tr_TR\"]}]}<\/script>\r\n<!-- \/ Yoast SEO plugin. -->","yoast_head_json":{"title":"KAYNAK TELLER\u0130 - I\u015eIK DEM\u0130R","robots":{"index":"index","follow":"follow","max-snippet":"max-snippet:-1","max-image-preview":"max-image-preview:large","max-video-preview":"max-video-preview:-1"},"canonical":"https:\/\/isikdemir.com.tr\/index.php\/kaynak-telleri\/","og_locale":"tr_TR","og_type":"article","og_title":"KAYNAK TELLER\u0130 - I\u015eIK DEM\u0130R","og_description":"KAYNAK TELLER\u0130 SG2 \u00d6zellikle ala\u015f\u0131ms\u0131z \u00e7elikler \u00fczerindeki yar\u0131 otomatik ve tam otomatik kaynak uygulamalar\u0131nda kullan\u0131lan y\u00fczeyi bak\u0131r kapl\u0131 gazalt\u0131 kaynak telidir Kullan\u0131ld\u0131\u011f\u0131 Yerler ve \u00d6zellikleri Ala\u015f\u0131ms\u0131z, genel yap\u0131 ve ince taneli \u00e7eliklerden imal edilen konstr\u00fcksiyon, makine, gemi, tank, kazan, boru, ince sac, karoseri,\u00e7elik mobilya, kaporta, metal e\u015fyalar\u0131n kayna\u011f\u0131nda ve otomotiv sanayinde kullan\u0131lan y\u00fczeyi bak\u0131r kapl\u0131 [&hellip;]","og_url":"https:\/\/isikdemir.com.tr\/index.php\/kaynak-telleri\/","og_site_name":"I\u015eIK DEM\u0130R","article_publisher":"https:\/\/www.facebook.com\/p\/Ik-Demir-100092820544779\/?locale=tr_TR","article_modified_time":"2025-03-05T22:30:25+00:00","og_image":[{"url":"http:\/\/isikdemir.com.tr\/wp-content\/uploads\/2025\/02\/kaynakteli.png","type":"","width":"","height":""}],"twitter_card":"summary_large_image","twitter_misc":{"Tahmini okuma s\u00fcresi":"2 dakika"},"schema":{"@context":"https:\/\/schema.org","@graph":[{"@type":"WebPage","@id":"https:\/\/isikdemir.com.tr\/index.php\/kaynak-telleri\/","url":"https:\/\/isikdemir.com.tr\/index.php\/kaynak-telleri\/","name":"KAYNAK TELLER\u0130 - I\u015eIK DEM\u0130R","isPartOf":{"@id":"https:\/\/isikdemir.com.tr\/#website"},"primaryImageOfPage":{"@id":"https:\/\/isikdemir.com.tr\/index.php\/kaynak-telleri\/#primaryimage"},"image":{"@id":"https:\/\/isikdemir.com.tr\/index.php\/kaynak-telleri\/#primaryimage"},"thumbnailUrl":"http:\/\/isikdemir.com.tr\/wp-content\/uploads\/2025\/02\/kaynakteli.png","datePublished":"2025-02-07T21:55:37+00:00","dateModified":"2025-03-05T22:30:25+00:00","breadcrumb":{"@id":"https:\/\/isikdemir.com.tr\/index.php\/kaynak-telleri\/#breadcrumb"},"inLanguage":"tr","potentialAction":[{"@type":"ReadAction","target":["https:\/\/isikdemir.com.tr\/index.php\/kaynak-telleri\/"]}]},{"@type":"ImageObject","inLanguage":"tr","@id":"https:\/\/isikdemir.com.tr\/index.php\/kaynak-telleri\/#primaryimage","url":"https:\/\/isikdemir.com.tr\/wp-content\/uploads\/2025\/02\/kaynakteli.png","contentUrl":"https:\/\/isikdemir.com.tr\/wp-content\/uploads\/2025\/02\/kaynakteli.png","width":350,"height":242},{"@type":"BreadcrumbList","@id":"https:\/\/isikdemir.com.tr\/index.php\/kaynak-telleri\/#breadcrumb","itemListElement":[{"@type":"ListItem","position":1,"name":"Anasayfa","item":"https:\/\/isikdemir.com.tr\/"},{"@type":"ListItem","position":2,"name":"KAYNAK TELLER\u0130"}]},{"@type":"WebSite","@id":"https:\/\/isikdemir.com.tr\/#website","url":"https:\/\/isikdemir.com.tr\/","name":"I\u015eIK BORU PROF\u0130L","description":"I\u015eIK BORU PROF\u0130L","publisher":{"@id":"https:\/\/isikdemir.com.tr\/#organization"},"potentialAction":[{"@type":"SearchAction","target":{"@type":"EntryPoint","urlTemplate":"https:\/\/isikdemir.com.tr\/?s={search_term_string}"},"query-input":{"@type":"PropertyValueSpecification","valueRequired":true,"valueName":"search_term_string"}}],"inLanguage":"tr"},{"@type":"Organization","@id":"https:\/\/isikdemir.com.tr\/#organization","name":"I\u015eIK BORU PROF\u0130L","url":"https:\/\/isikdemir.com.tr\/","logo":{"@type":"ImageObject","inLanguage":"tr","@id":"https:\/\/isikdemir.com.tr\/#\/schema\/logo\/image\/","url":"https:\/\/isikdemir.com.tr\/wp-content\/uploads\/2020\/02\/logo.png","contentUrl":"https:\/\/isikdemir.com.tr\/wp-content\/uploads\/2020\/02\/logo.png","width":300,"height":57,"caption":"I\u015eIK BORU PROF\u0130L"},"image":{"@id":"https:\/\/isikdemir.com.tr\/#\/schema\/logo\/image\/"},"sameAs":["https:\/\/www.facebook.com\/p\/Ik-Demir-100092820544779\/?locale=tr_TR"]}]}},"_links":{"self":[{"href":"https:\/\/isikdemir.com.tr\/index.php\/wp-json\/wp\/v2\/pages\/9679","targetHints":{"allow":["GET"]}}],"collection":[{"href":"https:\/\/isikdemir.com.tr\/index.php\/wp-json\/wp\/v2\/pages"}],"about":[{"href":"https:\/\/isikdemir.com.tr\/index.php\/wp-json\/wp\/v2\/types\/page"}],"author":[{"embeddable":true,"href":"https:\/\/isikdemir.com.tr\/index.php\/wp-json\/wp\/v2\/users\/1"}],"replies":[{"embeddable":true,"href":"https:\/\/isikdemir.com.tr\/index.php\/wp-json\/wp\/v2\/comments?post=9679"}],"version-history":[{"count":37,"href":"https:\/\/isikdemir.com.tr\/index.php\/wp-json\/wp\/v2\/pages\/9679\/revisions"}],"predecessor-version":[{"id":10113,"href":"https:\/\/isikdemir.com.tr\/index.php\/wp-json\/wp\/v2\/pages\/9679\/revisions\/10113"}],"wp:attachment":[{"href":"https:\/\/isikdemir.com.tr\/index.php\/wp-json\/wp\/v2\/media?parent=9679"}],"curies":[{"name":"wp","href":"https:\/\/api.w.org\/{rel}","templated":true}]}}