{"id":8681,"date":"2024-12-22T21:33:49","date_gmt":"2024-12-22T21:33:49","guid":{"rendered":"http:\/\/isikdemir.com.tr\/?page_id=8681"},"modified":"2024-12-22T21:39:38","modified_gmt":"2024-12-22T21:39:38","slug":"boyali-profil","status":"publish","type":"page","link":"https:\/\/isikdemir.com.tr\/index.php\/boyali-profil\/","title":{"rendered":"BOYALI PROF\u0130L"},"content":{"rendered":"\t\t<div data-elementor-type=\"wp-page\" data-elementor-id=\"8681\" class=\"elementor elementor-8681\">\n\t\t\t\t        <section class=\"elementor-section elementor-top-section elementor-element elementor-element-cd3d1a6 elementor-section-boxed elementor-section-height-default elementor-section-height-default ct-header-fixed-none ct-row-max-none\" data-id=\"cd3d1a6\" data-element_type=\"section\">\n            \n                        <div class=\"elementor-container elementor-column-gap-extended \">\n                    <div class=\"elementor-column elementor-col-66 elementor-top-column elementor-element elementor-element-4326660\" data-id=\"4326660\" data-element_type=\"column\">\n        <div class=\"elementor-widget-wrap elementor-element-populated\">\n                    \n        \t\t<div class=\"elementor-element elementor-element-e7a1d2d elementor-widget elementor-widget-ct_title\" data-id=\"e7a1d2d\" data-element_type=\"widget\" data-widget_type=\"ct_title.default\">\n\t\t\t\t<div class=\"elementor-widget-container\">\n\t\t\t\t\t<div class=\"ct-title1 style2\">\r\n    <h3>\r\n    \t\t        <span>BOYALI PROF\u0130L<\/span>\r\n\t        <i><\/i>\r\n\t        <\/h3>\r\n<\/div>\t\t\t\t<\/div>\n\t\t\t\t<\/div>\n\t\t\t\t<div class=\"elementor-element elementor-element-72faffa elementor-widget elementor-widget-text-editor\" data-id=\"72faffa\" data-element_type=\"widget\" data-widget_type=\"text-editor.default\">\n\t\t\t\t\t\t\t\t\t<p>Geli\u015fen teknolojilerin da etkisiyle profil \u00fcretimi kapsam\u0131nda\u00a0boyal\u0131 profil\u00a0gibi yenilik\u00e7i uygulamalar ortaya \u00e7\u0131km\u0131\u015ft\u0131r. Bu uygulamalar, \u00e7e\u015fitli kimyasal de\u011fi\u015fimler ve optimizasyonlar sayesinde \u00fcretimi yap\u0131lan profillerin, paslanmaya ve kimyasal de\u011fi\u015fimlere kar\u015f\u0131 daha dayan\u0131kl\u0131 olmas\u0131na da olanak verir.<\/p><p>\u00d6zellikle\u00a0boyal\u0131 profiller\u00a0zengin ve estetik kullan\u0131m se\u00e7enekleri sunan, ihtiyaca y\u00f6nelik \u00fcretimi yap\u0131lan i\u015flevsel yap\u0131 malzemeleri aras\u0131nda yer al\u0131rlar.\u00a0Toz boyal\u0131 profil, boyal\u0131 kutu profil\u00a0\u00e7e\u015fitli kategorileri bulunan profillerin \u00f6zellikleri de ayn\u0131 \u015fekilde de\u011fi\u015fkenlik g\u00f6sterir.<\/p><h5><span id=\"boyali-profil-urun-ozellikleri-ve-islevsellikleri\">Boyal\u0131 Profil \u00dcr\u00fcn \u00d6zellikleri ve \u0130\u015flevsellikleri<\/span><\/h5><p>Boyal\u0131 profil \u00f6zellikleri\u00a0kapsam\u0131nda \u00f6zellikle kullan\u0131m \u00e7e\u015fitlili\u011fi gibi se\u00e7enekler \u00f6ne \u00e7\u0131kar. Boyal\u0131 profil \u00fcr\u00fcn\u00fcn en \u00f6nemli \u00f6zelliklerinden biri de yap\u0131lan boya kaplama i\u015flemi esnas\u0131nda istenilen rengin elde edilebiliyor olu\u015fudur. Bu sayede kullan\u0131lacak olan ortama y\u00f6nelik \u00e7\u00f6z\u00fcmler uygulanabildi\u011fi gibi daha estetik bir g\u00f6r\u00fcnt\u00fc de elde edilmi\u015f olur.\u00a0Boyal\u0131 profiller\u00a0kapsam\u0131nda \u00f6ne \u00e7\u0131kan genel \u00fcr\u00fcn \u00f6zelliklerinden daha detayl\u0131 bahsetmem gerekirse \u015fu \u015fekilde s\u0131ralanabilir:<\/p><h5><span id=\"kullanisli-ve-estetik-yapi\">Kullan\u0131\u015fl\u0131 ve Estetik Yap\u0131<\/span><\/h5><p>\u00d6zellikle farkl\u0131 renklerde \u00fcretildiklerinden estetik ihtiya\u00e7lara da yan\u0131t verecek \u015fekilde tasarlanm\u0131\u015flard\u0131r. Bunun yan\u0131 s\u0131ra her ortama uygun \u00f6l\u00e7\u00fclerde \u00fcretilebilen\u00a0boyal\u0131 profil modelleri,\u00a0\u00fcst d\u00fczey kullan\u0131m \u00e7e\u015fitlili\u011fi de sa\u011flar.<\/p><h5><span id=\"cok-yonlu-kullanim-olanaklari\">\u00c7ok Y\u00f6nl\u00fc Kullan\u0131m Olanaklar\u0131<\/span><\/h5><p>Boyal\u0131 profil \u00f6zellikleri\u00a0kapsam\u0131nda \u00f6ne \u00e7\u0131kan bir di\u011fer \u00f6nemli \u00f6zellik de \u00fcr\u00fcn\u00fcn \u00e7ok y\u00f6nl\u00fc kullan\u0131m olanaklar\u0131d\u0131r. Bu do\u011frultuda, otomobilden a\u011f\u0131r sanayi dallar\u0131na kadar bir\u00e7ok alanda kullan\u0131lan boyal\u0131 profiller, i\u015flevsel kullan\u0131m se\u00e7enekleri sunarlar.<\/p><ul><li>Y\u00fcksek \u00dcr\u00fcn Verimlili\u011fi<\/li><\/ul><p>Kullan\u0131m esnas\u0131nda y\u00fcksek \u00fcr\u00fcn verimlili\u011fi sa\u011flayan ayn\u0131 zamanda i\u015flevsel olarak y\u00fcksek verimlilik sa\u011flarlar. End\u00fcstriyel ortamlarda en iyi \u00fcr\u00fcn deneyimini ya\u015fatan boyal\u0131 profiller, paslanmaz yap\u0131lar\u0131 ve \u00fcst d\u00fczey dayan\u0131kl\u0131l\u0131klar\u0131yla uzun \u00f6m\u00fcrl\u00fc \u00fcr\u00fcnlerdir. T\u00fcm bunlar\u0131n yan\u0131 s\u0131ra, kesim ve kaynak yap\u0131labilme gibi se\u00e7enekler sayesinde de boyal\u0131 profiller, alan\u0131n ihtiyac\u0131na g\u00f6re \u00e7e\u015fitli \u015fekillerde manip\u00fcle edilebilir.<\/p><h5><span id=\"ergonomik-yapida-olmasi\">Ergonomik Yap\u0131da Olmas\u0131<\/span><\/h5><p>\u00dcr\u00fcn\u00fcn\u00a0\u00f6ne \u00e7\u0131kan bir di\u011fer \u00f6nemli \u00f6zelli\u011fi de ergonomik yap\u0131da olmas\u0131d\u0131r. Ergonomik kullan\u0131m se\u00e7enekleri sayesinde boyal\u0131 profiller, alan\u0131n ihtiyac\u0131na g\u00f6re her ortama kolayl\u0131kla ta\u015f\u0131nabilir. Bu \u00f6zelli\u011fi sayesinde ayn\u0131 \u015fekilde, end\u00fcstriyel ortamlarda y\u00fcksek \u00fcr\u00fcn\u00fcn y\u00fcksek mobilite sa\u011flad\u0131\u011f\u0131n\u0131 s\u00f6ylemek de do\u011fru olacakt\u0131r.<\/p>\t\t\t\t\t\t\t\t<\/div>\n\t\t            <\/div>\n        <\/div>\n                <div class=\"elementor-column elementor-col-33 elementor-top-column elementor-element elementor-element-7ff099b\" data-id=\"7ff099b\" data-element_type=\"column\">\n        <div class=\"elementor-widget-wrap elementor-element-populated\">\n                    \n        \t\t<div class=\"elementor-element elementor-element-f90af71 elementor-widget__width-inherit elementor-widget elementor-widget-ct_navigation_menu\" data-id=\"f90af71\" data-element_type=\"widget\" data-widget_type=\"ct_navigation_menu.default\">\n\t\t\t\t<div class=\"elementor-widget-container\">\n\t\t\t\t\t    <div id=\"ct_navigation_menu-f90af71\" class=\"ct-navigation-menu1 default\">\r\n        <div class=\"menu-menu-services-container\"><ul id=\"menu-menu-services\" class=\"menu\"><li id=\"menu-item-9897\" class=\"menu-item menu-item-type-post_type menu-item-object-page menu-item-9897\"><a href=\"https:\/\/isikdemir.com.tr\/index.php\/borular\/\">BORULAR<\/a><\/li>\n<li id=\"menu-item-9898\" class=\"menu-item menu-item-type-post_type menu-item-object-page menu-item-9898\"><a href=\"https:\/\/isikdemir.com.tr\/index.php\/profil\/\">PROF\u0130LLER<\/a><\/li>\n<li id=\"menu-item-9894\" class=\"menu-item menu-item-type-post_type menu-item-object-page menu-item-9894\"><a href=\"https:\/\/isikdemir.com.tr\/index.php\/saclar\/\">SACLAR<\/a><\/li>\n<li id=\"menu-item-9896\" class=\"menu-item menu-item-type-post_type menu-item-object-page menu-item-9896\"><a href=\"https:\/\/isikdemir.com.tr\/index.php\/ipe-demir-profil\/\">IPE DEM\u0130R<\/a><\/li>\n<li id=\"menu-item-9887\" class=\"menu-item menu-item-type-post_type menu-item-object-page menu-item-9887\"><a href=\"https:\/\/isikdemir.com.tr\/index.php\/ipn-demir-profil\/\">IPN DEM\u0130R<\/a><\/li>\n<li id=\"menu-item-9886\" class=\"menu-item menu-item-type-post_type menu-item-object-page menu-item-9886\"><a href=\"https:\/\/isikdemir.com.tr\/index.php\/upn-demir-profil\/\">UPN DEM\u0130R<\/a><\/li>\n<li id=\"menu-item-9895\" class=\"menu-item menu-item-type-post_type menu-item-object-page menu-item-9895\"><a href=\"https:\/\/isikdemir.com.tr\/index.php\/hea-3\/\">HEA PROF\u0130L<\/a><\/li>\n<li id=\"menu-item-9888\" class=\"menu-item menu-item-type-post_type menu-item-object-page menu-item-9888\"><a href=\"https:\/\/isikdemir.com.tr\/index.php\/heb\/\">HEB PROF\u0130L<\/a><\/li>\n<li id=\"menu-item-9889\" class=\"menu-item menu-item-type-post_type menu-item-object-page menu-item-9889\"><a href=\"https:\/\/isikdemir.com.tr\/index.php\/hem-2\/\">HEM PROF\u0130L<\/a><\/li>\n<li id=\"menu-item-9891\" class=\"menu-item menu-item-type-post_type menu-item-object-page menu-item-9891\"><a href=\"https:\/\/isikdemir.com.tr\/index.php\/lama-ve-silmeler\/\">LAMA VE S\u0130LME<\/a><\/li>\n<li id=\"menu-item-9884\" class=\"menu-item menu-item-type-post_type menu-item-object-page menu-item-9884\"><a href=\"https:\/\/isikdemir.com.tr\/index.php\/kare\/\">KARE<\/a><\/li>\n<li id=\"menu-item-9899\" class=\"menu-item menu-item-type-post_type menu-item-object-page menu-item-9899\"><a href=\"https:\/\/isikdemir.com.tr\/index.php\/kosebent\/\">K\u00d6\u015eEBENTLER<\/a><\/li>\n<li id=\"menu-item-9892\" class=\"menu-item menu-item-type-post_type menu-item-object-page menu-item-9892\"><a href=\"https:\/\/isikdemir.com.tr\/index.php\/elektrot\/\">ELEKTROT<\/a><\/li>\n<li id=\"menu-item-9885\" class=\"menu-item menu-item-type-post_type menu-item-object-page menu-item-9885\"><a href=\"https:\/\/isikdemir.com.tr\/index.php\/kaynak-telleri\/\">KAYNAK TELLER\u0130<\/a><\/li>\n<li id=\"menu-item-9893\" class=\"menu-item menu-item-type-post_type menu-item-object-page menu-item-9893\"><a href=\"https:\/\/isikdemir.com.tr\/index.php\/galvaniz-sac\/\">PANELLER<\/a><\/li>\n<li id=\"menu-item-10470\" class=\"menu-item menu-item-type-post_type menu-item-object-page menu-item-10470\"><a href=\"https:\/\/isikdemir.com.tr\/index.php\/celik-hasir-insaat-demiri\/\">\u00c7EL\u0130K HASIR \u2013 \u0130N\u015eAAT DEM\u0130R\u0130<\/a><\/li>\n<li id=\"menu-item-10625\" class=\"menu-item menu-item-type-post_type menu-item-object-page menu-item-10625\"><a href=\"https:\/\/isikdemir.com.tr\/index.php\/elementor-10564\/\">HARDOX<\/a><\/li>\n<\/ul><\/div>    <\/div>\r\n\t\t\t\t<\/div>\n\t\t\t\t<\/div>\n\t\t\t\t<div class=\"elementor-element elementor-element-5a34b3b elementor-widget elementor-widget-spacer\" data-id=\"5a34b3b\" data-element_type=\"widget\" data-widget_type=\"spacer.default\">\n\t\t\t\t<div class=\"elementor-widget-container\">\n\t\t\t\t\t\t\t<div class=\"elementor-spacer\">\n\t\t\t<div class=\"elementor-spacer-inner\"><\/div>\n\t\t<\/div>\n\t\t\t\t\t\t<\/div>\n\t\t\t\t<\/div>\n\t\t\t\t<div class=\"elementor-element elementor-element-6acd959 elementor-widget elementor-widget-spacer\" data-id=\"6acd959\" data-element_type=\"widget\" data-widget_type=\"spacer.default\">\n\t\t\t\t<div class=\"elementor-widget-container\">\n\t\t\t\t\t\t\t<div class=\"elementor-spacer\">\n\t\t\t<div class=\"elementor-spacer-inner\"><\/div>\n\t\t<\/div>\n\t\t\t\t\t\t<\/div>\n\t\t\t\t<\/div>\n\t\t\t\t<div class=\"elementor-element elementor-element-b1ef010 elementor-widget elementor-widget-ct_download\" data-id=\"b1ef010\" data-element_type=\"widget\" data-widget_type=\"ct_download.default\">\n\t\t\t\t<div class=\"elementor-widget-container\">\n\t\t\t\t\t    <div class=\"ct-download\">\r\n                    <div class=\"item--download\">\r\n                <a href=\"#\">\r\n            \t<i aria-hidden=\"true\" class=\"material zmdi zmdi-download\"><\/i>                                <span>Katalog <\/span>\r\n            \t<\/a>\r\n           <\/div>\r\n            <\/div>\r\n\t\t\t\t<\/div>\n\t\t\t\t<\/div>\n\t\t            <\/div>\n        <\/div>\n                    <\/div>\n        <\/section>\n        \t\t<\/div>\n\t\t","protected":false},"excerpt":{"rendered":"<p>BOYALI PROF\u0130L Geli\u015fen teknolojilerin da etkisiyle profil \u00fcretimi kapsam\u0131nda\u00a0boyal\u0131 profil\u00a0gibi yenilik\u00e7i uygulamalar ortaya \u00e7\u0131km\u0131\u015ft\u0131r. Bu uygulamalar, \u00e7e\u015fitli kimyasal de\u011fi\u015fimler ve optimizasyonlar sayesinde \u00fcretimi yap\u0131lan profillerin, paslanmaya ve kimyasal de\u011fi\u015fimlere kar\u015f\u0131 daha dayan\u0131kl\u0131 olmas\u0131na da olanak verir. \u00d6zellikle\u00a0boyal\u0131 profiller\u00a0zengin ve estetik kullan\u0131m se\u00e7enekleri sunan, ihtiyaca y\u00f6nelik \u00fcretimi yap\u0131lan i\u015flevsel yap\u0131 malzemeleri aras\u0131nda yer al\u0131rlar.\u00a0Toz boyal\u0131 profil, [&hellip;]<\/p>\n","protected":false},"author":1,"featured_media":0,"parent":0,"menu_order":0,"comment_status":"closed","ping_status":"closed","template":"","meta":{"footnotes":""},"class_list":["post-8681","page","type-page","status-publish","hentry"],"yoast_head":"<!-- This site is optimized with the Yoast SEO plugin v24.3 - https:\/\/yoast.com\/wordpress\/plugins\/seo\/ -->\r\n<title>BOYALI PROF\u0130L - I\u015eIK DEM\u0130R<\/title>\r\n<meta name=\"robots\" content=\"index, follow, max-snippet:-1, max-image-preview:large, max-video-preview:-1\" \/>\r\n<link rel=\"canonical\" href=\"https:\/\/isikdemir.com.tr\/index.php\/boyali-profil\/\" \/>\r\n<meta property=\"og:locale\" content=\"tr_TR\" \/>\r\n<meta property=\"og:type\" content=\"article\" \/>\r\n<meta property=\"og:title\" content=\"BOYALI PROF\u0130L - I\u015eIK DEM\u0130R\" \/>\r\n<meta property=\"og:description\" content=\"BOYALI PROF\u0130L Geli\u015fen teknolojilerin da etkisiyle profil \u00fcretimi kapsam\u0131nda\u00a0boyal\u0131 profil\u00a0gibi yenilik\u00e7i uygulamalar ortaya \u00e7\u0131km\u0131\u015ft\u0131r. Bu uygulamalar, \u00e7e\u015fitli kimyasal de\u011fi\u015fimler ve optimizasyonlar sayesinde \u00fcretimi yap\u0131lan profillerin, paslanmaya ve kimyasal de\u011fi\u015fimlere kar\u015f\u0131 daha dayan\u0131kl\u0131 olmas\u0131na da olanak verir. \u00d6zellikle\u00a0boyal\u0131 profiller\u00a0zengin ve estetik kullan\u0131m se\u00e7enekleri sunan, ihtiyaca y\u00f6nelik \u00fcretimi yap\u0131lan i\u015flevsel yap\u0131 malzemeleri aras\u0131nda yer al\u0131rlar.\u00a0Toz boyal\u0131 profil, [&hellip;]\" \/>\r\n<meta property=\"og:url\" content=\"https:\/\/isikdemir.com.tr\/index.php\/boyali-profil\/\" \/>\r\n<meta property=\"og:site_name\" content=\"I\u015eIK DEM\u0130R\" \/>\r\n<meta property=\"article:publisher\" content=\"https:\/\/www.facebook.com\/p\/Ik-Demir-100092820544779\/?locale=tr_TR\" \/>\r\n<meta property=\"article:modified_time\" content=\"2024-12-22T21:39:38+00:00\" \/>\r\n<meta name=\"twitter:card\" content=\"summary_large_image\" \/>\r\n<meta name=\"twitter:label1\" content=\"Tahmini okuma s\u00fcresi\" \/>\n\t<meta name=\"twitter:data1\" content=\"2 dakika\" \/>\r\n<script type=\"application\/ld+json\" class=\"yoast-schema-graph\">{\"@context\":\"https:\/\/schema.org\",\"@graph\":[{\"@type\":\"WebPage\",\"@id\":\"https:\/\/isikdemir.com.tr\/index.php\/boyali-profil\/\",\"url\":\"https:\/\/isikdemir.com.tr\/index.php\/boyali-profil\/\",\"name\":\"BOYALI PROF\u0130L - I\u015eIK DEM\u0130R\",\"isPartOf\":{\"@id\":\"https:\/\/isikdemir.com.tr\/#website\"},\"datePublished\":\"2024-12-22T21:33:49+00:00\",\"dateModified\":\"2024-12-22T21:39:38+00:00\",\"breadcrumb\":{\"@id\":\"https:\/\/isikdemir.com.tr\/index.php\/boyali-profil\/#breadcrumb\"},\"inLanguage\":\"tr\",\"potentialAction\":[{\"@type\":\"ReadAction\",\"target\":[\"https:\/\/isikdemir.com.tr\/index.php\/boyali-profil\/\"]}]},{\"@type\":\"BreadcrumbList\",\"@id\":\"https:\/\/isikdemir.com.tr\/index.php\/boyali-profil\/#breadcrumb\",\"itemListElement\":[{\"@type\":\"ListItem\",\"position\":1,\"name\":\"Anasayfa\",\"item\":\"https:\/\/isikdemir.com.tr\/\"},{\"@type\":\"ListItem\",\"position\":2,\"name\":\"BOYALI PROF\u0130L\"}]},{\"@type\":\"WebSite\",\"@id\":\"https:\/\/isikdemir.com.tr\/#website\",\"url\":\"https:\/\/isikdemir.com.tr\/\",\"name\":\"I\u015eIK BORU PROF\u0130L\",\"description\":\"I\u015eIK BORU PROF\u0130L\",\"publisher\":{\"@id\":\"https:\/\/isikdemir.com.tr\/#organization\"},\"potentialAction\":[{\"@type\":\"SearchAction\",\"target\":{\"@type\":\"EntryPoint\",\"urlTemplate\":\"https:\/\/isikdemir.com.tr\/?s={search_term_string}\"},\"query-input\":{\"@type\":\"PropertyValueSpecification\",\"valueRequired\":true,\"valueName\":\"search_term_string\"}}],\"inLanguage\":\"tr\"},{\"@type\":\"Organization\",\"@id\":\"https:\/\/isikdemir.com.tr\/#organization\",\"name\":\"I\u015eIK BORU PROF\u0130L\",\"url\":\"https:\/\/isikdemir.com.tr\/\",\"logo\":{\"@type\":\"ImageObject\",\"inLanguage\":\"tr\",\"@id\":\"https:\/\/isikdemir.com.tr\/#\/schema\/logo\/image\/\",\"url\":\"https:\/\/isikdemir.com.tr\/wp-content\/uploads\/2020\/02\/logo.png\",\"contentUrl\":\"https:\/\/isikdemir.com.tr\/wp-content\/uploads\/2020\/02\/logo.png\",\"width\":300,\"height\":57,\"caption\":\"I\u015eIK BORU PROF\u0130L\"},\"image\":{\"@id\":\"https:\/\/isikdemir.com.tr\/#\/schema\/logo\/image\/\"},\"sameAs\":[\"https:\/\/www.facebook.com\/p\/Ik-Demir-100092820544779\/?locale=tr_TR\"]}]}<\/script>\r\n<!-- \/ Yoast SEO plugin. -->","yoast_head_json":{"title":"BOYALI PROF\u0130L - I\u015eIK DEM\u0130R","robots":{"index":"index","follow":"follow","max-snippet":"max-snippet:-1","max-image-preview":"max-image-preview:large","max-video-preview":"max-video-preview:-1"},"canonical":"https:\/\/isikdemir.com.tr\/index.php\/boyali-profil\/","og_locale":"tr_TR","og_type":"article","og_title":"BOYALI PROF\u0130L - I\u015eIK DEM\u0130R","og_description":"BOYALI PROF\u0130L Geli\u015fen teknolojilerin da etkisiyle profil \u00fcretimi kapsam\u0131nda\u00a0boyal\u0131 profil\u00a0gibi yenilik\u00e7i uygulamalar ortaya \u00e7\u0131km\u0131\u015ft\u0131r. Bu uygulamalar, \u00e7e\u015fitli kimyasal de\u011fi\u015fimler ve optimizasyonlar sayesinde \u00fcretimi yap\u0131lan profillerin, paslanmaya ve kimyasal de\u011fi\u015fimlere kar\u015f\u0131 daha dayan\u0131kl\u0131 olmas\u0131na da olanak verir. \u00d6zellikle\u00a0boyal\u0131 profiller\u00a0zengin ve estetik kullan\u0131m se\u00e7enekleri sunan, ihtiyaca y\u00f6nelik \u00fcretimi yap\u0131lan i\u015flevsel yap\u0131 malzemeleri aras\u0131nda yer al\u0131rlar.\u00a0Toz boyal\u0131 profil, [&hellip;]","og_url":"https:\/\/isikdemir.com.tr\/index.php\/boyali-profil\/","og_site_name":"I\u015eIK DEM\u0130R","article_publisher":"https:\/\/www.facebook.com\/p\/Ik-Demir-100092820544779\/?locale=tr_TR","article_modified_time":"2024-12-22T21:39:38+00:00","twitter_card":"summary_large_image","twitter_misc":{"Tahmini okuma s\u00fcresi":"2 dakika"},"schema":{"@context":"https:\/\/schema.org","@graph":[{"@type":"WebPage","@id":"https:\/\/isikdemir.com.tr\/index.php\/boyali-profil\/","url":"https:\/\/isikdemir.com.tr\/index.php\/boyali-profil\/","name":"BOYALI PROF\u0130L - I\u015eIK DEM\u0130R","isPartOf":{"@id":"https:\/\/isikdemir.com.tr\/#website"},"datePublished":"2024-12-22T21:33:49+00:00","dateModified":"2024-12-22T21:39:38+00:00","breadcrumb":{"@id":"https:\/\/isikdemir.com.tr\/index.php\/boyali-profil\/#breadcrumb"},"inLanguage":"tr","potentialAction":[{"@type":"ReadAction","target":["https:\/\/isikdemir.com.tr\/index.php\/boyali-profil\/"]}]},{"@type":"BreadcrumbList","@id":"https:\/\/isikdemir.com.tr\/index.php\/boyali-profil\/#breadcrumb","itemListElement":[{"@type":"ListItem","position":1,"name":"Anasayfa","item":"https:\/\/isikdemir.com.tr\/"},{"@type":"ListItem","position":2,"name":"BOYALI PROF\u0130L"}]},{"@type":"WebSite","@id":"https:\/\/isikdemir.com.tr\/#website","url":"https:\/\/isikdemir.com.tr\/","name":"I\u015eIK BORU PROF\u0130L","description":"I\u015eIK BORU PROF\u0130L","publisher":{"@id":"https:\/\/isikdemir.com.tr\/#organization"},"potentialAction":[{"@type":"SearchAction","target":{"@type":"EntryPoint","urlTemplate":"https:\/\/isikdemir.com.tr\/?s={search_term_string}"},"query-input":{"@type":"PropertyValueSpecification","valueRequired":true,"valueName":"search_term_string"}}],"inLanguage":"tr"},{"@type":"Organization","@id":"https:\/\/isikdemir.com.tr\/#organization","name":"I\u015eIK BORU PROF\u0130L","url":"https:\/\/isikdemir.com.tr\/","logo":{"@type":"ImageObject","inLanguage":"tr","@id":"https:\/\/isikdemir.com.tr\/#\/schema\/logo\/image\/","url":"https:\/\/isikdemir.com.tr\/wp-content\/uploads\/2020\/02\/logo.png","contentUrl":"https:\/\/isikdemir.com.tr\/wp-content\/uploads\/2020\/02\/logo.png","width":300,"height":57,"caption":"I\u015eIK BORU PROF\u0130L"},"image":{"@id":"https:\/\/isikdemir.com.tr\/#\/schema\/logo\/image\/"},"sameAs":["https:\/\/www.facebook.com\/p\/Ik-Demir-100092820544779\/?locale=tr_TR"]}]}},"_links":{"self":[{"href":"https:\/\/isikdemir.com.tr\/index.php\/wp-json\/wp\/v2\/pages\/8681","targetHints":{"allow":["GET"]}}],"collection":[{"href":"https:\/\/isikdemir.com.tr\/index.php\/wp-json\/wp\/v2\/pages"}],"about":[{"href":"https:\/\/isikdemir.com.tr\/index.php\/wp-json\/wp\/v2\/types\/page"}],"author":[{"embeddable":true,"href":"https:\/\/isikdemir.com.tr\/index.php\/wp-json\/wp\/v2\/users\/1"}],"replies":[{"embeddable":true,"href":"https:\/\/isikdemir.com.tr\/index.php\/wp-json\/wp\/v2\/comments?post=8681"}],"version-history":[{"count":7,"href":"https:\/\/isikdemir.com.tr\/index.php\/wp-json\/wp\/v2\/pages\/8681\/revisions"}],"predecessor-version":[{"id":8692,"href":"https:\/\/isikdemir.com.tr\/index.php\/wp-json\/wp\/v2\/pages\/8681\/revisions\/8692"}],"wp:attachment":[{"href":"https:\/\/isikdemir.com.tr\/index.php\/wp-json\/wp\/v2\/media?parent=8681"}],"curies":[{"name":"wp","href":"https:\/\/api.w.org\/{rel}","templated":true}]}}