{"id":8643,"date":"2024-12-22T19:25:12","date_gmt":"2024-12-22T19:25:12","guid":{"rendered":"http:\/\/isikdemir.com.tr\/?page_id=8643"},"modified":"2025-03-10T19:43:58","modified_gmt":"2025-03-10T19:43:58","slug":"elektrot","status":"publish","type":"page","link":"https:\/\/isikdemir.com.tr\/index.php\/elektrot\/","title":{"rendered":"ELEKTROT"},"content":{"rendered":"\t\t<div data-elementor-type=\"wp-page\" data-elementor-id=\"8643\" class=\"elementor elementor-8643\">\n\t\t\t\t        <section class=\"elementor-section elementor-top-section elementor-element elementor-element-3b83c43 elementor-section-boxed elementor-section-height-default elementor-section-height-default ct-header-fixed-none ct-row-max-none\" data-id=\"3b83c43\" data-element_type=\"section\">\n            \n                        <div class=\"elementor-container elementor-column-gap-extended \">\n                    <div class=\"elementor-column elementor-col-66 elementor-top-column elementor-element elementor-element-b99718c\" data-id=\"b99718c\" data-element_type=\"column\">\n        <div class=\"elementor-widget-wrap elementor-element-populated\">\n                    \n        \t\t<div class=\"elementor-element elementor-element-62ec55c elementor-widget elementor-widget-ct_title\" data-id=\"62ec55c\" data-element_type=\"widget\" data-widget_type=\"ct_title.default\">\n\t\t\t\t<div class=\"elementor-widget-container\">\n\t\t\t\t\t<div class=\"ct-title1 style2\">\r\n    <h3>\r\n    \t\t        <span>ELEKTROT<\/span>\r\n\t        <i><\/i>\r\n\t        <\/h3>\r\n<\/div>\t\t\t\t<\/div>\n\t\t\t\t<\/div>\n\t\t\t\t<div class=\"elementor-element elementor-element-cb7f25b elementor-widget elementor-widget-text-editor\" data-id=\"cb7f25b\" data-element_type=\"widget\" data-widget_type=\"text-editor.default\">\n\t\t\t\t\t\t\t\t\t<p><img fetchpriority=\"high\" decoding=\"async\" style=\"font-family: inherit; font-size: inherit;\" src=\"http:\/\/isikdemir.com.tr\/wp-content\/uploads\/2025\/02\/kaynak-elektrodu.png\" width=\"400\" height=\"320\" \/><\/p><h4>RUT\u0130L ELEKTROTLAR<\/h4><p>Kaynak metali \u00e7atlamaya kar\u015f\u0131 y\u00fcksek diren\u00e7 g\u00f6sterir. C\u00fcrufu kolay k<span style=\"font-family: inherit; font-size: inherit;\">alkar ve y\u00fcksek kalitede, p\u00fcr\u00fczs\u00fcz kaynak diki\u015fleri elde edilir. Kaynak \u00f6ncesi elektrodun tutu\u015fmas\u0131 ve yeniden tutu\u015fmas\u0131 kolayd\u0131r.<\/span><\/p>\t\t\t\t\t\t\t\t<\/div>\n\t\t\t\t<div class=\"elementor-element elementor-element-a3f7d0f elementor-widget__width-initial elementor-widget elementor-widget-text-editor\" data-id=\"a3f7d0f\" data-element_type=\"widget\" data-widget_type=\"text-editor.default\">\n\t\t\t\t\t\t\t\t\t<h5><br \/>\u00d6zellikleri<\/h5><ul><li>Genel ama\u00e7l\u0131 bir elektrod olup \u00f6zellikle St33 &#8211; St52.3 aras\u0131ndaki d\u00fc\u015f\u00fck ve orta karbonlu yap\u0131 \u00e7eliklerinin kayna\u011f\u0131nda kullan\u0131l\u0131r.<\/li><li>Makina, k\u00f6pr\u00fc konstr\u00fcksiyonlar\u0131 ve kazan \u00fcretimi, karoseri imalat\u0131, \u00e7elik mobilya, demir do\u011frama i\u015fleri, ince saclar\u0131n kayna\u011f\u0131, \u015fasi, oto g\u00f6vde saclar\u0131n\u0131n kayna\u011f\u0131 ve k\u00fc\u00e7\u00fck \u00f6l\u00e7ekli onar\u0131m uygulamalar\u0131 di\u011fer kullan\u0131m alanlar\u0131d\u0131r.<\/li><\/ul><h4>\u00a0<\/h4><h4>BAZ\u0130K ELEKTROTLAR<\/h4><p>Kaynak metalinin \u00e7atlamaya kar\u015f\u0131 y\u00fcksek diren\u00e7 g\u00f6stermesi sayesinde \u00f6zellikle kuvvetli kaynak gerilmelerinin ka\u00e7\u0131n\u0131lmaz oldu\u011fu b\u00fcy\u00fck k\u00fctleli sabit \u00e7elik yap\u0131lar\u0131n kayna\u011f\u0131nda kullan\u0131l\u0131r.<\/p><h5>\u00d6zellikleri<\/h5><ul><li>C\u00fcrufu kolay kalkar ve y\u00fcksek kalitede kaynak diki\u015fleri elde edilir.<\/li><li>A\u015fa\u011f\u0131dan yukar\u0131ya kaynak pozisyonunda y\u00fcksek kaynak h\u0131z\u0131 ile \u00e7al\u0131\u015fma olana\u011f\u0131 sa\u011flar ve verimi % 125&#8217;dir.<\/li><\/ul><h4>\u00a0<\/h4><h4>KESME ELEKTROTLAR<\/h4><p>\u00d6rt\u00fcn\u00fcn fiziksel \u00f6zelliklerine g\u00f6re \u00e7ekirdek telin erime oran\u0131 \u00f6rt\u00fcye oranla daha fazlad\u0131r. Bunun sonucunda elektrodun ucunda i\u00e7eriye do\u011fru 3-5 mm&#8217;lik krater olu\u015fur.<\/p><h5>\u00d6zellikleri<\/h5><ul><li>Olu\u015fan bu krater \u00f6zellikle delik a\u00e7ma ve kesme i\u015flemlerinde eriyen metalin i\u00e7ine giren elektrodun k\u0131sa devre yapmaks\u0131z\u0131n operasyona devam etmesine olanak sa\u011flar.<\/li><li>10 mm&#8217;ye kadar olan par\u00e7alar kolayca kesilebilir.<\/li><li>Daha kal\u0131n malzemelerde ise elektrod malzeme y\u00f6n\u00fcnde a\u015fa\u011f\u0131-yukar\u0131 hareketler yaparak kullan\u0131lmal\u0131d\u0131r. Bu sayede erimi\u015f metal kolayl\u0131kla d\u0131\u015far\u0131ya at\u0131l\u0131r.<\/li><li>Delik delme i\u015flemlerinde ise, elektrod malzemeye 90\u00b0 a\u00e7\u0131da tutulur.<\/li><li>Z\u0131rh \u00e7elikleri, havada sertle\u015fen \u00e7elikler, paslanmaz \u00e7elikler, d\u00f6kme demirler, sert metaller ve \u00e7al\u0131\u015ft\u0131k\u00e7a sertle\u015fen malzemeler ba\u015fta olmak \u00fczere mekanik y\u00f6ntemlerle kesilmesi zor olan malzemelerin ve ala\u015f\u0131mlar\u0131n i\u015flenmesinde kullan\u0131l\u0131r.<\/li><li>Metal kald\u0131rma h\u0131z\u0131 elektrod \u00e7ap\u0131na, uygulanan ak\u0131ma ve plaka kal\u0131nl\u0131\u011f\u0131na ba\u011fl\u0131d\u0131r.<\/li><li>Elektroddan y\u00fcksek verim al\u0131nabilmesi i\u00e7in kaliteli bir g\u00fc\u00e7 kayna\u011f\u0131 ile \u00e7al\u0131\u015f\u0131lmas\u0131 \u00f6nerilir.<\/li><\/ul><h4>\u00a0<\/h4><h4>KROM ELEKTROTLAR<\/h4><p>Cr-Ni tipi dolgu metali verir.<\/p><h5>\u00d6zellikleri<\/h5><ul><li>M\u00fckemmel kalitede p\u00fcr\u00fczs\u00fcz kaynak par\u00e7alar\u0131 asitlere, 350 \u00b0 C&#8217;ye kadar \u00e7al\u0131\u015fma s\u0131cakl\u0131klar\u0131nda taneler aras\u0131 korozyona ve 800 \u00b0 C&#8217;ye kadar oksidasyona kar\u015f\u0131 olduk\u00e7a diren\u00e7lidir.<\/li><li>Kararl\u0131 bir ark verir ve c\u00fcrufu kolay kalkar<\/li><li>AISI 301, 302, 304, 304L, 308 ve 308L&#8217;ye uygun \u00e7eliklerin kayna\u011f\u0131na ek olarak; AS P-308L, niyobyum veya titanyumla stabilize edilmi\u015f \u00f6stenitik paslanmaz \u00e7eliklerin kayna\u011f\u0131nda da kullan\u0131labilir.<\/li><\/ul><ul><li>S\u00fct ve di\u011fer g\u0131da end\u00fcstrilerinde kullan\u0131lan buhar ve bas\u0131n\u00e7 ba\u011flant\u0131 par\u00e7alar\u0131, depolama tanklar\u0131 ve ekipmanlar\u0131, kimyasal sald\u0131r\u0131 alt\u0131nda \u00e7al\u0131\u015fan paslanmaz \u00e7elik veya paslanmaz \u00e7elik kaplamal\u0131 \u00e7eliklerin kayna\u011f\u0131, ala\u015f\u0131ms\u0131z \u00e7eliklerin, y\u00fcksek C&#8217;lu (1.4085 &#8211; G-X70 Cr 29) \u00e7eliklerin, y\u00fcksek ala\u015f\u0131ml\u0131 \u00e7eliklerin, tak\u0131m \u00e7eliklerinin, yay \u00e7eliklerinin, h\u0131z \u00e7eliklerinin, z\u0131rh \u00e7elikleri gibi havada sertle\u015febilen ve kaynak kabiliyeti d\u00fc\u015f\u00fck malzemelerin, \u00e7elik d\u00f6k\u00fcm par\u00e7alar\u0131n kayna\u011f\u0131 ba\u015fl\u0131ca kullan\u0131m alanlar\u0131d\u0131r.<\/li><\/ul><ul><li>Elektrot ile benzer kimyasal bile\u015fime sahip paslanmaz \u00e7elik par\u00e7alar\u0131n \u00e7elik d\u00f6k\u00fcm par\u00e7alar ile birle\u015ftirilmesi i\u00e7in ideal bir elektrottur.<\/li><li>T\u00fcm pozisyonlarda 3,25 mm \u00e7ap\u0131na kadar ve dahil olmak \u00fczere elektrotlar kullan\u0131labilir; d\u00fcz pozisyonda ise 4 mm ve 5 mm elektrotlar kullan\u0131lmal\u0131d\u0131r.<\/li><\/ul><p><strong>\u00a0<\/strong><\/p><h4>P\u0130K ELEKTROTLAR<\/h4><p>AS Pik-98 S\u00fcper nikel \u00f6zl\u00fc elektrottur. Damla Ark&#8221; metal transferi ile kaynak olana\u011f\u0131 sa\u011flar.<\/p><h5>\u00d6zellikleri<\/h5><ul><li>Her \u00e7e\u015fit d\u00f6kme demirin kayna\u011f\u0131nda kullan\u0131l\u0131r.<\/li><li>\u00c7ok sakin bir yan\u0131\u015f\u0131 vard\u0131r, \u00e7ok az c\u00fcruf olu\u015fturur ve c\u00fcrufu kolay temizlenir.<\/li><li>Kaynaktan sonra olu\u015fan \u0131s\u0131dan etkilenen b\u00f6lge \u00e7ok dard\u0131r.<\/li><li>Kaynak metali g\u00f6zeneksiz olup kolayl\u0131kla i\u015flenebilir.<\/li><li>\u00c7atlamaya kar\u015f\u0131 m\u00fckemmel bir dayan\u0131ma sahiptir.<\/li><li>K\u0131r d\u00f6kme demir ba\u015fta olmak \u00fczere temper d\u00f6kme demirin birle\u015ftirme ve dolgu ama\u00e7l\u0131 kaynak i\u015flemlerinde kullan\u0131l\u0131r.<\/li><li>D\u00f6kme demirlerin paslanmaz \u00e7elik, \u00e7elik ve monel gibi metallerle birle\u015ftirilmesi i\u015flemleri i\u00e7in idealdir.<\/li><li>Di\u011fer yandan i\u015fleme ya da d\u00f6k\u00fcm hatalar\u0131ndan kaynaklanan bo\u015fluk ve g\u00f6zeneklerin giderilmesinde de kullan\u0131lmaktad\u0131r.<\/li><li>D\u00f6kme demirin so\u011fuk kayna\u011f\u0131nda i\u015f par\u00e7as\u0131n\u0131n fazla \u0131s\u0131nmas\u0131n\u0131 (buna ba\u011fl\u0131 olarak h\u0131zl\u0131 so\u011fumas\u0131n\u0131) \u00f6nlemek amac\u0131yla m\u00fcmk\u00fcn olan en k\u00fc\u00e7\u00fck \u00e7apl\u0131 elektrodlarla \u00e7al\u0131\u015f\u0131lmal\u0131d\u0131r.<\/li><\/ul>\t\t\t\t\t\t\t\t<\/div>\n\t\t            <\/div>\n        <\/div>\n                <div class=\"elementor-column elementor-col-33 elementor-top-column elementor-element elementor-element-eddc69b\" data-id=\"eddc69b\" data-element_type=\"column\">\n        <div class=\"elementor-widget-wrap elementor-element-populated\">\n                    \n        \t\t<div class=\"elementor-element elementor-element-9abea33 elementor-widget__width-inherit elementor-widget elementor-widget-ct_navigation_menu\" data-id=\"9abea33\" data-element_type=\"widget\" data-widget_type=\"ct_navigation_menu.default\">\n\t\t\t\t<div class=\"elementor-widget-container\">\n\t\t\t\t\t    <div id=\"ct_navigation_menu-9abea33\" class=\"ct-navigation-menu1 default\">\r\n        <div class=\"menu-menu-services-container\"><ul id=\"menu-menu-services\" class=\"menu\"><li id=\"menu-item-9897\" class=\"menu-item menu-item-type-post_type menu-item-object-page menu-item-9897\"><a href=\"https:\/\/isikdemir.com.tr\/index.php\/borular\/\">BORULAR<\/a><\/li>\n<li id=\"menu-item-9898\" class=\"menu-item menu-item-type-post_type menu-item-object-page menu-item-9898\"><a href=\"https:\/\/isikdemir.com.tr\/index.php\/profil\/\">PROF\u0130LLER<\/a><\/li>\n<li id=\"menu-item-9894\" class=\"menu-item menu-item-type-post_type menu-item-object-page menu-item-9894\"><a href=\"https:\/\/isikdemir.com.tr\/index.php\/saclar\/\">SACLAR<\/a><\/li>\n<li id=\"menu-item-9896\" class=\"menu-item menu-item-type-post_type menu-item-object-page menu-item-9896\"><a href=\"https:\/\/isikdemir.com.tr\/index.php\/ipe-demir-profil\/\">IPE DEM\u0130R<\/a><\/li>\n<li id=\"menu-item-9887\" class=\"menu-item menu-item-type-post_type menu-item-object-page menu-item-9887\"><a href=\"https:\/\/isikdemir.com.tr\/index.php\/ipn-demir-profil\/\">IPN DEM\u0130R<\/a><\/li>\n<li id=\"menu-item-9886\" class=\"menu-item menu-item-type-post_type menu-item-object-page menu-item-9886\"><a href=\"https:\/\/isikdemir.com.tr\/index.php\/upn-demir-profil\/\">UPN DEM\u0130R<\/a><\/li>\n<li id=\"menu-item-9895\" class=\"menu-item menu-item-type-post_type menu-item-object-page menu-item-9895\"><a href=\"https:\/\/isikdemir.com.tr\/index.php\/hea-3\/\">HEA PROF\u0130L<\/a><\/li>\n<li id=\"menu-item-9888\" class=\"menu-item menu-item-type-post_type menu-item-object-page menu-item-9888\"><a href=\"https:\/\/isikdemir.com.tr\/index.php\/heb\/\">HEB PROF\u0130L<\/a><\/li>\n<li id=\"menu-item-9889\" class=\"menu-item menu-item-type-post_type menu-item-object-page menu-item-9889\"><a href=\"https:\/\/isikdemir.com.tr\/index.php\/hem-2\/\">HEM PROF\u0130L<\/a><\/li>\n<li id=\"menu-item-9891\" class=\"menu-item menu-item-type-post_type menu-item-object-page menu-item-9891\"><a href=\"https:\/\/isikdemir.com.tr\/index.php\/lama-ve-silmeler\/\">LAMA VE S\u0130LME<\/a><\/li>\n<li id=\"menu-item-9884\" class=\"menu-item menu-item-type-post_type menu-item-object-page menu-item-9884\"><a href=\"https:\/\/isikdemir.com.tr\/index.php\/kare\/\">KARE<\/a><\/li>\n<li id=\"menu-item-9899\" class=\"menu-item menu-item-type-post_type menu-item-object-page menu-item-9899\"><a href=\"https:\/\/isikdemir.com.tr\/index.php\/kosebent\/\">K\u00d6\u015eEBENTLER<\/a><\/li>\n<li id=\"menu-item-9892\" class=\"menu-item menu-item-type-post_type menu-item-object-page menu-item-9892\"><a href=\"https:\/\/isikdemir.com.tr\/index.php\/elektrot\/\">ELEKTROT<\/a><\/li>\n<li id=\"menu-item-9885\" class=\"menu-item menu-item-type-post_type menu-item-object-page menu-item-9885\"><a href=\"https:\/\/isikdemir.com.tr\/index.php\/kaynak-telleri\/\">KAYNAK TELLER\u0130<\/a><\/li>\n<li id=\"menu-item-9893\" class=\"menu-item menu-item-type-post_type menu-item-object-page menu-item-9893\"><a href=\"https:\/\/isikdemir.com.tr\/index.php\/galvaniz-sac\/\">PANELLER<\/a><\/li>\n<li id=\"menu-item-10470\" class=\"menu-item menu-item-type-post_type menu-item-object-page menu-item-10470\"><a href=\"https:\/\/isikdemir.com.tr\/index.php\/celik-hasir-insaat-demiri\/\">\u00c7EL\u0130K HASIR \u2013 \u0130N\u015eAAT DEM\u0130R\u0130<\/a><\/li>\n<li id=\"menu-item-10625\" class=\"menu-item menu-item-type-post_type menu-item-object-page menu-item-10625\"><a href=\"https:\/\/isikdemir.com.tr\/index.php\/elementor-10564\/\">HARDOX<\/a><\/li>\n<\/ul><\/div>    <\/div>\r\n\t\t\t\t<\/div>\n\t\t\t\t<\/div>\n\t\t\t\t<div class=\"elementor-element elementor-element-4a9c5a7 elementor-widget elementor-widget-spacer\" data-id=\"4a9c5a7\" data-element_type=\"widget\" data-widget_type=\"spacer.default\">\n\t\t\t\t<div class=\"elementor-widget-container\">\n\t\t\t\t\t\t\t<div class=\"elementor-spacer\">\n\t\t\t<div class=\"elementor-spacer-inner\"><\/div>\n\t\t<\/div>\n\t\t\t\t\t\t<\/div>\n\t\t\t\t<\/div>\n\t\t\t\t<div class=\"elementor-element elementor-element-d9e5da1 elementor-widget elementor-widget-spacer\" data-id=\"d9e5da1\" data-element_type=\"widget\" data-widget_type=\"spacer.default\">\n\t\t\t\t<div class=\"elementor-widget-container\">\n\t\t\t\t\t\t\t<div class=\"elementor-spacer\">\n\t\t\t<div class=\"elementor-spacer-inner\"><\/div>\n\t\t<\/div>\n\t\t\t\t\t\t<\/div>\n\t\t\t\t<\/div>\n\t\t\t\t<div class=\"elementor-element elementor-element-82356a2 elementor-widget elementor-widget-ct_download\" data-id=\"82356a2\" data-element_type=\"widget\" data-widget_type=\"ct_download.default\">\n\t\t\t\t<div class=\"elementor-widget-container\">\n\t\t\t\t\t    <div class=\"ct-download\">\r\n                    <div class=\"item--download\">\r\n                <a href=\"\/isikdemirkatalog_2025.pdf\">\r\n            \t<i aria-hidden=\"true\" class=\"material zmdi zmdi-download\"><\/i>                                <span>Katalog <\/span>\r\n            \t<\/a>\r\n           <\/div>\r\n            <\/div>\r\n\t\t\t\t<\/div>\n\t\t\t\t<\/div>\n\t\t            <\/div>\n        <\/div>\n                    <\/div>\n        <\/section>\n        \t\t<\/div>\n\t\t","protected":false},"excerpt":{"rendered":"<p>ELEKTROT RUT\u0130L ELEKTROTLAR Kaynak metali \u00e7atlamaya kar\u015f\u0131 y\u00fcksek diren\u00e7 g\u00f6sterir. C\u00fcrufu kolay kalkar ve y\u00fcksek kalitede, p\u00fcr\u00fczs\u00fcz kaynak diki\u015fleri elde edilir. Kaynak \u00f6ncesi elektrodun tutu\u015fmas\u0131 ve yeniden tutu\u015fmas\u0131 kolayd\u0131r. \u00d6zellikleri Genel ama\u00e7l\u0131 bir elektrod olup \u00f6zellikle St33 &#8211; St52.3 aras\u0131ndaki d\u00fc\u015f\u00fck ve orta karbonlu yap\u0131 \u00e7eliklerinin kayna\u011f\u0131nda kullan\u0131l\u0131r. Makina, k\u00f6pr\u00fc konstr\u00fcksiyonlar\u0131 ve kazan \u00fcretimi, karoseri [&hellip;]<\/p>\n","protected":false},"author":1,"featured_media":0,"parent":0,"menu_order":0,"comment_status":"closed","ping_status":"closed","template":"","meta":{"footnotes":""},"class_list":["post-8643","page","type-page","status-publish","hentry"],"yoast_head":"<!-- This site is optimized with the Yoast SEO plugin v24.3 - https:\/\/yoast.com\/wordpress\/plugins\/seo\/ -->\r\n<title>ELEKTROT - I\u015eIK DEM\u0130R<\/title>\r\n<meta name=\"robots\" content=\"index, follow, max-snippet:-1, max-image-preview:large, max-video-preview:-1\" \/>\r\n<link rel=\"canonical\" href=\"https:\/\/isikdemir.com.tr\/index.php\/elektrot\/\" \/>\r\n<meta property=\"og:locale\" content=\"tr_TR\" \/>\r\n<meta property=\"og:type\" content=\"article\" \/>\r\n<meta property=\"og:title\" content=\"ELEKTROT - I\u015eIK DEM\u0130R\" \/>\r\n<meta property=\"og:description\" content=\"ELEKTROT RUT\u0130L ELEKTROTLAR Kaynak metali \u00e7atlamaya kar\u015f\u0131 y\u00fcksek diren\u00e7 g\u00f6sterir. C\u00fcrufu kolay kalkar ve y\u00fcksek kalitede, p\u00fcr\u00fczs\u00fcz kaynak diki\u015fleri elde edilir. Kaynak \u00f6ncesi elektrodun tutu\u015fmas\u0131 ve yeniden tutu\u015fmas\u0131 kolayd\u0131r. \u00d6zellikleri Genel ama\u00e7l\u0131 bir elektrod olup \u00f6zellikle St33 &#8211; St52.3 aras\u0131ndaki d\u00fc\u015f\u00fck ve orta karbonlu yap\u0131 \u00e7eliklerinin kayna\u011f\u0131nda kullan\u0131l\u0131r. Makina, k\u00f6pr\u00fc konstr\u00fcksiyonlar\u0131 ve kazan \u00fcretimi, karoseri [&hellip;]\" \/>\r\n<meta property=\"og:url\" content=\"https:\/\/isikdemir.com.tr\/index.php\/elektrot\/\" \/>\r\n<meta property=\"og:site_name\" content=\"I\u015eIK DEM\u0130R\" \/>\r\n<meta property=\"article:publisher\" content=\"https:\/\/www.facebook.com\/p\/Ik-Demir-100092820544779\/?locale=tr_TR\" \/>\r\n<meta property=\"article:modified_time\" content=\"2025-03-10T19:43:58+00:00\" \/>\r\n<meta property=\"og:image\" content=\"http:\/\/isikdemir.com.tr\/wp-content\/uploads\/2025\/02\/kaynak-elektrodu.png\" \/>\r\n<meta name=\"twitter:card\" content=\"summary_large_image\" \/>\r\n<meta name=\"twitter:label1\" content=\"Tahmini okuma s\u00fcresi\" \/>\n\t<meta name=\"twitter:data1\" content=\"4 dakika\" \/>\r\n<script type=\"application\/ld+json\" class=\"yoast-schema-graph\">{\"@context\":\"https:\/\/schema.org\",\"@graph\":[{\"@type\":\"WebPage\",\"@id\":\"https:\/\/isikdemir.com.tr\/index.php\/elektrot\/\",\"url\":\"https:\/\/isikdemir.com.tr\/index.php\/elektrot\/\",\"name\":\"ELEKTROT - I\u015eIK DEM\u0130R\",\"isPartOf\":{\"@id\":\"https:\/\/isikdemir.com.tr\/#website\"},\"primaryImageOfPage\":{\"@id\":\"https:\/\/isikdemir.com.tr\/index.php\/elektrot\/#primaryimage\"},\"image\":{\"@id\":\"https:\/\/isikdemir.com.tr\/index.php\/elektrot\/#primaryimage\"},\"thumbnailUrl\":\"http:\/\/isikdemir.com.tr\/wp-content\/uploads\/2025\/02\/kaynak-elektrodu.png\",\"datePublished\":\"2024-12-22T19:25:12+00:00\",\"dateModified\":\"2025-03-10T19:43:58+00:00\",\"breadcrumb\":{\"@id\":\"https:\/\/isikdemir.com.tr\/index.php\/elektrot\/#breadcrumb\"},\"inLanguage\":\"tr\",\"potentialAction\":[{\"@type\":\"ReadAction\",\"target\":[\"https:\/\/isikdemir.com.tr\/index.php\/elektrot\/\"]}]},{\"@type\":\"ImageObject\",\"inLanguage\":\"tr\",\"@id\":\"https:\/\/isikdemir.com.tr\/index.php\/elektrot\/#primaryimage\",\"url\":\"https:\/\/isikdemir.com.tr\/wp-content\/uploads\/2025\/02\/kaynak-elektrodu.png\",\"contentUrl\":\"https:\/\/isikdemir.com.tr\/wp-content\/uploads\/2025\/02\/kaynak-elektrodu.png\",\"width\":350,\"height\":241},{\"@type\":\"BreadcrumbList\",\"@id\":\"https:\/\/isikdemir.com.tr\/index.php\/elektrot\/#breadcrumb\",\"itemListElement\":[{\"@type\":\"ListItem\",\"position\":1,\"name\":\"Anasayfa\",\"item\":\"https:\/\/isikdemir.com.tr\/\"},{\"@type\":\"ListItem\",\"position\":2,\"name\":\"ELEKTROT\"}]},{\"@type\":\"WebSite\",\"@id\":\"https:\/\/isikdemir.com.tr\/#website\",\"url\":\"https:\/\/isikdemir.com.tr\/\",\"name\":\"I\u015eIK BORU PROF\u0130L\",\"description\":\"I\u015eIK BORU PROF\u0130L\",\"publisher\":{\"@id\":\"https:\/\/isikdemir.com.tr\/#organization\"},\"potentialAction\":[{\"@type\":\"SearchAction\",\"target\":{\"@type\":\"EntryPoint\",\"urlTemplate\":\"https:\/\/isikdemir.com.tr\/?s={search_term_string}\"},\"query-input\":{\"@type\":\"PropertyValueSpecification\",\"valueRequired\":true,\"valueName\":\"search_term_string\"}}],\"inLanguage\":\"tr\"},{\"@type\":\"Organization\",\"@id\":\"https:\/\/isikdemir.com.tr\/#organization\",\"name\":\"I\u015eIK BORU PROF\u0130L\",\"url\":\"https:\/\/isikdemir.com.tr\/\",\"logo\":{\"@type\":\"ImageObject\",\"inLanguage\":\"tr\",\"@id\":\"https:\/\/isikdemir.com.tr\/#\/schema\/logo\/image\/\",\"url\":\"https:\/\/isikdemir.com.tr\/wp-content\/uploads\/2020\/02\/logo.png\",\"contentUrl\":\"https:\/\/isikdemir.com.tr\/wp-content\/uploads\/2020\/02\/logo.png\",\"width\":300,\"height\":57,\"caption\":\"I\u015eIK BORU PROF\u0130L\"},\"image\":{\"@id\":\"https:\/\/isikdemir.com.tr\/#\/schema\/logo\/image\/\"},\"sameAs\":[\"https:\/\/www.facebook.com\/p\/Ik-Demir-100092820544779\/?locale=tr_TR\"]}]}<\/script>\r\n<!-- \/ Yoast SEO plugin. -->","yoast_head_json":{"title":"ELEKTROT - I\u015eIK DEM\u0130R","robots":{"index":"index","follow":"follow","max-snippet":"max-snippet:-1","max-image-preview":"max-image-preview:large","max-video-preview":"max-video-preview:-1"},"canonical":"https:\/\/isikdemir.com.tr\/index.php\/elektrot\/","og_locale":"tr_TR","og_type":"article","og_title":"ELEKTROT - I\u015eIK DEM\u0130R","og_description":"ELEKTROT RUT\u0130L ELEKTROTLAR Kaynak metali \u00e7atlamaya kar\u015f\u0131 y\u00fcksek diren\u00e7 g\u00f6sterir. C\u00fcrufu kolay kalkar ve y\u00fcksek kalitede, p\u00fcr\u00fczs\u00fcz kaynak diki\u015fleri elde edilir. Kaynak \u00f6ncesi elektrodun tutu\u015fmas\u0131 ve yeniden tutu\u015fmas\u0131 kolayd\u0131r. \u00d6zellikleri Genel ama\u00e7l\u0131 bir elektrod olup \u00f6zellikle St33 &#8211; St52.3 aras\u0131ndaki d\u00fc\u015f\u00fck ve orta karbonlu yap\u0131 \u00e7eliklerinin kayna\u011f\u0131nda kullan\u0131l\u0131r. Makina, k\u00f6pr\u00fc konstr\u00fcksiyonlar\u0131 ve kazan \u00fcretimi, karoseri [&hellip;]","og_url":"https:\/\/isikdemir.com.tr\/index.php\/elektrot\/","og_site_name":"I\u015eIK DEM\u0130R","article_publisher":"https:\/\/www.facebook.com\/p\/Ik-Demir-100092820544779\/?locale=tr_TR","article_modified_time":"2025-03-10T19:43:58+00:00","og_image":[{"url":"http:\/\/isikdemir.com.tr\/wp-content\/uploads\/2025\/02\/kaynak-elektrodu.png","type":"","width":"","height":""}],"twitter_card":"summary_large_image","twitter_misc":{"Tahmini okuma s\u00fcresi":"4 dakika"},"schema":{"@context":"https:\/\/schema.org","@graph":[{"@type":"WebPage","@id":"https:\/\/isikdemir.com.tr\/index.php\/elektrot\/","url":"https:\/\/isikdemir.com.tr\/index.php\/elektrot\/","name":"ELEKTROT - I\u015eIK DEM\u0130R","isPartOf":{"@id":"https:\/\/isikdemir.com.tr\/#website"},"primaryImageOfPage":{"@id":"https:\/\/isikdemir.com.tr\/index.php\/elektrot\/#primaryimage"},"image":{"@id":"https:\/\/isikdemir.com.tr\/index.php\/elektrot\/#primaryimage"},"thumbnailUrl":"http:\/\/isikdemir.com.tr\/wp-content\/uploads\/2025\/02\/kaynak-elektrodu.png","datePublished":"2024-12-22T19:25:12+00:00","dateModified":"2025-03-10T19:43:58+00:00","breadcrumb":{"@id":"https:\/\/isikdemir.com.tr\/index.php\/elektrot\/#breadcrumb"},"inLanguage":"tr","potentialAction":[{"@type":"ReadAction","target":["https:\/\/isikdemir.com.tr\/index.php\/elektrot\/"]}]},{"@type":"ImageObject","inLanguage":"tr","@id":"https:\/\/isikdemir.com.tr\/index.php\/elektrot\/#primaryimage","url":"https:\/\/isikdemir.com.tr\/wp-content\/uploads\/2025\/02\/kaynak-elektrodu.png","contentUrl":"https:\/\/isikdemir.com.tr\/wp-content\/uploads\/2025\/02\/kaynak-elektrodu.png","width":350,"height":241},{"@type":"BreadcrumbList","@id":"https:\/\/isikdemir.com.tr\/index.php\/elektrot\/#breadcrumb","itemListElement":[{"@type":"ListItem","position":1,"name":"Anasayfa","item":"https:\/\/isikdemir.com.tr\/"},{"@type":"ListItem","position":2,"name":"ELEKTROT"}]},{"@type":"WebSite","@id":"https:\/\/isikdemir.com.tr\/#website","url":"https:\/\/isikdemir.com.tr\/","name":"I\u015eIK BORU PROF\u0130L","description":"I\u015eIK BORU PROF\u0130L","publisher":{"@id":"https:\/\/isikdemir.com.tr\/#organization"},"potentialAction":[{"@type":"SearchAction","target":{"@type":"EntryPoint","urlTemplate":"https:\/\/isikdemir.com.tr\/?s={search_term_string}"},"query-input":{"@type":"PropertyValueSpecification","valueRequired":true,"valueName":"search_term_string"}}],"inLanguage":"tr"},{"@type":"Organization","@id":"https:\/\/isikdemir.com.tr\/#organization","name":"I\u015eIK BORU PROF\u0130L","url":"https:\/\/isikdemir.com.tr\/","logo":{"@type":"ImageObject","inLanguage":"tr","@id":"https:\/\/isikdemir.com.tr\/#\/schema\/logo\/image\/","url":"https:\/\/isikdemir.com.tr\/wp-content\/uploads\/2020\/02\/logo.png","contentUrl":"https:\/\/isikdemir.com.tr\/wp-content\/uploads\/2020\/02\/logo.png","width":300,"height":57,"caption":"I\u015eIK BORU PROF\u0130L"},"image":{"@id":"https:\/\/isikdemir.com.tr\/#\/schema\/logo\/image\/"},"sameAs":["https:\/\/www.facebook.com\/p\/Ik-Demir-100092820544779\/?locale=tr_TR"]}]}},"_links":{"self":[{"href":"https:\/\/isikdemir.com.tr\/index.php\/wp-json\/wp\/v2\/pages\/8643","targetHints":{"allow":["GET"]}}],"collection":[{"href":"https:\/\/isikdemir.com.tr\/index.php\/wp-json\/wp\/v2\/pages"}],"about":[{"href":"https:\/\/isikdemir.com.tr\/index.php\/wp-json\/wp\/v2\/types\/page"}],"author":[{"embeddable":true,"href":"https:\/\/isikdemir.com.tr\/index.php\/wp-json\/wp\/v2\/users\/1"}],"replies":[{"embeddable":true,"href":"https:\/\/isikdemir.com.tr\/index.php\/wp-json\/wp\/v2\/comments?post=8643"}],"version-history":[{"count":84,"href":"https:\/\/isikdemir.com.tr\/index.php\/wp-json\/wp\/v2\/pages\/8643\/revisions"}],"predecessor-version":[{"id":10142,"href":"https:\/\/isikdemir.com.tr\/index.php\/wp-json\/wp\/v2\/pages\/8643\/revisions\/10142"}],"wp:attachment":[{"href":"https:\/\/isikdemir.com.tr\/index.php\/wp-json\/wp\/v2\/media?parent=8643"}],"curies":[{"name":"wp","href":"https:\/\/api.w.org\/{rel}","templated":true}]}}