{"id":8508,"date":"2024-12-21T23:49:17","date_gmt":"2024-12-21T23:49:17","guid":{"rendered":"http:\/\/isikdemir.com.tr\/?page_id=8508"},"modified":"2025-03-05T22:51:30","modified_gmt":"2025-03-05T22:51:30","slug":"borular","status":"publish","type":"page","link":"https:\/\/isikdemir.com.tr\/index.php\/borular\/","title":{"rendered":"BORULAR"},"content":{"rendered":"\t\t<div data-elementor-type=\"wp-page\" data-elementor-id=\"8508\" class=\"elementor elementor-8508\">\n\t\t\t\t        <section class=\"elementor-section elementor-top-section elementor-element elementor-element-5f29464 elementor-section-boxed elementor-section-height-default elementor-section-height-default ct-header-fixed-none ct-row-max-none\" data-id=\"5f29464\" data-element_type=\"section\">\n            \n                        <div class=\"elementor-container elementor-column-gap-extended \">\n                    <div class=\"elementor-column elementor-col-66 elementor-top-column elementor-element elementor-element-1455ac9\" data-id=\"1455ac9\" data-element_type=\"column\">\n        <div class=\"elementor-widget-wrap elementor-element-populated\">\n                    \n        \t\t<div class=\"elementor-element elementor-element-98a305a elementor-widget elementor-widget-ct_title\" data-id=\"98a305a\" data-element_type=\"widget\" data-widget_type=\"ct_title.default\">\n\t\t\t\t<div class=\"elementor-widget-container\">\n\t\t\t\t\t<div class=\"ct-title1 style2\">\r\n    <h3>\r\n    \t\t        <span>BORULAR<\/span>\r\n\t        <i><\/i>\r\n\t        <\/h3>\r\n<\/div>\t\t\t\t<\/div>\n\t\t\t\t<\/div>\n\t\t\t\t<div class=\"elementor-element elementor-element-bcef3a6 elementor-widget elementor-widget-text-editor\" data-id=\"bcef3a6\" data-element_type=\"widget\" data-widget_type=\"text-editor.default\">\n\t\t\t\t\t\t\t\t\t<p>Sanayi borular\u0131 ve profilleri DIN 2394 ve DIN 2395 normlar\u0131na uygun standart olarak St 34 kalite \u00e7elik bantlardan y\u00fcksek frekans kayna\u011f\u0131 (ERW ) ile imal edilir. Sanayi borular\u0131 ve profilleri s\u0131cak haddelenmi\u015f dekape edilmi\u015f ya da so\u011fuk haddelenmi\u015f bantlardan ileri Teknoloji kullan\u0131m\u0131 ile \u00fcretilir. MERT SAC kalite politikas\u0131nda, ISO 9002 ve TSE kalite g\u00fcvence sisteminde kaliteli \u00fcretim ve sat\u0131\u015f sonras\u0131 M\u00fc\u015fteri Hizmetlerini ilke edinmi\u015ftir. T\u00fcm \u00fcretim ve teslim \u015fartlar\u0131 kalite sistemimize uygun olarak ger\u00e7ekle\u015ftirilir.<\/p><h5>KAL\u0130TE KONTROL<\/h5><p>\u00c7ekme testi<br \/>\u015ei\u015firme testi<br \/>G\u00f6z kontrolleri<br \/>Kimyasal analiz<br \/>Yass\u0131ltma testi<\/p><h5>SANAY\u0130 BORULARI<\/h5><p>D\u0131\u015f \u00e7ap 13 mm \u2013 1600 mm<br \/>Et kal\u0131nl\u0131\u011f\u0131 0,7 mm- 7.00 mm<br \/>Boy standart 6 m- 12 m \u00f6zel sipari\u015flerde 2 ile 8 m aras\u0131 boylarda teslim al\u0131n\u0131r<\/p><h5>PAKETLEME<\/h5><p>Standart paketlerimiz 4 yerden signode \u00e7elik \u00e7emberlerle kare, dikd\u00f6rtgen ve alt\u0131gen \u015fek4illerde paketlenir. \u00d6zel sipari\u015flerde m\u00fc\u015fteri iste\u011fine g\u00f6re paketleri j\u00fct ve ka\u011f\u0131tla otomatik paketlenir.<\/p><h5>KULLANIM ALANLARI<\/h5><p>Otomotiv ve otomotiv yan sanayi<br \/>Beyaz e\u015fya<br \/>Bisiklet, mobilya ve \u00e7elik e\u015fya sanayi<br \/>Tekstil<br \/>Elektrikli ev aletleri<br \/>\u00c7elik konstr\u00fcksiyon imalat sanayi<br \/>Di\u011fer sekt\u00f6rler<\/p>\t\t\t\t\t\t\t\t<\/div>\n\t\t\t\t<div class=\"elementor-element elementor-element-b417ceb elementor-widget elementor-widget-ct_title\" data-id=\"b417ceb\" data-element_type=\"widget\" data-widget_type=\"ct_title.default\">\n\t\t\t\t<div class=\"elementor-widget-container\">\n\t\t\t\t\t<div class=\"ct-title1 style3\">\r\n    <h3>\r\n    \t\t        <span>SANAY\u0130 BORULARI (B\u0130R\u0130M A\u011eIRLIK KG\/M)<\/span>\r\n\t        <i><\/i>\r\n\t        <\/h3>\r\n<\/div>\t\t\t\t<\/div>\n\t\t\t\t<\/div>\n\t\t<div class=\"elementor-element elementor-element-b103256 e-grid e-con-boxed e-con e-parent\" data-id=\"b103256\" data-element_type=\"container\">\n\t\t\t\t\t<div class=\"e-con-inner\">\n\t\t\t\t<div class=\"elementor-element elementor-element-f2538ba elementor-widget elementor-widget-ct_image\" data-id=\"f2538ba\" data-element_type=\"widget\" data-widget_type=\"ct_image.default\">\n\t\t\t\t<div class=\"elementor-widget-container\">\n\t\t\t\t\t<div class=\"ct-image-single img-type-img ct-no-effect  \" data-wow-delay=\"ms\">\r\n            <a href=\"http:\/\/isikdemir.com.tr\/wp-content\/uploads\/2024\/12\/sanayi-borulari.jpg\" target=\"_blank\">            <img fetchpriority=\"high\" decoding=\"async\" width=\"1729\" height=\"1135\" src=\"https:\/\/isikdemir.com.tr\/wp-content\/uploads\/2024\/12\/sanayi-borulari.jpg\" class=\"attachment-full\" alt=\"\" \/>        <\/a>    <\/div>\t\t\t\t<\/div>\n\t\t\t\t<\/div>\n\t\t\t\t<div class=\"elementor-element elementor-element-429b251 elementor-widget elementor-widget-ct_image\" data-id=\"429b251\" data-element_type=\"widget\" data-widget_type=\"ct_image.default\">\n\t\t\t\t<div class=\"elementor-widget-container\">\n\t\t\t\t\t<div class=\"ct-image-single img-type-img ct-no-effect  \" data-wow-delay=\"ms\">\r\n            <a href=\"http:\/\/isikdemir.com.tr\/wp-content\/uploads\/2024\/12\/sanayi-borulari-2.jpg\" target=\"_blank\">            <img decoding=\"async\" width=\"1309\" height=\"895\" src=\"https:\/\/isikdemir.com.tr\/wp-content\/uploads\/2024\/12\/sanayi-borulari-2.jpg\" class=\"attachment-full\" alt=\"\" \/>        <\/a>    <\/div>\t\t\t\t<\/div>\n\t\t\t\t<\/div>\n\t\t\t\t\t<\/div>\n\t\t\t\t<\/div>\n\t\t\t\t<div class=\"elementor-element elementor-element-e2e5345 elementor-widget elementor-widget-ct_title\" data-id=\"e2e5345\" data-element_type=\"widget\" data-widget_type=\"ct_title.default\">\n\t\t\t\t<div class=\"elementor-widget-container\">\n\t\t\t\t\t<div class=\"ct-title1 style3\">\r\n    <h3>\r\n    \t\t        <span>GAZ VE SU BORULARI<\/span>\r\n\t        <i><\/i>\r\n\t        <\/h3>\r\n<\/div>\t\t\t\t<\/div>\n\t\t\t\t<\/div>\n\t\t\t\t<div class=\"elementor-element elementor-element-566066e elementor-widget elementor-widget-text-editor\" data-id=\"566066e\" data-element_type=\"widget\" data-widget_type=\"text-editor.default\">\n\t\t\t\t\t\t\t\t\t<p>T\u00fcrkiye\u2019de Diki\u015fli Gaz ve Su borular\u0131 TSE Normlar\u0131na g\u00f6re;<\/p><p>1-A\u011f\u0131r Seri : TSE 301\/4,<br \/>2-Orta Seri : TSE 3001\/3,<br \/>3-Hafif Seri : TSE 301\/2,<\/p><p>Olmak \u00fczere \u00fc\u00e7 kategoride imal edilmektedir. T\u00fcrkiye\u2019de en \u00e7ok orta seri borular imal edilmekte ve kullan\u0131lmaktad\u0131r. Bu nedenle bu b\u00f6l\u00fcmde TSE 301\/3, normuna g\u00f6re imal edilen orta seri boru a\u011f\u0131rl\u0131klar\u0131 g\u00f6sterilmi\u015f olup, di\u011fer serilere yer verilmemi\u015ftir.<\/p><p>Bu b\u00f6l\u00fcmde g\u00f6sterilen boru et kal\u0131nl\u0131klar\u0131 ve a\u011f\u0131rl\u0131klar\u0131 da yine ortalama ( optimum ) esas\u0131na g\u00f6re g\u00f6sterilmi\u015f olup, TSE m\u00fcsaadesi gere\u011fi %10 eksik veya fazla toleranslar\u0131 vard\u0131r.<\/p>\t\t\t\t\t\t\t\t<\/div>\n\t\t<div class=\"elementor-element elementor-element-11edf2c e-grid e-con-boxed e-con e-parent\" data-id=\"11edf2c\" data-element_type=\"container\">\n\t\t\t\t\t<div class=\"e-con-inner\">\n\t\t\t\t<div class=\"elementor-element elementor-element-e7cffbd elementor-widget elementor-widget-ct_title\" data-id=\"e7cffbd\" data-element_type=\"widget\" data-widget_type=\"ct_title.default\">\n\t\t\t\t<div class=\"elementor-widget-container\">\n\t\t\t\t\t<div class=\"ct-title1 style3\">\r\n    <h3>\r\n    \t\t        <span>S\u0130YAH D\u0130\u015eS\u0130Z MAN\u015eONSUZ BORULAR<\/span>\r\n\t        <i><\/i>\r\n\t        <\/h3>\r\n<\/div>\t\t\t\t<\/div>\n\t\t\t\t<\/div>\n\t\t\t\t<div class=\"elementor-element elementor-element-caf5b9a elementor-widget elementor-widget-ct_title\" data-id=\"caf5b9a\" data-element_type=\"widget\" data-widget_type=\"ct_title.default\">\n\t\t\t\t<div class=\"elementor-widget-container\">\n\t\t\t\t\t<div class=\"ct-title1 style3\">\r\n    <h3>\r\n    \t\t        <span>GALVAN\u0130Z D\u0130\u015eS\u0130Z MAN\u015eONSUZ BORULAR<\/span>\r\n\t        <i><\/i>\r\n\t        <\/h3>\r\n<\/div>\t\t\t\t<\/div>\n\t\t\t\t<\/div>\n\t\t\t\t\t<\/div>\n\t\t\t\t<\/div>\n\t\t<div class=\"elementor-element elementor-element-c18cce7 e-grid e-con-boxed e-con e-parent\" data-id=\"c18cce7\" data-element_type=\"container\">\n\t\t\t\t\t<div class=\"e-con-inner\">\n\t\t\t\t<div class=\"elementor-element elementor-element-7040ffe elementor-widget elementor-widget-ct_image\" data-id=\"7040ffe\" data-element_type=\"widget\" data-widget_type=\"ct_image.default\">\n\t\t\t\t<div class=\"elementor-widget-container\">\n\t\t\t\t\t<div class=\"ct-image-single img-type-img ct-no-effect  \" data-wow-delay=\"ms\">\r\n            <a href=\"http:\/\/isikdemir.com.tr\/wp-content\/uploads\/2024\/12\/siyah-boru.jpg\" target=\"_blank\">            <img decoding=\"async\" width=\"872\" height=\"913\" src=\"https:\/\/isikdemir.com.tr\/wp-content\/uploads\/2024\/12\/siyah-boru.jpg\" class=\"attachment-full\" alt=\"\" \/>        <\/a>    <\/div>\t\t\t\t<\/div>\n\t\t\t\t<\/div>\n\t\t\t\t<div class=\"elementor-element elementor-element-d4506ec elementor-widget elementor-widget-ct_image\" data-id=\"d4506ec\" data-element_type=\"widget\" data-widget_type=\"ct_image.default\">\n\t\t\t\t<div class=\"elementor-widget-container\">\n\t\t\t\t\t<div class=\"ct-image-single img-type-img ct-no-effect  \" data-wow-delay=\"ms\">\r\n            <a href=\"http:\/\/isikdemir.com.tr\/wp-content\/uploads\/2024\/12\/galvanizli-boru.jpg\" target=\"_blank\">            <img loading=\"lazy\" decoding=\"async\" width=\"1024\" height=\"1073\" src=\"https:\/\/isikdemir.com.tr\/wp-content\/uploads\/2024\/12\/galvanizli-boru.jpg\" class=\"attachment-full\" alt=\"\" \/>        <\/a>    <\/div>\t\t\t\t<\/div>\n\t\t\t\t<\/div>\n\t\t\t\t\t<\/div>\n\t\t\t\t<\/div>\n\t\t            <\/div>\n        <\/div>\n                <div class=\"elementor-column elementor-col-33 elementor-top-column elementor-element elementor-element-d25632d\" data-id=\"d25632d\" data-element_type=\"column\">\n        <div class=\"elementor-widget-wrap elementor-element-populated\">\n                    \n        \t\t<div class=\"elementor-element elementor-element-32bebf7 elementor-widget__width-inherit elementor-widget elementor-widget-ct_navigation_menu\" data-id=\"32bebf7\" data-element_type=\"widget\" data-widget_type=\"ct_navigation_menu.default\">\n\t\t\t\t<div class=\"elementor-widget-container\">\n\t\t\t\t\t    <div id=\"ct_navigation_menu-32bebf7\" class=\"ct-navigation-menu1 default\">\r\n        <div class=\"menu-menu-services-container\"><ul id=\"menu-menu-services\" class=\"menu\"><li id=\"menu-item-9897\" class=\"menu-item menu-item-type-post_type menu-item-object-page menu-item-9897\"><a href=\"https:\/\/isikdemir.com.tr\/index.php\/borular\/\">BORULAR<\/a><\/li>\n<li id=\"menu-item-9898\" class=\"menu-item menu-item-type-post_type menu-item-object-page menu-item-9898\"><a href=\"https:\/\/isikdemir.com.tr\/index.php\/profil\/\">PROF\u0130LLER<\/a><\/li>\n<li id=\"menu-item-9894\" class=\"menu-item menu-item-type-post_type menu-item-object-page menu-item-9894\"><a href=\"https:\/\/isikdemir.com.tr\/index.php\/saclar\/\">SACLAR<\/a><\/li>\n<li id=\"menu-item-9896\" class=\"menu-item menu-item-type-post_type menu-item-object-page menu-item-9896\"><a href=\"https:\/\/isikdemir.com.tr\/index.php\/ipe-demir-profil\/\">IPE DEM\u0130R<\/a><\/li>\n<li id=\"menu-item-9887\" class=\"menu-item menu-item-type-post_type menu-item-object-page menu-item-9887\"><a href=\"https:\/\/isikdemir.com.tr\/index.php\/ipn-demir-profil\/\">IPN DEM\u0130R<\/a><\/li>\n<li id=\"menu-item-9886\" class=\"menu-item menu-item-type-post_type menu-item-object-page menu-item-9886\"><a href=\"https:\/\/isikdemir.com.tr\/index.php\/upn-demir-profil\/\">UPN DEM\u0130R<\/a><\/li>\n<li id=\"menu-item-9895\" class=\"menu-item menu-item-type-post_type menu-item-object-page menu-item-9895\"><a href=\"https:\/\/isikdemir.com.tr\/index.php\/hea-3\/\">HEA PROF\u0130L<\/a><\/li>\n<li id=\"menu-item-9888\" class=\"menu-item menu-item-type-post_type menu-item-object-page menu-item-9888\"><a href=\"https:\/\/isikdemir.com.tr\/index.php\/heb\/\">HEB PROF\u0130L<\/a><\/li>\n<li id=\"menu-item-9889\" class=\"menu-item menu-item-type-post_type menu-item-object-page menu-item-9889\"><a href=\"https:\/\/isikdemir.com.tr\/index.php\/hem-2\/\">HEM PROF\u0130L<\/a><\/li>\n<li id=\"menu-item-9891\" class=\"menu-item menu-item-type-post_type menu-item-object-page menu-item-9891\"><a href=\"https:\/\/isikdemir.com.tr\/index.php\/lama-ve-silmeler\/\">LAMA VE S\u0130LME<\/a><\/li>\n<li id=\"menu-item-9884\" class=\"menu-item menu-item-type-post_type menu-item-object-page menu-item-9884\"><a href=\"https:\/\/isikdemir.com.tr\/index.php\/kare\/\">KARE<\/a><\/li>\n<li id=\"menu-item-9899\" class=\"menu-item menu-item-type-post_type menu-item-object-page menu-item-9899\"><a href=\"https:\/\/isikdemir.com.tr\/index.php\/kosebent\/\">K\u00d6\u015eEBENTLER<\/a><\/li>\n<li id=\"menu-item-9892\" class=\"menu-item menu-item-type-post_type menu-item-object-page menu-item-9892\"><a href=\"https:\/\/isikdemir.com.tr\/index.php\/elektrot\/\">ELEKTROT<\/a><\/li>\n<li id=\"menu-item-9885\" class=\"menu-item menu-item-type-post_type menu-item-object-page menu-item-9885\"><a href=\"https:\/\/isikdemir.com.tr\/index.php\/kaynak-telleri\/\">KAYNAK TELLER\u0130<\/a><\/li>\n<li id=\"menu-item-9893\" class=\"menu-item menu-item-type-post_type menu-item-object-page menu-item-9893\"><a href=\"https:\/\/isikdemir.com.tr\/index.php\/galvaniz-sac\/\">PANELLER<\/a><\/li>\n<li id=\"menu-item-10470\" class=\"menu-item menu-item-type-post_type menu-item-object-page menu-item-10470\"><a href=\"https:\/\/isikdemir.com.tr\/index.php\/celik-hasir-insaat-demiri\/\">\u00c7EL\u0130K HASIR \u2013 \u0130N\u015eAAT DEM\u0130R\u0130<\/a><\/li>\n<li id=\"menu-item-10625\" class=\"menu-item menu-item-type-post_type menu-item-object-page menu-item-10625\"><a href=\"https:\/\/isikdemir.com.tr\/index.php\/elementor-10564\/\">HARDOX<\/a><\/li>\n<\/ul><\/div>    <\/div>\r\n\t\t\t\t<\/div>\n\t\t\t\t<\/div>\n\t\t\t\t<div class=\"elementor-element elementor-element-59fc8f7 elementor-widget elementor-widget-spacer\" data-id=\"59fc8f7\" data-element_type=\"widget\" data-widget_type=\"spacer.default\">\n\t\t\t\t<div class=\"elementor-widget-container\">\n\t\t\t\t\t\t\t<div class=\"elementor-spacer\">\n\t\t\t<div class=\"elementor-spacer-inner\"><\/div>\n\t\t<\/div>\n\t\t\t\t\t\t<\/div>\n\t\t\t\t<\/div>\n\t\t\t\t<div class=\"elementor-element elementor-element-184f18e elementor-widget elementor-widget-spacer\" data-id=\"184f18e\" data-element_type=\"widget\" data-widget_type=\"spacer.default\">\n\t\t\t\t<div class=\"elementor-widget-container\">\n\t\t\t\t\t\t\t<div class=\"elementor-spacer\">\n\t\t\t<div class=\"elementor-spacer-inner\"><\/div>\n\t\t<\/div>\n\t\t\t\t\t\t<\/div>\n\t\t\t\t<\/div>\n\t\t\t\t<div class=\"elementor-element elementor-element-eac3a95 elementor-widget elementor-widget-ct_download\" data-id=\"eac3a95\" data-element_type=\"widget\" data-widget_type=\"ct_download.default\">\n\t\t\t\t<div class=\"elementor-widget-container\">\n\t\t\t\t\t    <div class=\"ct-download\">\r\n                    <div class=\"item--download\">\r\n                <a href=\"#\">\r\n            \t<i aria-hidden=\"true\" class=\"material zmdi zmdi-download\"><\/i>                                <span>Katalog <\/span>\r\n            \t<\/a>\r\n           <\/div>\r\n            <\/div>\r\n\t\t\t\t<\/div>\n\t\t\t\t<\/div>\n\t\t            <\/div>\n        <\/div>\n                    <\/div>\n        <\/section>\n        \t\t<\/div>\n\t\t","protected":false},"excerpt":{"rendered":"<p>BORULAR Sanayi borular\u0131 ve profilleri DIN 2394 ve DIN 2395 normlar\u0131na uygun standart olarak St 34 kalite \u00e7elik bantlardan y\u00fcksek frekans kayna\u011f\u0131 (ERW ) ile imal edilir. Sanayi borular\u0131 ve profilleri s\u0131cak haddelenmi\u015f dekape edilmi\u015f ya da so\u011fuk haddelenmi\u015f bantlardan ileri Teknoloji kullan\u0131m\u0131 ile \u00fcretilir. MERT SAC kalite politikas\u0131nda, ISO 9002 ve TSE kalite g\u00fcvence [&hellip;]<\/p>\n","protected":false},"author":1,"featured_media":0,"parent":0,"menu_order":0,"comment_status":"closed","ping_status":"closed","template":"","meta":{"footnotes":""},"class_list":["post-8508","page","type-page","status-publish","hentry"],"yoast_head":"<!-- This site is optimized with the Yoast SEO plugin v24.3 - https:\/\/yoast.com\/wordpress\/plugins\/seo\/ -->\r\n<title>BORULAR - I\u015eIK DEM\u0130R<\/title>\r\n<meta name=\"robots\" content=\"index, follow, max-snippet:-1, max-image-preview:large, max-video-preview:-1\" \/>\r\n<link rel=\"canonical\" href=\"https:\/\/isikdemir.com.tr\/index.php\/borular\/\" \/>\r\n<meta property=\"og:locale\" content=\"tr_TR\" \/>\r\n<meta property=\"og:type\" content=\"article\" \/>\r\n<meta property=\"og:title\" content=\"BORULAR - I\u015eIK DEM\u0130R\" \/>\r\n<meta property=\"og:description\" content=\"BORULAR Sanayi borular\u0131 ve profilleri DIN 2394 ve DIN 2395 normlar\u0131na uygun standart olarak St 34 kalite \u00e7elik bantlardan y\u00fcksek frekans kayna\u011f\u0131 (ERW ) ile imal edilir. Sanayi borular\u0131 ve profilleri s\u0131cak haddelenmi\u015f dekape edilmi\u015f ya da so\u011fuk haddelenmi\u015f bantlardan ileri Teknoloji kullan\u0131m\u0131 ile \u00fcretilir. MERT SAC kalite politikas\u0131nda, ISO 9002 ve TSE kalite g\u00fcvence [&hellip;]\" \/>\r\n<meta property=\"og:url\" content=\"https:\/\/isikdemir.com.tr\/index.php\/borular\/\" \/>\r\n<meta property=\"og:site_name\" content=\"I\u015eIK DEM\u0130R\" \/>\r\n<meta property=\"article:publisher\" content=\"https:\/\/www.facebook.com\/p\/Ik-Demir-100092820544779\/?locale=tr_TR\" \/>\r\n<meta property=\"article:modified_time\" content=\"2025-03-05T22:51:30+00:00\" \/>\r\n<meta property=\"og:image\" content=\"http:\/\/isikdemir.com.tr\/wp-content\/uploads\/2024\/12\/sanayi-borulari.jpg\" \/>\r\n<meta name=\"twitter:card\" content=\"summary_large_image\" \/>\r\n<meta name=\"twitter:label1\" content=\"Tahmini okuma s\u00fcresi\" \/>\n\t<meta name=\"twitter:data1\" content=\"3 dakika\" \/>\r\n<script type=\"application\/ld+json\" class=\"yoast-schema-graph\">{\"@context\":\"https:\/\/schema.org\",\"@graph\":[{\"@type\":\"WebPage\",\"@id\":\"https:\/\/isikdemir.com.tr\/index.php\/borular\/\",\"url\":\"https:\/\/isikdemir.com.tr\/index.php\/borular\/\",\"name\":\"BORULAR - I\u015eIK DEM\u0130R\",\"isPartOf\":{\"@id\":\"https:\/\/isikdemir.com.tr\/#website\"},\"primaryImageOfPage\":{\"@id\":\"https:\/\/isikdemir.com.tr\/index.php\/borular\/#primaryimage\"},\"image\":{\"@id\":\"https:\/\/isikdemir.com.tr\/index.php\/borular\/#primaryimage\"},\"thumbnailUrl\":\"http:\/\/isikdemir.com.tr\/wp-content\/uploads\/2024\/12\/sanayi-borulari.jpg\",\"datePublished\":\"2024-12-21T23:49:17+00:00\",\"dateModified\":\"2025-03-05T22:51:30+00:00\",\"breadcrumb\":{\"@id\":\"https:\/\/isikdemir.com.tr\/index.php\/borular\/#breadcrumb\"},\"inLanguage\":\"tr\",\"potentialAction\":[{\"@type\":\"ReadAction\",\"target\":[\"https:\/\/isikdemir.com.tr\/index.php\/borular\/\"]}]},{\"@type\":\"ImageObject\",\"inLanguage\":\"tr\",\"@id\":\"https:\/\/isikdemir.com.tr\/index.php\/borular\/#primaryimage\",\"url\":\"http:\/\/isikdemir.com.tr\/wp-content\/uploads\/2024\/12\/sanayi-borulari.jpg\",\"contentUrl\":\"http:\/\/isikdemir.com.tr\/wp-content\/uploads\/2024\/12\/sanayi-borulari.jpg\"},{\"@type\":\"BreadcrumbList\",\"@id\":\"https:\/\/isikdemir.com.tr\/index.php\/borular\/#breadcrumb\",\"itemListElement\":[{\"@type\":\"ListItem\",\"position\":1,\"name\":\"Anasayfa\",\"item\":\"https:\/\/isikdemir.com.tr\/\"},{\"@type\":\"ListItem\",\"position\":2,\"name\":\"BORULAR\"}]},{\"@type\":\"WebSite\",\"@id\":\"https:\/\/isikdemir.com.tr\/#website\",\"url\":\"https:\/\/isikdemir.com.tr\/\",\"name\":\"I\u015eIK BORU PROF\u0130L\",\"description\":\"I\u015eIK BORU PROF\u0130L\",\"publisher\":{\"@id\":\"https:\/\/isikdemir.com.tr\/#organization\"},\"potentialAction\":[{\"@type\":\"SearchAction\",\"target\":{\"@type\":\"EntryPoint\",\"urlTemplate\":\"https:\/\/isikdemir.com.tr\/?s={search_term_string}\"},\"query-input\":{\"@type\":\"PropertyValueSpecification\",\"valueRequired\":true,\"valueName\":\"search_term_string\"}}],\"inLanguage\":\"tr\"},{\"@type\":\"Organization\",\"@id\":\"https:\/\/isikdemir.com.tr\/#organization\",\"name\":\"I\u015eIK BORU PROF\u0130L\",\"url\":\"https:\/\/isikdemir.com.tr\/\",\"logo\":{\"@type\":\"ImageObject\",\"inLanguage\":\"tr\",\"@id\":\"https:\/\/isikdemir.com.tr\/#\/schema\/logo\/image\/\",\"url\":\"https:\/\/isikdemir.com.tr\/wp-content\/uploads\/2020\/02\/logo.png\",\"contentUrl\":\"https:\/\/isikdemir.com.tr\/wp-content\/uploads\/2020\/02\/logo.png\",\"width\":300,\"height\":57,\"caption\":\"I\u015eIK BORU PROF\u0130L\"},\"image\":{\"@id\":\"https:\/\/isikdemir.com.tr\/#\/schema\/logo\/image\/\"},\"sameAs\":[\"https:\/\/www.facebook.com\/p\/Ik-Demir-100092820544779\/?locale=tr_TR\"]}]}<\/script>\r\n<!-- \/ Yoast SEO plugin. -->","yoast_head_json":{"title":"BORULAR - I\u015eIK DEM\u0130R","robots":{"index":"index","follow":"follow","max-snippet":"max-snippet:-1","max-image-preview":"max-image-preview:large","max-video-preview":"max-video-preview:-1"},"canonical":"https:\/\/isikdemir.com.tr\/index.php\/borular\/","og_locale":"tr_TR","og_type":"article","og_title":"BORULAR - I\u015eIK DEM\u0130R","og_description":"BORULAR Sanayi borular\u0131 ve profilleri DIN 2394 ve DIN 2395 normlar\u0131na uygun standart olarak St 34 kalite \u00e7elik bantlardan y\u00fcksek frekans kayna\u011f\u0131 (ERW ) ile imal edilir. Sanayi borular\u0131 ve profilleri s\u0131cak haddelenmi\u015f dekape edilmi\u015f ya da so\u011fuk haddelenmi\u015f bantlardan ileri Teknoloji kullan\u0131m\u0131 ile \u00fcretilir. MERT SAC kalite politikas\u0131nda, ISO 9002 ve TSE kalite g\u00fcvence [&hellip;]","og_url":"https:\/\/isikdemir.com.tr\/index.php\/borular\/","og_site_name":"I\u015eIK DEM\u0130R","article_publisher":"https:\/\/www.facebook.com\/p\/Ik-Demir-100092820544779\/?locale=tr_TR","article_modified_time":"2025-03-05T22:51:30+00:00","og_image":[{"url":"http:\/\/isikdemir.com.tr\/wp-content\/uploads\/2024\/12\/sanayi-borulari.jpg","type":"","width":"","height":""}],"twitter_card":"summary_large_image","twitter_misc":{"Tahmini okuma s\u00fcresi":"3 dakika"},"schema":{"@context":"https:\/\/schema.org","@graph":[{"@type":"WebPage","@id":"https:\/\/isikdemir.com.tr\/index.php\/borular\/","url":"https:\/\/isikdemir.com.tr\/index.php\/borular\/","name":"BORULAR - I\u015eIK DEM\u0130R","isPartOf":{"@id":"https:\/\/isikdemir.com.tr\/#website"},"primaryImageOfPage":{"@id":"https:\/\/isikdemir.com.tr\/index.php\/borular\/#primaryimage"},"image":{"@id":"https:\/\/isikdemir.com.tr\/index.php\/borular\/#primaryimage"},"thumbnailUrl":"http:\/\/isikdemir.com.tr\/wp-content\/uploads\/2024\/12\/sanayi-borulari.jpg","datePublished":"2024-12-21T23:49:17+00:00","dateModified":"2025-03-05T22:51:30+00:00","breadcrumb":{"@id":"https:\/\/isikdemir.com.tr\/index.php\/borular\/#breadcrumb"},"inLanguage":"tr","potentialAction":[{"@type":"ReadAction","target":["https:\/\/isikdemir.com.tr\/index.php\/borular\/"]}]},{"@type":"ImageObject","inLanguage":"tr","@id":"https:\/\/isikdemir.com.tr\/index.php\/borular\/#primaryimage","url":"http:\/\/isikdemir.com.tr\/wp-content\/uploads\/2024\/12\/sanayi-borulari.jpg","contentUrl":"http:\/\/isikdemir.com.tr\/wp-content\/uploads\/2024\/12\/sanayi-borulari.jpg"},{"@type":"BreadcrumbList","@id":"https:\/\/isikdemir.com.tr\/index.php\/borular\/#breadcrumb","itemListElement":[{"@type":"ListItem","position":1,"name":"Anasayfa","item":"https:\/\/isikdemir.com.tr\/"},{"@type":"ListItem","position":2,"name":"BORULAR"}]},{"@type":"WebSite","@id":"https:\/\/isikdemir.com.tr\/#website","url":"https:\/\/isikdemir.com.tr\/","name":"I\u015eIK BORU PROF\u0130L","description":"I\u015eIK BORU PROF\u0130L","publisher":{"@id":"https:\/\/isikdemir.com.tr\/#organization"},"potentialAction":[{"@type":"SearchAction","target":{"@type":"EntryPoint","urlTemplate":"https:\/\/isikdemir.com.tr\/?s={search_term_string}"},"query-input":{"@type":"PropertyValueSpecification","valueRequired":true,"valueName":"search_term_string"}}],"inLanguage":"tr"},{"@type":"Organization","@id":"https:\/\/isikdemir.com.tr\/#organization","name":"I\u015eIK BORU PROF\u0130L","url":"https:\/\/isikdemir.com.tr\/","logo":{"@type":"ImageObject","inLanguage":"tr","@id":"https:\/\/isikdemir.com.tr\/#\/schema\/logo\/image\/","url":"https:\/\/isikdemir.com.tr\/wp-content\/uploads\/2020\/02\/logo.png","contentUrl":"https:\/\/isikdemir.com.tr\/wp-content\/uploads\/2020\/02\/logo.png","width":300,"height":57,"caption":"I\u015eIK BORU PROF\u0130L"},"image":{"@id":"https:\/\/isikdemir.com.tr\/#\/schema\/logo\/image\/"},"sameAs":["https:\/\/www.facebook.com\/p\/Ik-Demir-100092820544779\/?locale=tr_TR"]}]}},"_links":{"self":[{"href":"https:\/\/isikdemir.com.tr\/index.php\/wp-json\/wp\/v2\/pages\/8508","targetHints":{"allow":["GET"]}}],"collection":[{"href":"https:\/\/isikdemir.com.tr\/index.php\/wp-json\/wp\/v2\/pages"}],"about":[{"href":"https:\/\/isikdemir.com.tr\/index.php\/wp-json\/wp\/v2\/types\/page"}],"author":[{"embeddable":true,"href":"https:\/\/isikdemir.com.tr\/index.php\/wp-json\/wp\/v2\/users\/1"}],"replies":[{"embeddable":true,"href":"https:\/\/isikdemir.com.tr\/index.php\/wp-json\/wp\/v2\/comments?post=8508"}],"version-history":[{"count":25,"href":"https:\/\/isikdemir.com.tr\/index.php\/wp-json\/wp\/v2\/pages\/8508\/revisions"}],"predecessor-version":[{"id":8585,"href":"https:\/\/isikdemir.com.tr\/index.php\/wp-json\/wp\/v2\/pages\/8508\/revisions\/8585"}],"wp:attachment":[{"href":"https:\/\/isikdemir.com.tr\/index.php\/wp-json\/wp\/v2\/media?parent=8508"}],"curies":[{"name":"wp","href":"https:\/\/api.w.org\/{rel}","templated":true}]}}