{"id":8461,"date":"2024-12-21T21:41:52","date_gmt":"2024-12-21T21:41:52","guid":{"rendered":"http:\/\/isikdemir.com.tr\/?page_id=8461"},"modified":"2025-04-28T18:31:30","modified_gmt":"2025-04-28T18:31:30","slug":"profil","status":"publish","type":"page","link":"https:\/\/isikdemir.com.tr\/index.php\/profil\/","title":{"rendered":"PROF\u0130LLER"},"content":{"rendered":"\t\t<div data-elementor-type=\"wp-page\" data-elementor-id=\"8461\" class=\"elementor elementor-8461\">\n\t\t\t\t        <section class=\"elementor-section elementor-top-section elementor-element elementor-element-dfb67d3 elementor-section-boxed elementor-section-height-default elementor-section-height-default ct-header-fixed-none ct-row-max-none\" data-id=\"dfb67d3\" data-element_type=\"section\">\n            \n                        <div class=\"elementor-container elementor-column-gap-extended \">\n                    <div class=\"elementor-column elementor-col-66 elementor-top-column elementor-element elementor-element-12b878a\" data-id=\"12b878a\" data-element_type=\"column\">\n        <div class=\"elementor-widget-wrap elementor-element-populated\">\n                    \n        \t\t<div class=\"elementor-element elementor-element-23fca96 elementor-widget elementor-widget-ct_title\" data-id=\"23fca96\" data-element_type=\"widget\" data-widget_type=\"ct_title.default\">\n\t\t\t\t<div class=\"elementor-widget-container\">\n\t\t\t\t\t<div class=\"ct-title1 style2\">\r\n    <h3>\r\n    \t\t        <span>KARE VE D\u0130KD\u00d6RTGEN PROF\u0130LLER<\/span>\r\n\t        <i><\/i>\r\n\t        <\/h3>\r\n<\/div>\t\t\t\t<\/div>\n\t\t\t\t<\/div>\n\t\t\t\t<div class=\"elementor-element elementor-element-d5ec337 elementor-widget elementor-widget-text-editor\" data-id=\"d5ec337\" data-element_type=\"widget\" data-widget_type=\"text-editor.default\">\n\t\t\t\t\t\t\t\t\t<h5>\u00dcRET\u0130M ARALI\u011eI<\/h5><p>D\u0131\u015f kesit 10\u00d710 \u2013 250-250<br \/>Et kal\u0131nl\u0131\u011f\u0131 0.70 mm \u2013 10.00 mm<br \/>Boy standart 6-12 m \u00f6zel sipari\u015flerde 2 ile 8 m aras\u0131 boylarda teslim al\u0131n\u0131r.<br \/><strong><br \/>\u00dcRET\u0130M STANDARTLARI<\/strong><br \/>TS 6475 \u2013 DIN 2395 \u2013 BS 4848\u2019e \u00fcretilmektedir.<\/p><h5>TOLERANSLAR<\/h5><p>E\u011frilik 2.5 mm\/m<br \/>Diklik \u00b11\u00ba \/ m<br \/>Kaynak diki\u015finin orta eksenden ka\u00e7\u0131kl\u0131\u011f\u0131<br \/>b\u203920 mm \u00b1 3 mm<br \/>b=20 mm ile 35 mm aras\u0131 \u00b1 4 mm<br \/>b=35 mm ile 80 mm aras\u0131 \u00b1 6 mm<\/p>\t\t\t\t\t\t\t\t<\/div>\n\t\t\t\t<div class=\"elementor-element elementor-element-f967364 elementor-invisible elementor-widget elementor-widget-ct_gallery_carousel\" data-id=\"f967364\" data-element_type=\"widget\" data-settings=\"{&quot;_animation&quot;:&quot;fadeInRight&quot;}\" data-widget_type=\"ct_gallery_carousel.default\">\n\t\t\t\t<div class=\"elementor-widget-container\">\n\t\t\t\t\t    <div class=\"ct-gallery-carousel1 ct-slick-slider\">\r\n        <div class=\"ct-carousel-inner\">\r\n            <div class=\"ct-slick-carousel\" data-arrows=\"\" data-dots=\"\" data-pauseOnHover=\"\" data-autoplay=\"true\" data-autoplaySpeed=\"5000\" data-infinite=\"\" data-speed=\"500\" data-colxs=\"1\" data-colsm=\"2\" data-colmd=\"3\" data-collg=\"3\" data-colxl=\"3\" data-dir=\"false\" data-slidesToScroll=\"1\">\r\n                                    <div class=\"slick-slide\">\r\n                        <img fetchpriority=\"high\" decoding=\"async\" class=\"\" src=\"https:\/\/isikdemir.com.tr\/wp-content\/uploads\/2025\/03\/profiller-03-475x400.jpg\" width=\"475\" height=\"400\" alt=\"profiller-03\" title=\"profiller-03\" \/>                    <\/div>\r\n                                    <div class=\"slick-slide\">\r\n                        <img decoding=\"async\" class=\"\" src=\"https:\/\/isikdemir.com.tr\/wp-content\/uploads\/2025\/03\/paslanmaz-profil_66-475x400.jpg\" width=\"475\" height=\"400\" alt=\"paslanmaz-profil_66\" title=\"paslanmaz-profil_66\" \/>                    <\/div>\r\n                                    <div class=\"slick-slide\">\r\n                        <img decoding=\"async\" class=\"\" src=\"https:\/\/isikdemir.com.tr\/wp-content\/uploads\/2025\/03\/paslanmaz-profil_63-475x400.jpg\" width=\"475\" height=\"400\" alt=\"paslanmaz-profil_63\" title=\"paslanmaz-profil_63\" \/>                    <\/div>\r\n                                    <div class=\"slick-slide\">\r\n                        <img loading=\"lazy\" decoding=\"async\" class=\"\" src=\"https:\/\/isikdemir.com.tr\/wp-content\/uploads\/2025\/03\/paslanmaz-profil_68-475x400.jpg\" width=\"475\" height=\"400\" alt=\"paslanmaz-profil_68\" title=\"paslanmaz-profil_68\" \/>                    <\/div>\r\n                                    <div class=\"slick-slide\">\r\n                        <img loading=\"lazy\" decoding=\"async\" class=\"\" src=\"https:\/\/isikdemir.com.tr\/wp-content\/uploads\/2025\/03\/paslanmaz-profil_67-475x400.jpg\" width=\"475\" height=\"400\" alt=\"paslanmaz-profil_67\" title=\"paslanmaz-profil_67\" \/>                    <\/div>\r\n                            <\/div>\r\n        <\/div>\r\n    <\/div>\r\n\t\t\t\t<\/div>\n\t\t\t\t<\/div>\n\t\t\t\t<div class=\"elementor-element elementor-element-ab177e0 elementor-widget elementor-widget-text-editor\" data-id=\"ab177e0\" data-element_type=\"widget\" data-widget_type=\"text-editor.default\">\n\t\t\t\t\t\t\t\t\t<p><strong>KULLANIM ALANLARI<\/strong><br \/>\u00c7elik kontr\u00fcksiyon, makina \u00fcretim, in\u015faat sekt\u00f6r\u00fc, otomotiv ve otomotiv yan sanayi, tar\u0131m makineleri imalat\u0131, mobilya \u00fcretimi, \u00e7elik e\u015fya, bisiklet sanayi gibi alanlarda kullan\u0131lmaktad\u0131r.<\/p><h6>KAYNAKLI KARE VE D\u0130KD\u00d6RTGEN PROF\u0130LLER\u0130N \u00d6ZELL\u0130KLER\u0130<\/h6><p><strong>Tasar\u0131m \u00d6zellikleri :<\/strong>\u00a0So\u011fuk \u015fekillendirilmi\u015f profillerin burulma, burkulma ve e\u011filmeye kar\u015f\u0131 ayn\u0131 a\u011f\u0131rl\u0131ktaki a\u00e7\u0131k kesiti profillere g\u00f6re daha b\u00fcy\u00fck bir dirence sahiptir.<br \/><strong>Dayan\u0131kl\u0131l\u0131k :<\/strong>\u00a0Dikd\u00f6rtgen ve kare kesiti profillerin ayn\u0131 a\u011f\u0131rl\u0131ktaki a\u00e7\u0131k profillere g\u00f6re daha b\u00fcy\u00fck dirence sahiptirler.<br \/><strong>Bak\u0131m maliyeti :<\/strong>\u00a0Dikd\u00f6rtgen ve kare kesiti profillerin d\u0131\u015f y\u00fczeyleri, a\u00e7\u0131k kesiti profillere yakla\u015f\u0131k %45 daha azd\u0131r. Bu nedenle boyanacak y\u00fczeylerin az olu\u015fu maliyeti \u00f6nemli \u00f6l\u00e7\u00fcde d\u00fc\u015f\u00fcrmektedir.<\/p>\t\t\t\t\t\t\t\t<\/div>\n\t\t\t\t<div class=\"elementor-element elementor-element-7b96476 elementor-widget elementor-widget-ct_title\" data-id=\"7b96476\" data-element_type=\"widget\" data-widget_type=\"ct_title.default\">\n\t\t\t\t<div class=\"elementor-widget-container\">\n\t\t\t\t\t<div class=\"ct-title1 style3\">\r\n    <h3>\r\n    \t\t        <span>KARE  PROF\u0130LLER<\/span>\r\n\t        <i><\/i>\r\n\t        <\/h3>\r\n<\/div>\t\t\t\t<\/div>\n\t\t\t\t<\/div>\n\t\t\t\t<div class=\"elementor-element elementor-element-4728e00 elementor-widget elementor-widget-ct_image\" data-id=\"4728e00\" data-element_type=\"widget\" data-widget_type=\"ct_image.default\">\n\t\t\t\t<div class=\"elementor-widget-container\">\n\t\t\t\t\t<div class=\"ct-image-single img-type-img ct-no-effect  \" data-wow-delay=\"ms\">\r\n                        <img loading=\"lazy\" decoding=\"async\" width=\"938\" height=\"873\" src=\"https:\/\/isikdemir.com.tr\/wp-content\/uploads\/2024\/12\/kare-profil.png\" class=\"attachment-full\" alt=\"\" \/>            <\/div>\t\t\t\t<\/div>\n\t\t\t\t<\/div>\n\t\t\t\t<div class=\"elementor-element elementor-element-f2de5c4 elementor-widget elementor-widget-ct_title\" data-id=\"f2de5c4\" data-element_type=\"widget\" data-widget_type=\"ct_title.default\">\n\t\t\t\t<div class=\"elementor-widget-container\">\n\t\t\t\t\t<div class=\"ct-title1 style3\">\r\n    <h3>\r\n    \t\t        <span>D\u0130KD\u00d6RTGEN PROF\u0130LLER<\/span>\r\n\t        <i><\/i>\r\n\t        <\/h3>\r\n<\/div>\t\t\t\t<\/div>\n\t\t\t\t<\/div>\n\t\t\t\t<div class=\"elementor-element elementor-element-5fd8cbd elementor-widget elementor-widget-ct_image\" data-id=\"5fd8cbd\" data-element_type=\"widget\" data-widget_type=\"ct_image.default\">\n\t\t\t\t<div class=\"elementor-widget-container\">\n\t\t\t\t\t<div class=\"ct-image-single img-type-img ct-no-effect  \" data-wow-delay=\"ms\">\r\n                        <img loading=\"lazy\" decoding=\"async\" width=\"882\" height=\"1074\" src=\"https:\/\/isikdemir.com.tr\/wp-content\/uploads\/2024\/12\/dikdortgen-profiller.png\" class=\"attachment-full\" alt=\"\" \/>            <\/div>\t\t\t\t<\/div>\n\t\t\t\t<\/div>\n\t\t            <\/div>\n        <\/div>\n                <div class=\"elementor-column elementor-col-33 elementor-top-column elementor-element elementor-element-fdf8405\" data-id=\"fdf8405\" data-element_type=\"column\">\n        <div class=\"elementor-widget-wrap elementor-element-populated\">\n                    \n        \t\t<div class=\"elementor-element elementor-element-ab74747 elementor-widget__width-inherit elementor-widget elementor-widget-ct_navigation_menu\" data-id=\"ab74747\" data-element_type=\"widget\" data-widget_type=\"ct_navigation_menu.default\">\n\t\t\t\t<div class=\"elementor-widget-container\">\n\t\t\t\t\t    <div id=\"ct_navigation_menu-ab74747\" class=\"ct-navigation-menu1 default\">\r\n        <div class=\"menu-menu-services-container\"><ul id=\"menu-menu-services\" class=\"menu\"><li id=\"menu-item-9897\" class=\"menu-item menu-item-type-post_type menu-item-object-page menu-item-9897\"><a href=\"https:\/\/isikdemir.com.tr\/index.php\/borular\/\">BORULAR<\/a><\/li>\n<li id=\"menu-item-9898\" class=\"menu-item menu-item-type-post_type menu-item-object-page menu-item-9898\"><a href=\"https:\/\/isikdemir.com.tr\/index.php\/profil\/\">PROF\u0130LLER<\/a><\/li>\n<li id=\"menu-item-9894\" class=\"menu-item menu-item-type-post_type menu-item-object-page menu-item-9894\"><a href=\"https:\/\/isikdemir.com.tr\/index.php\/saclar\/\">SACLAR<\/a><\/li>\n<li id=\"menu-item-9896\" class=\"menu-item menu-item-type-post_type menu-item-object-page menu-item-9896\"><a href=\"https:\/\/isikdemir.com.tr\/index.php\/ipe-demir-profil\/\">IPE DEM\u0130R<\/a><\/li>\n<li id=\"menu-item-9887\" class=\"menu-item menu-item-type-post_type menu-item-object-page menu-item-9887\"><a href=\"https:\/\/isikdemir.com.tr\/index.php\/ipn-demir-profil\/\">IPN DEM\u0130R<\/a><\/li>\n<li id=\"menu-item-9886\" class=\"menu-item menu-item-type-post_type menu-item-object-page menu-item-9886\"><a href=\"https:\/\/isikdemir.com.tr\/index.php\/upn-demir-profil\/\">UPN DEM\u0130R<\/a><\/li>\n<li id=\"menu-item-9895\" class=\"menu-item menu-item-type-post_type menu-item-object-page menu-item-9895\"><a href=\"https:\/\/isikdemir.com.tr\/index.php\/hea-3\/\">HEA PROF\u0130L<\/a><\/li>\n<li id=\"menu-item-9888\" class=\"menu-item menu-item-type-post_type menu-item-object-page menu-item-9888\"><a href=\"https:\/\/isikdemir.com.tr\/index.php\/heb\/\">HEB PROF\u0130L<\/a><\/li>\n<li id=\"menu-item-9889\" class=\"menu-item menu-item-type-post_type menu-item-object-page menu-item-9889\"><a href=\"https:\/\/isikdemir.com.tr\/index.php\/hem-2\/\">HEM PROF\u0130L<\/a><\/li>\n<li id=\"menu-item-9891\" class=\"menu-item menu-item-type-post_type menu-item-object-page menu-item-9891\"><a href=\"https:\/\/isikdemir.com.tr\/index.php\/lama-ve-silmeler\/\">LAMA VE S\u0130LME<\/a><\/li>\n<li id=\"menu-item-9884\" class=\"menu-item menu-item-type-post_type menu-item-object-page menu-item-9884\"><a href=\"https:\/\/isikdemir.com.tr\/index.php\/kare\/\">KARE<\/a><\/li>\n<li id=\"menu-item-9899\" class=\"menu-item menu-item-type-post_type menu-item-object-page menu-item-9899\"><a href=\"https:\/\/isikdemir.com.tr\/index.php\/kosebent\/\">K\u00d6\u015eEBENTLER<\/a><\/li>\n<li id=\"menu-item-9892\" class=\"menu-item menu-item-type-post_type menu-item-object-page menu-item-9892\"><a href=\"https:\/\/isikdemir.com.tr\/index.php\/elektrot\/\">ELEKTROT<\/a><\/li>\n<li id=\"menu-item-9885\" class=\"menu-item menu-item-type-post_type menu-item-object-page menu-item-9885\"><a href=\"https:\/\/isikdemir.com.tr\/index.php\/kaynak-telleri\/\">KAYNAK TELLER\u0130<\/a><\/li>\n<li id=\"menu-item-9893\" class=\"menu-item menu-item-type-post_type menu-item-object-page menu-item-9893\"><a href=\"https:\/\/isikdemir.com.tr\/index.php\/galvaniz-sac\/\">PANELLER<\/a><\/li>\n<li id=\"menu-item-10470\" class=\"menu-item menu-item-type-post_type menu-item-object-page menu-item-10470\"><a href=\"https:\/\/isikdemir.com.tr\/index.php\/celik-hasir-insaat-demiri\/\">\u00c7EL\u0130K HASIR \u2013 \u0130N\u015eAAT DEM\u0130R\u0130<\/a><\/li>\n<li id=\"menu-item-10625\" class=\"menu-item menu-item-type-post_type menu-item-object-page menu-item-10625\"><a href=\"https:\/\/isikdemir.com.tr\/index.php\/elementor-10564\/\">HARDOX<\/a><\/li>\n<\/ul><\/div>    <\/div>\r\n\t\t\t\t<\/div>\n\t\t\t\t<\/div>\n\t\t\t\t<div class=\"elementor-element elementor-element-47b77c2 elementor-widget elementor-widget-spacer\" data-id=\"47b77c2\" data-element_type=\"widget\" data-widget_type=\"spacer.default\">\n\t\t\t\t<div class=\"elementor-widget-container\">\n\t\t\t\t\t\t\t<div class=\"elementor-spacer\">\n\t\t\t<div class=\"elementor-spacer-inner\"><\/div>\n\t\t<\/div>\n\t\t\t\t\t\t<\/div>\n\t\t\t\t<\/div>\n\t\t\t\t<div class=\"elementor-element elementor-element-084179c elementor-widget elementor-widget-spacer\" data-id=\"084179c\" data-element_type=\"widget\" data-widget_type=\"spacer.default\">\n\t\t\t\t<div class=\"elementor-widget-container\">\n\t\t\t\t\t\t\t<div class=\"elementor-spacer\">\n\t\t\t<div class=\"elementor-spacer-inner\"><\/div>\n\t\t<\/div>\n\t\t\t\t\t\t<\/div>\n\t\t\t\t<\/div>\n\t\t\t\t<div class=\"elementor-element elementor-element-d4dd2d3 elementor-widget elementor-widget-ct_download\" data-id=\"d4dd2d3\" data-element_type=\"widget\" data-widget_type=\"ct_download.default\">\n\t\t\t\t<div class=\"elementor-widget-container\">\n\t\t\t\t\t    <div class=\"ct-download\">\r\n                    <div class=\"item--download\">\r\n                <a href=\"#\">\r\n            \t<i aria-hidden=\"true\" class=\"material zmdi zmdi-download\"><\/i>                                <span>Katalog <\/span>\r\n            \t<\/a>\r\n           <\/div>\r\n            <\/div>\r\n\t\t\t\t<\/div>\n\t\t\t\t<\/div>\n\t\t            <\/div>\n        <\/div>\n                    <\/div>\n        <\/section>\n        \t\t<\/div>\n\t\t","protected":false},"excerpt":{"rendered":"<p>KARE VE D\u0130KD\u00d6RTGEN PROF\u0130LLER \u00dcRET\u0130M ARALI\u011eI D\u0131\u015f kesit 10\u00d710 \u2013 250-250Et kal\u0131nl\u0131\u011f\u0131 0.70 mm \u2013 10.00 mmBoy standart 6-12 m \u00f6zel sipari\u015flerde 2 ile 8 m aras\u0131 boylarda teslim al\u0131n\u0131r.\u00dcRET\u0130M STANDARTLARITS 6475 \u2013 DIN 2395 \u2013 BS 4848\u2019e \u00fcretilmektedir. TOLERANSLAR E\u011frilik 2.5 mm\/mDiklik \u00b11\u00ba \/ mKaynak diki\u015finin orta eksenden ka\u00e7\u0131kl\u0131\u011f\u0131b\u203920 mm \u00b1 3 mmb=20 mm [&hellip;]<\/p>\n","protected":false},"author":1,"featured_media":0,"parent":0,"menu_order":0,"comment_status":"closed","ping_status":"closed","template":"","meta":{"footnotes":""},"class_list":["post-8461","page","type-page","status-publish","hentry"],"yoast_head":"<!-- This site is optimized with the Yoast SEO plugin v24.3 - https:\/\/yoast.com\/wordpress\/plugins\/seo\/ -->\r\n<title>PROF\u0130LLER - I\u015eIK DEM\u0130R<\/title>\r\n<meta name=\"robots\" content=\"index, follow, max-snippet:-1, max-image-preview:large, max-video-preview:-1\" \/>\r\n<link rel=\"canonical\" href=\"https:\/\/isikdemir.com.tr\/index.php\/profil\/\" \/>\r\n<meta property=\"og:locale\" content=\"tr_TR\" \/>\r\n<meta property=\"og:type\" content=\"article\" \/>\r\n<meta property=\"og:title\" content=\"PROF\u0130LLER - I\u015eIK DEM\u0130R\" \/>\r\n<meta property=\"og:description\" content=\"KARE VE D\u0130KD\u00d6RTGEN PROF\u0130LLER \u00dcRET\u0130M ARALI\u011eI D\u0131\u015f kesit 10\u00d710 \u2013 250-250Et kal\u0131nl\u0131\u011f\u0131 0.70 mm \u2013 10.00 mmBoy standart 6-12 m \u00f6zel sipari\u015flerde 2 ile 8 m aras\u0131 boylarda teslim al\u0131n\u0131r.\u00dcRET\u0130M STANDARTLARITS 6475 \u2013 DIN 2395 \u2013 BS 4848\u2019e \u00fcretilmektedir. TOLERANSLAR E\u011frilik 2.5 mm\/mDiklik \u00b11\u00ba \/ mKaynak diki\u015finin orta eksenden ka\u00e7\u0131kl\u0131\u011f\u0131b\u203920 mm \u00b1 3 mmb=20 mm [&hellip;]\" \/>\r\n<meta property=\"og:url\" content=\"https:\/\/isikdemir.com.tr\/index.php\/profil\/\" \/>\r\n<meta property=\"og:site_name\" content=\"I\u015eIK DEM\u0130R\" \/>\r\n<meta property=\"article:publisher\" content=\"https:\/\/www.facebook.com\/p\/Ik-Demir-100092820544779\/?locale=tr_TR\" \/>\r\n<meta property=\"article:modified_time\" content=\"2025-04-28T18:31:30+00:00\" \/>\r\n<meta property=\"og:image\" content=\"http:\/\/isikdemir.com.tr\/wp-content\/uploads\/2025\/03\/profiller-03-475x400.jpg\" \/>\r\n<meta name=\"twitter:card\" content=\"summary_large_image\" \/>\r\n<meta name=\"twitter:label1\" content=\"Tahmini okuma s\u00fcresi\" \/>\n\t<meta name=\"twitter:data1\" content=\"3 dakika\" \/>\r\n<script type=\"application\/ld+json\" class=\"yoast-schema-graph\">{\"@context\":\"https:\/\/schema.org\",\"@graph\":[{\"@type\":\"WebPage\",\"@id\":\"https:\/\/isikdemir.com.tr\/index.php\/profil\/\",\"url\":\"https:\/\/isikdemir.com.tr\/index.php\/profil\/\",\"name\":\"PROF\u0130LLER - I\u015eIK DEM\u0130R\",\"isPartOf\":{\"@id\":\"https:\/\/isikdemir.com.tr\/#website\"},\"primaryImageOfPage\":{\"@id\":\"https:\/\/isikdemir.com.tr\/index.php\/profil\/#primaryimage\"},\"image\":{\"@id\":\"https:\/\/isikdemir.com.tr\/index.php\/profil\/#primaryimage\"},\"thumbnailUrl\":\"http:\/\/isikdemir.com.tr\/wp-content\/uploads\/2025\/03\/profiller-03-475x400.jpg\",\"datePublished\":\"2024-12-21T21:41:52+00:00\",\"dateModified\":\"2025-04-28T18:31:30+00:00\",\"breadcrumb\":{\"@id\":\"https:\/\/isikdemir.com.tr\/index.php\/profil\/#breadcrumb\"},\"inLanguage\":\"tr\",\"potentialAction\":[{\"@type\":\"ReadAction\",\"target\":[\"https:\/\/isikdemir.com.tr\/index.php\/profil\/\"]}]},{\"@type\":\"ImageObject\",\"inLanguage\":\"tr\",\"@id\":\"https:\/\/isikdemir.com.tr\/index.php\/profil\/#primaryimage\",\"url\":\"https:\/\/isikdemir.com.tr\/wp-content\/uploads\/2025\/03\/profiller-03.jpg\",\"contentUrl\":\"https:\/\/isikdemir.com.tr\/wp-content\/uploads\/2025\/03\/profiller-03.jpg\",\"width\":600,\"height\":400},{\"@type\":\"BreadcrumbList\",\"@id\":\"https:\/\/isikdemir.com.tr\/index.php\/profil\/#breadcrumb\",\"itemListElement\":[{\"@type\":\"ListItem\",\"position\":1,\"name\":\"Anasayfa\",\"item\":\"https:\/\/isikdemir.com.tr\/\"},{\"@type\":\"ListItem\",\"position\":2,\"name\":\"PROF\u0130LLER\"}]},{\"@type\":\"WebSite\",\"@id\":\"https:\/\/isikdemir.com.tr\/#website\",\"url\":\"https:\/\/isikdemir.com.tr\/\",\"name\":\"I\u015eIK BORU PROF\u0130L\",\"description\":\"I\u015eIK BORU PROF\u0130L\",\"publisher\":{\"@id\":\"https:\/\/isikdemir.com.tr\/#organization\"},\"potentialAction\":[{\"@type\":\"SearchAction\",\"target\":{\"@type\":\"EntryPoint\",\"urlTemplate\":\"https:\/\/isikdemir.com.tr\/?s={search_term_string}\"},\"query-input\":{\"@type\":\"PropertyValueSpecification\",\"valueRequired\":true,\"valueName\":\"search_term_string\"}}],\"inLanguage\":\"tr\"},{\"@type\":\"Organization\",\"@id\":\"https:\/\/isikdemir.com.tr\/#organization\",\"name\":\"I\u015eIK BORU PROF\u0130L\",\"url\":\"https:\/\/isikdemir.com.tr\/\",\"logo\":{\"@type\":\"ImageObject\",\"inLanguage\":\"tr\",\"@id\":\"https:\/\/isikdemir.com.tr\/#\/schema\/logo\/image\/\",\"url\":\"https:\/\/isikdemir.com.tr\/wp-content\/uploads\/2020\/02\/logo.png\",\"contentUrl\":\"https:\/\/isikdemir.com.tr\/wp-content\/uploads\/2020\/02\/logo.png\",\"width\":300,\"height\":57,\"caption\":\"I\u015eIK BORU PROF\u0130L\"},\"image\":{\"@id\":\"https:\/\/isikdemir.com.tr\/#\/schema\/logo\/image\/\"},\"sameAs\":[\"https:\/\/www.facebook.com\/p\/Ik-Demir-100092820544779\/?locale=tr_TR\"]}]}<\/script>\r\n<!-- \/ Yoast SEO plugin. -->","yoast_head_json":{"title":"PROF\u0130LLER - I\u015eIK DEM\u0130R","robots":{"index":"index","follow":"follow","max-snippet":"max-snippet:-1","max-image-preview":"max-image-preview:large","max-video-preview":"max-video-preview:-1"},"canonical":"https:\/\/isikdemir.com.tr\/index.php\/profil\/","og_locale":"tr_TR","og_type":"article","og_title":"PROF\u0130LLER - I\u015eIK DEM\u0130R","og_description":"KARE VE D\u0130KD\u00d6RTGEN PROF\u0130LLER \u00dcRET\u0130M ARALI\u011eI D\u0131\u015f kesit 10\u00d710 \u2013 250-250Et kal\u0131nl\u0131\u011f\u0131 0.70 mm \u2013 10.00 mmBoy standart 6-12 m \u00f6zel sipari\u015flerde 2 ile 8 m aras\u0131 boylarda teslim al\u0131n\u0131r.\u00dcRET\u0130M STANDARTLARITS 6475 \u2013 DIN 2395 \u2013 BS 4848\u2019e \u00fcretilmektedir. TOLERANSLAR E\u011frilik 2.5 mm\/mDiklik \u00b11\u00ba \/ mKaynak diki\u015finin orta eksenden ka\u00e7\u0131kl\u0131\u011f\u0131b\u203920 mm \u00b1 3 mmb=20 mm [&hellip;]","og_url":"https:\/\/isikdemir.com.tr\/index.php\/profil\/","og_site_name":"I\u015eIK DEM\u0130R","article_publisher":"https:\/\/www.facebook.com\/p\/Ik-Demir-100092820544779\/?locale=tr_TR","article_modified_time":"2025-04-28T18:31:30+00:00","og_image":[{"url":"http:\/\/isikdemir.com.tr\/wp-content\/uploads\/2025\/03\/profiller-03-475x400.jpg","type":"","width":"","height":""}],"twitter_card":"summary_large_image","twitter_misc":{"Tahmini okuma s\u00fcresi":"3 dakika"},"schema":{"@context":"https:\/\/schema.org","@graph":[{"@type":"WebPage","@id":"https:\/\/isikdemir.com.tr\/index.php\/profil\/","url":"https:\/\/isikdemir.com.tr\/index.php\/profil\/","name":"PROF\u0130LLER - I\u015eIK DEM\u0130R","isPartOf":{"@id":"https:\/\/isikdemir.com.tr\/#website"},"primaryImageOfPage":{"@id":"https:\/\/isikdemir.com.tr\/index.php\/profil\/#primaryimage"},"image":{"@id":"https:\/\/isikdemir.com.tr\/index.php\/profil\/#primaryimage"},"thumbnailUrl":"http:\/\/isikdemir.com.tr\/wp-content\/uploads\/2025\/03\/profiller-03-475x400.jpg","datePublished":"2024-12-21T21:41:52+00:00","dateModified":"2025-04-28T18:31:30+00:00","breadcrumb":{"@id":"https:\/\/isikdemir.com.tr\/index.php\/profil\/#breadcrumb"},"inLanguage":"tr","potentialAction":[{"@type":"ReadAction","target":["https:\/\/isikdemir.com.tr\/index.php\/profil\/"]}]},{"@type":"ImageObject","inLanguage":"tr","@id":"https:\/\/isikdemir.com.tr\/index.php\/profil\/#primaryimage","url":"https:\/\/isikdemir.com.tr\/wp-content\/uploads\/2025\/03\/profiller-03.jpg","contentUrl":"https:\/\/isikdemir.com.tr\/wp-content\/uploads\/2025\/03\/profiller-03.jpg","width":600,"height":400},{"@type":"BreadcrumbList","@id":"https:\/\/isikdemir.com.tr\/index.php\/profil\/#breadcrumb","itemListElement":[{"@type":"ListItem","position":1,"name":"Anasayfa","item":"https:\/\/isikdemir.com.tr\/"},{"@type":"ListItem","position":2,"name":"PROF\u0130LLER"}]},{"@type":"WebSite","@id":"https:\/\/isikdemir.com.tr\/#website","url":"https:\/\/isikdemir.com.tr\/","name":"I\u015eIK BORU PROF\u0130L","description":"I\u015eIK BORU PROF\u0130L","publisher":{"@id":"https:\/\/isikdemir.com.tr\/#organization"},"potentialAction":[{"@type":"SearchAction","target":{"@type":"EntryPoint","urlTemplate":"https:\/\/isikdemir.com.tr\/?s={search_term_string}"},"query-input":{"@type":"PropertyValueSpecification","valueRequired":true,"valueName":"search_term_string"}}],"inLanguage":"tr"},{"@type":"Organization","@id":"https:\/\/isikdemir.com.tr\/#organization","name":"I\u015eIK BORU PROF\u0130L","url":"https:\/\/isikdemir.com.tr\/","logo":{"@type":"ImageObject","inLanguage":"tr","@id":"https:\/\/isikdemir.com.tr\/#\/schema\/logo\/image\/","url":"https:\/\/isikdemir.com.tr\/wp-content\/uploads\/2020\/02\/logo.png","contentUrl":"https:\/\/isikdemir.com.tr\/wp-content\/uploads\/2020\/02\/logo.png","width":300,"height":57,"caption":"I\u015eIK BORU PROF\u0130L"},"image":{"@id":"https:\/\/isikdemir.com.tr\/#\/schema\/logo\/image\/"},"sameAs":["https:\/\/www.facebook.com\/p\/Ik-Demir-100092820544779\/?locale=tr_TR"]}]}},"_links":{"self":[{"href":"https:\/\/isikdemir.com.tr\/index.php\/wp-json\/wp\/v2\/pages\/8461","targetHints":{"allow":["GET"]}}],"collection":[{"href":"https:\/\/isikdemir.com.tr\/index.php\/wp-json\/wp\/v2\/pages"}],"about":[{"href":"https:\/\/isikdemir.com.tr\/index.php\/wp-json\/wp\/v2\/types\/page"}],"author":[{"embeddable":true,"href":"https:\/\/isikdemir.com.tr\/index.php\/wp-json\/wp\/v2\/users\/1"}],"replies":[{"embeddable":true,"href":"https:\/\/isikdemir.com.tr\/index.php\/wp-json\/wp\/v2\/comments?post=8461"}],"version-history":[{"count":47,"href":"https:\/\/isikdemir.com.tr\/index.php\/wp-json\/wp\/v2\/pages\/8461\/revisions"}],"predecessor-version":[{"id":10507,"href":"https:\/\/isikdemir.com.tr\/index.php\/wp-json\/wp\/v2\/pages\/8461\/revisions\/10507"}],"wp:attachment":[{"href":"https:\/\/isikdemir.com.tr\/index.php\/wp-json\/wp\/v2\/media?parent=8461"}],"curies":[{"name":"wp","href":"https:\/\/api.w.org\/{rel}","templated":true}]}}