{"id":8134,"date":"2024-12-16T22:05:12","date_gmt":"2024-12-16T22:05:12","guid":{"rendered":"http:\/\/isikdemir.com.tr\/?page_id=8134"},"modified":"2025-03-05T21:51:54","modified_gmt":"2025-03-05T21:51:54","slug":"sirket-bilgilerimiz","status":"publish","type":"page","link":"https:\/\/isikdemir.com.tr\/index.php\/sirket-bilgilerimiz\/","title":{"rendered":"\u015e\u0130RKET B\u0130LG\u0130LER\u0130M\u0130Z"},"content":{"rendered":"\t\t<div data-elementor-type=\"wp-page\" data-elementor-id=\"8134\" class=\"elementor elementor-8134\">\n\t\t\t\t        <section class=\"elementor-section elementor-top-section elementor-element elementor-element-7cc1fdef elementor-section-boxed elementor-section-height-default elementor-section-height-default ct-header-fixed-none ct-row-max-none\" data-id=\"7cc1fdef\" data-element_type=\"section\">\n            \n                        <div class=\"elementor-container elementor-column-gap-default \">\n                    <div class=\"elementor-column elementor-col-33 elementor-top-column elementor-element elementor-element-38bebbd0\" data-id=\"38bebbd0\" data-element_type=\"column\">\n        <div class=\"elementor-widget-wrap elementor-element-populated\">\n                    \n        \t\t<div class=\"elementor-element elementor-element-6b8d9b92 elementor-widget elementor-widget-ct_fancy_box\" data-id=\"6b8d9b92\" data-element_type=\"widget\" data-widget_type=\"ct_fancy_box.default\">\n\t\t\t\t<div class=\"elementor-widget-container\">\n\t\t\t\t\t<div class=\"ct-fancy-box ct-fancy-box-layout6 wow fadeInUp style-2\" data-wow-delay=\"ms\">\r\n                <div class=\"item--icon\">\r\n            <img decoding=\"async\" src=\"https:\/\/isikdemir.com.tr\/wp-content\/uploads\/2020\/02\/about4-icon1.png\" class=\"attachment-full\" alt=\"\" \/>        <\/div>\r\n        <div class=\"item--holder\">\r\n        <h3 class=\"item--title\">\r\n            FATURA BA\u015eLI\u011eIMIZ        <\/h3>\r\n        <div class=\"item--description\"><b>I\u015eIK BORU PROF\u0130L DEM\u0130R \u00c7EL\u0130K \u0130ML.\u0130HL.\u0130TH.T\u0130C.SAN.LTD.\u015eT\u0130.<\/b><br>\n<b>ADRES:<\/b><br>\nAhmetturan Gazi Organize Sanayi B\u00f6lgesi Mahallesi 2. K\u0131s\u0131m 5. Cadde 9. Sokak No:10 Merkez\/Sivas TR<\/div>\r\n    <\/div>\r\n    <\/div>\t\t\t\t<\/div>\n\t\t\t\t<\/div>\n\t\t            <\/div>\n        <\/div>\n                <div class=\"elementor-column elementor-col-33 elementor-top-column elementor-element elementor-element-13e1f920\" data-id=\"13e1f920\" data-element_type=\"column\">\n        <div class=\"elementor-widget-wrap elementor-element-populated\">\n                    \n        \t\t<div class=\"elementor-element elementor-element-ba9ad16 elementor-widget elementor-widget-ct_fancy_box\" data-id=\"ba9ad16\" data-element_type=\"widget\" data-widget_type=\"ct_fancy_box.default\">\n\t\t\t\t<div class=\"elementor-widget-container\">\n\t\t\t\t\t<div class=\"ct-fancy-box ct-fancy-box-layout6 wow fadeInUp style-2\" data-wow-delay=\"ms\">\r\n                <div class=\"item--icon\">\r\n            <img decoding=\"async\" src=\"https:\/\/isikdemir.com.tr\/wp-content\/uploads\/2020\/02\/about4-icon1.png\" class=\"attachment-full\" alt=\"\" \/>        <\/div>\r\n        <div class=\"item--holder\">\r\n        <h3 class=\"item--title\">\r\n            \u0130LET\u0130\u015e\u0130M B\u0130LG\u0130LER\u0130M\u0130Z        <\/h3>\r\n        <div class=\"item--description\"><B>TELEFON : <\/B><BR>+90 346 218 17 51 <br>\n<B>FAX: <\/B><BR>+90 346 218 17 52 <br>\n<B>KALE VERG\u0130 DA\u0130RES\u0130<\/B> <BR> 467 006 89 85<\/div>\r\n    <\/div>\r\n    <\/div>\t\t\t\t<\/div>\n\t\t\t\t<\/div>\n\t\t            <\/div>\n        <\/div>\n                <div class=\"elementor-column elementor-col-33 elementor-top-column elementor-element elementor-element-ff76355\" data-id=\"ff76355\" data-element_type=\"column\">\n        <div class=\"elementor-widget-wrap elementor-element-populated\">\n                    \n        \t\t<div class=\"elementor-element elementor-element-5cfe1436 elementor-widget elementor-widget-ct_fancy_box\" data-id=\"5cfe1436\" data-element_type=\"widget\" data-widget_type=\"ct_fancy_box.default\">\n\t\t\t\t<div class=\"elementor-widget-container\">\n\t\t\t\t\t<div class=\"ct-fancy-box ct-fancy-box-layout6 wow fadeInUp style-2\" data-wow-delay=\"ms\">\r\n                <div class=\"item--icon\">\r\n            <img decoding=\"async\" src=\"https:\/\/isikdemir.com.tr\/wp-content\/uploads\/2020\/02\/about4-icon1.png\" class=\"attachment-full\" alt=\"\" \/>        <\/div>\r\n        <div class=\"item--holder\">\r\n        <h3 class=\"item--title\">\r\n            MA\u0130L ADRESLER\u0130M\u0130Z        <\/h3>\r\n        <div class=\"item--description\"><b>SATI\u015e: <br><\/b>satisorganize@isikdemir.com.tr\n\n<b>MUHASEBE: <\/b>muhasebeorganize@isikdemir.com.tr\n\n<b>F\u0130NANS:<\/b><br> finans@isikdemir.com.tr<\/div>\r\n    <\/div>\r\n    <\/div>\t\t\t\t<\/div>\n\t\t\t\t<\/div>\n\t\t            <\/div>\n        <\/div>\n                    <\/div>\n        <\/section>\n        \t\t<\/div>\n\t\t","protected":false},"excerpt":{"rendered":"<p>FATURA BA\u015eLI\u011eIMIZ I\u015eIK BORU PROF\u0130L DEM\u0130R \u00c7EL\u0130K \u0130ML.\u0130HL.\u0130TH.T\u0130C.SAN.LTD.\u015eT\u0130. ADRES: Ahmetturan Gazi Organize Sanayi B\u00f6lgesi Mahallesi 2. K\u0131s\u0131m 5. Cadde 9. Sokak No:10 Merkez\/Sivas TR \u0130LET\u0130\u015e\u0130M B\u0130LG\u0130LER\u0130M\u0130Z TELEFON : +90 346 218 17 51 FAX: +90 346 218 17 52 KALE VERG\u0130 DA\u0130RES\u0130 467 006 89 85 MA\u0130L ADRESLER\u0130M\u0130Z SATI\u015e: satisorganize@isikdemir.com.tr MUHASEBE: muhasebeorganize@isikdemir.com.tr F\u0130NANS: finans@isikdemir.com.tr<\/p>\n","protected":false},"author":1,"featured_media":0,"parent":0,"menu_order":0,"comment_status":"closed","ping_status":"closed","template":"","meta":{"footnotes":""},"class_list":["post-8134","page","type-page","status-publish","hentry"],"yoast_head":"<!-- This site is optimized with the Yoast SEO plugin v24.3 - https:\/\/yoast.com\/wordpress\/plugins\/seo\/ -->\r\n<title>\u015e\u0130RKET B\u0130LG\u0130LER\u0130M\u0130Z - I\u015eIK DEM\u0130R<\/title>\r\n<meta name=\"robots\" content=\"index, follow, max-snippet:-1, max-image-preview:large, max-video-preview:-1\" \/>\r\n<link rel=\"canonical\" href=\"https:\/\/isikdemir.com.tr\/index.php\/sirket-bilgilerimiz\/\" \/>\r\n<meta property=\"og:locale\" content=\"tr_TR\" \/>\r\n<meta property=\"og:type\" content=\"article\" \/>\r\n<meta property=\"og:title\" content=\"\u015e\u0130RKET B\u0130LG\u0130LER\u0130M\u0130Z - I\u015eIK DEM\u0130R\" \/>\r\n<meta property=\"og:description\" content=\"FATURA BA\u015eLI\u011eIMIZ I\u015eIK BORU PROF\u0130L DEM\u0130R \u00c7EL\u0130K \u0130ML.\u0130HL.\u0130TH.T\u0130C.SAN.LTD.\u015eT\u0130. ADRES: Ahmetturan Gazi Organize Sanayi B\u00f6lgesi Mahallesi 2. K\u0131s\u0131m 5. Cadde 9. Sokak No:10 Merkez\/Sivas TR \u0130LET\u0130\u015e\u0130M B\u0130LG\u0130LER\u0130M\u0130Z TELEFON : +90 346 218 17 51 FAX: +90 346 218 17 52 KALE VERG\u0130 DA\u0130RES\u0130 467 006 89 85 MA\u0130L ADRESLER\u0130M\u0130Z SATI\u015e: satisorganize@isikdemir.com.tr MUHASEBE: muhasebeorganize@isikdemir.com.tr F\u0130NANS: finans@isikdemir.com.tr\" \/>\r\n<meta property=\"og:url\" content=\"https:\/\/isikdemir.com.tr\/index.php\/sirket-bilgilerimiz\/\" \/>\r\n<meta property=\"og:site_name\" content=\"I\u015eIK DEM\u0130R\" \/>\r\n<meta property=\"article:publisher\" content=\"https:\/\/www.facebook.com\/p\/Ik-Demir-100092820544779\/?locale=tr_TR\" \/>\r\n<meta property=\"article:modified_time\" content=\"2025-03-05T21:51:54+00:00\" \/>\r\n<meta property=\"og:image\" content=\"http:\/\/isikdemir.com.tr\/wp-content\/uploads\/2020\/02\/about4-icon1.png\" \/>\r\n<meta name=\"twitter:card\" content=\"summary_large_image\" \/>\r\n<meta name=\"twitter:label1\" content=\"Tahmini okuma s\u00fcresi\" \/>\n\t<meta name=\"twitter:data1\" content=\"1 dakika\" \/>\r\n<script type=\"application\/ld+json\" class=\"yoast-schema-graph\">{\"@context\":\"https:\/\/schema.org\",\"@graph\":[{\"@type\":\"WebPage\",\"@id\":\"https:\/\/isikdemir.com.tr\/index.php\/sirket-bilgilerimiz\/\",\"url\":\"https:\/\/isikdemir.com.tr\/index.php\/sirket-bilgilerimiz\/\",\"name\":\"\u015e\u0130RKET B\u0130LG\u0130LER\u0130M\u0130Z - I\u015eIK DEM\u0130R\",\"isPartOf\":{\"@id\":\"https:\/\/isikdemir.com.tr\/#website\"},\"primaryImageOfPage\":{\"@id\":\"https:\/\/isikdemir.com.tr\/index.php\/sirket-bilgilerimiz\/#primaryimage\"},\"image\":{\"@id\":\"https:\/\/isikdemir.com.tr\/index.php\/sirket-bilgilerimiz\/#primaryimage\"},\"thumbnailUrl\":\"http:\/\/isikdemir.com.tr\/wp-content\/uploads\/2020\/02\/about4-icon1.png\",\"datePublished\":\"2024-12-16T22:05:12+00:00\",\"dateModified\":\"2025-03-05T21:51:54+00:00\",\"breadcrumb\":{\"@id\":\"https:\/\/isikdemir.com.tr\/index.php\/sirket-bilgilerimiz\/#breadcrumb\"},\"inLanguage\":\"tr\",\"potentialAction\":[{\"@type\":\"ReadAction\",\"target\":[\"https:\/\/isikdemir.com.tr\/index.php\/sirket-bilgilerimiz\/\"]}]},{\"@type\":\"ImageObject\",\"inLanguage\":\"tr\",\"@id\":\"https:\/\/isikdemir.com.tr\/index.php\/sirket-bilgilerimiz\/#primaryimage\",\"url\":\"https:\/\/isikdemir.com.tr\/wp-content\/uploads\/2020\/02\/about4-icon1.png\",\"contentUrl\":\"https:\/\/isikdemir.com.tr\/wp-content\/uploads\/2020\/02\/about4-icon1.png\"},{\"@type\":\"BreadcrumbList\",\"@id\":\"https:\/\/isikdemir.com.tr\/index.php\/sirket-bilgilerimiz\/#breadcrumb\",\"itemListElement\":[{\"@type\":\"ListItem\",\"position\":1,\"name\":\"Anasayfa\",\"item\":\"https:\/\/isikdemir.com.tr\/\"},{\"@type\":\"ListItem\",\"position\":2,\"name\":\"\u015e\u0130RKET B\u0130LG\u0130LER\u0130M\u0130Z\"}]},{\"@type\":\"WebSite\",\"@id\":\"https:\/\/isikdemir.com.tr\/#website\",\"url\":\"https:\/\/isikdemir.com.tr\/\",\"name\":\"I\u015eIK BORU PROF\u0130L\",\"description\":\"I\u015eIK BORU PROF\u0130L\",\"publisher\":{\"@id\":\"https:\/\/isikdemir.com.tr\/#organization\"},\"potentialAction\":[{\"@type\":\"SearchAction\",\"target\":{\"@type\":\"EntryPoint\",\"urlTemplate\":\"https:\/\/isikdemir.com.tr\/?s={search_term_string}\"},\"query-input\":{\"@type\":\"PropertyValueSpecification\",\"valueRequired\":true,\"valueName\":\"search_term_string\"}}],\"inLanguage\":\"tr\"},{\"@type\":\"Organization\",\"@id\":\"https:\/\/isikdemir.com.tr\/#organization\",\"name\":\"I\u015eIK BORU PROF\u0130L\",\"url\":\"https:\/\/isikdemir.com.tr\/\",\"logo\":{\"@type\":\"ImageObject\",\"inLanguage\":\"tr\",\"@id\":\"https:\/\/isikdemir.com.tr\/#\/schema\/logo\/image\/\",\"url\":\"https:\/\/isikdemir.com.tr\/wp-content\/uploads\/2020\/02\/logo.png\",\"contentUrl\":\"https:\/\/isikdemir.com.tr\/wp-content\/uploads\/2020\/02\/logo.png\",\"width\":300,\"height\":57,\"caption\":\"I\u015eIK BORU PROF\u0130L\"},\"image\":{\"@id\":\"https:\/\/isikdemir.com.tr\/#\/schema\/logo\/image\/\"},\"sameAs\":[\"https:\/\/www.facebook.com\/p\/Ik-Demir-100092820544779\/?locale=tr_TR\"]}]}<\/script>\r\n<!-- \/ Yoast SEO plugin. -->","yoast_head_json":{"title":"\u015e\u0130RKET B\u0130LG\u0130LER\u0130M\u0130Z - I\u015eIK DEM\u0130R","robots":{"index":"index","follow":"follow","max-snippet":"max-snippet:-1","max-image-preview":"max-image-preview:large","max-video-preview":"max-video-preview:-1"},"canonical":"https:\/\/isikdemir.com.tr\/index.php\/sirket-bilgilerimiz\/","og_locale":"tr_TR","og_type":"article","og_title":"\u015e\u0130RKET B\u0130LG\u0130LER\u0130M\u0130Z - I\u015eIK DEM\u0130R","og_description":"FATURA BA\u015eLI\u011eIMIZ I\u015eIK BORU PROF\u0130L DEM\u0130R \u00c7EL\u0130K \u0130ML.\u0130HL.\u0130TH.T\u0130C.SAN.LTD.\u015eT\u0130. ADRES: Ahmetturan Gazi Organize Sanayi B\u00f6lgesi Mahallesi 2. K\u0131s\u0131m 5. Cadde 9. Sokak No:10 Merkez\/Sivas TR \u0130LET\u0130\u015e\u0130M B\u0130LG\u0130LER\u0130M\u0130Z TELEFON : +90 346 218 17 51 FAX: +90 346 218 17 52 KALE VERG\u0130 DA\u0130RES\u0130 467 006 89 85 MA\u0130L ADRESLER\u0130M\u0130Z SATI\u015e: satisorganize@isikdemir.com.tr MUHASEBE: muhasebeorganize@isikdemir.com.tr F\u0130NANS: finans@isikdemir.com.tr","og_url":"https:\/\/isikdemir.com.tr\/index.php\/sirket-bilgilerimiz\/","og_site_name":"I\u015eIK DEM\u0130R","article_publisher":"https:\/\/www.facebook.com\/p\/Ik-Demir-100092820544779\/?locale=tr_TR","article_modified_time":"2025-03-05T21:51:54+00:00","og_image":[{"url":"http:\/\/isikdemir.com.tr\/wp-content\/uploads\/2020\/02\/about4-icon1.png","type":"","width":"","height":""}],"twitter_card":"summary_large_image","twitter_misc":{"Tahmini okuma s\u00fcresi":"1 dakika"},"schema":{"@context":"https:\/\/schema.org","@graph":[{"@type":"WebPage","@id":"https:\/\/isikdemir.com.tr\/index.php\/sirket-bilgilerimiz\/","url":"https:\/\/isikdemir.com.tr\/index.php\/sirket-bilgilerimiz\/","name":"\u015e\u0130RKET B\u0130LG\u0130LER\u0130M\u0130Z - I\u015eIK DEM\u0130R","isPartOf":{"@id":"https:\/\/isikdemir.com.tr\/#website"},"primaryImageOfPage":{"@id":"https:\/\/isikdemir.com.tr\/index.php\/sirket-bilgilerimiz\/#primaryimage"},"image":{"@id":"https:\/\/isikdemir.com.tr\/index.php\/sirket-bilgilerimiz\/#primaryimage"},"thumbnailUrl":"http:\/\/isikdemir.com.tr\/wp-content\/uploads\/2020\/02\/about4-icon1.png","datePublished":"2024-12-16T22:05:12+00:00","dateModified":"2025-03-05T21:51:54+00:00","breadcrumb":{"@id":"https:\/\/isikdemir.com.tr\/index.php\/sirket-bilgilerimiz\/#breadcrumb"},"inLanguage":"tr","potentialAction":[{"@type":"ReadAction","target":["https:\/\/isikdemir.com.tr\/index.php\/sirket-bilgilerimiz\/"]}]},{"@type":"ImageObject","inLanguage":"tr","@id":"https:\/\/isikdemir.com.tr\/index.php\/sirket-bilgilerimiz\/#primaryimage","url":"https:\/\/isikdemir.com.tr\/wp-content\/uploads\/2020\/02\/about4-icon1.png","contentUrl":"https:\/\/isikdemir.com.tr\/wp-content\/uploads\/2020\/02\/about4-icon1.png"},{"@type":"BreadcrumbList","@id":"https:\/\/isikdemir.com.tr\/index.php\/sirket-bilgilerimiz\/#breadcrumb","itemListElement":[{"@type":"ListItem","position":1,"name":"Anasayfa","item":"https:\/\/isikdemir.com.tr\/"},{"@type":"ListItem","position":2,"name":"\u015e\u0130RKET B\u0130LG\u0130LER\u0130M\u0130Z"}]},{"@type":"WebSite","@id":"https:\/\/isikdemir.com.tr\/#website","url":"https:\/\/isikdemir.com.tr\/","name":"I\u015eIK BORU PROF\u0130L","description":"I\u015eIK BORU PROF\u0130L","publisher":{"@id":"https:\/\/isikdemir.com.tr\/#organization"},"potentialAction":[{"@type":"SearchAction","target":{"@type":"EntryPoint","urlTemplate":"https:\/\/isikdemir.com.tr\/?s={search_term_string}"},"query-input":{"@type":"PropertyValueSpecification","valueRequired":true,"valueName":"search_term_string"}}],"inLanguage":"tr"},{"@type":"Organization","@id":"https:\/\/isikdemir.com.tr\/#organization","name":"I\u015eIK BORU PROF\u0130L","url":"https:\/\/isikdemir.com.tr\/","logo":{"@type":"ImageObject","inLanguage":"tr","@id":"https:\/\/isikdemir.com.tr\/#\/schema\/logo\/image\/","url":"https:\/\/isikdemir.com.tr\/wp-content\/uploads\/2020\/02\/logo.png","contentUrl":"https:\/\/isikdemir.com.tr\/wp-content\/uploads\/2020\/02\/logo.png","width":300,"height":57,"caption":"I\u015eIK BORU PROF\u0130L"},"image":{"@id":"https:\/\/isikdemir.com.tr\/#\/schema\/logo\/image\/"},"sameAs":["https:\/\/www.facebook.com\/p\/Ik-Demir-100092820544779\/?locale=tr_TR"]}]}},"_links":{"self":[{"href":"https:\/\/isikdemir.com.tr\/index.php\/wp-json\/wp\/v2\/pages\/8134","targetHints":{"allow":["GET"]}}],"collection":[{"href":"https:\/\/isikdemir.com.tr\/index.php\/wp-json\/wp\/v2\/pages"}],"about":[{"href":"https:\/\/isikdemir.com.tr\/index.php\/wp-json\/wp\/v2\/types\/page"}],"author":[{"embeddable":true,"href":"https:\/\/isikdemir.com.tr\/index.php\/wp-json\/wp\/v2\/users\/1"}],"replies":[{"embeddable":true,"href":"https:\/\/isikdemir.com.tr\/index.php\/wp-json\/wp\/v2\/comments?post=8134"}],"version-history":[{"count":43,"href":"https:\/\/isikdemir.com.tr\/index.php\/wp-json\/wp\/v2\/pages\/8134\/revisions"}],"predecessor-version":[{"id":10125,"href":"https:\/\/isikdemir.com.tr\/index.php\/wp-json\/wp\/v2\/pages\/8134\/revisions\/10125"}],"wp:attachment":[{"href":"https:\/\/isikdemir.com.tr\/index.php\/wp-json\/wp\/v2\/media?parent=8134"}],"curies":[{"name":"wp","href":"https:\/\/api.w.org\/{rel}","templated":true}]}}