{"id":5179,"date":"2021-09-20T07:20:15","date_gmt":"2021-09-20T07:20:15","guid":{"rendered":"https:\/\/demo.casethemes.net\/consultio\/?page_id=5179"},"modified":"2021-09-20T07:20:15","modified_gmt":"2021-09-20T07:20:15","slug":"sign-up","status":"publish","type":"page","link":"https:\/\/isikdemir.com.tr\/index.php\/sign-up\/","title":{"rendered":"Sign Up"},"content":{"rendered":"\t\t<div data-elementor-type=\"wp-page\" data-elementor-id=\"5179\" class=\"elementor elementor-5179\">\n\t\t\t\t        <section class=\"elementor-section elementor-top-section elementor-element elementor-element-7c5e14eb elementor-section-stretched elementor-section-boxed elementor-section-height-default elementor-section-height-default ct-header-fixed-none ct-row-max-none\" data-id=\"7c5e14eb\" data-element_type=\"section\" data-settings=\"{&quot;stretch_section&quot;:&quot;section-stretched&quot;,&quot;background_background&quot;:&quot;classic&quot;}\">\n                            <div class=\"elementor-background-overlay\"><\/div>\n                \n                        <div class=\"elementor-container elementor-column-gap-extended \">\n                    <div class=\"elementor-column elementor-col-100 elementor-top-column elementor-element elementor-element-4be7a454\" data-id=\"4be7a454\" data-element_type=\"column\">\n        <div class=\"elementor-widget-wrap elementor-element-populated\">\n                    \n        \t\t<div class=\"elementor-element elementor-element-29d968ab elementor-widget elementor-widget-ct_user\" data-id=\"29d968ab\" data-element_type=\"widget\" data-widget_type=\"ct_user.default\">\n\t\t\t\t<div class=\"elementor-widget-container\">\n\t\t\t\t\t<div class=\"ct-user \" data-wow-delay=\"ms\">\r\n    <div class=\"ct-user-inner\">\r\n        <div class=\"ct-user-holder\">\r\n            <div class=\"ct-user-meta\">\r\n                                    <h4 class=\"ct-user-title\">Create your account<\/h4>\r\n                                \n<div class=\"ct-user-form\">\n\t\t\n<div class=\"ct-user-form-body ct-user-form-register\">\n\t<div class=\"register-form\">\n\t\t<div class=\"fields-content\">\n\t\t\t<div class=\"field-group\">\n\t\t\t\t<input id=\"res_user\" type=\"text\" class=\"input\" placeholder=\"Username\" data-validate=\"Required Field\" data-user-length=\"Username too short. At least 4 characters is required.\" data-special-char=\"The value of text field can&#039;t contain any of the following characters: \\ \/ : * ? &quot; &lt; &gt; space\">\n\t\t\t\t<i class=\"zmdi zmdi-account\"><\/i>\n\t\t\t<\/div>\n\t\t\t<div class=\"field-group\">\n\t\t\t\t<input id=\"res_email\" type=\"text\" class=\"input\" placeholder=\"Email Address\" data-validate=\"Required Field\"  data-email-format=\"The Email address is incorrect!\">\n\t\t\t\t<i class=\"zmdi zmdi-email\"><\/i>\n\t\t\t<\/div>\n\t\t\t<div class=\"field-group\">\n\t\t\t\t<input id=\"res_pass1\" type=\"password\" class=\"input\" data-type=\"password\" placeholder=\"Password\" data-validate=\"Required Field\" data-pass-length=\"Password length must be greater than 5.\">\n\t\t\t\t<i class=\"zmdi zmdi-lock\"><\/i>\n\t\t\t<\/div>\n\t\t\t<div class=\"field-group\">\n\t\t\t\t<input id=\"res_pass2\" type=\"password\" class=\"input\" data-type=\"password\" placeholder=\"Confirm Password\" data-validate=\"Required Field\" data-pass-confirm=\"Your password and confirmation password do not match.\">\n\t\t\t\t<i class=\"zmdi zmdi-lock\"><\/i>\n\t\t\t<\/div>\n\t\t\t<div class=\"field-group\">\n\t\t\t\t<button type=\"button\" class=\"button btn-up-register\">Create Account<\/button>\n\t\t\t<\/div>\n\t\t<\/div>\n\t<\/div>\n<\/div>\t\t\t\t\t<\/div>            <\/div>  \r\n                            <div class=\"ct-user-bottom\">\r\n                    Already have an account?                    <a href=\"https:\/\/demo.casethemes.net\/consultio\/sign-in\/\">Log In<\/a>\r\n                <\/div>   \r\n                    <\/div>\r\n           \r\n    <\/div>\r\n<\/div>\t\t\t\t<\/div>\n\t\t\t\t<\/div>\n\t\t            <\/div>\n        <\/div>\n                    <\/div>\n        <\/section>\n        \t\t<\/div>\n\t\t","protected":false},"excerpt":{"rendered":"<p>Create your account admin Logout Already have an account? Log In<\/p>\n","protected":false},"author":1,"featured_media":0,"parent":0,"menu_order":0,"comment_status":"closed","ping_status":"closed","template":"","meta":{"footnotes":""},"class_list":["post-5179","page","type-page","status-publish","hentry"],"yoast_head":"<!-- This site is optimized with the Yoast SEO plugin v24.3 - https:\/\/yoast.com\/wordpress\/plugins\/seo\/ -->\r\n<title>Sign Up - I\u015eIK DEM\u0130R<\/title>\r\n<meta name=\"robots\" content=\"index, follow, max-snippet:-1, max-image-preview:large, max-video-preview:-1\" \/>\r\n<link rel=\"canonical\" href=\"https:\/\/isikdemir.com.tr\/index.php\/sign-up\/\" \/>\r\n<meta property=\"og:locale\" content=\"tr_TR\" \/>\r\n<meta property=\"og:type\" content=\"article\" \/>\r\n<meta property=\"og:title\" content=\"Sign Up - I\u015eIK DEM\u0130R\" \/>\r\n<meta property=\"og:description\" content=\"Create your account admin Logout Already have an account? Log In\" \/>\r\n<meta property=\"og:url\" content=\"https:\/\/isikdemir.com.tr\/index.php\/sign-up\/\" \/>\r\n<meta property=\"og:site_name\" content=\"I\u015eIK DEM\u0130R\" \/>\r\n<meta property=\"article:publisher\" content=\"https:\/\/www.facebook.com\/p\/Ik-Demir-100092820544779\/?locale=tr_TR\" \/>\r\n<meta property=\"og:image\" content=\"http:\/\/0.gravatar.com\/avatar\/38f0d06e243b441a8a6030aefeeb2a76?s=256&#038;d=mm&#038;r=g\" \/>\r\n<meta name=\"twitter:card\" content=\"summary_large_image\" \/>\r\n<script type=\"application\/ld+json\" class=\"yoast-schema-graph\">{\"@context\":\"https:\/\/schema.org\",\"@graph\":[{\"@type\":\"WebPage\",\"@id\":\"https:\/\/isikdemir.com.tr\/index.php\/sign-up\/\",\"url\":\"https:\/\/isikdemir.com.tr\/index.php\/sign-up\/\",\"name\":\"Sign Up - I\u015eIK DEM\u0130R\",\"isPartOf\":{\"@id\":\"https:\/\/isikdemir.com.tr\/#website\"},\"primaryImageOfPage\":{\"@id\":\"https:\/\/isikdemir.com.tr\/index.php\/sign-up\/#primaryimage\"},\"image\":{\"@id\":\"https:\/\/isikdemir.com.tr\/index.php\/sign-up\/#primaryimage\"},\"thumbnailUrl\":\"http:\/\/0.gravatar.com\/avatar\/38f0d06e243b441a8a6030aefeeb2a76?s=256&#038;d=mm&#038;r=g\",\"datePublished\":\"2021-09-20T07:20:15+00:00\",\"dateModified\":\"2021-09-20T07:20:15+00:00\",\"breadcrumb\":{\"@id\":\"https:\/\/isikdemir.com.tr\/index.php\/sign-up\/#breadcrumb\"},\"inLanguage\":\"tr\",\"potentialAction\":[{\"@type\":\"ReadAction\",\"target\":[\"https:\/\/isikdemir.com.tr\/index.php\/sign-up\/\"]}]},{\"@type\":\"ImageObject\",\"inLanguage\":\"tr\",\"@id\":\"https:\/\/isikdemir.com.tr\/index.php\/sign-up\/#primaryimage\",\"url\":\"http:\/\/0.gravatar.com\/avatar\/38f0d06e243b441a8a6030aefeeb2a76?s=256&#038;d=mm&#038;r=g\",\"contentUrl\":\"http:\/\/0.gravatar.com\/avatar\/38f0d06e243b441a8a6030aefeeb2a76?s=256&#038;d=mm&#038;r=g\"},{\"@type\":\"BreadcrumbList\",\"@id\":\"https:\/\/isikdemir.com.tr\/index.php\/sign-up\/#breadcrumb\",\"itemListElement\":[{\"@type\":\"ListItem\",\"position\":1,\"name\":\"Anasayfa\",\"item\":\"https:\/\/isikdemir.com.tr\/\"},{\"@type\":\"ListItem\",\"position\":2,\"name\":\"Sign Up\"}]},{\"@type\":\"WebSite\",\"@id\":\"https:\/\/isikdemir.com.tr\/#website\",\"url\":\"https:\/\/isikdemir.com.tr\/\",\"name\":\"I\u015eIK BORU PROF\u0130L\",\"description\":\"I\u015eIK BORU PROF\u0130L\",\"publisher\":{\"@id\":\"https:\/\/isikdemir.com.tr\/#organization\"},\"potentialAction\":[{\"@type\":\"SearchAction\",\"target\":{\"@type\":\"EntryPoint\",\"urlTemplate\":\"https:\/\/isikdemir.com.tr\/?s={search_term_string}\"},\"query-input\":{\"@type\":\"PropertyValueSpecification\",\"valueRequired\":true,\"valueName\":\"search_term_string\"}}],\"inLanguage\":\"tr\"},{\"@type\":\"Organization\",\"@id\":\"https:\/\/isikdemir.com.tr\/#organization\",\"name\":\"I\u015eIK BORU PROF\u0130L\",\"url\":\"https:\/\/isikdemir.com.tr\/\",\"logo\":{\"@type\":\"ImageObject\",\"inLanguage\":\"tr\",\"@id\":\"https:\/\/isikdemir.com.tr\/#\/schema\/logo\/image\/\",\"url\":\"https:\/\/isikdemir.com.tr\/wp-content\/uploads\/2020\/02\/logo.png\",\"contentUrl\":\"https:\/\/isikdemir.com.tr\/wp-content\/uploads\/2020\/02\/logo.png\",\"width\":300,\"height\":57,\"caption\":\"I\u015eIK BORU PROF\u0130L\"},\"image\":{\"@id\":\"https:\/\/isikdemir.com.tr\/#\/schema\/logo\/image\/\"},\"sameAs\":[\"https:\/\/www.facebook.com\/p\/Ik-Demir-100092820544779\/?locale=tr_TR\"]}]}<\/script>\r\n<!-- \/ Yoast SEO plugin. -->","yoast_head_json":{"title":"Sign Up - I\u015eIK DEM\u0130R","robots":{"index":"index","follow":"follow","max-snippet":"max-snippet:-1","max-image-preview":"max-image-preview:large","max-video-preview":"max-video-preview:-1"},"canonical":"https:\/\/isikdemir.com.tr\/index.php\/sign-up\/","og_locale":"tr_TR","og_type":"article","og_title":"Sign Up - I\u015eIK DEM\u0130R","og_description":"Create your account admin Logout Already have an account? Log In","og_url":"https:\/\/isikdemir.com.tr\/index.php\/sign-up\/","og_site_name":"I\u015eIK DEM\u0130R","article_publisher":"https:\/\/www.facebook.com\/p\/Ik-Demir-100092820544779\/?locale=tr_TR","og_image":[{"url":"http:\/\/0.gravatar.com\/avatar\/38f0d06e243b441a8a6030aefeeb2a76?s=256&#038;d=mm&#038;r=g","type":"","width":"","height":""}],"twitter_card":"summary_large_image","schema":{"@context":"https:\/\/schema.org","@graph":[{"@type":"WebPage","@id":"https:\/\/isikdemir.com.tr\/index.php\/sign-up\/","url":"https:\/\/isikdemir.com.tr\/index.php\/sign-up\/","name":"Sign Up - I\u015eIK DEM\u0130R","isPartOf":{"@id":"https:\/\/isikdemir.com.tr\/#website"},"primaryImageOfPage":{"@id":"https:\/\/isikdemir.com.tr\/index.php\/sign-up\/#primaryimage"},"image":{"@id":"https:\/\/isikdemir.com.tr\/index.php\/sign-up\/#primaryimage"},"thumbnailUrl":"http:\/\/0.gravatar.com\/avatar\/38f0d06e243b441a8a6030aefeeb2a76?s=256&#038;d=mm&#038;r=g","datePublished":"2021-09-20T07:20:15+00:00","dateModified":"2021-09-20T07:20:15+00:00","breadcrumb":{"@id":"https:\/\/isikdemir.com.tr\/index.php\/sign-up\/#breadcrumb"},"inLanguage":"tr","potentialAction":[{"@type":"ReadAction","target":["https:\/\/isikdemir.com.tr\/index.php\/sign-up\/"]}]},{"@type":"ImageObject","inLanguage":"tr","@id":"https:\/\/isikdemir.com.tr\/index.php\/sign-up\/#primaryimage","url":"http:\/\/0.gravatar.com\/avatar\/38f0d06e243b441a8a6030aefeeb2a76?s=256&#038;d=mm&#038;r=g","contentUrl":"http:\/\/0.gravatar.com\/avatar\/38f0d06e243b441a8a6030aefeeb2a76?s=256&#038;d=mm&#038;r=g"},{"@type":"BreadcrumbList","@id":"https:\/\/isikdemir.com.tr\/index.php\/sign-up\/#breadcrumb","itemListElement":[{"@type":"ListItem","position":1,"name":"Anasayfa","item":"https:\/\/isikdemir.com.tr\/"},{"@type":"ListItem","position":2,"name":"Sign Up"}]},{"@type":"WebSite","@id":"https:\/\/isikdemir.com.tr\/#website","url":"https:\/\/isikdemir.com.tr\/","name":"I\u015eIK BORU PROF\u0130L","description":"I\u015eIK BORU PROF\u0130L","publisher":{"@id":"https:\/\/isikdemir.com.tr\/#organization"},"potentialAction":[{"@type":"SearchAction","target":{"@type":"EntryPoint","urlTemplate":"https:\/\/isikdemir.com.tr\/?s={search_term_string}"},"query-input":{"@type":"PropertyValueSpecification","valueRequired":true,"valueName":"search_term_string"}}],"inLanguage":"tr"},{"@type":"Organization","@id":"https:\/\/isikdemir.com.tr\/#organization","name":"I\u015eIK BORU PROF\u0130L","url":"https:\/\/isikdemir.com.tr\/","logo":{"@type":"ImageObject","inLanguage":"tr","@id":"https:\/\/isikdemir.com.tr\/#\/schema\/logo\/image\/","url":"https:\/\/isikdemir.com.tr\/wp-content\/uploads\/2020\/02\/logo.png","contentUrl":"https:\/\/isikdemir.com.tr\/wp-content\/uploads\/2020\/02\/logo.png","width":300,"height":57,"caption":"I\u015eIK BORU PROF\u0130L"},"image":{"@id":"https:\/\/isikdemir.com.tr\/#\/schema\/logo\/image\/"},"sameAs":["https:\/\/www.facebook.com\/p\/Ik-Demir-100092820544779\/?locale=tr_TR"]}]}},"_links":{"self":[{"href":"https:\/\/isikdemir.com.tr\/index.php\/wp-json\/wp\/v2\/pages\/5179","targetHints":{"allow":["GET"]}}],"collection":[{"href":"https:\/\/isikdemir.com.tr\/index.php\/wp-json\/wp\/v2\/pages"}],"about":[{"href":"https:\/\/isikdemir.com.tr\/index.php\/wp-json\/wp\/v2\/types\/page"}],"author":[{"embeddable":true,"href":"https:\/\/isikdemir.com.tr\/index.php\/wp-json\/wp\/v2\/users\/1"}],"replies":[{"embeddable":true,"href":"https:\/\/isikdemir.com.tr\/index.php\/wp-json\/wp\/v2\/comments?post=5179"}],"version-history":[{"count":0,"href":"https:\/\/isikdemir.com.tr\/index.php\/wp-json\/wp\/v2\/pages\/5179\/revisions"}],"wp:attachment":[{"href":"https:\/\/isikdemir.com.tr\/index.php\/wp-json\/wp\/v2\/media?parent=5179"}],"curies":[{"name":"wp","href":"https:\/\/api.w.org\/{rel}","templated":true}]}}