{"id":4423,"date":"2020-07-23T09:06:48","date_gmt":"2020-07-23T09:06:48","guid":{"rendered":"https:\/\/demo.casethemes.net\/consultio\/?page_id=4423"},"modified":"2020-07-23T09:06:48","modified_gmt":"2020-07-23T09:06:48","slug":"portfolio-carousel","status":"publish","type":"page","link":"https:\/\/isikdemir.com.tr\/index.php\/portfolio-carousel\/","title":{"rendered":"Portfolio Carousel"},"content":{"rendered":"\t\t<div data-elementor-type=\"wp-page\" data-elementor-id=\"4423\" class=\"elementor elementor-4423\">\n\t\t\t\t        <section class=\"elementor-section elementor-top-section elementor-element elementor-element-337cc626 elementor-section-content-middle elementor-section-boxed elementor-section-height-default elementor-section-height-default ct-header-fixed-none ct-row-max-none\" data-id=\"337cc626\" data-element_type=\"section\">\n            \n                        <div class=\"elementor-container elementor-column-gap-extended \">\n                    <div class=\"elementor-column elementor-col-50 elementor-top-column elementor-element elementor-element-20938c5e\" data-id=\"20938c5e\" data-element_type=\"column\">\n        <div class=\"elementor-widget-wrap elementor-element-populated\">\n                    \n        \t\t<div class=\"elementor-element elementor-element-277fcf5c elementor-widget elementor-widget-ct_heading\" data-id=\"277fcf5c\" data-element_type=\"widget\" data-widget_type=\"ct_heading.default\">\n\t\t\t\t<div class=\"elementor-widget-container\">\n\t\t\t\t\t<div id=\"ct_heading-277fcf5c\" class=\"ct-heading h-align- sub- ct-heading-left item-st-line-left1\">\r\n\t<div class=\"ct-item--inner\">\r\n        <div class=\"ct-inline-css\"  data-css=\"\r\n            \">\r\n        <\/div>\r\n                <h3 class=\"item--title st-line-left1 case-animate-time\" data-wow-delay=\"ms\">\r\n                        <span class=\"sp-main\">\r\n                                    <i><\/i>\r\n                \r\n                Our client, global analytical techno company, wanted to build market.\r\n                \r\n                            <\/span>\r\n                    <\/h3>\r\n    <\/div>\r\n<\/div>\t\t\t\t<\/div>\n\t\t\t\t<\/div>\n\t\t            <\/div>\n        <\/div>\n                <div class=\"elementor-column elementor-col-50 elementor-top-column elementor-element elementor-element-18eb85c6\" data-id=\"18eb85c6\" data-element_type=\"column\">\n        <div class=\"elementor-widget-wrap elementor-element-populated\">\n                    \n        \t\t<div class=\"elementor-element elementor-element-53b59d63 elementor-widget elementor-widget-text-editor\" data-id=\"53b59d63\" data-element_type=\"widget\" data-widget_type=\"text-editor.default\">\n\t\t\t\t\t\t\t\t\t<p>In this context, our approach was to build trusted and strategic relationships within key sectors, with the goal of advancing health, trade and business outcomes.<\/p>\t\t\t\t\t\t\t\t<\/div>\n\t\t            <\/div>\n        <\/div>\n                    <\/div>\n        <\/section>\n                <section class=\"elementor-section elementor-top-section elementor-element elementor-element-237ec8d3 elementor-section-boxed elementor-section-height-default elementor-section-height-default ct-header-fixed-none ct-row-max-none\" data-id=\"237ec8d3\" data-element_type=\"section\">\n            \n                        <div class=\"elementor-container elementor-column-gap-extended \">\n                    <div class=\"elementor-column elementor-col-100 elementor-top-column elementor-element elementor-element-5df96907\" data-id=\"5df96907\" data-element_type=\"column\">\n        <div class=\"elementor-widget-wrap elementor-element-populated\">\n                    \n        \t\t<div class=\"elementor-element elementor-element-5d9c1f7 elementor-widget elementor-widget-ct_portfolio_carousel\" data-id=\"5d9c1f7\" data-element_type=\"widget\" data-widget_type=\"ct_portfolio_carousel.default\">\n\t\t\t\t<div class=\"elementor-widget-container\">\n\t\t\t\t\t\r\n<div id=\"ct_portfolio_carousel-5d9c1f7\" class=\"ct-portfolio-carousel1 ct-slick-slider style1\">\r\n    <div class=\"ct-carousel-inner\">\r\n        <div class=\"ct-slick-carousel\" data-arrows=\"false\" data-dots=\"true\" data-pauseOnHover=\"false\" data-autoplay=\"false\" data-autoplaySpeed=\"5000\" data-infinite=\"false\" data-speed=\"500\" data-colxs=\"1\" data-colsm=\"2\" data-colmd=\"2\" data-collg=\"3\" data-colxl=\"4\" data-dir=\"false\" data-slidesToScroll=\"1\">\r\n                    <div class=\"carousel-item slick-slide\">\r\n                <div class=\"grid-item-inner\">\r\n                                        \r\n                    <div class=\"item--holder\">\r\n                                                    <div class=\"item--meta\">\r\n                                                                    <h3 class=\"item--title\"><a href=\"https:\/\/isikdemir.com.tr\/index.php\/portfolio\/business-growth\/\">Business Growth<\/a><\/h3>\r\n                                                                                                    <div class=\"item--category\">\r\n                                        <a href=\"https:\/\/isikdemir.com.tr\/index.php\/portfolio-category\/coaching\/\" rel=\"tag\">Coaching<\/a>                                    <\/div>\r\n                                                            <\/div>\r\n                                                            <div class=\"item--readmore\">\r\n                                    <a href=\"https:\/\/isikdemir.com.tr\/index.php\/portfolio\/business-growth\/\"><i class=\"ct-icon-plus-lg\"><\/i><\/a>\r\n                                <\/div>\r\n                                                                        <\/div>\r\n                        \r\n                <\/div>\r\n            <\/div>\r\n                    <div class=\"carousel-item slick-slide\">\r\n                <div class=\"grid-item-inner\">\r\n                                        \r\n                    <div class=\"item--holder\">\r\n                                                    <a class=\"item--video ct-video-button\" href=\"https:\/\/www.youtube.com\/watch?v=SF4aHwxHtZ0\"><i class=\"fac fac-play\"><\/i><\/a>\r\n                                            <\/div>\r\n                        \r\n                <\/div>\r\n            <\/div>\r\n                    <div class=\"carousel-item slick-slide\">\r\n                <div class=\"grid-item-inner\">\r\n                                        \r\n                    <div class=\"item--holder\">\r\n                                                    <div class=\"item--meta\">\r\n                                                                    <h3 class=\"item--title\"><a href=\"https:\/\/isikdemir.com.tr\/index.php\/portfolio\/chan-agency\/\">Chan Agency<\/a><\/h3>\r\n                                                                                                    <div class=\"item--category\">\r\n                                        <a href=\"https:\/\/isikdemir.com.tr\/index.php\/portfolio-category\/coaching\/\" rel=\"tag\">Coaching<\/a>                                    <\/div>\r\n                                                            <\/div>\r\n                                                            <div class=\"item--readmore\">\r\n                                    <a href=\"https:\/\/isikdemir.com.tr\/index.php\/portfolio\/chan-agency\/\"><i class=\"ct-icon-plus-lg\"><\/i><\/a>\r\n                                <\/div>\r\n                                                                        <\/div>\r\n                        \r\n                <\/div>\r\n            <\/div>\r\n                    <div class=\"carousel-item slick-slide\">\r\n                <div class=\"grid-item-inner\">\r\n                                        \r\n                    <div class=\"item--holder\">\r\n                                                    <div class=\"item--meta\">\r\n                                                                    <h3 class=\"item--title\"><a href=\"https:\/\/isikdemir.com.tr\/index.php\/portfolio\/data-analytics\/\">Data Analytics<\/a><\/h3>\r\n                                                                                                    <div class=\"item--category\">\r\n                                        <a href=\"https:\/\/isikdemir.com.tr\/index.php\/portfolio-category\/strategy\/\" rel=\"tag\">Strategy<\/a>                                    <\/div>\r\n                                                            <\/div>\r\n                                                            <div class=\"item--readmore\">\r\n                                    <a href=\"https:\/\/isikdemir.com.tr\/index.php\/portfolio\/data-analytics\/\"><i class=\"ct-icon-plus-lg\"><\/i><\/a>\r\n                                <\/div>\r\n                                                                        <\/div>\r\n                        \r\n                <\/div>\r\n            <\/div>\r\n                    <div class=\"carousel-item slick-slide\">\r\n                <div class=\"grid-item-inner\">\r\n                                        \r\n                    <div class=\"item--holder\">\r\n                                                    <div class=\"item--meta\">\r\n                                                                    <h3 class=\"item--title\"><a href=\"https:\/\/isikdemir.com.tr\/index.php\/portfolio\/court-imperial\/\">Court Imperial<\/a><\/h3>\r\n                                                                                                    <div class=\"item--category\">\r\n                                        <a href=\"https:\/\/isikdemir.com.tr\/index.php\/portfolio-category\/facilitation\/\" rel=\"tag\">Facilitation<\/a>                                    <\/div>\r\n                                                            <\/div>\r\n                                                            <div class=\"item--readmore\">\r\n                                    <a href=\"https:\/\/isikdemir.com.tr\/index.php\/portfolio\/court-imperial\/\"><i class=\"ct-icon-plus-lg\"><\/i><\/a>\r\n                                <\/div>\r\n                                                                        <\/div>\r\n                        \r\n                <\/div>\r\n            <\/div>\r\n                    <div class=\"carousel-item slick-slide\">\r\n                <div class=\"grid-item-inner\">\r\n                                        \r\n                    <div class=\"item--holder\">\r\n                                                    <div class=\"item--meta\">\r\n                                                                    <h3 class=\"item--title\"><a href=\"https:\/\/isikdemir.com.tr\/index.php\/portfolio\/revenue-growth\/\">Revenue Growth<\/a><\/h3>\r\n                                                                                                    <div class=\"item--category\">\r\n                                        <a href=\"https:\/\/isikdemir.com.tr\/index.php\/portfolio-category\/stakeholder-relations\/\" rel=\"tag\">Stakeholder relations<\/a>                                    <\/div>\r\n                                                            <\/div>\r\n                                                            <div class=\"item--readmore\">\r\n                                    <a href=\"https:\/\/isikdemir.com.tr\/index.php\/portfolio\/revenue-growth\/\"><i class=\"ct-icon-plus-lg\"><\/i><\/a>\r\n                                <\/div>\r\n                                                                        <\/div>\r\n                        \r\n                <\/div>\r\n            <\/div>\r\n                <\/div>\r\n    <\/div>\r\n<\/div>\r\n\t\t\t\t<\/div>\n\t\t\t\t<\/div>\n\t\t\t\t<div class=\"elementor-element elementor-element-76e3b51c elementor-widget elementor-widget-ct_clients_list\" data-id=\"76e3b51c\" data-element_type=\"widget\" data-widget_type=\"ct_clients_list.default\">\n\t\t\t\t<div class=\"elementor-widget-container\">\n\t\t\t\t\t    <div class=\"ct-client1 ct-slick-slider style1\">\r\n        <div class=\"ct-clients-list-inner\">\r\n            <div class=\"ct-slick-carousel\" data-arrows=\"\" data-dots=\"\" data-pauseOnHover=\"\" data-autoplay=\"true\" data-autoplaySpeed=\"8000\" data-infinite=\"true\" data-speed=\"800\" data-colxs=\"2\" data-colsm=\"3\" data-colmd=\"4\" data-collg=\"4\" data-colxl=\"4\" data-dir=\"false\" data-slidesToScroll=\"1\">\r\n                                        <div class=\"slick-slide\">\r\n                            <div class=\"client-image wow zoomIn\">\r\n                                <a href=\"#\">\r\n                                                                                                        <\/a>\r\n                            <\/div>\r\n                        <\/div>\r\n                                                            <div class=\"slick-slide\">\r\n                            <div class=\"client-image wow zoomIn\">\r\n                                <a href=\"#\">\r\n                                                                                                        <\/a>\r\n                            <\/div>\r\n                        <\/div>\r\n                                                            <div class=\"slick-slide\">\r\n                            <div class=\"client-image wow zoomIn\">\r\n                                <a href=\"#\">\r\n                                                                                                        <\/a>\r\n                            <\/div>\r\n                        <\/div>\r\n                                                            <div class=\"slick-slide\">\r\n                            <div class=\"client-image wow zoomIn\">\r\n                                <a href=\"#\">\r\n                                                                                                        <\/a>\r\n                            <\/div>\r\n                        <\/div>\r\n                                                            <div class=\"slick-slide\">\r\n                            <div class=\"client-image wow zoomIn\">\r\n                                <a href=\"#\">\r\n                                                                                                        <\/a>\r\n                            <\/div>\r\n                        <\/div>\r\n                                                <\/div>\r\n        <\/div>\r\n    <\/div>\r\n\t\t\t\t<\/div>\n\t\t\t\t<\/div>\n\t\t            <\/div>\n        <\/div>\n                    <\/div>\n        <\/section>\n        \t\t<\/div>\n\t\t","protected":false},"excerpt":{"rendered":"<p>Our client, global analytical techno company, wanted to build market. In this context, our approach was to build trusted and strategic relationships within key sectors, with the goal of advancing health, trade and business outcomes. Business Growth Coaching + Digital Analysis Facilitation + Chan Agency Coaching + Data Analytics Strategy + Court Imperial Facilitation + [&hellip;]<\/p>\n","protected":false},"author":1,"featured_media":0,"parent":0,"menu_order":0,"comment_status":"closed","ping_status":"closed","template":"","meta":{"footnotes":""},"class_list":["post-4423","page","type-page","status-publish","hentry"],"yoast_head":"<!-- This site is optimized with the Yoast SEO plugin v24.3 - https:\/\/yoast.com\/wordpress\/plugins\/seo\/ -->\r\n<title>Portfolio Carousel - I\u015eIK DEM\u0130R<\/title>\r\n<meta name=\"robots\" content=\"index, follow, max-snippet:-1, max-image-preview:large, max-video-preview:-1\" \/>\r\n<link rel=\"canonical\" href=\"https:\/\/isikdemir.com.tr\/index.php\/portfolio-carousel\/\" \/>\r\n<meta property=\"og:locale\" content=\"tr_TR\" \/>\r\n<meta property=\"og:type\" content=\"article\" \/>\r\n<meta property=\"og:title\" content=\"Portfolio Carousel - I\u015eIK DEM\u0130R\" \/>\r\n<meta property=\"og:description\" content=\"Our client, global analytical techno company, wanted to build market. In this context, our approach was to build trusted and strategic relationships within key sectors, with the goal of advancing health, trade and business outcomes. Business Growth Coaching + Digital Analysis Facilitation + Chan Agency Coaching + Data Analytics Strategy + Court Imperial Facilitation + [&hellip;]\" \/>\r\n<meta property=\"og:url\" content=\"https:\/\/isikdemir.com.tr\/index.php\/portfolio-carousel\/\" \/>\r\n<meta property=\"og:site_name\" content=\"I\u015eIK DEM\u0130R\" \/>\r\n<meta property=\"article:publisher\" content=\"https:\/\/www.facebook.com\/p\/Ik-Demir-100092820544779\/?locale=tr_TR\" \/>\r\n<meta property=\"og:image\" content=\"http:\/\/isikdemir.com.tr\/wp-content\/uploads\/2019\/11\/theme-01-600x589.jpg\" \/>\r\n<meta name=\"twitter:card\" content=\"summary_large_image\" \/>\r\n<script type=\"application\/ld+json\" class=\"yoast-schema-graph\">{\"@context\":\"https:\/\/schema.org\",\"@graph\":[{\"@type\":\"WebPage\",\"@id\":\"https:\/\/isikdemir.com.tr\/index.php\/portfolio-carousel\/\",\"url\":\"https:\/\/isikdemir.com.tr\/index.php\/portfolio-carousel\/\",\"name\":\"Portfolio Carousel - I\u015eIK DEM\u0130R\",\"isPartOf\":{\"@id\":\"https:\/\/isikdemir.com.tr\/#website\"},\"primaryImageOfPage\":{\"@id\":\"https:\/\/isikdemir.com.tr\/index.php\/portfolio-carousel\/#primaryimage\"},\"image\":{\"@id\":\"https:\/\/isikdemir.com.tr\/index.php\/portfolio-carousel\/#primaryimage\"},\"thumbnailUrl\":\"http:\/\/isikdemir.com.tr\/wp-content\/uploads\/2019\/11\/theme-01-600x589.jpg\",\"datePublished\":\"2020-07-23T09:06:48+00:00\",\"dateModified\":\"2020-07-23T09:06:48+00:00\",\"breadcrumb\":{\"@id\":\"https:\/\/isikdemir.com.tr\/index.php\/portfolio-carousel\/#breadcrumb\"},\"inLanguage\":\"tr\",\"potentialAction\":[{\"@type\":\"ReadAction\",\"target\":[\"https:\/\/isikdemir.com.tr\/index.php\/portfolio-carousel\/\"]}]},{\"@type\":\"ImageObject\",\"inLanguage\":\"tr\",\"@id\":\"https:\/\/isikdemir.com.tr\/index.php\/portfolio-carousel\/#primaryimage\",\"url\":\"http:\/\/isikdemir.com.tr\/wp-content\/uploads\/2019\/11\/theme-01-600x589.jpg\",\"contentUrl\":\"http:\/\/isikdemir.com.tr\/wp-content\/uploads\/2019\/11\/theme-01-600x589.jpg\"},{\"@type\":\"BreadcrumbList\",\"@id\":\"https:\/\/isikdemir.com.tr\/index.php\/portfolio-carousel\/#breadcrumb\",\"itemListElement\":[{\"@type\":\"ListItem\",\"position\":1,\"name\":\"Anasayfa\",\"item\":\"https:\/\/isikdemir.com.tr\/\"},{\"@type\":\"ListItem\",\"position\":2,\"name\":\"Portfolio Carousel\"}]},{\"@type\":\"WebSite\",\"@id\":\"https:\/\/isikdemir.com.tr\/#website\",\"url\":\"https:\/\/isikdemir.com.tr\/\",\"name\":\"I\u015eIK BORU PROF\u0130L\",\"description\":\"I\u015eIK BORU PROF\u0130L\",\"publisher\":{\"@id\":\"https:\/\/isikdemir.com.tr\/#organization\"},\"potentialAction\":[{\"@type\":\"SearchAction\",\"target\":{\"@type\":\"EntryPoint\",\"urlTemplate\":\"https:\/\/isikdemir.com.tr\/?s={search_term_string}\"},\"query-input\":{\"@type\":\"PropertyValueSpecification\",\"valueRequired\":true,\"valueName\":\"search_term_string\"}}],\"inLanguage\":\"tr\"},{\"@type\":\"Organization\",\"@id\":\"https:\/\/isikdemir.com.tr\/#organization\",\"name\":\"I\u015eIK BORU PROF\u0130L\",\"url\":\"https:\/\/isikdemir.com.tr\/\",\"logo\":{\"@type\":\"ImageObject\",\"inLanguage\":\"tr\",\"@id\":\"https:\/\/isikdemir.com.tr\/#\/schema\/logo\/image\/\",\"url\":\"https:\/\/isikdemir.com.tr\/wp-content\/uploads\/2020\/02\/logo.png\",\"contentUrl\":\"https:\/\/isikdemir.com.tr\/wp-content\/uploads\/2020\/02\/logo.png\",\"width\":300,\"height\":57,\"caption\":\"I\u015eIK BORU PROF\u0130L\"},\"image\":{\"@id\":\"https:\/\/isikdemir.com.tr\/#\/schema\/logo\/image\/\"},\"sameAs\":[\"https:\/\/www.facebook.com\/p\/Ik-Demir-100092820544779\/?locale=tr_TR\"]}]}<\/script>\r\n<!-- \/ Yoast SEO plugin. -->","yoast_head_json":{"title":"Portfolio Carousel - I\u015eIK DEM\u0130R","robots":{"index":"index","follow":"follow","max-snippet":"max-snippet:-1","max-image-preview":"max-image-preview:large","max-video-preview":"max-video-preview:-1"},"canonical":"https:\/\/isikdemir.com.tr\/index.php\/portfolio-carousel\/","og_locale":"tr_TR","og_type":"article","og_title":"Portfolio Carousel - I\u015eIK DEM\u0130R","og_description":"Our client, global analytical techno company, wanted to build market. In this context, our approach was to build trusted and strategic relationships within key sectors, with the goal of advancing health, trade and business outcomes. Business Growth Coaching + Digital Analysis Facilitation + Chan Agency Coaching + Data Analytics Strategy + Court Imperial Facilitation + [&hellip;]","og_url":"https:\/\/isikdemir.com.tr\/index.php\/portfolio-carousel\/","og_site_name":"I\u015eIK DEM\u0130R","article_publisher":"https:\/\/www.facebook.com\/p\/Ik-Demir-100092820544779\/?locale=tr_TR","og_image":[{"url":"http:\/\/isikdemir.com.tr\/wp-content\/uploads\/2019\/11\/theme-01-600x589.jpg","type":"","width":"","height":""}],"twitter_card":"summary_large_image","schema":{"@context":"https:\/\/schema.org","@graph":[{"@type":"WebPage","@id":"https:\/\/isikdemir.com.tr\/index.php\/portfolio-carousel\/","url":"https:\/\/isikdemir.com.tr\/index.php\/portfolio-carousel\/","name":"Portfolio Carousel - I\u015eIK DEM\u0130R","isPartOf":{"@id":"https:\/\/isikdemir.com.tr\/#website"},"primaryImageOfPage":{"@id":"https:\/\/isikdemir.com.tr\/index.php\/portfolio-carousel\/#primaryimage"},"image":{"@id":"https:\/\/isikdemir.com.tr\/index.php\/portfolio-carousel\/#primaryimage"},"thumbnailUrl":"http:\/\/isikdemir.com.tr\/wp-content\/uploads\/2019\/11\/theme-01-600x589.jpg","datePublished":"2020-07-23T09:06:48+00:00","dateModified":"2020-07-23T09:06:48+00:00","breadcrumb":{"@id":"https:\/\/isikdemir.com.tr\/index.php\/portfolio-carousel\/#breadcrumb"},"inLanguage":"tr","potentialAction":[{"@type":"ReadAction","target":["https:\/\/isikdemir.com.tr\/index.php\/portfolio-carousel\/"]}]},{"@type":"ImageObject","inLanguage":"tr","@id":"https:\/\/isikdemir.com.tr\/index.php\/portfolio-carousel\/#primaryimage","url":"http:\/\/isikdemir.com.tr\/wp-content\/uploads\/2019\/11\/theme-01-600x589.jpg","contentUrl":"http:\/\/isikdemir.com.tr\/wp-content\/uploads\/2019\/11\/theme-01-600x589.jpg"},{"@type":"BreadcrumbList","@id":"https:\/\/isikdemir.com.tr\/index.php\/portfolio-carousel\/#breadcrumb","itemListElement":[{"@type":"ListItem","position":1,"name":"Anasayfa","item":"https:\/\/isikdemir.com.tr\/"},{"@type":"ListItem","position":2,"name":"Portfolio Carousel"}]},{"@type":"WebSite","@id":"https:\/\/isikdemir.com.tr\/#website","url":"https:\/\/isikdemir.com.tr\/","name":"I\u015eIK BORU PROF\u0130L","description":"I\u015eIK BORU PROF\u0130L","publisher":{"@id":"https:\/\/isikdemir.com.tr\/#organization"},"potentialAction":[{"@type":"SearchAction","target":{"@type":"EntryPoint","urlTemplate":"https:\/\/isikdemir.com.tr\/?s={search_term_string}"},"query-input":{"@type":"PropertyValueSpecification","valueRequired":true,"valueName":"search_term_string"}}],"inLanguage":"tr"},{"@type":"Organization","@id":"https:\/\/isikdemir.com.tr\/#organization","name":"I\u015eIK BORU PROF\u0130L","url":"https:\/\/isikdemir.com.tr\/","logo":{"@type":"ImageObject","inLanguage":"tr","@id":"https:\/\/isikdemir.com.tr\/#\/schema\/logo\/image\/","url":"https:\/\/isikdemir.com.tr\/wp-content\/uploads\/2020\/02\/logo.png","contentUrl":"https:\/\/isikdemir.com.tr\/wp-content\/uploads\/2020\/02\/logo.png","width":300,"height":57,"caption":"I\u015eIK BORU PROF\u0130L"},"image":{"@id":"https:\/\/isikdemir.com.tr\/#\/schema\/logo\/image\/"},"sameAs":["https:\/\/www.facebook.com\/p\/Ik-Demir-100092820544779\/?locale=tr_TR"]}]}},"_links":{"self":[{"href":"https:\/\/isikdemir.com.tr\/index.php\/wp-json\/wp\/v2\/pages\/4423","targetHints":{"allow":["GET"]}}],"collection":[{"href":"https:\/\/isikdemir.com.tr\/index.php\/wp-json\/wp\/v2\/pages"}],"about":[{"href":"https:\/\/isikdemir.com.tr\/index.php\/wp-json\/wp\/v2\/types\/page"}],"author":[{"embeddable":true,"href":"https:\/\/isikdemir.com.tr\/index.php\/wp-json\/wp\/v2\/users\/1"}],"replies":[{"embeddable":true,"href":"https:\/\/isikdemir.com.tr\/index.php\/wp-json\/wp\/v2\/comments?post=4423"}],"version-history":[{"count":0,"href":"https:\/\/isikdemir.com.tr\/index.php\/wp-json\/wp\/v2\/pages\/4423\/revisions"}],"wp:attachment":[{"href":"https:\/\/isikdemir.com.tr\/index.php\/wp-json\/wp\/v2\/media?parent=4423"}],"curies":[{"name":"wp","href":"https:\/\/api.w.org\/{rel}","templated":true}]}}