{"id":4389,"date":"2020-07-23T08:28:23","date_gmt":"2020-07-23T08:28:23","guid":{"rendered":"https:\/\/demo.casethemes.net\/consultio\/?page_id=4389"},"modified":"2020-07-23T08:28:23","modified_gmt":"2020-07-23T08:28:23","slug":"icon-grid","status":"publish","type":"page","link":"https:\/\/isikdemir.com.tr\/index.php\/elements\/icon-grid\/","title":{"rendered":"Icon Grid"},"content":{"rendered":"\t\t<div data-elementor-type=\"wp-page\" data-elementor-id=\"4389\" class=\"elementor elementor-4389\">\n\t\t\t\t        <section class=\"elementor-section elementor-top-section elementor-element elementor-element-386abd63 elementor-section-stretched elementor-section-full_width elementor-section-height-default elementor-section-height-default ct-header-fixed-none ct-row-max-none\" data-id=\"386abd63\" data-element_type=\"section\" data-settings=\"{&quot;stretch_section&quot;:&quot;section-stretched&quot;,&quot;background_background&quot;:&quot;classic&quot;}\">\n            \n                        <div class=\"elementor-container elementor-column-gap-default \">\n                    <div class=\"elementor-column elementor-col-100 elementor-top-column elementor-element elementor-element-420fdf9b\" data-id=\"420fdf9b\" data-element_type=\"column\">\n        <div class=\"elementor-widget-wrap\">\n                    \n                    <\/div>\n        <\/div>\n                    <\/div>\n        <\/section>\n                <section class=\"elementor-section elementor-top-section elementor-element elementor-element-62e913a elementor-section-stretched elementor-section-boxed elementor-section-height-default elementor-section-height-default ct-header-fixed-none ct-row-max-none\" data-id=\"62e913a\" data-element_type=\"section\" data-settings=\"{&quot;stretch_section&quot;:&quot;section-stretched&quot;,&quot;background_background&quot;:&quot;classic&quot;}\">\n                            <div class=\"elementor-background-overlay\"><\/div>\n                \n                        <div class=\"elementor-container elementor-column-gap-extended \">\n                    <div class=\"elementor-column elementor-col-100 elementor-top-column elementor-element elementor-element-9093e24\" data-id=\"9093e24\" data-element_type=\"column\">\n        <div class=\"elementor-widget-wrap elementor-element-populated\">\n                    \n        \t\t<div class=\"elementor-element elementor-element-3ce3b94 elementor-widget elementor-widget-ct_fancy_box_grid\" data-id=\"3ce3b94\" data-element_type=\"widget\" data-widget_type=\"ct_fancy_box_grid.default\">\n\t\t\t\t<div class=\"elementor-widget-container\">\n\t\t\t\t\t    <div id=\"ct_fancy_box_grid-3ce3b94\" class=\"ct-grid ct-fancy-box-grid ct-fancy-box-grid1\">\r\n        <div class=\"ct-inline-css\"  data-css=\"\r\n                            #ct_fancy_box_grid-3ce3b94 .item--inner .item-line-top, #ct_fancy_box_grid-3ce3b94 .item--inner .item-line-bottom {\r\n                    background: rgba(0, 0, 0, 0) -webkit-linear-gradient(to right, rgba(0, 0, 0, 0), #C1282A, rgba(0, 0, 0, 0));\r\n                    background: rgba(0, 0, 0, 0) -ms-linear-gradient(to right, rgba(0, 0, 0, 0), #C1282A, rgba(0, 0, 0, 0));\r\n                    background: rgba(0, 0, 0, 0) -o-linear-gradient(to right, rgba(0, 0, 0, 0), #C1282A, rgba(0, 0, 0, 0));\r\n                    background: rgba(0, 0, 0, 0) linear-gradient(to right, rgba(0, 0, 0, 0), #C1282A, rgba(0, 0, 0, 0));\r\n                }\r\n                #ct_fancy_box_grid-3ce3b94 .item--inner .item-line-left, #ct_fancy_box_grid-3ce3b94 .item--inner .item-line-right {\r\n                    background: rgba(0, 0, 0, 0) -webkit-linear-gradient(to top, rgba(0,0,0, 0), #C1282A, rgba(0,0,0, 0));\r\n                    background: rgba(0, 0, 0, 0) -ms-linear-gradient(to top, rgba(0,0,0, 0), #C1282A, rgba(0,0,0, 0));\r\n                    background: rgba(0, 0, 0, 0) -o-linear-gradient(to top, rgba(0,0,0, 0), #C1282A, rgba(0,0,0, 0));\r\n                    background: rgba(0, 0, 0, 0) linear-gradient(to top, rgba(0,0,0, 0), #C1282A, rgba(0,0,0, 0));\r\n                }\r\n            \">\r\n        <\/div>\r\n        <div class=\"ct-grid-inner ct-grid-masonry row\" data-gutter=\"7\">\r\n                            <div class=\"grid-item col-xl-3 col-lg-3 col-md-6 col-sm-6 col-12\">\r\n                    <div class=\"item--inner \">\r\n                        <div class=\"item--holder\">\r\n                        \t<div class=\"item--meta\">\r\n                                                                    <div class=\"item--icon\">\r\n                                        <i aria-hidden=\"true\" class=\"flaticon flaticon-leadership\"><\/i>                                                                            <\/div>\r\n                                                                                                <h3 class=\"item--title\">    \r\n                                    Consulation                                <\/h3>\r\n                                                                    <a class=\"item-link\" href=\"#\"><\/a>\r\n                                                            <\/div>\r\n                        <\/div>\r\n                        <div class=\"item-line item-line-top\"><\/div>\r\n                        <div class=\"item-line item-line-bottom\"><\/div>\r\n                        <div class=\"item-line item-line-left\"><\/div>\r\n                        <div class=\"item-line item-line-right\"><\/div>\r\n                   <\/div>\r\n                <\/div>\r\n                            <div class=\"grid-item col-xl-3 col-lg-3 col-md-6 col-sm-6 col-12\">\r\n                    <div class=\"item--inner \">\r\n                        <div class=\"item--holder\">\r\n                        \t<div class=\"item--meta\">\r\n                                                                    <div class=\"item--icon\">\r\n                                        <i aria-hidden=\"true\" class=\"flaticon flaticon-report\"><\/i>                                                                            <\/div>\r\n                                                                                                <h3 class=\"item--title\">    \r\n                                    Brand & identity                                <\/h3>\r\n                                                                    <a class=\"item-link\" href=\"#\"><\/a>\r\n                                                            <\/div>\r\n                        <\/div>\r\n                        <div class=\"item-line item-line-top\"><\/div>\r\n                        <div class=\"item-line item-line-bottom\"><\/div>\r\n                        <div class=\"item-line item-line-left\"><\/div>\r\n                        <div class=\"item-line item-line-right\"><\/div>\r\n                   <\/div>\r\n                <\/div>\r\n                            <div class=\"grid-item col-xl-3 col-lg-3 col-md-6 col-sm-6 col-12\">\r\n                    <div class=\"item--inner \">\r\n                        <div class=\"item--holder\">\r\n                        \t<div class=\"item--meta\">\r\n                                                                    <div class=\"item--icon\">\r\n                                        <i aria-hidden=\"true\" class=\"flaticon flaticon-strategy\"><\/i>                                                                            <\/div>\r\n                                                                                                <h3 class=\"item--title\">    \r\n                                    Web Design                                <\/h3>\r\n                                                                    <a class=\"item-link\" href=\"#\"><\/a>\r\n                                                            <\/div>\r\n                        <\/div>\r\n                        <div class=\"item-line item-line-top\"><\/div>\r\n                        <div class=\"item-line item-line-bottom\"><\/div>\r\n                        <div class=\"item-line item-line-left\"><\/div>\r\n                        <div class=\"item-line item-line-right\"><\/div>\r\n                   <\/div>\r\n                <\/div>\r\n                            <div class=\"grid-item col-xl-3 col-lg-3 col-md-6 col-sm-6 col-12\">\r\n                    <div class=\"item--inner \">\r\n                        <div class=\"item--holder\">\r\n                        \t<div class=\"item--meta\">\r\n                                                                    <div class=\"item--icon\">\r\n                                        <i aria-hidden=\"true\" class=\"flaticonv3 flaticonv3-presentation\"><\/i>                                                                            <\/div>\r\n                                                                                                <h3 class=\"item--title\">    \r\n                                    Graphic Design                                <\/h3>\r\n                                                                    <a class=\"item-link\" href=\"#\"><\/a>\r\n                                                            <\/div>\r\n                        <\/div>\r\n                        <div class=\"item-line item-line-top\"><\/div>\r\n                        <div class=\"item-line item-line-bottom\"><\/div>\r\n                        <div class=\"item-line item-line-left\"><\/div>\r\n                        <div class=\"item-line item-line-right\"><\/div>\r\n                   <\/div>\r\n                <\/div>\r\n                            <div class=\"grid-item col-xl-3 col-lg-3 col-md-6 col-sm-6 col-12\">\r\n                    <div class=\"item--inner active\">\r\n                        <div class=\"item--holder\">\r\n                        \t<div class=\"item--meta\">\r\n                                                                    <div class=\"item--icon\">\r\n                                        <i aria-hidden=\"true\" class=\"flaticonv3 flaticonv3-start-button\"><\/i>                                                                            <\/div>\r\n                                                                                                <h3 class=\"item--title\">    \r\n                                    Great Solutions                                <\/h3>\r\n                                                                    <a class=\"item-link\" href=\"#\"><\/a>\r\n                                                            <\/div>\r\n                        <\/div>\r\n                        <div class=\"item-line item-line-top\"><\/div>\r\n                        <div class=\"item-line item-line-bottom\"><\/div>\r\n                        <div class=\"item-line item-line-left\"><\/div>\r\n                        <div class=\"item-line item-line-right\"><\/div>\r\n                   <\/div>\r\n                <\/div>\r\n                            <div class=\"grid-item col-xl-3 col-lg-3 col-md-6 col-sm-6 col-12\">\r\n                    <div class=\"item--inner \">\r\n                        <div class=\"item--holder\">\r\n                        \t<div class=\"item--meta\">\r\n                                                                    <div class=\"item--icon\">\r\n                                        <i aria-hidden=\"true\" class=\"flaticonv3 flaticonv3-group\"><\/i>                                                                            <\/div>\r\n                                                                                                <h3 class=\"item--title\">    \r\n                                    Mobile Apps                                <\/h3>\r\n                                                                    <a class=\"item-link\" href=\"#\"><\/a>\r\n                                                            <\/div>\r\n                        <\/div>\r\n                        <div class=\"item-line item-line-top\"><\/div>\r\n                        <div class=\"item-line item-line-bottom\"><\/div>\r\n                        <div class=\"item-line item-line-left\"><\/div>\r\n                        <div class=\"item-line item-line-right\"><\/div>\r\n                   <\/div>\r\n                <\/div>\r\n                            <div class=\"grid-item col-xl-3 col-lg-3 col-md-6 col-sm-6 col-12\">\r\n                    <div class=\"item--inner \">\r\n                        <div class=\"item--holder\">\r\n                        \t<div class=\"item--meta\">\r\n                                                                    <div class=\"item--icon\">\r\n                                        <i aria-hidden=\"true\" class=\"flaticonv3 flaticonv3-target\"><\/i>                                                                            <\/div>\r\n                                                                                                <h3 class=\"item--title\">    \r\n                                    Development                                <\/h3>\r\n                                                                    <a class=\"item-link\" href=\"#\"><\/a>\r\n                                                            <\/div>\r\n                        <\/div>\r\n                        <div class=\"item-line item-line-top\"><\/div>\r\n                        <div class=\"item-line item-line-bottom\"><\/div>\r\n                        <div class=\"item-line item-line-left\"><\/div>\r\n                        <div class=\"item-line item-line-right\"><\/div>\r\n                   <\/div>\r\n                <\/div>\r\n                            <div class=\"grid-item col-xl-3 col-lg-3 col-md-6 col-sm-6 col-12\">\r\n                    <div class=\"item--inner \">\r\n                        <div class=\"item--holder\">\r\n                        \t<div class=\"item--meta\">\r\n                                                                    <div class=\"item--icon\">\r\n                                        <i aria-hidden=\"true\" class=\"flaticonv3 flaticonv3-value\"><\/i>                                                                            <\/div>\r\n                                                                                                <h3 class=\"item--title\">    \r\n                                    Consulation                                <\/h3>\r\n                                                                    <a class=\"item-link\" href=\"#\"><\/a>\r\n                                                            <\/div>\r\n                        <\/div>\r\n                        <div class=\"item-line item-line-top\"><\/div>\r\n                        <div class=\"item-line item-line-bottom\"><\/div>\r\n                        <div class=\"item-line item-line-left\"><\/div>\r\n                        <div class=\"item-line item-line-right\"><\/div>\r\n                   <\/div>\r\n                <\/div>\r\n                        <div class=\"grid-sizer col-xl-3 col-lg-3 col-md-6 col-sm-6 col-12\"><\/div>\r\n        <\/div>\r\n    <\/div>\r\n\t\t\t\t<\/div>\n\t\t\t\t<\/div>\n\t\t            <\/div>\n        <\/div>\n                    <\/div>\n        <\/section>\n                <section class=\"elementor-section elementor-top-section elementor-element elementor-element-a4b4d2d elementor-section-stretched elementor-section-full_width elementor-section-height-default elementor-section-height-default ct-header-fixed-none ct-row-max-none\" data-id=\"a4b4d2d\" data-element_type=\"section\" data-settings=\"{&quot;stretch_section&quot;:&quot;section-stretched&quot;,&quot;background_background&quot;:&quot;classic&quot;}\">\n            \n                        <div class=\"elementor-container elementor-column-gap-default \">\n                    <div class=\"elementor-column elementor-col-100 elementor-top-column elementor-element elementor-element-7527b73\" data-id=\"7527b73\" data-element_type=\"column\">\n        <div class=\"elementor-widget-wrap\">\n                    \n                    <\/div>\n        <\/div>\n                    <\/div>\n        <\/section>\n        \t\t<\/div>\n\t\t","protected":false},"excerpt":{"rendered":"<p>Consulation Brand &#038; identity Web Design Graphic Design Great Solutions Mobile Apps Development Consulation<\/p>\n","protected":false},"author":1,"featured_media":0,"parent":4177,"menu_order":0,"comment_status":"closed","ping_status":"closed","template":"","meta":{"footnotes":""},"class_list":["post-4389","page","type-page","status-publish","hentry"],"yoast_head":"<!-- This site is optimized with the Yoast SEO plugin v24.3 - https:\/\/yoast.com\/wordpress\/plugins\/seo\/ -->\r\n<title>Icon Grid - I\u015eIK DEM\u0130R<\/title>\r\n<meta name=\"robots\" content=\"index, follow, max-snippet:-1, max-image-preview:large, max-video-preview:-1\" \/>\r\n<link rel=\"canonical\" href=\"https:\/\/isikdemir.com.tr\/index.php\/elements\/icon-grid\/\" \/>\r\n<meta property=\"og:locale\" content=\"tr_TR\" \/>\r\n<meta property=\"og:type\" content=\"article\" \/>\r\n<meta property=\"og:title\" content=\"Icon Grid - I\u015eIK DEM\u0130R\" \/>\r\n<meta property=\"og:description\" content=\"Consulation Brand &#038; identity Web Design Graphic Design Great Solutions Mobile Apps Development Consulation\" \/>\r\n<meta property=\"og:url\" content=\"https:\/\/isikdemir.com.tr\/index.php\/elements\/icon-grid\/\" \/>\r\n<meta property=\"og:site_name\" content=\"I\u015eIK DEM\u0130R\" \/>\r\n<meta property=\"article:publisher\" content=\"https:\/\/www.facebook.com\/p\/Ik-Demir-100092820544779\/?locale=tr_TR\" \/>\r\n<meta name=\"twitter:card\" content=\"summary_large_image\" \/>\r\n<script type=\"application\/ld+json\" class=\"yoast-schema-graph\">{\"@context\":\"https:\/\/schema.org\",\"@graph\":[{\"@type\":\"WebPage\",\"@id\":\"https:\/\/isikdemir.com.tr\/index.php\/elements\/icon-grid\/\",\"url\":\"https:\/\/isikdemir.com.tr\/index.php\/elements\/icon-grid\/\",\"name\":\"Icon Grid - I\u015eIK DEM\u0130R\",\"isPartOf\":{\"@id\":\"https:\/\/isikdemir.com.tr\/#website\"},\"datePublished\":\"2020-07-23T08:28:23+00:00\",\"dateModified\":\"2020-07-23T08:28:23+00:00\",\"breadcrumb\":{\"@id\":\"https:\/\/isikdemir.com.tr\/index.php\/elements\/icon-grid\/#breadcrumb\"},\"inLanguage\":\"tr\",\"potentialAction\":[{\"@type\":\"ReadAction\",\"target\":[\"https:\/\/isikdemir.com.tr\/index.php\/elements\/icon-grid\/\"]}]},{\"@type\":\"BreadcrumbList\",\"@id\":\"https:\/\/isikdemir.com.tr\/index.php\/elements\/icon-grid\/#breadcrumb\",\"itemListElement\":[{\"@type\":\"ListItem\",\"position\":1,\"name\":\"Anasayfa\",\"item\":\"https:\/\/isikdemir.com.tr\/\"},{\"@type\":\"ListItem\",\"position\":2,\"name\":\"Elements\",\"item\":\"https:\/\/isikdemir.com.tr\/index.php\/elements\/\"},{\"@type\":\"ListItem\",\"position\":3,\"name\":\"Icon Grid\"}]},{\"@type\":\"WebSite\",\"@id\":\"https:\/\/isikdemir.com.tr\/#website\",\"url\":\"https:\/\/isikdemir.com.tr\/\",\"name\":\"I\u015eIK BORU PROF\u0130L\",\"description\":\"I\u015eIK BORU PROF\u0130L\",\"publisher\":{\"@id\":\"https:\/\/isikdemir.com.tr\/#organization\"},\"potentialAction\":[{\"@type\":\"SearchAction\",\"target\":{\"@type\":\"EntryPoint\",\"urlTemplate\":\"https:\/\/isikdemir.com.tr\/?s={search_term_string}\"},\"query-input\":{\"@type\":\"PropertyValueSpecification\",\"valueRequired\":true,\"valueName\":\"search_term_string\"}}],\"inLanguage\":\"tr\"},{\"@type\":\"Organization\",\"@id\":\"https:\/\/isikdemir.com.tr\/#organization\",\"name\":\"I\u015eIK BORU PROF\u0130L\",\"url\":\"https:\/\/isikdemir.com.tr\/\",\"logo\":{\"@type\":\"ImageObject\",\"inLanguage\":\"tr\",\"@id\":\"https:\/\/isikdemir.com.tr\/#\/schema\/logo\/image\/\",\"url\":\"https:\/\/isikdemir.com.tr\/wp-content\/uploads\/2020\/02\/logo.png\",\"contentUrl\":\"https:\/\/isikdemir.com.tr\/wp-content\/uploads\/2020\/02\/logo.png\",\"width\":300,\"height\":57,\"caption\":\"I\u015eIK BORU PROF\u0130L\"},\"image\":{\"@id\":\"https:\/\/isikdemir.com.tr\/#\/schema\/logo\/image\/\"},\"sameAs\":[\"https:\/\/www.facebook.com\/p\/Ik-Demir-100092820544779\/?locale=tr_TR\"]}]}<\/script>\r\n<!-- \/ Yoast SEO plugin. -->","yoast_head_json":{"title":"Icon Grid - I\u015eIK DEM\u0130R","robots":{"index":"index","follow":"follow","max-snippet":"max-snippet:-1","max-image-preview":"max-image-preview:large","max-video-preview":"max-video-preview:-1"},"canonical":"https:\/\/isikdemir.com.tr\/index.php\/elements\/icon-grid\/","og_locale":"tr_TR","og_type":"article","og_title":"Icon Grid - I\u015eIK DEM\u0130R","og_description":"Consulation Brand &#038; identity Web Design Graphic Design Great Solutions Mobile Apps Development Consulation","og_url":"https:\/\/isikdemir.com.tr\/index.php\/elements\/icon-grid\/","og_site_name":"I\u015eIK DEM\u0130R","article_publisher":"https:\/\/www.facebook.com\/p\/Ik-Demir-100092820544779\/?locale=tr_TR","twitter_card":"summary_large_image","schema":{"@context":"https:\/\/schema.org","@graph":[{"@type":"WebPage","@id":"https:\/\/isikdemir.com.tr\/index.php\/elements\/icon-grid\/","url":"https:\/\/isikdemir.com.tr\/index.php\/elements\/icon-grid\/","name":"Icon Grid - I\u015eIK DEM\u0130R","isPartOf":{"@id":"https:\/\/isikdemir.com.tr\/#website"},"datePublished":"2020-07-23T08:28:23+00:00","dateModified":"2020-07-23T08:28:23+00:00","breadcrumb":{"@id":"https:\/\/isikdemir.com.tr\/index.php\/elements\/icon-grid\/#breadcrumb"},"inLanguage":"tr","potentialAction":[{"@type":"ReadAction","target":["https:\/\/isikdemir.com.tr\/index.php\/elements\/icon-grid\/"]}]},{"@type":"BreadcrumbList","@id":"https:\/\/isikdemir.com.tr\/index.php\/elements\/icon-grid\/#breadcrumb","itemListElement":[{"@type":"ListItem","position":1,"name":"Anasayfa","item":"https:\/\/isikdemir.com.tr\/"},{"@type":"ListItem","position":2,"name":"Elements","item":"https:\/\/isikdemir.com.tr\/index.php\/elements\/"},{"@type":"ListItem","position":3,"name":"Icon Grid"}]},{"@type":"WebSite","@id":"https:\/\/isikdemir.com.tr\/#website","url":"https:\/\/isikdemir.com.tr\/","name":"I\u015eIK BORU PROF\u0130L","description":"I\u015eIK BORU PROF\u0130L","publisher":{"@id":"https:\/\/isikdemir.com.tr\/#organization"},"potentialAction":[{"@type":"SearchAction","target":{"@type":"EntryPoint","urlTemplate":"https:\/\/isikdemir.com.tr\/?s={search_term_string}"},"query-input":{"@type":"PropertyValueSpecification","valueRequired":true,"valueName":"search_term_string"}}],"inLanguage":"tr"},{"@type":"Organization","@id":"https:\/\/isikdemir.com.tr\/#organization","name":"I\u015eIK BORU PROF\u0130L","url":"https:\/\/isikdemir.com.tr\/","logo":{"@type":"ImageObject","inLanguage":"tr","@id":"https:\/\/isikdemir.com.tr\/#\/schema\/logo\/image\/","url":"https:\/\/isikdemir.com.tr\/wp-content\/uploads\/2020\/02\/logo.png","contentUrl":"https:\/\/isikdemir.com.tr\/wp-content\/uploads\/2020\/02\/logo.png","width":300,"height":57,"caption":"I\u015eIK BORU PROF\u0130L"},"image":{"@id":"https:\/\/isikdemir.com.tr\/#\/schema\/logo\/image\/"},"sameAs":["https:\/\/www.facebook.com\/p\/Ik-Demir-100092820544779\/?locale=tr_TR"]}]}},"_links":{"self":[{"href":"https:\/\/isikdemir.com.tr\/index.php\/wp-json\/wp\/v2\/pages\/4389","targetHints":{"allow":["GET"]}}],"collection":[{"href":"https:\/\/isikdemir.com.tr\/index.php\/wp-json\/wp\/v2\/pages"}],"about":[{"href":"https:\/\/isikdemir.com.tr\/index.php\/wp-json\/wp\/v2\/types\/page"}],"author":[{"embeddable":true,"href":"https:\/\/isikdemir.com.tr\/index.php\/wp-json\/wp\/v2\/users\/1"}],"replies":[{"embeddable":true,"href":"https:\/\/isikdemir.com.tr\/index.php\/wp-json\/wp\/v2\/comments?post=4389"}],"version-history":[{"count":0,"href":"https:\/\/isikdemir.com.tr\/index.php\/wp-json\/wp\/v2\/pages\/4389\/revisions"}],"up":[{"embeddable":true,"href":"https:\/\/isikdemir.com.tr\/index.php\/wp-json\/wp\/v2\/pages\/4177"}],"wp:attachment":[{"href":"https:\/\/isikdemir.com.tr\/index.php\/wp-json\/wp\/v2\/media?parent=4389"}],"curies":[{"name":"wp","href":"https:\/\/api.w.org\/{rel}","templated":true}]}}