{"id":4239,"date":"2020-07-22T08:38:21","date_gmt":"2020-07-22T08:38:21","guid":{"rendered":"https:\/\/demo.casethemes.net\/consultio\/?page_id=4239"},"modified":"2020-07-22T08:38:21","modified_gmt":"2020-07-22T08:38:21","slug":"row-background","status":"publish","type":"page","link":"https:\/\/isikdemir.com.tr\/index.php\/row-background\/","title":{"rendered":"Row background"},"content":{"rendered":"\t\t<div data-elementor-type=\"wp-page\" data-elementor-id=\"4239\" class=\"elementor elementor-4239\">\n\t\t\t\t        <section class=\"elementor-section elementor-top-section elementor-element elementor-element-b0cd326 elementor-section-stretched elementor-section-boxed elementor-section-height-default elementor-section-height-default ct-header-fixed-none ct-row-max-none\" data-id=\"b0cd326\" data-element_type=\"section\" data-settings=\"{&quot;stretch_section&quot;:&quot;section-stretched&quot;,&quot;background_background&quot;:&quot;classic&quot;}\">\n                            <div class=\"elementor-background-overlay\"><\/div>\n                \n                        <div class=\"elementor-container elementor-column-gap-extended \">\n                    <div class=\"elementor-column elementor-col-100 elementor-top-column elementor-element elementor-element-76edf99\" data-id=\"76edf99\" data-element_type=\"column\">\n        <div class=\"elementor-widget-wrap elementor-element-populated\">\n                    \n        \t\t<div class=\"elementor-element elementor-element-376bbd9 elementor-widget elementor-widget-ct_heading\" data-id=\"376bbd9\" data-element_type=\"widget\" data-widget_type=\"ct_heading.default\">\n\t\t\t\t<div class=\"elementor-widget-container\">\n\t\t\t\t\t<div id=\"ct_heading-376bbd9\" class=\"ct-heading h-align-center sub-style1 ct-heading-left item-st-default\">\r\n\t<div class=\"ct-item--inner\">\r\n        <div class=\"ct-inline-css\"  data-css=\"\r\n            \">\r\n        <\/div>\r\n                <h3 class=\"item--title st-default case-animate-time\" data-wow-delay=\"ms\">\r\n                        <span class=\"sp-main\">\r\n                \r\n                Background parallax classic\r\n                \r\n                            <\/span>\r\n                    <\/h3>\r\n    <\/div>\r\n<\/div>\t\t\t\t<\/div>\n\t\t\t\t<\/div>\n\t\t            <\/div>\n        <\/div>\n                    <\/div>\n        <\/section>\n                <section class=\"elementor-section elementor-top-section elementor-element elementor-element-ae5dc2b elementor-section-stretched elementor-section-boxed elementor-section-height-default elementor-section-height-default ct-header-fixed-none ct-row-max-none\" data-id=\"ae5dc2b\" data-element_type=\"section\" data-settings=\"{&quot;stretch_section&quot;:&quot;section-stretched&quot;,&quot;background_background&quot;:&quot;classic&quot;}\">\n                            <div class=\"elementor-background-overlay\"><\/div>\n                \n                        <div class=\"elementor-container elementor-column-gap-extended \">\n                    <div class=\"elementor-column elementor-col-100 elementor-top-column elementor-element elementor-element-85c2515\" data-id=\"85c2515\" data-element_type=\"column\">\n        <div class=\"elementor-widget-wrap elementor-element-populated\">\n                    \n        \t\t<div class=\"elementor-element elementor-element-351ee3a elementor-widget elementor-widget-ct_heading\" data-id=\"351ee3a\" data-element_type=\"widget\" data-widget_type=\"ct_heading.default\">\n\t\t\t\t<div class=\"elementor-widget-container\">\n\t\t\t\t\t<div id=\"ct_heading-351ee3a\" class=\"ct-heading h-align-center sub-style1 ct-heading-left item-st-default\">\r\n\t<div class=\"ct-item--inner\">\r\n        <div class=\"ct-inline-css\"  data-css=\"\r\n            \">\r\n        <\/div>\r\n                <h3 class=\"item--title st-default case-animate-time\" data-wow-delay=\"ms\">\r\n                        <span class=\"sp-main\">\r\n                \r\n                Overlay effects\r\n                \r\n                            <\/span>\r\n                    <\/h3>\r\n    <\/div>\r\n<\/div>\t\t\t\t<\/div>\n\t\t\t\t<\/div>\n\t\t            <\/div>\n        <\/div>\n                    <\/div>\n        <\/section>\n                <section class=\"elementor-section elementor-top-section elementor-element elementor-element-dd55522 elementor-section-stretched elementor-section-boxed elementor-section-height-default elementor-section-height-default ct-header-fixed-none ct-row-max-none\" data-id=\"dd55522\" data-element_type=\"section\" data-settings=\"{&quot;stretch_section&quot;:&quot;section-stretched&quot;,&quot;background_background&quot;:&quot;classic&quot;}\">\n                            <div class=\"elementor-background-overlay\"><\/div>\n                \n                        <div class=\"elementor-container elementor-column-gap-extended \">\n                    <div class=\"elementor-column elementor-col-100 elementor-top-column elementor-element elementor-element-4c023a6\" data-id=\"4c023a6\" data-element_type=\"column\">\n        <div class=\"elementor-widget-wrap elementor-element-populated\">\n                    \n        \t\t<div class=\"elementor-element elementor-element-c11b096 elementor-widget elementor-widget-ct_heading\" data-id=\"c11b096\" data-element_type=\"widget\" data-widget_type=\"ct_heading.default\">\n\t\t\t\t<div class=\"elementor-widget-container\">\n\t\t\t\t\t<div id=\"ct_heading-c11b096\" class=\"ct-heading h-align-center sub-style1 ct-heading-left item-st-default\">\r\n\t<div class=\"ct-item--inner\">\r\n        <div class=\"ct-inline-css\"  data-css=\"\r\n            \">\r\n        <\/div>\r\n                <h3 class=\"item--title st-default case-animate-time\" data-wow-delay=\"ms\">\r\n                        <span class=\"sp-main\">\r\n                \r\n                Simple background image\r\n                \r\n                            <\/span>\r\n                    <\/h3>\r\n    <\/div>\r\n<\/div>\t\t\t\t<\/div>\n\t\t\t\t<\/div>\n\t\t            <\/div>\n        <\/div>\n                    <\/div>\n        <\/section>\n                <section class=\"elementor-section elementor-top-section elementor-element elementor-element-4f7f447 elementor-section-stretched elementor-section-boxed elementor-section-height-default elementor-section-height-default ct-header-fixed-none ct-row-max-none\" data-id=\"4f7f447\" data-element_type=\"section\" data-settings=\"{&quot;stretch_section&quot;:&quot;section-stretched&quot;,&quot;background_background&quot;:&quot;video&quot;,&quot;background_video_link&quot;:&quot;https:\\\/\\\/www.youtube.com\\\/watch?v=SF4aHwxHtZ0&quot;}\">\n                                <div class=\"elementor-background-video-container elementor-hidden-phone\">\n                                                    <div class=\"elementor-background-video-embed\"><\/div>\n                                                <\/div>\n                                    <div class=\"elementor-background-overlay\"><\/div>\n                \n                        <div class=\"elementor-container elementor-column-gap-extended \">\n                    <div class=\"elementor-column elementor-col-100 elementor-top-column elementor-element elementor-element-b591dcb\" data-id=\"b591dcb\" data-element_type=\"column\">\n        <div class=\"elementor-widget-wrap elementor-element-populated\">\n                    \n        \t\t<div class=\"elementor-element elementor-element-25be862 elementor-widget elementor-widget-ct_heading\" data-id=\"25be862\" data-element_type=\"widget\" data-widget_type=\"ct_heading.default\">\n\t\t\t\t<div class=\"elementor-widget-container\">\n\t\t\t\t\t<div id=\"ct_heading-25be862\" class=\"ct-heading h-align-center sub-style1 ct-heading-left item-st-default\">\r\n\t<div class=\"ct-item--inner\">\r\n        <div class=\"ct-inline-css\"  data-css=\"\r\n            \">\r\n        <\/div>\r\n                <h3 class=\"item--title st-default case-animate-time\" data-wow-delay=\"ms\">\r\n                        <span class=\"sp-main\">\r\n                \r\n                Background video\r\n                \r\n                            <\/span>\r\n                    <\/h3>\r\n    <\/div>\r\n<\/div>\t\t\t\t<\/div>\n\t\t\t\t<\/div>\n\t\t            <\/div>\n        <\/div>\n                    <\/div>\n        <\/section>\n                <section class=\"elementor-section elementor-top-section elementor-element elementor-element-3dec2db elementor-section-stretched elementor-section-boxed elementor-section-height-default elementor-section-height-default ct-header-fixed-none ct-row-max-none\" data-id=\"3dec2db\" data-element_type=\"section\" data-settings=\"{&quot;stretch_section&quot;:&quot;section-stretched&quot;,&quot;background_background&quot;:&quot;slideshow&quot;,&quot;background_slideshow_gallery&quot;:[{&quot;id&quot;:1531,&quot;url&quot;:&quot;https:\\\/\\\/demo.casethemes.net\\\/consultio\\\/wp-content\\\/uploads\\\/2019\\\/11\\\/theme-02.jpg&quot;},{&quot;id&quot;:1530,&quot;url&quot;:&quot;https:\\\/\\\/demo.casethemes.net\\\/consultio\\\/wp-content\\\/uploads\\\/2019\\\/11\\\/theme-01.jpg&quot;},{&quot;id&quot;:1535,&quot;url&quot;:&quot;https:\\\/\\\/demo.casethemes.net\\\/consultio\\\/wp-content\\\/uploads\\\/2019\\\/11\\\/theme-06.jpg&quot;}],&quot;background_slideshow_loop&quot;:&quot;yes&quot;,&quot;background_slideshow_slide_duration&quot;:5000,&quot;background_slideshow_slide_transition&quot;:&quot;fade&quot;,&quot;background_slideshow_transition_duration&quot;:500}\">\n                            <div class=\"elementor-background-overlay\"><\/div>\n                \n                        <div class=\"elementor-container elementor-column-gap-extended \">\n                    <div class=\"elementor-column elementor-col-100 elementor-top-column elementor-element elementor-element-4d4e186\" data-id=\"4d4e186\" data-element_type=\"column\">\n        <div class=\"elementor-widget-wrap elementor-element-populated\">\n                    \n        \t\t<div class=\"elementor-element elementor-element-2f3cb08 elementor-widget elementor-widget-ct_heading\" data-id=\"2f3cb08\" data-element_type=\"widget\" data-widget_type=\"ct_heading.default\">\n\t\t\t\t<div class=\"elementor-widget-container\">\n\t\t\t\t\t<div id=\"ct_heading-2f3cb08\" class=\"ct-heading h-align-center sub-style1 ct-heading-left item-st-default\">\r\n\t<div class=\"ct-item--inner\">\r\n        <div class=\"ct-inline-css\"  data-css=\"\r\n            \">\r\n        <\/div>\r\n                <h3 class=\"item--title st-default case-animate-time\" data-wow-delay=\"ms\">\r\n                        <span class=\"sp-main\">\r\n                \r\n                Background slideshow\r\n                \r\n                            <\/span>\r\n                    <\/h3>\r\n    <\/div>\r\n<\/div>\t\t\t\t<\/div>\n\t\t\t\t<\/div>\n\t\t            <\/div>\n        <\/div>\n                    <\/div>\n        <\/section>\n        \t\t<\/div>\n\t\t","protected":false},"excerpt":{"rendered":"<p>Background parallax classic Overlay effects Simple background image Background video Background slideshow<\/p>\n","protected":false},"author":1,"featured_media":0,"parent":0,"menu_order":0,"comment_status":"closed","ping_status":"closed","template":"","meta":{"footnotes":""},"class_list":["post-4239","page","type-page","status-publish","hentry"],"yoast_head":"<!-- This site is optimized with the Yoast SEO plugin v24.3 - https:\/\/yoast.com\/wordpress\/plugins\/seo\/ -->\r\n<title>Row background - I\u015eIK DEM\u0130R<\/title>\r\n<meta name=\"robots\" content=\"index, follow, max-snippet:-1, max-image-preview:large, max-video-preview:-1\" \/>\r\n<link rel=\"canonical\" href=\"https:\/\/isikdemir.com.tr\/index.php\/row-background\/\" \/>\r\n<meta property=\"og:locale\" content=\"tr_TR\" \/>\r\n<meta property=\"og:type\" content=\"article\" \/>\r\n<meta property=\"og:title\" content=\"Row background - I\u015eIK DEM\u0130R\" \/>\r\n<meta property=\"og:description\" content=\"Background parallax classic Overlay effects Simple background image Background video Background slideshow\" \/>\r\n<meta property=\"og:url\" content=\"https:\/\/isikdemir.com.tr\/index.php\/row-background\/\" \/>\r\n<meta property=\"og:site_name\" content=\"I\u015eIK DEM\u0130R\" \/>\r\n<meta property=\"article:publisher\" content=\"https:\/\/www.facebook.com\/p\/Ik-Demir-100092820544779\/?locale=tr_TR\" \/>\r\n<meta name=\"twitter:card\" content=\"summary_large_image\" \/>\r\n<script type=\"application\/ld+json\" class=\"yoast-schema-graph\">{\"@context\":\"https:\/\/schema.org\",\"@graph\":[{\"@type\":\"WebPage\",\"@id\":\"https:\/\/isikdemir.com.tr\/index.php\/row-background\/\",\"url\":\"https:\/\/isikdemir.com.tr\/index.php\/row-background\/\",\"name\":\"Row background - I\u015eIK DEM\u0130R\",\"isPartOf\":{\"@id\":\"https:\/\/isikdemir.com.tr\/#website\"},\"datePublished\":\"2020-07-22T08:38:21+00:00\",\"dateModified\":\"2020-07-22T08:38:21+00:00\",\"breadcrumb\":{\"@id\":\"https:\/\/isikdemir.com.tr\/index.php\/row-background\/#breadcrumb\"},\"inLanguage\":\"tr\",\"potentialAction\":[{\"@type\":\"ReadAction\",\"target\":[\"https:\/\/isikdemir.com.tr\/index.php\/row-background\/\"]}]},{\"@type\":\"BreadcrumbList\",\"@id\":\"https:\/\/isikdemir.com.tr\/index.php\/row-background\/#breadcrumb\",\"itemListElement\":[{\"@type\":\"ListItem\",\"position\":1,\"name\":\"Anasayfa\",\"item\":\"https:\/\/isikdemir.com.tr\/\"},{\"@type\":\"ListItem\",\"position\":2,\"name\":\"Row background\"}]},{\"@type\":\"WebSite\",\"@id\":\"https:\/\/isikdemir.com.tr\/#website\",\"url\":\"https:\/\/isikdemir.com.tr\/\",\"name\":\"I\u015eIK BORU PROF\u0130L\",\"description\":\"I\u015eIK BORU PROF\u0130L\",\"publisher\":{\"@id\":\"https:\/\/isikdemir.com.tr\/#organization\"},\"potentialAction\":[{\"@type\":\"SearchAction\",\"target\":{\"@type\":\"EntryPoint\",\"urlTemplate\":\"https:\/\/isikdemir.com.tr\/?s={search_term_string}\"},\"query-input\":{\"@type\":\"PropertyValueSpecification\",\"valueRequired\":true,\"valueName\":\"search_term_string\"}}],\"inLanguage\":\"tr\"},{\"@type\":\"Organization\",\"@id\":\"https:\/\/isikdemir.com.tr\/#organization\",\"name\":\"I\u015eIK BORU PROF\u0130L\",\"url\":\"https:\/\/isikdemir.com.tr\/\",\"logo\":{\"@type\":\"ImageObject\",\"inLanguage\":\"tr\",\"@id\":\"https:\/\/isikdemir.com.tr\/#\/schema\/logo\/image\/\",\"url\":\"https:\/\/isikdemir.com.tr\/wp-content\/uploads\/2020\/02\/logo.png\",\"contentUrl\":\"https:\/\/isikdemir.com.tr\/wp-content\/uploads\/2020\/02\/logo.png\",\"width\":300,\"height\":57,\"caption\":\"I\u015eIK BORU PROF\u0130L\"},\"image\":{\"@id\":\"https:\/\/isikdemir.com.tr\/#\/schema\/logo\/image\/\"},\"sameAs\":[\"https:\/\/www.facebook.com\/p\/Ik-Demir-100092820544779\/?locale=tr_TR\"]}]}<\/script>\r\n<!-- \/ Yoast SEO plugin. -->","yoast_head_json":{"title":"Row background - I\u015eIK DEM\u0130R","robots":{"index":"index","follow":"follow","max-snippet":"max-snippet:-1","max-image-preview":"max-image-preview:large","max-video-preview":"max-video-preview:-1"},"canonical":"https:\/\/isikdemir.com.tr\/index.php\/row-background\/","og_locale":"tr_TR","og_type":"article","og_title":"Row background - I\u015eIK DEM\u0130R","og_description":"Background parallax classic Overlay effects Simple background image Background video Background slideshow","og_url":"https:\/\/isikdemir.com.tr\/index.php\/row-background\/","og_site_name":"I\u015eIK DEM\u0130R","article_publisher":"https:\/\/www.facebook.com\/p\/Ik-Demir-100092820544779\/?locale=tr_TR","twitter_card":"summary_large_image","schema":{"@context":"https:\/\/schema.org","@graph":[{"@type":"WebPage","@id":"https:\/\/isikdemir.com.tr\/index.php\/row-background\/","url":"https:\/\/isikdemir.com.tr\/index.php\/row-background\/","name":"Row background - I\u015eIK DEM\u0130R","isPartOf":{"@id":"https:\/\/isikdemir.com.tr\/#website"},"datePublished":"2020-07-22T08:38:21+00:00","dateModified":"2020-07-22T08:38:21+00:00","breadcrumb":{"@id":"https:\/\/isikdemir.com.tr\/index.php\/row-background\/#breadcrumb"},"inLanguage":"tr","potentialAction":[{"@type":"ReadAction","target":["https:\/\/isikdemir.com.tr\/index.php\/row-background\/"]}]},{"@type":"BreadcrumbList","@id":"https:\/\/isikdemir.com.tr\/index.php\/row-background\/#breadcrumb","itemListElement":[{"@type":"ListItem","position":1,"name":"Anasayfa","item":"https:\/\/isikdemir.com.tr\/"},{"@type":"ListItem","position":2,"name":"Row background"}]},{"@type":"WebSite","@id":"https:\/\/isikdemir.com.tr\/#website","url":"https:\/\/isikdemir.com.tr\/","name":"I\u015eIK BORU PROF\u0130L","description":"I\u015eIK BORU PROF\u0130L","publisher":{"@id":"https:\/\/isikdemir.com.tr\/#organization"},"potentialAction":[{"@type":"SearchAction","target":{"@type":"EntryPoint","urlTemplate":"https:\/\/isikdemir.com.tr\/?s={search_term_string}"},"query-input":{"@type":"PropertyValueSpecification","valueRequired":true,"valueName":"search_term_string"}}],"inLanguage":"tr"},{"@type":"Organization","@id":"https:\/\/isikdemir.com.tr\/#organization","name":"I\u015eIK BORU PROF\u0130L","url":"https:\/\/isikdemir.com.tr\/","logo":{"@type":"ImageObject","inLanguage":"tr","@id":"https:\/\/isikdemir.com.tr\/#\/schema\/logo\/image\/","url":"https:\/\/isikdemir.com.tr\/wp-content\/uploads\/2020\/02\/logo.png","contentUrl":"https:\/\/isikdemir.com.tr\/wp-content\/uploads\/2020\/02\/logo.png","width":300,"height":57,"caption":"I\u015eIK BORU PROF\u0130L"},"image":{"@id":"https:\/\/isikdemir.com.tr\/#\/schema\/logo\/image\/"},"sameAs":["https:\/\/www.facebook.com\/p\/Ik-Demir-100092820544779\/?locale=tr_TR"]}]}},"_links":{"self":[{"href":"https:\/\/isikdemir.com.tr\/index.php\/wp-json\/wp\/v2\/pages\/4239","targetHints":{"allow":["GET"]}}],"collection":[{"href":"https:\/\/isikdemir.com.tr\/index.php\/wp-json\/wp\/v2\/pages"}],"about":[{"href":"https:\/\/isikdemir.com.tr\/index.php\/wp-json\/wp\/v2\/types\/page"}],"author":[{"embeddable":true,"href":"https:\/\/isikdemir.com.tr\/index.php\/wp-json\/wp\/v2\/users\/1"}],"replies":[{"embeddable":true,"href":"https:\/\/isikdemir.com.tr\/index.php\/wp-json\/wp\/v2\/comments?post=4239"}],"version-history":[{"count":0,"href":"https:\/\/isikdemir.com.tr\/index.php\/wp-json\/wp\/v2\/pages\/4239\/revisions"}],"wp:attachment":[{"href":"https:\/\/isikdemir.com.tr\/index.php\/wp-json\/wp\/v2\/media?parent=4239"}],"curies":[{"name":"wp","href":"https:\/\/api.w.org\/{rel}","templated":true}]}}