{"id":362,"date":"2019-11-11T01:50:45","date_gmt":"2019-11-11T01:50:45","guid":{"rendered":"https:\/\/demo.casethemes.net\/consultio\/?page_id=362"},"modified":"2025-03-10T22:33:07","modified_gmt":"2025-03-10T22:33:07","slug":"cncplazmakesim","status":"publish","type":"page","link":"https:\/\/isikdemir.com.tr\/index.php\/cncplazmakesim\/","title":{"rendered":"CNC PLAZMA KES\u0130M"},"content":{"rendered":"\t\t<div data-elementor-type=\"wp-page\" data-elementor-id=\"362\" class=\"elementor elementor-362\">\n\t\t\t\t        <section class=\"elementor-section elementor-top-section elementor-element elementor-element-2645f20 elementor-section-content-middle elementor-section-boxed elementor-section-height-default elementor-section-height-default ct-header-fixed-none ct-row-max-none\" data-id=\"2645f20\" data-element_type=\"section\">\n            \n                        <div class=\"elementor-container elementor-column-gap-extended \">\n                    <div class=\"elementor-column elementor-col-50 elementor-top-column elementor-element elementor-element-33d032e\" data-id=\"33d032e\" data-element_type=\"column\">\n        <div class=\"elementor-widget-wrap elementor-element-populated\">\n                    \n        \t\t<div class=\"elementor-element elementor-element-0f31e21 elementor-widget elementor-widget-ct_heading\" data-id=\"0f31e21\" data-element_type=\"widget\" data-widget_type=\"ct_heading.default\">\n\t\t\t\t<div class=\"elementor-widget-container\">\n\t\t\t\t\t<div id=\"ct_heading-0f31e21\" class=\"ct-heading h-align- sub- ct-heading-left item-st-line-top1\">\r\n\t<div class=\"ct-item--inner\">\r\n        <div class=\"ct-inline-css\"  data-css=\"\r\n            \">\r\n        <\/div>\r\n                <h3 class=\"item--title st-line-top1 case-animate-time\" data-wow-delay=\"ms\">\r\n                            <div class=\"ct-heading-divider\"><span><\/span><\/div>\r\n                        <span class=\"sp-main\">\r\n                \r\n                TEKNOLOJ\u0130 SANAY\u0130C\u0130N\u0130N H\u0130ZMET\u0130NDE,  KAL\u0130TEYE KOLAY ULA\u015eIM\r\n                \r\n                            <\/span>\r\n                    <\/h3>\r\n    <\/div>\r\n<\/div>\t\t\t\t<\/div>\n\t\t\t\t<\/div>\n\t\t            <\/div>\n        <\/div>\n                <div class=\"elementor-column elementor-col-50 elementor-top-column elementor-element elementor-element-89f4b61\" data-id=\"89f4b61\" data-element_type=\"column\">\n        <div class=\"elementor-widget-wrap elementor-element-populated\">\n                    \n        \t\t<div class=\"elementor-element elementor-element-80ad649 elementor-widget elementor-widget-text-editor\" data-id=\"80ad649\" data-element_type=\"widget\" data-widget_type=\"text-editor.default\">\n\t\t\t\t\t\t\t\t\t<p>CNC Plazma kesim; otomasyona uygunlu\u011fu, s\u00fcrekli iyile\u015ftirilen kesme kalitesi ile sanayide yayg\u0131n olarak kullan\u0131lan bir kesim metodudur. M\u00fc\u015fteri odakl\u0131 \u00fcretim anlay\u0131\u015f\u0131n\u0131 ilke edinen firmam\u0131z, imalat s\u00fcrecinde kar\u015f\u0131l\u0131kl\u0131 fikir al\u0131\u015fveri\u015fi ile olu\u015fturulan \u00e7izimler d\u0131\u015f\u0131nda \u015fablonu \u00e7\u0131kar\u0131lm\u0131\u015f veya numunesi olan par\u00e7alardan da \u00e7izimler yapmaktad\u0131r. Bu yak\u0131n i\u015fbirli\u011finin neticesinde m\u00fc\u015fterinin iste\u011fine uygun \u00fcretim ger\u00e7ekle\u015ftirilir.<\/p>\t\t\t\t\t\t\t\t<\/div>\n\t\t            <\/div>\n        <\/div>\n                    <\/div>\n        <\/section>\n                <section class=\"elementor-section elementor-top-section elementor-element elementor-element-e2d4a6c elementor-section-boxed elementor-section-height-default elementor-section-height-default ct-header-fixed-none ct-row-max-none\" data-id=\"e2d4a6c\" data-element_type=\"section\">\n            \n                        <div class=\"elementor-container elementor-column-gap-extended \">\n                    <div class=\"elementor-column elementor-col-100 elementor-top-column elementor-element elementor-element-de3f4f6\" data-id=\"de3f4f6\" data-element_type=\"column\">\n        <div class=\"elementor-widget-wrap elementor-element-populated\">\n                    \n        \t\t<div class=\"elementor-element elementor-element-e34b4a5 elementor-invisible elementor-widget elementor-widget-ct_gallery_carousel\" data-id=\"e34b4a5\" data-element_type=\"widget\" data-settings=\"{&quot;_animation&quot;:&quot;fadeInRight&quot;}\" data-widget_type=\"ct_gallery_carousel.default\">\n\t\t\t\t<div class=\"elementor-widget-container\">\n\t\t\t\t\t    <div class=\"ct-gallery-carousel1 ct-slick-slider\">\r\n        <div class=\"ct-carousel-inner\">\r\n            <div class=\"ct-slick-carousel\" data-arrows=\"\" data-dots=\"\" data-pauseOnHover=\"\" data-autoplay=\"\" data-autoplaySpeed=\"5000\" data-infinite=\"\" data-speed=\"700\" data-colxs=\"2\" data-colsm=\"2\" data-colmd=\"3\" data-collg=\"3\" data-colxl=\"3\" data-dir=\"false\" data-slidesToScroll=\"1\">\r\n                                    <div class=\"slick-slide\">\r\n                        <img fetchpriority=\"high\" decoding=\"async\" class=\"\" src=\"https:\/\/isikdemir.com.tr\/wp-content\/uploads\/2024\/12\/A-13328-475x600.jpg\" width=\"475\" height=\"600\" alt=\"A-13328\" title=\"A-13328\" \/>                    <\/div>\r\n                                    <div class=\"slick-slide\">\r\n                        <img decoding=\"async\" class=\"\" src=\"https:\/\/isikdemir.com.tr\/wp-content\/uploads\/2024\/12\/A-13830-475x600.jpg\" width=\"475\" height=\"600\" alt=\"A-13830\" title=\"A-13830\" \/>                    <\/div>\r\n                                    <div class=\"slick-slide\">\r\n                        <img decoding=\"async\" class=\"\" src=\"https:\/\/isikdemir.com.tr\/wp-content\/uploads\/2024\/12\/P10131456-475x600.jpg\" width=\"475\" height=\"600\" alt=\"P10131456\" title=\"P10131456\" \/>                    <\/div>\r\n                                    <div class=\"slick-slide\">\r\n                        <img loading=\"lazy\" decoding=\"async\" class=\"\" src=\"https:\/\/isikdemir.com.tr\/wp-content\/uploads\/2024\/12\/A_44881-475x600.jpg\" width=\"475\" height=\"600\" alt=\"A_44881\" title=\"A_44881\" \/>                    <\/div>\r\n                                    <div class=\"slick-slide\">\r\n                        <img loading=\"lazy\" decoding=\"async\" class=\"\" src=\"https:\/\/isikdemir.com.tr\/wp-content\/uploads\/2024\/12\/A_44765-475x600.jpg\" width=\"475\" height=\"600\" alt=\"A_44765\" title=\"A_44765\" \/>                    <\/div>\r\n                            <\/div>\r\n        <\/div>\r\n    <\/div>\r\n\t\t\t\t<\/div>\n\t\t\t\t<\/div>\n\t\t            <\/div>\n        <\/div>\n                    <\/div>\n        <\/section>\n                <section class=\"elementor-section elementor-top-section elementor-element elementor-element-2b0ab90 elementor-section-boxed elementor-section-height-default elementor-section-height-default ct-header-fixed-none ct-row-max-none\" data-id=\"2b0ab90\" data-element_type=\"section\">\n            \n                        <div class=\"elementor-container elementor-column-gap-default \">\n                    <div class=\"elementor-column elementor-col-100 elementor-top-column elementor-element elementor-element-11c2a9c\" data-id=\"11c2a9c\" data-element_type=\"column\">\n        <div class=\"elementor-widget-wrap elementor-element-populated\">\n                    \n        \t\t<div class=\"elementor-element elementor-element-5f5bc25 elementor-widget elementor-widget-text-editor\" data-id=\"5f5bc25\" data-element_type=\"widget\" data-widget_type=\"text-editor.default\">\n\t\t\t\t\t\t\t\t\t<h3>METAL \u0130\u015eLEME SANATI<\/h3><p>CNC OX\u0130-PLAZMA TEZGAHIMIZ 3\u00d712 mt \u00f6l\u00e7\u00fclerindeki ve 2- 200 mm kal\u0131nl\u0131ktaki malzemelerin kesimini y\u00fcksek kaliteyle ve s\u00fcratle kesme \u00f6zelli\u011fine sahiptir. Plazmam\u0131zda kesilen malzemeler; sanayide yayg\u0131n olarak kullan\u0131lan ala\u015f\u0131ml\u0131 \u00e7elik, paslanmaz \u00e7elik, karbon \u00e7eli\u011fi, al\u00fcminyum ala\u015f\u0131mlar\u0131, titanyum ala\u015f\u0131mlar\u0131 ve di\u011fer metallerdir.<\/p><p>Kesimler tamamen Bilgisayar ortam\u0131nda, CNC kontroll\u00fc tezgah\u0131m\u0131zda yap\u0131lmaktad\u0131r. M\u00fc\u015fterinin iste\u011fine g\u00f6re AutoCad Program\u0131nda \u00e7izilen Teknik resimler Plazma tezgah\u0131m\u0131za aktar\u0131l\u0131r. Malzeme \u00f6zelliklerine ve ebad\u0131na uygun kesim ve \u00fcretim program\u0131 belirlenerek en az fire ile \u00fcretim yap\u0131l\u0131r. Zaman\u0131nda ve y\u00fcksek kalite ile \u00fcretilen i\u015flerimiz, m\u00fc\u015fterilerimiz taraf\u0131ndan g\u00fcvenle tercih edilmektedir.<\/p><p>Hizmet verdi\u011fimiz sekt\u00f6reler aras\u0131nda Makine \u0130malat\u00e7\u0131lar\u0131, \u00c7elik \u00c7at\u0131 imalat\u00e7\u0131lar\u0131, Tornac\u0131lar, \u0130\u015f Makinas\u0131 Yedek Par\u00e7ac\u0131lar\u0131, Dorse, Damper, R\u00f6mork \u0130malat\u00e7\u0131lar\u0131 ve Tar\u0131m Makinas\u0131 \u0130malat\u00e7\u0131lar\u0131 yer almaktad\u0131r.<\/p>\t\t\t\t\t\t\t\t<\/div>\n\t\t            <\/div>\n        <\/div>\n                    <\/div>\n        <\/section>\n        <div class=\"elementor-element elementor-element-ae301a3 e-flex e-con-boxed e-con e-parent\" data-id=\"ae301a3\" data-element_type=\"container\">\n\t\t\t\t\t<div class=\"e-con-inner\">\n\t\t\t\t\t<\/div>\n\t\t\t\t<\/div>\n\t\t\t\t<\/div>\n\t\t","protected":false},"excerpt":{"rendered":"<p>TEKNOLOJ\u0130 SANAY\u0130C\u0130N\u0130N H\u0130ZMET\u0130NDE, KAL\u0130TEYE KOLAY ULA\u015eIM CNC Plazma kesim; otomasyona uygunlu\u011fu, s\u00fcrekli iyile\u015ftirilen kesme kalitesi ile sanayide yayg\u0131n olarak kullan\u0131lan bir kesim metodudur. M\u00fc\u015fteri odakl\u0131 \u00fcretim anlay\u0131\u015f\u0131n\u0131 ilke edinen firmam\u0131z, imalat s\u00fcrecinde kar\u015f\u0131l\u0131kl\u0131 fikir al\u0131\u015fveri\u015fi ile olu\u015fturulan \u00e7izimler d\u0131\u015f\u0131nda \u015fablonu \u00e7\u0131kar\u0131lm\u0131\u015f veya numunesi olan par\u00e7alardan da \u00e7izimler yapmaktad\u0131r. Bu yak\u0131n i\u015fbirli\u011finin neticesinde m\u00fc\u015fterinin iste\u011fine uygun [&hellip;]<\/p>\n","protected":false},"author":1,"featured_media":0,"parent":0,"menu_order":0,"comment_status":"closed","ping_status":"closed","template":"","meta":{"footnotes":""},"class_list":["post-362","page","type-page","status-publish","hentry"],"yoast_head":"<!-- This site is optimized with the Yoast SEO plugin v24.3 - https:\/\/yoast.com\/wordpress\/plugins\/seo\/ -->\r\n<title>CNC PLAZMA KES\u0130M - I\u015eIK DEM\u0130R<\/title>\r\n<meta name=\"robots\" content=\"index, follow, max-snippet:-1, max-image-preview:large, max-video-preview:-1\" \/>\r\n<link rel=\"canonical\" href=\"https:\/\/isikdemir.com.tr\/index.php\/cncplazmakesim\/\" \/>\r\n<meta property=\"og:locale\" content=\"tr_TR\" \/>\r\n<meta property=\"og:type\" content=\"article\" \/>\r\n<meta property=\"og:title\" content=\"CNC PLAZMA KES\u0130M - I\u015eIK DEM\u0130R\" \/>\r\n<meta property=\"og:description\" content=\"TEKNOLOJ\u0130 SANAY\u0130C\u0130N\u0130N H\u0130ZMET\u0130NDE, KAL\u0130TEYE KOLAY ULA\u015eIM CNC Plazma kesim; otomasyona uygunlu\u011fu, s\u00fcrekli iyile\u015ftirilen kesme kalitesi ile sanayide yayg\u0131n olarak kullan\u0131lan bir kesim metodudur. M\u00fc\u015fteri odakl\u0131 \u00fcretim anlay\u0131\u015f\u0131n\u0131 ilke edinen firmam\u0131z, imalat s\u00fcrecinde kar\u015f\u0131l\u0131kl\u0131 fikir al\u0131\u015fveri\u015fi ile olu\u015fturulan \u00e7izimler d\u0131\u015f\u0131nda \u015fablonu \u00e7\u0131kar\u0131lm\u0131\u015f veya numunesi olan par\u00e7alardan da \u00e7izimler yapmaktad\u0131r. Bu yak\u0131n i\u015fbirli\u011finin neticesinde m\u00fc\u015fterinin iste\u011fine uygun [&hellip;]\" \/>\r\n<meta property=\"og:url\" content=\"https:\/\/isikdemir.com.tr\/index.php\/cncplazmakesim\/\" \/>\r\n<meta property=\"og:site_name\" content=\"I\u015eIK DEM\u0130R\" \/>\r\n<meta property=\"article:publisher\" content=\"https:\/\/www.facebook.com\/p\/Ik-Demir-100092820544779\/?locale=tr_TR\" \/>\r\n<meta property=\"article:modified_time\" content=\"2025-03-10T22:33:07+00:00\" \/>\r\n<meta property=\"og:image\" content=\"http:\/\/isikdemir.com.tr\/wp-content\/uploads\/2024\/12\/A-13328-475x600.jpg\" \/>\r\n<meta name=\"twitter:card\" content=\"summary_large_image\" \/>\r\n<meta name=\"twitter:label1\" content=\"Tahmini okuma s\u00fcresi\" \/>\n\t<meta name=\"twitter:data1\" content=\"3 dakika\" \/>\r\n<script type=\"application\/ld+json\" class=\"yoast-schema-graph\">{\"@context\":\"https:\/\/schema.org\",\"@graph\":[{\"@type\":\"WebPage\",\"@id\":\"https:\/\/isikdemir.com.tr\/index.php\/cncplazmakesim\/\",\"url\":\"https:\/\/isikdemir.com.tr\/index.php\/cncplazmakesim\/\",\"name\":\"CNC PLAZMA KES\u0130M - I\u015eIK DEM\u0130R\",\"isPartOf\":{\"@id\":\"https:\/\/isikdemir.com.tr\/#website\"},\"primaryImageOfPage\":{\"@id\":\"https:\/\/isikdemir.com.tr\/index.php\/cncplazmakesim\/#primaryimage\"},\"image\":{\"@id\":\"https:\/\/isikdemir.com.tr\/index.php\/cncplazmakesim\/#primaryimage\"},\"thumbnailUrl\":\"http:\/\/isikdemir.com.tr\/wp-content\/uploads\/2024\/12\/A-13328-475x600.jpg\",\"datePublished\":\"2019-11-11T01:50:45+00:00\",\"dateModified\":\"2025-03-10T22:33:07+00:00\",\"breadcrumb\":{\"@id\":\"https:\/\/isikdemir.com.tr\/index.php\/cncplazmakesim\/#breadcrumb\"},\"inLanguage\":\"tr\",\"potentialAction\":[{\"@type\":\"ReadAction\",\"target\":[\"https:\/\/isikdemir.com.tr\/index.php\/cncplazmakesim\/\"]}]},{\"@type\":\"ImageObject\",\"inLanguage\":\"tr\",\"@id\":\"https:\/\/isikdemir.com.tr\/index.php\/cncplazmakesim\/#primaryimage\",\"url\":\"https:\/\/isikdemir.com.tr\/wp-content\/uploads\/2024\/12\/A-13328.jpg\",\"contentUrl\":\"https:\/\/isikdemir.com.tr\/wp-content\/uploads\/2024\/12\/A-13328.jpg\",\"width\":800,\"height\":600},{\"@type\":\"BreadcrumbList\",\"@id\":\"https:\/\/isikdemir.com.tr\/index.php\/cncplazmakesim\/#breadcrumb\",\"itemListElement\":[{\"@type\":\"ListItem\",\"position\":1,\"name\":\"Anasayfa\",\"item\":\"https:\/\/isikdemir.com.tr\/\"},{\"@type\":\"ListItem\",\"position\":2,\"name\":\"CNC PLAZMA KES\u0130M\"}]},{\"@type\":\"WebSite\",\"@id\":\"https:\/\/isikdemir.com.tr\/#website\",\"url\":\"https:\/\/isikdemir.com.tr\/\",\"name\":\"I\u015eIK BORU PROF\u0130L\",\"description\":\"I\u015eIK BORU PROF\u0130L\",\"publisher\":{\"@id\":\"https:\/\/isikdemir.com.tr\/#organization\"},\"potentialAction\":[{\"@type\":\"SearchAction\",\"target\":{\"@type\":\"EntryPoint\",\"urlTemplate\":\"https:\/\/isikdemir.com.tr\/?s={search_term_string}\"},\"query-input\":{\"@type\":\"PropertyValueSpecification\",\"valueRequired\":true,\"valueName\":\"search_term_string\"}}],\"inLanguage\":\"tr\"},{\"@type\":\"Organization\",\"@id\":\"https:\/\/isikdemir.com.tr\/#organization\",\"name\":\"I\u015eIK BORU PROF\u0130L\",\"url\":\"https:\/\/isikdemir.com.tr\/\",\"logo\":{\"@type\":\"ImageObject\",\"inLanguage\":\"tr\",\"@id\":\"https:\/\/isikdemir.com.tr\/#\/schema\/logo\/image\/\",\"url\":\"https:\/\/isikdemir.com.tr\/wp-content\/uploads\/2020\/02\/logo.png\",\"contentUrl\":\"https:\/\/isikdemir.com.tr\/wp-content\/uploads\/2020\/02\/logo.png\",\"width\":300,\"height\":57,\"caption\":\"I\u015eIK BORU PROF\u0130L\"},\"image\":{\"@id\":\"https:\/\/isikdemir.com.tr\/#\/schema\/logo\/image\/\"},\"sameAs\":[\"https:\/\/www.facebook.com\/p\/Ik-Demir-100092820544779\/?locale=tr_TR\"]}]}<\/script>\r\n<!-- \/ Yoast SEO plugin. -->","yoast_head_json":{"title":"CNC PLAZMA KES\u0130M - I\u015eIK DEM\u0130R","robots":{"index":"index","follow":"follow","max-snippet":"max-snippet:-1","max-image-preview":"max-image-preview:large","max-video-preview":"max-video-preview:-1"},"canonical":"https:\/\/isikdemir.com.tr\/index.php\/cncplazmakesim\/","og_locale":"tr_TR","og_type":"article","og_title":"CNC PLAZMA KES\u0130M - I\u015eIK DEM\u0130R","og_description":"TEKNOLOJ\u0130 SANAY\u0130C\u0130N\u0130N H\u0130ZMET\u0130NDE, KAL\u0130TEYE KOLAY ULA\u015eIM CNC Plazma kesim; otomasyona uygunlu\u011fu, s\u00fcrekli iyile\u015ftirilen kesme kalitesi ile sanayide yayg\u0131n olarak kullan\u0131lan bir kesim metodudur. M\u00fc\u015fteri odakl\u0131 \u00fcretim anlay\u0131\u015f\u0131n\u0131 ilke edinen firmam\u0131z, imalat s\u00fcrecinde kar\u015f\u0131l\u0131kl\u0131 fikir al\u0131\u015fveri\u015fi ile olu\u015fturulan \u00e7izimler d\u0131\u015f\u0131nda \u015fablonu \u00e7\u0131kar\u0131lm\u0131\u015f veya numunesi olan par\u00e7alardan da \u00e7izimler yapmaktad\u0131r. Bu yak\u0131n i\u015fbirli\u011finin neticesinde m\u00fc\u015fterinin iste\u011fine uygun [&hellip;]","og_url":"https:\/\/isikdemir.com.tr\/index.php\/cncplazmakesim\/","og_site_name":"I\u015eIK DEM\u0130R","article_publisher":"https:\/\/www.facebook.com\/p\/Ik-Demir-100092820544779\/?locale=tr_TR","article_modified_time":"2025-03-10T22:33:07+00:00","og_image":[{"url":"http:\/\/isikdemir.com.tr\/wp-content\/uploads\/2024\/12\/A-13328-475x600.jpg","type":"","width":"","height":""}],"twitter_card":"summary_large_image","twitter_misc":{"Tahmini okuma s\u00fcresi":"3 dakika"},"schema":{"@context":"https:\/\/schema.org","@graph":[{"@type":"WebPage","@id":"https:\/\/isikdemir.com.tr\/index.php\/cncplazmakesim\/","url":"https:\/\/isikdemir.com.tr\/index.php\/cncplazmakesim\/","name":"CNC PLAZMA KES\u0130M - I\u015eIK DEM\u0130R","isPartOf":{"@id":"https:\/\/isikdemir.com.tr\/#website"},"primaryImageOfPage":{"@id":"https:\/\/isikdemir.com.tr\/index.php\/cncplazmakesim\/#primaryimage"},"image":{"@id":"https:\/\/isikdemir.com.tr\/index.php\/cncplazmakesim\/#primaryimage"},"thumbnailUrl":"http:\/\/isikdemir.com.tr\/wp-content\/uploads\/2024\/12\/A-13328-475x600.jpg","datePublished":"2019-11-11T01:50:45+00:00","dateModified":"2025-03-10T22:33:07+00:00","breadcrumb":{"@id":"https:\/\/isikdemir.com.tr\/index.php\/cncplazmakesim\/#breadcrumb"},"inLanguage":"tr","potentialAction":[{"@type":"ReadAction","target":["https:\/\/isikdemir.com.tr\/index.php\/cncplazmakesim\/"]}]},{"@type":"ImageObject","inLanguage":"tr","@id":"https:\/\/isikdemir.com.tr\/index.php\/cncplazmakesim\/#primaryimage","url":"https:\/\/isikdemir.com.tr\/wp-content\/uploads\/2024\/12\/A-13328.jpg","contentUrl":"https:\/\/isikdemir.com.tr\/wp-content\/uploads\/2024\/12\/A-13328.jpg","width":800,"height":600},{"@type":"BreadcrumbList","@id":"https:\/\/isikdemir.com.tr\/index.php\/cncplazmakesim\/#breadcrumb","itemListElement":[{"@type":"ListItem","position":1,"name":"Anasayfa","item":"https:\/\/isikdemir.com.tr\/"},{"@type":"ListItem","position":2,"name":"CNC PLAZMA KES\u0130M"}]},{"@type":"WebSite","@id":"https:\/\/isikdemir.com.tr\/#website","url":"https:\/\/isikdemir.com.tr\/","name":"I\u015eIK BORU PROF\u0130L","description":"I\u015eIK BORU PROF\u0130L","publisher":{"@id":"https:\/\/isikdemir.com.tr\/#organization"},"potentialAction":[{"@type":"SearchAction","target":{"@type":"EntryPoint","urlTemplate":"https:\/\/isikdemir.com.tr\/?s={search_term_string}"},"query-input":{"@type":"PropertyValueSpecification","valueRequired":true,"valueName":"search_term_string"}}],"inLanguage":"tr"},{"@type":"Organization","@id":"https:\/\/isikdemir.com.tr\/#organization","name":"I\u015eIK BORU PROF\u0130L","url":"https:\/\/isikdemir.com.tr\/","logo":{"@type":"ImageObject","inLanguage":"tr","@id":"https:\/\/isikdemir.com.tr\/#\/schema\/logo\/image\/","url":"https:\/\/isikdemir.com.tr\/wp-content\/uploads\/2020\/02\/logo.png","contentUrl":"https:\/\/isikdemir.com.tr\/wp-content\/uploads\/2020\/02\/logo.png","width":300,"height":57,"caption":"I\u015eIK BORU PROF\u0130L"},"image":{"@id":"https:\/\/isikdemir.com.tr\/#\/schema\/logo\/image\/"},"sameAs":["https:\/\/www.facebook.com\/p\/Ik-Demir-100092820544779\/?locale=tr_TR"]}]}},"_links":{"self":[{"href":"https:\/\/isikdemir.com.tr\/index.php\/wp-json\/wp\/v2\/pages\/362","targetHints":{"allow":["GET"]}}],"collection":[{"href":"https:\/\/isikdemir.com.tr\/index.php\/wp-json\/wp\/v2\/pages"}],"about":[{"href":"https:\/\/isikdemir.com.tr\/index.php\/wp-json\/wp\/v2\/types\/page"}],"author":[{"embeddable":true,"href":"https:\/\/isikdemir.com.tr\/index.php\/wp-json\/wp\/v2\/users\/1"}],"replies":[{"embeddable":true,"href":"https:\/\/isikdemir.com.tr\/index.php\/wp-json\/wp\/v2\/comments?post=362"}],"version-history":[{"count":39,"href":"https:\/\/isikdemir.com.tr\/index.php\/wp-json\/wp\/v2\/pages\/362\/revisions"}],"predecessor-version":[{"id":10137,"href":"https:\/\/isikdemir.com.tr\/index.php\/wp-json\/wp\/v2\/pages\/362\/revisions\/10137"}],"wp:attachment":[{"href":"https:\/\/isikdemir.com.tr\/index.php\/wp-json\/wp\/v2\/media?parent=362"}],"curies":[{"name":"wp","href":"https:\/\/api.w.org\/{rel}","templated":true}]}}