{"id":3493,"date":"2020-02-07T02:16:44","date_gmt":"2020-02-07T02:16:44","guid":{"rendered":"https:\/\/demo.casethemes.net\/consultio\/?page_id=3493"},"modified":"2024-12-14T20:19:40","modified_gmt":"2024-12-14T20:19:40","slug":"hakkimizda","status":"publish","type":"page","link":"https:\/\/isikdemir.com.tr\/index.php\/hakkimizda\/","title":{"rendered":"Hakk\u0131m\u0131zda555"},"content":{"rendered":"<p>About us                                                            <\/p>\n<h3 data-wow-delay=\"ms\">\n                We\u2019re a global stakeholder relations and consultancy.<br \/>\n                    <\/h3>\n<p>\t\tAt vero eos et accusamus et iusto odio digni goiku sendeno<br \/>\nssimos ducimus qui blanditiis praese. Ntium voluum deleniti atque corrupti quos. We bring more than 24 years\u2019 senior experience forging of<br \/>\ncollaborations across government.<br \/>\n\t            \t\tPraesent feugiat sem.<br \/>\n\t            \t\tA wonderful serenity.<br \/>\n\t            \t\tPremium services for you.<br \/>\n\t            \t\tSet a link back to photo.<br \/>\n\t\tCall to ask <a href=\"#\">any question<\/a> 540-325-1523<br \/>\n\t\t\t\t\t\t\t\t\t\t\t\t\t\t\t<img decoding=\"async\" width=\"350\" height=\"1\" src=\"http:\/\/isikdemir.com.tr\/wp-content\/uploads\/2019\/12\/about-gap.png\" alt=\"\" srcset=\"http:\/\/isikdemir.com.tr\/wp-content\/uploads\/2019\/12\/about-gap.png 350w, http:\/\/isikdemir.com.tr\/wp-content\/uploads\/2019\/12\/about-gap-300x1.png 300w, http:\/\/isikdemir.com.tr\/wp-content\/uploads\/2019\/12\/about-gap-150x1.png 150w, http:\/\/isikdemir.com.tr\/wp-content\/uploads\/2019\/12\/about-gap-250x1.png 250w\" sizes=\"(max-width: 350px) 100vw, 350px\" \/><br \/>\n        \t<img decoding=\"async\" width=\"95\" height=\"85\" src=\"http:\/\/isikdemir.com.tr\/wp-content\/uploads\/2019\/12\/signature-02.png\" alt=\"\" \/>        <\/p>\n<h3>Natalia Duke<\/h3>\n<p>    \t(Chairman and founder)<br \/>\n    \t<img fetchpriority=\"high\" decoding=\"async\" width=\"510\" height=\"730\" src=\"http:\/\/isikdemir.com.tr\/wp-content\/uploads\/2019\/12\/banner-01.png\" alt=\"\" \/>        <\/p>\n<h3>24 Years of Experience<\/h3>\n<p>                                                Pricing                                                            <\/p>\n<h3 data-wow-delay=\"ms\">\n                We&#8217;re ready to share our advice and experience.<br \/>\n                    <\/h3>\n<p>\t\tThe main difference between Statistic and Statistics is that the Statistic is a single measure of some attribute of a sample and Statistics is a study of the collection.<br \/>\n                                <img loading=\"lazy\" decoding=\"async\" width=\"137\" height=\"150\" src=\"http:\/\/isikdemir.com.tr\/wp-content\/uploads\/2020\/02\/icon-partnership.png\" alt=\"\" \/>                            <\/p>\n<h3>\n                            Tax Consultancy                        <\/h3>\n<p>                        This is one of many areas of<br \/>\nprofessional services where our firm is well ahead of the competition.<br \/>\n                                                    <a href=\"http:\/\/isikdemir.com.tr\/service\/business-strategy\/\"><\/a><br \/>\n                                <img loading=\"lazy\" decoding=\"async\" width=\"171\" height=\"150\" src=\"http:\/\/isikdemir.com.tr\/wp-content\/uploads\/2020\/02\/icon-analysis.png\" alt=\"\" \/>                            <\/p>\n<h3>\n                            Audit &#038; assurance                        <\/h3>\n<p>                        People are only as good as the tools they possess. So, to consistently deliver high-quality auditing services.<br \/>\n                                                    <a href=\"http:\/\/isikdemir.com.tr\/service\/business-strategy\/\"><\/a><br \/>\n                                <img loading=\"lazy\" decoding=\"async\" width=\"118\" height=\"150\" src=\"http:\/\/isikdemir.com.tr\/wp-content\/uploads\/2020\/02\/icon-chart-star.png\" alt=\"\" \/>                            <\/p>\n<h3>\n                            Value Added Tax                        <\/h3>\n<p>                        We are providing and dealing with all sorts of legal and professional services and matters to operate.<br \/>\n                                                    <a href=\"http:\/\/isikdemir.com.tr\/service\/business-strategy\/\"><\/a><br \/>\n                                <img loading=\"lazy\" decoding=\"async\" width=\"117\" height=\"150\" src=\"http:\/\/isikdemir.com.tr\/wp-content\/uploads\/2020\/02\/icon-money-bag.png\" alt=\"\" \/>                            <\/p>\n<h3>\n                            Accounting Services                        <\/h3>\n<p>                        Our professionals provide a range of accounting and assurance services of the highest standards.<br \/>\n                                                    <a href=\"http:\/\/isikdemir.com.tr\/service\/business-strategy\/\"><\/a><br \/>\n                                <img loading=\"lazy\" decoding=\"async\" width=\"135\" height=\"150\" src=\"http:\/\/isikdemir.com.tr\/wp-content\/uploads\/2020\/02\/icon-idea.png\" alt=\"\" \/>                            <\/p>\n<h3>\n                            Tax Outsourcing                        <\/h3>\n<p>                        Unlike our competitors we have in house qualified lawyers and accountants who can help you.<br \/>\n                                                    <a href=\"http:\/\/isikdemir.com.tr\/service\/business-strategy\/\"><\/a><br \/>\n                                <img loading=\"lazy\" decoding=\"async\" width=\"146\" height=\"150\" src=\"http:\/\/isikdemir.com.tr\/wp-content\/uploads\/2020\/02\/icon-business.png\" alt=\"\" \/>                            <\/p>\n<h3>\n                            Amazing Strategy                        <\/h3>\n<p>                        Operates an atmosphere that promote creative approach for clients needs.<br \/>\n                                                    <a href=\"http:\/\/isikdemir.com.tr\/service\/business-strategy\/\"><\/a><br \/>\n\t\t\tLike What We Offer\t\t<\/p>\n<h3 data-wow-delay=\"ms\">\n                DO BUSINESS<br \/>\nWITH US!<br \/>\n                    <\/h3>\n<p>\t\t\tIn order to acquire our services please kindly send us your inquiry of interest. We shall revert back<br \/>\nimmediately.<br \/>\n        <a href=\"http:\/\/isikdemir.com.tr\/contact\/\" data-wow-delay=\"ms\"><br \/>\n                Contact us<br \/>\n    <\/a><br \/>\n                                            Our Value<br \/>\n                                            Our Mission<br \/>\n                                            Payroll Service<br \/>\n                                            We Have Over 3000 Registered Human Resource Portals To Seek out the Best For Your Company.<br \/>\nNetworks of our affiliates spreads all over the world inorder to provide a good grip in the Global Human Resource Recruitment System.<br \/>\n                                            Our professionals provide a range of accounting and assurance services of the highest standards.<br \/>\nNetworks of our affiliates spreads all over the world inorder to provide a good grip in the Global Human Resource Recruitment System.<br \/>\n                                            People are only as good as the tools they possess. So, to consistently deliver high-quality auditing.<br \/>\nNetworks of our affiliates spreads all over the world inorder to provide a good grip in the Global Human Resource Recruitment System.<br \/>\n                                                Team                                                            <\/p>\n<h3 data-wow-delay=\"ms\">\n                We draw on our global network to<br \/>\nassemble a team of experts.<br \/>\n                    <\/h3>\n<p>                                He has extensive experience in<br \/>\norganizational design, business process reengineering.<br \/>\n                                <img loading=\"lazy\" decoding=\"async\" src=\"http:\/\/isikdemir.com.tr\/wp-content\/uploads\/2019\/12\/team-single-360x360.jpg\" width=\"360\" height=\"360\" alt=\"team-single\" title=\"team-single\" \/>                                <a href=\"http:\/\/isikdemir.com.tr\/team-details\/\"><\/a><\/p>\n<h3>\n                            Fran Bostick                        <\/h3>\n<p>                                                                        <a href=\"#\" target=\"_blank\" rel=\"noopener\"><\/a><br \/>\n                                                                            <a href=\"#\" target=\"_blank\" rel=\"noopener\"><\/a><br \/>\n                                                                            <a href=\"#\" target=\"_blank\" rel=\"noopener\"><\/a><br \/>\n                                                                            <a href=\"#\" target=\"_blank\" rel=\"noopener\"><\/a><br \/>\n                            Founder &amp; CEO<br \/>\n                                He has extensive experience in<br \/>\norganizational design, business process reengineering.<br \/>\n                                <img loading=\"lazy\" decoding=\"async\" src=\"http:\/\/isikdemir.com.tr\/wp-content\/uploads\/2020\/02\/h6-team2-360x360.jpg\" width=\"360\" height=\"360\" alt=\"h6-team2\" title=\"h6-team2\" \/>                                <a href=\"http:\/\/isikdemir.com.tr\/team-details\/\"><\/a><\/p>\n<h3>\n                            Tina Holt                        <\/h3>\n<p>                                                                        <a href=\"#\" target=\"_blank\" rel=\"noopener\"><\/a><br \/>\n                                                                            <a href=\"#\" target=\"_blank\" rel=\"noopener\"><\/a><br \/>\n                                                                            <a href=\"#\" target=\"_blank\" rel=\"noopener\"><\/a><br \/>\n                                                                            <a href=\"\" target=\"_blank\" rel=\"noopener\"><\/a><br \/>\n                            Federal Contractor<br \/>\n                                He has extensive experience in<br \/>\norganizational design, business process reengineering.<br \/>\n                                <img loading=\"lazy\" decoding=\"async\" src=\"http:\/\/isikdemir.com.tr\/wp-content\/uploads\/2020\/02\/h6-team3-360x360.jpg\" width=\"360\" height=\"360\" alt=\"h6-team3\" title=\"h6-team3\" \/>                                <a href=\"http:\/\/isikdemir.com.tr\/team-details\/\"><\/a><\/p>\n<h3>\n                            Charles Wilkinson                        <\/h3>\n<p>                                                                        <a href=\"#\" target=\"_blank\" rel=\"noopener\"><\/a><br \/>\n                                                                            <a href=\"#\" target=\"_blank\" rel=\"noopener\"><\/a><br \/>\n                                                                            <a href=\"#\" target=\"_blank\" rel=\"noopener\"><\/a><br \/>\n                                                                            <a href=\"#\" target=\"_blank\" rel=\"noopener\"><\/a><br \/>\n                            Founder &amp; CEO<br \/>\n                                He has extensive experience in<br \/>\norganizational design, business process reengineering.<br \/>\n                                <img loading=\"lazy\" decoding=\"async\" src=\"http:\/\/isikdemir.com.tr\/wp-content\/uploads\/2020\/02\/h6-team4-360x360.jpg\" width=\"360\" height=\"360\" alt=\"h6-team4\" title=\"h6-team4\" \/>                                <a href=\"http:\/\/isikdemir.com.tr\/team-details\/\"><\/a><\/p>\n<h3>\n                            Michael Alan Tate                        <\/h3>\n<p>                                                                        <a href=\"#\" target=\"_blank\" rel=\"noopener\"><\/a><br \/>\n                                                                            <a href=\"#\" target=\"_blank\" rel=\"noopener\"><\/a><br \/>\n                                                                            <a href=\"#\" target=\"_blank\" rel=\"noopener\"><\/a><br \/>\n                                                                            <a href=\"\" target=\"_blank\" rel=\"noopener\"><\/a><br \/>\n                            Vice President<br \/>\n                                He has extensive experience in<br \/>\norganizational design, business process reengineering.<br \/>\n                                <img loading=\"lazy\" decoding=\"async\" src=\"http:\/\/isikdemir.com.tr\/wp-content\/uploads\/2020\/02\/h6-team1.jpg\" width=\"350\" height=\"350\" alt=\"h6-team1\" title=\"h6-team1\" \/>                                <a href=\"http:\/\/isikdemir.com.tr\/team-details\/\"><\/a><\/p>\n<h3>\n                            Suzanne Higgins                        <\/h3>\n<p>                                                                        <a href=\"#\" target=\"_blank\" rel=\"noopener\"><\/a><br \/>\n                                                                            <a href=\"#\" target=\"_blank\" rel=\"noopener\"><\/a><br \/>\n                                                                            <a href=\"#\" target=\"_blank\" rel=\"noopener\"><\/a><br \/>\n                                                                            <a href=\"\" target=\"_blank\" rel=\"noopener\"><\/a><br \/>\n                            Senior Consultant<br \/>\n                                <a href=\"#\"><br \/>\n                                    <img loading=\"lazy\" decoding=\"async\" width=\"169\" height=\"35\" src=\"http:\/\/isikdemir.com.tr\/wp-content\/uploads\/2019\/11\/client-01.png\" alt=\"\" \/>                                                                    <\/a><br \/>\n                                <a href=\"#\"><br \/>\n                                    <img loading=\"lazy\" decoding=\"async\" width=\"143\" height=\"42\" src=\"http:\/\/isikdemir.com.tr\/wp-content\/uploads\/2019\/11\/client-02.png\" alt=\"\" \/>                                                                    <\/a><br \/>\n                                <a href=\"#\"><br \/>\n                                    <img loading=\"lazy\" decoding=\"async\" width=\"166\" height=\"38\" src=\"http:\/\/isikdemir.com.tr\/wp-content\/uploads\/2019\/11\/client-03.png\" alt=\"\" \/>                                                                    <\/a><br \/>\n                                <a href=\"#\"><br \/>\n                                    <img loading=\"lazy\" decoding=\"async\" width=\"170\" height=\"35\" src=\"http:\/\/isikdemir.com.tr\/wp-content\/uploads\/2019\/11\/client-04.png\" alt=\"\" \/>                                                                    <\/a><br \/>\n                                <a href=\"#\"><br \/>\n                                    <img loading=\"lazy\" decoding=\"async\" width=\"196\" height=\"36\" src=\"http:\/\/isikdemir.com.tr\/wp-content\/uploads\/2019\/12\/client-05.png\" alt=\"\" \/>                                                                    <\/a><\/p>\n","protected":false},"excerpt":{"rendered":"<p>About us We\u2019re a global stakeholder relations and consultancy. At vero eos et accusamus et iusto odio digni goiku sendeno ssimos ducimus qui blanditiis praese. Ntium voluum deleniti atque corrupti quos. We bring more than 24 years\u2019 senior experience forging of collaborations across government. Praesent feugiat sem. A wonderful serenity. Premium services for you. Set [&hellip;]<\/p>\n","protected":false},"author":1,"featured_media":0,"parent":0,"menu_order":0,"comment_status":"closed","ping_status":"closed","template":"","meta":{"footnotes":""},"class_list":["post-3493","page","type-page","status-publish","hentry"],"yoast_head":"<!-- This site is optimized with the Yoast SEO plugin v24.3 - https:\/\/yoast.com\/wordpress\/plugins\/seo\/ -->\r\n<title>Hakk\u0131m\u0131zda555 - I\u015eIK DEM\u0130R<\/title>\r\n<meta name=\"robots\" content=\"index, follow, max-snippet:-1, max-image-preview:large, max-video-preview:-1\" \/>\r\n<link rel=\"canonical\" href=\"https:\/\/isikdemir.com.tr\/index.php\/hakkimizda\/\" \/>\r\n<meta property=\"og:locale\" content=\"tr_TR\" \/>\r\n<meta property=\"og:type\" content=\"article\" \/>\r\n<meta property=\"og:title\" content=\"Hakk\u0131m\u0131zda555 - I\u015eIK DEM\u0130R\" \/>\r\n<meta property=\"og:description\" content=\"About us We\u2019re a global stakeholder relations and consultancy. At vero eos et accusamus et iusto odio digni goiku sendeno ssimos ducimus qui blanditiis praese. Ntium voluum deleniti atque corrupti quos. We bring more than 24 years\u2019 senior experience forging of collaborations across government. Praesent feugiat sem. A wonderful serenity. Premium services for you. Set [&hellip;]\" \/>\r\n<meta property=\"og:url\" content=\"https:\/\/isikdemir.com.tr\/index.php\/hakkimizda\/\" \/>\r\n<meta property=\"og:site_name\" content=\"I\u015eIK DEM\u0130R\" \/>\r\n<meta property=\"article:publisher\" content=\"https:\/\/www.facebook.com\/p\/Ik-Demir-100092820544779\/?locale=tr_TR\" \/>\r\n<meta property=\"article:modified_time\" content=\"2024-12-14T20:19:40+00:00\" \/>\r\n<meta property=\"og:image\" content=\"http:\/\/isikdemir.com.tr\/wp-content\/uploads\/2019\/12\/about-gap.png\" \/>\r\n<meta name=\"twitter:card\" content=\"summary_large_image\" \/>\r\n<meta name=\"twitter:label1\" content=\"Tahmini okuma s\u00fcresi\" \/>\n\t<meta name=\"twitter:data1\" content=\"2 dakika\" \/>\r\n<script type=\"application\/ld+json\" class=\"yoast-schema-graph\">{\"@context\":\"https:\/\/schema.org\",\"@graph\":[{\"@type\":\"WebPage\",\"@id\":\"https:\/\/isikdemir.com.tr\/index.php\/hakkimizda\/\",\"url\":\"https:\/\/isikdemir.com.tr\/index.php\/hakkimizda\/\",\"name\":\"Hakk\u0131m\u0131zda555 - I\u015eIK DEM\u0130R\",\"isPartOf\":{\"@id\":\"https:\/\/isikdemir.com.tr\/#website\"},\"primaryImageOfPage\":{\"@id\":\"https:\/\/isikdemir.com.tr\/index.php\/hakkimizda\/#primaryimage\"},\"image\":{\"@id\":\"https:\/\/isikdemir.com.tr\/index.php\/hakkimizda\/#primaryimage\"},\"thumbnailUrl\":\"http:\/\/isikdemir.com.tr\/wp-content\/uploads\/2019\/12\/about-gap.png\",\"datePublished\":\"2020-02-07T02:16:44+00:00\",\"dateModified\":\"2024-12-14T20:19:40+00:00\",\"breadcrumb\":{\"@id\":\"https:\/\/isikdemir.com.tr\/index.php\/hakkimizda\/#breadcrumb\"},\"inLanguage\":\"tr\",\"potentialAction\":[{\"@type\":\"ReadAction\",\"target\":[\"https:\/\/isikdemir.com.tr\/index.php\/hakkimizda\/\"]}]},{\"@type\":\"ImageObject\",\"inLanguage\":\"tr\",\"@id\":\"https:\/\/isikdemir.com.tr\/index.php\/hakkimizda\/#primaryimage\",\"url\":\"https:\/\/isikdemir.com.tr\/wp-content\/uploads\/2019\/12\/about-gap.png\",\"contentUrl\":\"https:\/\/isikdemir.com.tr\/wp-content\/uploads\/2019\/12\/about-gap.png\"},{\"@type\":\"BreadcrumbList\",\"@id\":\"https:\/\/isikdemir.com.tr\/index.php\/hakkimizda\/#breadcrumb\",\"itemListElement\":[{\"@type\":\"ListItem\",\"position\":1,\"name\":\"Anasayfa\",\"item\":\"https:\/\/isikdemir.com.tr\/\"},{\"@type\":\"ListItem\",\"position\":2,\"name\":\"Hakk\u0131m\u0131zda555\"}]},{\"@type\":\"WebSite\",\"@id\":\"https:\/\/isikdemir.com.tr\/#website\",\"url\":\"https:\/\/isikdemir.com.tr\/\",\"name\":\"I\u015eIK BORU PROF\u0130L\",\"description\":\"I\u015eIK BORU PROF\u0130L\",\"publisher\":{\"@id\":\"https:\/\/isikdemir.com.tr\/#organization\"},\"potentialAction\":[{\"@type\":\"SearchAction\",\"target\":{\"@type\":\"EntryPoint\",\"urlTemplate\":\"https:\/\/isikdemir.com.tr\/?s={search_term_string}\"},\"query-input\":{\"@type\":\"PropertyValueSpecification\",\"valueRequired\":true,\"valueName\":\"search_term_string\"}}],\"inLanguage\":\"tr\"},{\"@type\":\"Organization\",\"@id\":\"https:\/\/isikdemir.com.tr\/#organization\",\"name\":\"I\u015eIK BORU PROF\u0130L\",\"url\":\"https:\/\/isikdemir.com.tr\/\",\"logo\":{\"@type\":\"ImageObject\",\"inLanguage\":\"tr\",\"@id\":\"https:\/\/isikdemir.com.tr\/#\/schema\/logo\/image\/\",\"url\":\"https:\/\/isikdemir.com.tr\/wp-content\/uploads\/2020\/02\/logo.png\",\"contentUrl\":\"https:\/\/isikdemir.com.tr\/wp-content\/uploads\/2020\/02\/logo.png\",\"width\":300,\"height\":57,\"caption\":\"I\u015eIK BORU PROF\u0130L\"},\"image\":{\"@id\":\"https:\/\/isikdemir.com.tr\/#\/schema\/logo\/image\/\"},\"sameAs\":[\"https:\/\/www.facebook.com\/p\/Ik-Demir-100092820544779\/?locale=tr_TR\"]}]}<\/script>\r\n<!-- \/ Yoast SEO plugin. -->","yoast_head_json":{"title":"Hakk\u0131m\u0131zda555 - I\u015eIK DEM\u0130R","robots":{"index":"index","follow":"follow","max-snippet":"max-snippet:-1","max-image-preview":"max-image-preview:large","max-video-preview":"max-video-preview:-1"},"canonical":"https:\/\/isikdemir.com.tr\/index.php\/hakkimizda\/","og_locale":"tr_TR","og_type":"article","og_title":"Hakk\u0131m\u0131zda555 - I\u015eIK DEM\u0130R","og_description":"About us We\u2019re a global stakeholder relations and consultancy. At vero eos et accusamus et iusto odio digni goiku sendeno ssimos ducimus qui blanditiis praese. Ntium voluum deleniti atque corrupti quos. We bring more than 24 years\u2019 senior experience forging of collaborations across government. Praesent feugiat sem. A wonderful serenity. Premium services for you. Set [&hellip;]","og_url":"https:\/\/isikdemir.com.tr\/index.php\/hakkimizda\/","og_site_name":"I\u015eIK DEM\u0130R","article_publisher":"https:\/\/www.facebook.com\/p\/Ik-Demir-100092820544779\/?locale=tr_TR","article_modified_time":"2024-12-14T20:19:40+00:00","og_image":[{"url":"http:\/\/isikdemir.com.tr\/wp-content\/uploads\/2019\/12\/about-gap.png","type":"","width":"","height":""}],"twitter_card":"summary_large_image","twitter_misc":{"Tahmini okuma s\u00fcresi":"2 dakika"},"schema":{"@context":"https:\/\/schema.org","@graph":[{"@type":"WebPage","@id":"https:\/\/isikdemir.com.tr\/index.php\/hakkimizda\/","url":"https:\/\/isikdemir.com.tr\/index.php\/hakkimizda\/","name":"Hakk\u0131m\u0131zda555 - I\u015eIK DEM\u0130R","isPartOf":{"@id":"https:\/\/isikdemir.com.tr\/#website"},"primaryImageOfPage":{"@id":"https:\/\/isikdemir.com.tr\/index.php\/hakkimizda\/#primaryimage"},"image":{"@id":"https:\/\/isikdemir.com.tr\/index.php\/hakkimizda\/#primaryimage"},"thumbnailUrl":"http:\/\/isikdemir.com.tr\/wp-content\/uploads\/2019\/12\/about-gap.png","datePublished":"2020-02-07T02:16:44+00:00","dateModified":"2024-12-14T20:19:40+00:00","breadcrumb":{"@id":"https:\/\/isikdemir.com.tr\/index.php\/hakkimizda\/#breadcrumb"},"inLanguage":"tr","potentialAction":[{"@type":"ReadAction","target":["https:\/\/isikdemir.com.tr\/index.php\/hakkimizda\/"]}]},{"@type":"ImageObject","inLanguage":"tr","@id":"https:\/\/isikdemir.com.tr\/index.php\/hakkimizda\/#primaryimage","url":"https:\/\/isikdemir.com.tr\/wp-content\/uploads\/2019\/12\/about-gap.png","contentUrl":"https:\/\/isikdemir.com.tr\/wp-content\/uploads\/2019\/12\/about-gap.png"},{"@type":"BreadcrumbList","@id":"https:\/\/isikdemir.com.tr\/index.php\/hakkimizda\/#breadcrumb","itemListElement":[{"@type":"ListItem","position":1,"name":"Anasayfa","item":"https:\/\/isikdemir.com.tr\/"},{"@type":"ListItem","position":2,"name":"Hakk\u0131m\u0131zda555"}]},{"@type":"WebSite","@id":"https:\/\/isikdemir.com.tr\/#website","url":"https:\/\/isikdemir.com.tr\/","name":"I\u015eIK BORU PROF\u0130L","description":"I\u015eIK BORU PROF\u0130L","publisher":{"@id":"https:\/\/isikdemir.com.tr\/#organization"},"potentialAction":[{"@type":"SearchAction","target":{"@type":"EntryPoint","urlTemplate":"https:\/\/isikdemir.com.tr\/?s={search_term_string}"},"query-input":{"@type":"PropertyValueSpecification","valueRequired":true,"valueName":"search_term_string"}}],"inLanguage":"tr"},{"@type":"Organization","@id":"https:\/\/isikdemir.com.tr\/#organization","name":"I\u015eIK BORU PROF\u0130L","url":"https:\/\/isikdemir.com.tr\/","logo":{"@type":"ImageObject","inLanguage":"tr","@id":"https:\/\/isikdemir.com.tr\/#\/schema\/logo\/image\/","url":"https:\/\/isikdemir.com.tr\/wp-content\/uploads\/2020\/02\/logo.png","contentUrl":"https:\/\/isikdemir.com.tr\/wp-content\/uploads\/2020\/02\/logo.png","width":300,"height":57,"caption":"I\u015eIK BORU PROF\u0130L"},"image":{"@id":"https:\/\/isikdemir.com.tr\/#\/schema\/logo\/image\/"},"sameAs":["https:\/\/www.facebook.com\/p\/Ik-Demir-100092820544779\/?locale=tr_TR"]}]}},"_links":{"self":[{"href":"https:\/\/isikdemir.com.tr\/index.php\/wp-json\/wp\/v2\/pages\/3493","targetHints":{"allow":["GET"]}}],"collection":[{"href":"https:\/\/isikdemir.com.tr\/index.php\/wp-json\/wp\/v2\/pages"}],"about":[{"href":"https:\/\/isikdemir.com.tr\/index.php\/wp-json\/wp\/v2\/types\/page"}],"author":[{"embeddable":true,"href":"https:\/\/isikdemir.com.tr\/index.php\/wp-json\/wp\/v2\/users\/1"}],"replies":[{"embeddable":true,"href":"https:\/\/isikdemir.com.tr\/index.php\/wp-json\/wp\/v2\/comments?post=3493"}],"version-history":[{"count":3,"href":"https:\/\/isikdemir.com.tr\/index.php\/wp-json\/wp\/v2\/pages\/3493\/revisions"}],"predecessor-version":[{"id":8046,"href":"https:\/\/isikdemir.com.tr\/index.php\/wp-json\/wp\/v2\/pages\/3493\/revisions\/8046"}],"wp:attachment":[{"href":"https:\/\/isikdemir.com.tr\/index.php\/wp-json\/wp\/v2\/media?parent=3493"}],"curies":[{"name":"wp","href":"https:\/\/api.w.org\/{rel}","templated":true}]}}