{"id":3491,"date":"2020-02-07T02:16:32","date_gmt":"2020-02-07T02:16:32","guid":{"rendered":"https:\/\/demo.casethemes.net\/consultio\/?page_id=3491"},"modified":"2025-03-10T20:55:19","modified_gmt":"2025-03-10T20:55:19","slug":"tarihce","status":"publish","type":"page","link":"https:\/\/isikdemir.com.tr\/index.php\/tarihce\/","title":{"rendered":"TAR\u0130H\u00c7E"},"content":{"rendered":"\t\t<div data-elementor-type=\"wp-page\" data-elementor-id=\"3491\" class=\"elementor elementor-3491\">\n\t\t\t\t        <section class=\"elementor-section elementor-top-section elementor-element elementor-element-40fd8216 elementor-section-boxed elementor-section-height-default elementor-section-height-default ct-header-fixed-none ct-row-max-none\" data-id=\"40fd8216\" data-element_type=\"section\">\n            \n                        <div class=\"elementor-container elementor-column-gap-extended \">\n                    <div class=\"elementor-column elementor-col-50 elementor-top-column elementor-element elementor-element-2a114ffb\" data-id=\"2a114ffb\" data-element_type=\"column\">\n        <div class=\"elementor-widget-wrap elementor-element-populated\">\n                    \n        \t\t<div class=\"elementor-element elementor-element-e7c34af elementor-widget elementor-widget-ct_heading\" data-id=\"e7c34af\" data-element_type=\"widget\" data-widget_type=\"ct_heading.default\">\n\t\t\t\t<div class=\"elementor-widget-container\">\n\t\t\t\t\t<div id=\"ct_heading-e7c34af\" class=\"ct-heading h-align- sub-style2 ct-heading-left item-st-line-left2\">\r\n\t<div class=\"ct-item--inner\">\r\n        <div class=\"ct-inline-css\"  data-css=\"\r\n            \">\r\n        <\/div>\r\n                <h3 class=\"item--title st-line-left2 wow wow fadeInUp\" data-wow-delay=\"ms\">\r\n                        <span class=\"sp-main\">\r\n                                    <i><\/i>\r\n                \r\n                I\u015eIK BORU PROF\u0130L\r\n                \r\n                            <\/span>\r\n                    <\/h3>\r\n    <\/div>\r\n<\/div>\t\t\t\t<\/div>\n\t\t\t\t<\/div>\n\t\t\t\t<div class=\"elementor-element elementor-element-10df5e6a wow fadeInUp elementor-widget__width-initial elementor-widget elementor-widget-text-editor\" data-id=\"10df5e6a\" data-element_type=\"widget\" data-widget_type=\"text-editor.default\">\n\t\t\t\t\t\t\t\t\t<p>1976 y\u0131l\u0131nda aile \u015firketi olarak kurulan firmam\u0131z, de\u011fi\u015fen ve geli\u015fen ihtiya\u00e7lara cevap vermek amac\u0131yla \u015fube say\u0131s\u0131n\u0131 y\u0131ldan y\u0131la art\u0131rarak t\u00fcm sanayilerde m\u00fc\u015fterilerine cevap veren bir yap\u0131 olu\u015fturdu.<\/p><p>Sivas\u2019\u0131n ticarette g\u00fcvenilen ve g\u00fcvenilir olmay\u0131 \u015fiar edinen, sekt\u00f6r\u00fcn\u00fcn \u00f6nc\u00fc firmas\u0131 olan I\u015eIK DEM\u0130R T\u0130CARET, 1998 y\u0131l\u0131na gelindi\u011finde toptan boru profil sat\u0131\u015f\u0131 yapmak amac\u0131yla I\u015eIK BORU PROF\u0130L\u2019i kurdu.<\/p><p>Teknolojiyi sanayiye entegre edecek alt yap\u0131 yat\u0131r\u0131mlar\u0131na 2004 y\u0131l\u0131nda ilk makinele\u015fme ad\u0131mlar\u0131n\u0131 atarak ba\u015flayan firmam\u0131z, 2007 y\u0131l\u0131nda organize sanayi b\u00f6lgesinde ki yat\u0131r\u0131m\u0131n\u0131 tamamlayarak toplamda 10.000 m2 alanda sac i\u015fleme merkezi ad\u0131 alt\u0131nda sekt\u00f6r\u00fcn taleplerini kar\u015f\u0131lamak amac\u0131 ile makine yat\u0131r\u0131mlar\u0131 yap\u0131larak sac kesim ve b\u00fck\u00fcm hizmeti vermeye ba\u015flad\u0131. Sadece bulundu\u011fu \u015fehrin de\u011fil b\u00f6lgesinin de ihtiya\u00e7lar\u0131na cevap veren bir metal marketine d\u00f6n\u00fc\u015ft\u00fc.<\/p>\t\t\t\t\t\t\t\t<\/div>\n\t\t            <\/div>\n        <\/div>\n                <div class=\"elementor-column elementor-col-50 elementor-top-column elementor-element elementor-element-431858c4\" data-id=\"431858c4\" data-element_type=\"column\">\n        <div class=\"elementor-widget-wrap elementor-element-populated\">\n                    \n        \t\t<div class=\"elementor-element elementor-element-160cdc54 wow fadeInRight elementor-widget__width-initial elementor-widget elementor-widget-image\" data-id=\"160cdc54\" data-element_type=\"widget\" data-widget_type=\"image.default\">\n\t\t\t\t\t\t\t\t\t\t\t\t\t\t\t<img fetchpriority=\"high\" decoding=\"async\" width=\"375\" height=\"500\" src=\"https:\/\/isikdemir.com.tr\/wp-content\/uploads\/2024\/12\/IMG_5699.jpg\" class=\"attachment-full size-full wp-image-9004\" alt=\"\" srcset=\"https:\/\/isikdemir.com.tr\/wp-content\/uploads\/2024\/12\/IMG_5699.jpg 375w, https:\/\/isikdemir.com.tr\/wp-content\/uploads\/2024\/12\/IMG_5699-225x300.jpg 225w\" sizes=\"(max-width: 375px) 100vw, 375px\" \/>\t\t\t\t\t\t\t\t\t\t\t\t\t\t\t<\/div>\n\t\t            <\/div>\n        <\/div>\n                    <\/div>\n        <\/section>\n        <div class=\"elementor-element elementor-element-e963753 e-flex e-con-boxed e-con e-parent\" data-id=\"e963753\" data-element_type=\"container\">\n\t\t\t\t\t<div class=\"e-con-inner\">\n\t\t\t\t<div class=\"elementor-element elementor-element-29ae804 wow fadeInUp elementor-widget elementor-widget-text-editor\" data-id=\"29ae804\" data-element_type=\"widget\" data-widget_type=\"text-editor.default\">\n\t\t\t\t\t\t\t\t\t<ul><li>Faaliyete soktu\u011fumuz makine parkurumuzda 30\u2019a yak\u0131n personel ile 2 adet plazma, 1 adet lazer ve 1 adet presimiz ile en h\u0131zl\u0131 ve en kaliteli hizmeti vermeye devam ediyoruz.<\/li><li>2010 y\u0131l\u0131nda 4 eyl\u00fcl sanayi sitesine kurmu\u015f oldu\u011fumuz depo ile m\u00fc\u015fterilere h\u0131z ve \u00e7e\u015fitlilik noktas\u0131ndaki hizmetini art\u0131rmay\u0131 ba\u015farm\u0131\u015f ve m\u00fc\u015fterileri ile b\u00fcy\u00fcmeyi hedefleyen bir kurum haline gelmi\u015ftir.<\/li><li>2022 y\u0131l\u0131nda Yeni ata sanayi \u015fubesini revizyona giderek depo hacmini art\u0131rm\u0131\u015f ve modernize hale getirilmi\u015ftir.<br \/>Bug\u00fcn \u015firketimiz, kurucular\u0131m\u0131zdan HAN\u0130F\u0130 I\u015eIK ve HULUS\u0130 I\u015eIK liderli\u011finde, ikinci ku\u015fak temsilcilerinin de kat\u0131l\u0131m\u0131 ile \u00fc\u00e7 ayr\u0131 \u015fubede 1000 in \u00fczerinde \u00fcr\u00fcn \u00e7e\u015fidiyle m\u00fc\u015fterilerine s\u00fcrekli g\u00fc\u00e7l\u00fc bir stok hizmeti sunan, sanayicinin ihtiyac\u0131 olan ara mam\u00fcl tedarikinde h\u0131zl\u0131 bir partner g\u00f6revi g\u00f6ren, her ge\u00e7en g\u00fcn makine parkurunu ve sat\u0131\u015f kanallar\u0131n\u0131 geli\u015ftiren, m\u00fc\u015fteri odakl\u0131 \u00e7al\u0131\u015fma prensibiyle hedeflerine emin ad\u0131mlarla y\u00fcr\u00fcmektedir.<\/li><\/ul>\t\t\t\t\t\t\t\t<\/div>\n\t\t\t\t\t<\/div>\n\t\t\t\t<\/div>\n\t\t        <section class=\"elementor-section elementor-top-section elementor-element elementor-element-a85a00b elementor-section-boxed elementor-section-height-default elementor-section-height-default ct-header-fixed-none ct-row-max-none\" data-id=\"a85a00b\" data-element_type=\"section\">\n            \n                        <div class=\"elementor-container elementor-column-gap-extended \">\n                    <div class=\"elementor-column elementor-col-100 elementor-top-column elementor-element elementor-element-5846a252\" data-id=\"5846a252\" data-element_type=\"column\">\n        <div class=\"elementor-widget-wrap elementor-element-populated\">\n                    \n        \t\t<div class=\"elementor-element elementor-element-78aad6aa elementor-widget elementor-widget-ct_cta\" data-id=\"78aad6aa\" data-element_type=\"widget\" data-widget_type=\"ct_cta.default\">\n\t\t\t\t<div class=\"elementor-widget-container\">\n\t\t\t\t\t<div class=\"ct-cta1 \">\r\n            <div class=\"item--holder\">\r\n            <span class=\"item--title\">G\u00fc\u00e7l\u00fc Stok, Zengin \u00c7e\u015fit , H\u0131zl\u0131 Teslimat, 100% Memnuniyet.<\/span>\r\n            <span class=\"item--desc\"><\/span>\r\n        <\/div>\r\n        <\/div>\r\n\t\t\t\t<\/div>\n\t\t\t\t<\/div>\n\t\t            <\/div>\n        <\/div>\n                    <\/div>\n        <\/section>\n        \t\t<\/div>\n\t\t","protected":false},"excerpt":{"rendered":"<p>I\u015eIK BORU PROF\u0130L 1976 y\u0131l\u0131nda aile \u015firketi olarak kurulan firmam\u0131z, de\u011fi\u015fen ve geli\u015fen ihtiya\u00e7lara cevap vermek amac\u0131yla \u015fube say\u0131s\u0131n\u0131 y\u0131ldan y\u0131la art\u0131rarak t\u00fcm sanayilerde m\u00fc\u015fterilerine cevap veren bir yap\u0131 olu\u015fturdu. Sivas\u2019\u0131n ticarette g\u00fcvenilen ve g\u00fcvenilir olmay\u0131 \u015fiar edinen, sekt\u00f6r\u00fcn\u00fcn \u00f6nc\u00fc firmas\u0131 olan I\u015eIK DEM\u0130R T\u0130CARET, 1998 y\u0131l\u0131na gelindi\u011finde toptan boru profil sat\u0131\u015f\u0131 yapmak amac\u0131yla I\u015eIK [&hellip;]<\/p>\n","protected":false},"author":1,"featured_media":8038,"parent":0,"menu_order":0,"comment_status":"closed","ping_status":"closed","template":"","meta":{"footnotes":""},"class_list":["post-3491","page","type-page","status-publish","has-post-thumbnail","hentry"],"yoast_head":"<!-- This site is optimized with the Yoast SEO plugin v24.3 - https:\/\/yoast.com\/wordpress\/plugins\/seo\/ -->\r\n<title>TAR\u0130H\u00c7E - I\u015eIK DEM\u0130R<\/title>\r\n<meta name=\"robots\" content=\"index, follow, max-snippet:-1, max-image-preview:large, max-video-preview:-1\" \/>\r\n<link rel=\"canonical\" href=\"https:\/\/isikdemir.com.tr\/index.php\/tarihce\/\" \/>\r\n<meta property=\"og:locale\" content=\"tr_TR\" \/>\r\n<meta property=\"og:type\" content=\"article\" \/>\r\n<meta property=\"og:title\" content=\"TAR\u0130H\u00c7E - I\u015eIK DEM\u0130R\" \/>\r\n<meta property=\"og:description\" content=\"I\u015eIK BORU PROF\u0130L 1976 y\u0131l\u0131nda aile \u015firketi olarak kurulan firmam\u0131z, de\u011fi\u015fen ve geli\u015fen ihtiya\u00e7lara cevap vermek amac\u0131yla \u015fube say\u0131s\u0131n\u0131 y\u0131ldan y\u0131la art\u0131rarak t\u00fcm sanayilerde m\u00fc\u015fterilerine cevap veren bir yap\u0131 olu\u015fturdu. Sivas\u2019\u0131n ticarette g\u00fcvenilen ve g\u00fcvenilir olmay\u0131 \u015fiar edinen, sekt\u00f6r\u00fcn\u00fcn \u00f6nc\u00fc firmas\u0131 olan I\u015eIK DEM\u0130R T\u0130CARET, 1998 y\u0131l\u0131na gelindi\u011finde toptan boru profil sat\u0131\u015f\u0131 yapmak amac\u0131yla I\u015eIK [&hellip;]\" \/>\r\n<meta property=\"og:url\" content=\"https:\/\/isikdemir.com.tr\/index.php\/tarihce\/\" \/>\r\n<meta property=\"og:site_name\" content=\"I\u015eIK DEM\u0130R\" \/>\r\n<meta property=\"article:publisher\" content=\"https:\/\/www.facebook.com\/p\/Ik-Demir-100092820544779\/?locale=tr_TR\" \/>\r\n<meta property=\"article:modified_time\" content=\"2025-03-10T20:55:19+00:00\" \/>\r\n<meta property=\"og:image\" content=\"https:\/\/isikdemir.com.tr\/wp-content\/uploads\/2024\/12\/lazerkesim.jpg\" \/>\r\n\t<meta property=\"og:image:width\" content=\"1498\" \/>\r\n\t<meta property=\"og:image:height\" content=\"500\" \/>\r\n\t<meta property=\"og:image:type\" content=\"image\/jpeg\" \/>\r\n<meta name=\"twitter:card\" content=\"summary_large_image\" \/>\r\n<meta name=\"twitter:label1\" content=\"Tahmini okuma s\u00fcresi\" \/>\n\t<meta name=\"twitter:data1\" content=\"1 dakika\" \/>\r\n<script type=\"application\/ld+json\" class=\"yoast-schema-graph\">{\"@context\":\"https:\/\/schema.org\",\"@graph\":[{\"@type\":\"WebPage\",\"@id\":\"https:\/\/isikdemir.com.tr\/index.php\/tarihce\/\",\"url\":\"https:\/\/isikdemir.com.tr\/index.php\/tarihce\/\",\"name\":\"TAR\u0130H\u00c7E - I\u015eIK DEM\u0130R\",\"isPartOf\":{\"@id\":\"https:\/\/isikdemir.com.tr\/#website\"},\"primaryImageOfPage\":{\"@id\":\"https:\/\/isikdemir.com.tr\/index.php\/tarihce\/#primaryimage\"},\"image\":{\"@id\":\"https:\/\/isikdemir.com.tr\/index.php\/tarihce\/#primaryimage\"},\"thumbnailUrl\":\"https:\/\/isikdemir.com.tr\/wp-content\/uploads\/2024\/12\/lazerkesim.jpg\",\"datePublished\":\"2020-02-07T02:16:32+00:00\",\"dateModified\":\"2025-03-10T20:55:19+00:00\",\"breadcrumb\":{\"@id\":\"https:\/\/isikdemir.com.tr\/index.php\/tarihce\/#breadcrumb\"},\"inLanguage\":\"tr\",\"potentialAction\":[{\"@type\":\"ReadAction\",\"target\":[\"https:\/\/isikdemir.com.tr\/index.php\/tarihce\/\"]}]},{\"@type\":\"ImageObject\",\"inLanguage\":\"tr\",\"@id\":\"https:\/\/isikdemir.com.tr\/index.php\/tarihce\/#primaryimage\",\"url\":\"https:\/\/isikdemir.com.tr\/wp-content\/uploads\/2024\/12\/lazerkesim.jpg\",\"contentUrl\":\"https:\/\/isikdemir.com.tr\/wp-content\/uploads\/2024\/12\/lazerkesim.jpg\",\"width\":1498,\"height\":500},{\"@type\":\"BreadcrumbList\",\"@id\":\"https:\/\/isikdemir.com.tr\/index.php\/tarihce\/#breadcrumb\",\"itemListElement\":[{\"@type\":\"ListItem\",\"position\":1,\"name\":\"Anasayfa\",\"item\":\"https:\/\/isikdemir.com.tr\/\"},{\"@type\":\"ListItem\",\"position\":2,\"name\":\"TAR\u0130H\u00c7E\"}]},{\"@type\":\"WebSite\",\"@id\":\"https:\/\/isikdemir.com.tr\/#website\",\"url\":\"https:\/\/isikdemir.com.tr\/\",\"name\":\"I\u015eIK BORU PROF\u0130L\",\"description\":\"I\u015eIK BORU PROF\u0130L\",\"publisher\":{\"@id\":\"https:\/\/isikdemir.com.tr\/#organization\"},\"potentialAction\":[{\"@type\":\"SearchAction\",\"target\":{\"@type\":\"EntryPoint\",\"urlTemplate\":\"https:\/\/isikdemir.com.tr\/?s={search_term_string}\"},\"query-input\":{\"@type\":\"PropertyValueSpecification\",\"valueRequired\":true,\"valueName\":\"search_term_string\"}}],\"inLanguage\":\"tr\"},{\"@type\":\"Organization\",\"@id\":\"https:\/\/isikdemir.com.tr\/#organization\",\"name\":\"I\u015eIK BORU PROF\u0130L\",\"url\":\"https:\/\/isikdemir.com.tr\/\",\"logo\":{\"@type\":\"ImageObject\",\"inLanguage\":\"tr\",\"@id\":\"https:\/\/isikdemir.com.tr\/#\/schema\/logo\/image\/\",\"url\":\"https:\/\/isikdemir.com.tr\/wp-content\/uploads\/2020\/02\/logo.png\",\"contentUrl\":\"https:\/\/isikdemir.com.tr\/wp-content\/uploads\/2020\/02\/logo.png\",\"width\":300,\"height\":57,\"caption\":\"I\u015eIK BORU PROF\u0130L\"},\"image\":{\"@id\":\"https:\/\/isikdemir.com.tr\/#\/schema\/logo\/image\/\"},\"sameAs\":[\"https:\/\/www.facebook.com\/p\/Ik-Demir-100092820544779\/?locale=tr_TR\"]}]}<\/script>\r\n<!-- \/ Yoast SEO plugin. -->","yoast_head_json":{"title":"TAR\u0130H\u00c7E - I\u015eIK DEM\u0130R","robots":{"index":"index","follow":"follow","max-snippet":"max-snippet:-1","max-image-preview":"max-image-preview:large","max-video-preview":"max-video-preview:-1"},"canonical":"https:\/\/isikdemir.com.tr\/index.php\/tarihce\/","og_locale":"tr_TR","og_type":"article","og_title":"TAR\u0130H\u00c7E - I\u015eIK DEM\u0130R","og_description":"I\u015eIK BORU PROF\u0130L 1976 y\u0131l\u0131nda aile \u015firketi olarak kurulan firmam\u0131z, de\u011fi\u015fen ve geli\u015fen ihtiya\u00e7lara cevap vermek amac\u0131yla \u015fube say\u0131s\u0131n\u0131 y\u0131ldan y\u0131la art\u0131rarak t\u00fcm sanayilerde m\u00fc\u015fterilerine cevap veren bir yap\u0131 olu\u015fturdu. Sivas\u2019\u0131n ticarette g\u00fcvenilen ve g\u00fcvenilir olmay\u0131 \u015fiar edinen, sekt\u00f6r\u00fcn\u00fcn \u00f6nc\u00fc firmas\u0131 olan I\u015eIK DEM\u0130R T\u0130CARET, 1998 y\u0131l\u0131na gelindi\u011finde toptan boru profil sat\u0131\u015f\u0131 yapmak amac\u0131yla I\u015eIK [&hellip;]","og_url":"https:\/\/isikdemir.com.tr\/index.php\/tarihce\/","og_site_name":"I\u015eIK DEM\u0130R","article_publisher":"https:\/\/www.facebook.com\/p\/Ik-Demir-100092820544779\/?locale=tr_TR","article_modified_time":"2025-03-10T20:55:19+00:00","og_image":[{"width":1498,"height":500,"url":"https:\/\/isikdemir.com.tr\/wp-content\/uploads\/2024\/12\/lazerkesim.jpg","type":"image\/jpeg"}],"twitter_card":"summary_large_image","twitter_misc":{"Tahmini okuma s\u00fcresi":"1 dakika"},"schema":{"@context":"https:\/\/schema.org","@graph":[{"@type":"WebPage","@id":"https:\/\/isikdemir.com.tr\/index.php\/tarihce\/","url":"https:\/\/isikdemir.com.tr\/index.php\/tarihce\/","name":"TAR\u0130H\u00c7E - I\u015eIK DEM\u0130R","isPartOf":{"@id":"https:\/\/isikdemir.com.tr\/#website"},"primaryImageOfPage":{"@id":"https:\/\/isikdemir.com.tr\/index.php\/tarihce\/#primaryimage"},"image":{"@id":"https:\/\/isikdemir.com.tr\/index.php\/tarihce\/#primaryimage"},"thumbnailUrl":"https:\/\/isikdemir.com.tr\/wp-content\/uploads\/2024\/12\/lazerkesim.jpg","datePublished":"2020-02-07T02:16:32+00:00","dateModified":"2025-03-10T20:55:19+00:00","breadcrumb":{"@id":"https:\/\/isikdemir.com.tr\/index.php\/tarihce\/#breadcrumb"},"inLanguage":"tr","potentialAction":[{"@type":"ReadAction","target":["https:\/\/isikdemir.com.tr\/index.php\/tarihce\/"]}]},{"@type":"ImageObject","inLanguage":"tr","@id":"https:\/\/isikdemir.com.tr\/index.php\/tarihce\/#primaryimage","url":"https:\/\/isikdemir.com.tr\/wp-content\/uploads\/2024\/12\/lazerkesim.jpg","contentUrl":"https:\/\/isikdemir.com.tr\/wp-content\/uploads\/2024\/12\/lazerkesim.jpg","width":1498,"height":500},{"@type":"BreadcrumbList","@id":"https:\/\/isikdemir.com.tr\/index.php\/tarihce\/#breadcrumb","itemListElement":[{"@type":"ListItem","position":1,"name":"Anasayfa","item":"https:\/\/isikdemir.com.tr\/"},{"@type":"ListItem","position":2,"name":"TAR\u0130H\u00c7E"}]},{"@type":"WebSite","@id":"https:\/\/isikdemir.com.tr\/#website","url":"https:\/\/isikdemir.com.tr\/","name":"I\u015eIK BORU PROF\u0130L","description":"I\u015eIK BORU PROF\u0130L","publisher":{"@id":"https:\/\/isikdemir.com.tr\/#organization"},"potentialAction":[{"@type":"SearchAction","target":{"@type":"EntryPoint","urlTemplate":"https:\/\/isikdemir.com.tr\/?s={search_term_string}"},"query-input":{"@type":"PropertyValueSpecification","valueRequired":true,"valueName":"search_term_string"}}],"inLanguage":"tr"},{"@type":"Organization","@id":"https:\/\/isikdemir.com.tr\/#organization","name":"I\u015eIK BORU PROF\u0130L","url":"https:\/\/isikdemir.com.tr\/","logo":{"@type":"ImageObject","inLanguage":"tr","@id":"https:\/\/isikdemir.com.tr\/#\/schema\/logo\/image\/","url":"https:\/\/isikdemir.com.tr\/wp-content\/uploads\/2020\/02\/logo.png","contentUrl":"https:\/\/isikdemir.com.tr\/wp-content\/uploads\/2020\/02\/logo.png","width":300,"height":57,"caption":"I\u015eIK BORU PROF\u0130L"},"image":{"@id":"https:\/\/isikdemir.com.tr\/#\/schema\/logo\/image\/"},"sameAs":["https:\/\/www.facebook.com\/p\/Ik-Demir-100092820544779\/?locale=tr_TR"]}]}},"_links":{"self":[{"href":"https:\/\/isikdemir.com.tr\/index.php\/wp-json\/wp\/v2\/pages\/3491","targetHints":{"allow":["GET"]}}],"collection":[{"href":"https:\/\/isikdemir.com.tr\/index.php\/wp-json\/wp\/v2\/pages"}],"about":[{"href":"https:\/\/isikdemir.com.tr\/index.php\/wp-json\/wp\/v2\/types\/page"}],"author":[{"embeddable":true,"href":"https:\/\/isikdemir.com.tr\/index.php\/wp-json\/wp\/v2\/users\/1"}],"replies":[{"embeddable":true,"href":"https:\/\/isikdemir.com.tr\/index.php\/wp-json\/wp\/v2\/comments?post=3491"}],"version-history":[{"count":43,"href":"https:\/\/isikdemir.com.tr\/index.php\/wp-json\/wp\/v2\/pages\/3491\/revisions"}],"predecessor-version":[{"id":10321,"href":"https:\/\/isikdemir.com.tr\/index.php\/wp-json\/wp\/v2\/pages\/3491\/revisions\/10321"}],"wp:featuredmedia":[{"embeddable":true,"href":"https:\/\/isikdemir.com.tr\/index.php\/wp-json\/wp\/v2\/media\/8038"}],"wp:attachment":[{"href":"https:\/\/isikdemir.com.tr\/index.php\/wp-json\/wp\/v2\/media?parent=3491"}],"curies":[{"name":"wp","href":"https:\/\/api.w.org\/{rel}","templated":true}]}}