{"id":24,"date":"2019-10-30T08:04:10","date_gmt":"2019-10-30T08:04:10","guid":{"rendered":"https:\/\/demo.casethemes.net\/consultio\/?page_id=24"},"modified":"2025-03-11T18:27:52","modified_gmt":"2025-03-11T18:27:52","slug":"osb-merkez","status":"publish","type":"page","link":"https:\/\/isikdemir.com.tr\/index.php\/osb-merkez\/","title":{"rendered":"OSB MERKEZ"},"content":{"rendered":"\t\t<div data-elementor-type=\"wp-page\" data-elementor-id=\"24\" class=\"elementor elementor-24\">\n\t\t\t\t        <section class=\"elementor-section elementor-top-section elementor-element elementor-element-99fbaeb elementor-section-boxed elementor-section-height-default elementor-section-height-default ct-header-fixed-none ct-row-max-none\" data-id=\"99fbaeb\" data-element_type=\"section\">\n            \n                        <div class=\"elementor-container elementor-column-gap-extended \">\n                    <div class=\"elementor-column elementor-col-33 elementor-top-column elementor-element elementor-element-e818542\" data-id=\"e818542\" data-element_type=\"column\">\n        <div class=\"elementor-widget-wrap elementor-element-populated\">\n                    \n        \t\t<div class=\"elementor-element elementor-element-c8a2f48 elementor-widget elementor-widget-ct_fancy_box\" data-id=\"c8a2f48\" data-element_type=\"widget\" data-widget_type=\"ct_fancy_box.default\">\n\t\t\t\t<div class=\"elementor-widget-container\">\n\t\t\t\t\t<div class=\"ct-fancy-box ct-fancy-box-layout1 style1 \" data-wow-delay=\"ms\">\r\n            <div class=\"item--icon\">\r\n            <span class=\"item--shape\"><\/span>\r\n            <i aria-hidden=\"true\" class=\"fas fa-map-marker-alt\"><\/i>                            <a class=\"item--link\" href=\"#\"><\/a>\r\n                    <\/div>\r\n            <div class=\"item--holder\">\r\n                    <h3 class=\"item--title\">\r\n                I\u015eIK DEM\u0130R - OSB MERKEZ            <\/h3>\r\n                <div class=\"item--description\">Ahmetturan Gazi Organize Sanayi B\u00f6lgesi Mahallesi 2. K\u0131s\u0131m 5. Cadde 9. Sokak No:10 \nMerkez\/Sivas \nT\u00dcRK\u0130YE<\/div>\r\n    <\/div>\r\n<\/div>\t\t\t\t<\/div>\n\t\t\t\t<\/div>\n\t\t            <\/div>\n        <\/div>\n                <div class=\"elementor-column elementor-col-33 elementor-top-column elementor-element elementor-element-d5f3e79\" data-id=\"d5f3e79\" data-element_type=\"column\">\n        <div class=\"elementor-widget-wrap elementor-element-populated\">\n                    \n        \t\t<div class=\"elementor-element elementor-element-9e16110 elementor-widget elementor-widget-ct_fancy_box\" data-id=\"9e16110\" data-element_type=\"widget\" data-widget_type=\"ct_fancy_box.default\">\n\t\t\t\t<div class=\"elementor-widget-container\">\n\t\t\t\t\t<div class=\"ct-fancy-box ct-fancy-box-layout1 style1 \" data-wow-delay=\"ms\">\r\n            <div class=\"item--icon\">\r\n            <span class=\"item--shape\"><\/span>\r\n            <i aria-hidden=\"true\" class=\"fas fa-phone-alt\"><\/i>                            <a class=\"item--link\" href=\"#\"><\/a>\r\n                    <\/div>\r\n            <div class=\"item--holder\">\r\n                    <h3 class=\"item--title\">\r\n                TELEFON & FAX:            <\/h3>\r\n                <div class=\"item--description\">+90 346 218 17 51\n<br>\n+90 346 218 17 52<\/div>\r\n    <\/div>\r\n<\/div>\t\t\t\t<\/div>\n\t\t\t\t<\/div>\n\t\t            <\/div>\n        <\/div>\n                <div class=\"elementor-column elementor-col-33 elementor-top-column elementor-element elementor-element-729a4d3\" data-id=\"729a4d3\" data-element_type=\"column\">\n        <div class=\"elementor-widget-wrap elementor-element-populated\">\n                    \n        \t\t<div class=\"elementor-element elementor-element-485cc85 elementor-widget elementor-widget-ct_fancy_box\" data-id=\"485cc85\" data-element_type=\"widget\" data-widget_type=\"ct_fancy_box.default\">\n\t\t\t\t<div class=\"elementor-widget-container\">\n\t\t\t\t\t<div class=\"ct-fancy-box ct-fancy-box-layout1 style1 \" data-wow-delay=\"ms\">\r\n            <div class=\"item--icon\">\r\n            <span class=\"item--shape\"><\/span>\r\n            <i aria-hidden=\"true\" class=\"fas fa-envelope\"><\/i>                            <a class=\"item--link\" href=\"#\"><\/a>\r\n                    <\/div>\r\n            <div class=\"item--holder\">\r\n                    <h3 class=\"item--title\">\r\n                E MA\u0130L ADRESLER\u0130M\u0130Z:            <\/h3>\r\n                <div class=\"item--description\">info@isikdemir.com.tr<br\/>\n<\/div>\r\n    <\/div>\r\n<\/div>\t\t\t\t<\/div>\n\t\t\t\t<\/div>\n\t\t            <\/div>\n        <\/div>\n                    <\/div>\n        <\/section>\n                <section class=\"elementor-section elementor-top-section elementor-element elementor-element-d8bdc5a elementor-section-boxed elementor-section-height-default elementor-section-height-default ct-header-fixed-none ct-row-max-none\" data-id=\"d8bdc5a\" data-element_type=\"section\">\n            \n                        <div class=\"elementor-container elementor-column-gap-extended \">\n                    <div class=\"elementor-column elementor-col-50 elementor-top-column elementor-element elementor-element-13f51f0\" data-id=\"13f51f0\" data-element_type=\"column\">\n        <div class=\"elementor-widget-wrap elementor-element-populated\">\n                    \n        \t\t<div class=\"elementor-element elementor-element-12c802c elementor-widget__width-initial elementor-widget elementor-widget-image\" data-id=\"12c802c\" data-element_type=\"widget\" data-widget_type=\"image.default\">\n\t\t\t\t\t\t\t\t\t\t\t\t\t\t\t<img fetchpriority=\"high\" decoding=\"async\" width=\"605\" height=\"521\" src=\"https:\/\/isikdemir.com.tr\/wp-content\/uploads\/2024\/12\/osbmerkez.jpg\" class=\"attachment-full size-full wp-image-8777\" alt=\"\" srcset=\"https:\/\/isikdemir.com.tr\/wp-content\/uploads\/2024\/12\/osbmerkez.jpg 605w, https:\/\/isikdemir.com.tr\/wp-content\/uploads\/2024\/12\/osbmerkez-300x258.jpg 300w\" sizes=\"(max-width: 605px) 100vw, 605px\" \/>\t\t\t\t\t\t\t\t\t\t\t\t\t\t\t<\/div>\n\t\t            <\/div>\n        <\/div>\n                <div class=\"elementor-column elementor-col-50 elementor-top-column elementor-element elementor-element-4c2fc51\" data-id=\"4c2fc51\" data-element_type=\"column\">\n        <div class=\"elementor-widget-wrap elementor-element-populated\">\n                    \n        \t\t<div class=\"elementor-element elementor-element-d6bfcba elementor-widget elementor-widget-ct_heading\" data-id=\"d6bfcba\" data-element_type=\"widget\" data-widget_type=\"ct_heading.default\">\n\t\t\t\t<div class=\"elementor-widget-container\">\n\t\t\t\t\t<div id=\"ct_heading-d6bfcba\" class=\"ct-heading h-align- sub- ct-heading-left item-st-line-top1\">\r\n\t<div class=\"ct-item--inner\">\r\n        <div class=\"ct-inline-css\"  data-css=\"\r\n            \">\r\n        <\/div>\r\n                <h3 class=\"item--title st-line-top1 case-animate-time\" data-wow-delay=\"ms\">\r\n                            <div class=\"ct-heading-divider\"><span><\/span><\/div>\r\n                        <span class=\"sp-main\">\r\n                \r\n                \u0130LET\u0130\u015e\u0130M FORMU\r\n                \r\n                            <\/span>\r\n                    <\/h3>\r\n    <\/div>\r\n<\/div>\t\t\t\t<\/div>\n\t\t\t\t<\/div>\n\t\t\t\t<div class=\"elementor-element elementor-element-f409baa elementor-widget elementor-widget-ct_ctf7\" data-id=\"f409baa\" data-element_type=\"widget\" data-widget_type=\"ct_ctf7.default\">\n\t\t\t\t<div class=\"elementor-widget-container\">\n\t\t\t\t\t    <div class=\"ct-contact-form-layout1 style1 \">\r\n                <div class=\"ct-contact-form-inner\">\r\n        \t            <div class=\"ct-contact-form\">\r\n                \n<div class=\"wpcf7 no-js\" id=\"wpcf7-f3167-o1\" lang=\"en-US\" dir=\"ltr\" data-wpcf7-id=\"3167\">\n<div class=\"screen-reader-response\"><p role=\"status\" aria-live=\"polite\" aria-atomic=\"true\"><\/p> <ul><\/ul><\/div>\n<form action=\"\/index.php\/wp-json\/wp\/v2\/pages\/24#wpcf7-f3167-o1\" method=\"post\" class=\"wpcf7-form init cf7mls-no-scroll cf7mls-auto-return-first-step cf7mls-no-moving-animation\" aria-label=\"Contact form\" novalidate=\"novalidate\" data-status=\"init\">\n<div style=\"display: none;\">\n<input type=\"hidden\" name=\"_wpcf7\" value=\"3167\" \/>\n<input type=\"hidden\" name=\"_wpcf7_version\" value=\"6.0.1\" \/>\n<input type=\"hidden\" name=\"_wpcf7_locale\" value=\"en_US\" \/>\n<input type=\"hidden\" name=\"_wpcf7_unit_tag\" value=\"wpcf7-f3167-o1\" \/>\n<input type=\"hidden\" name=\"_wpcf7_container_post\" value=\"0\" \/>\n<input type=\"hidden\" name=\"_wpcf7_posted_data_hash\" value=\"\" \/>\n<\/div>\n<div class=\"row\">\n\t<div class=\"input-filled col-lg-6 col-md-6\">\n\t\t<p><label><i class=\"fac fac-user\"><\/i> \u0130S\u0130M\u0130Z *<\/label><span class=\"wpcf7-form-control-wrap\" data-name=\"your-name\"><input size=\"40\" maxlength=\"400\" class=\"wpcf7-form-control wpcf7-text wpcf7-validates-as-required\" aria-required=\"true\" aria-invalid=\"false\" placeholder=\"\u0130sim\" value=\"\" type=\"text\" name=\"your-name\" \/><\/span>\n\t\t<\/p>\n\t<\/div>\n\t<div class=\"input-filled col-lg-6 col-md-6\">\n\t\t<p><label><i class=\"fac fac-user\"><\/i> SOY\u0130SM\u0130N\u0130Z *<\/label><span class=\"wpcf7-form-control-wrap\" data-name=\"your-name\"><input size=\"40\" maxlength=\"400\" class=\"wpcf7-form-control wpcf7-text wpcf7-validates-as-required\" aria-required=\"true\" aria-invalid=\"false\" placeholder=\"Soyad\" value=\"\" type=\"text\" name=\"your-name\" \/><\/span>\n\t\t<\/p>\n\t<\/div>\n<\/div>\n<div class=\"row\">\n\t<div class=\"input-filled col-lg-6 col-md-6\">\n\t\t<p><label><i class=\"fac fac-envelope\"><\/i> EMA\u0130L ADRES\u0130N\u0130Z *<\/label><span class=\"wpcf7-form-control-wrap\" data-name=\"your-email\"><input size=\"40\" maxlength=\"400\" class=\"wpcf7-form-control wpcf7-email wpcf7-validates-as-required wpcf7-text wpcf7-validates-as-email\" aria-required=\"true\" aria-invalid=\"false\" placeholder=\"info@gmail.com\" value=\"\" type=\"email\" name=\"your-email\" \/><\/span>\n\t\t<\/p>\n\t<\/div>\n\t<div class=\"input-filled col-lg-6 col-md-6\">\n\t\t<p><label><i class=\"fac fac-phone-alt\"><\/i> TELEFON NUMARANIZ *<\/label><span class=\"wpcf7-form-control-wrap\" data-name=\"your-phone\"><input size=\"40\" maxlength=\"400\" class=\"wpcf7-form-control wpcf7-text wpcf7-validates-as-required\" aria-required=\"true\" aria-invalid=\"false\" placeholder=\"Numaran\u0131z\" value=\"\" type=\"text\" name=\"your-phone\" \/><\/span>\n\t\t<\/p>\n\t<\/div>\n<\/div>\n<div class=\"row\">\n\t<div class=\"input-filled col-12\">\n\t\t<p><label><i class=\"fac fac-pen\"><\/i> MESAJINIZ...<\/label><span class=\"wpcf7-form-control-wrap\" data-name=\"your-message\"><textarea cols=\"40\" rows=\"10\" maxlength=\"2000\" class=\"wpcf7-form-control wpcf7-textarea wpcf7-validates-as-required\" aria-required=\"true\" aria-invalid=\"false\" placeholder=\"Mesaj\u0131n\u0131z\u0131 yazabilirsiniz...\" name=\"your-message\"><\/textarea><\/span>\n\t\t<\/p>\n\t<\/div>\n\t<div class=\"input-filled col-12\">\n\t\t<p><button type=\"submit\" class=\"wpcf7-submit btn btn-block\"><i class=\"fac fac-arrow-circle-right space-right\"><\/i>MESAJ G\u00d6NDER<\/button>\n\t\t<\/p>\n\t<\/div>\n<\/div><p style=\"display: none !important;\" class=\"akismet-fields-container\" data-prefix=\"_wpcf7_ak_\"><label>&#916;<textarea name=\"_wpcf7_ak_hp_textarea\" cols=\"45\" rows=\"8\" maxlength=\"100\"><\/textarea><\/label><input type=\"hidden\" id=\"ak_js_1\" name=\"_wpcf7_ak_js\" value=\"128\"\/><script>document.getElementById( \"ak_js_1\" ).setAttribute( \"value\", ( new Date() ).getTime() );<\/script><\/p><input type='hidden' class='wpcf7-pum' value='{\"closepopup\":false,\"closedelay\":0,\"openpopup\":false,\"openpopup_id\":0}' \/><div class=\"wpcf7-response-output\" aria-hidden=\"true\"><\/div>\n<\/form>\n<\/div>\n            <\/div>\r\n        <\/div>\r\n            <\/div>\r\n\t\t\t\t<\/div>\n\t\t\t\t<\/div>\n\t\t            <\/div>\n        <\/div>\n                    <\/div>\n        <\/section>\n                <section class=\"elementor-section elementor-top-section elementor-element elementor-element-31cd93b elementor-section-stretched elementor-section-full_width elementor-section-height-default elementor-section-height-default ct-header-fixed-none ct-row-max-none\" data-id=\"31cd93b\" data-element_type=\"section\" data-settings=\"{&quot;stretch_section&quot;:&quot;section-stretched&quot;}\">\n            \n                        <div class=\"elementor-container elementor-column-gap-no \">\n                    <div class=\"elementor-column elementor-col-100 elementor-top-column elementor-element elementor-element-632058d\" data-id=\"632058d\" data-element_type=\"column\">\n        <div class=\"elementor-widget-wrap elementor-element-populated\">\n                    \n        \t\t<div class=\"elementor-element elementor-element-b47dd0a elementor-widget elementor-widget-html\" data-id=\"b47dd0a\" data-element_type=\"widget\" data-widget_type=\"html.default\">\n\t\t\t\t\t<iframe src=\"https:\/\/www.google.com\/maps\/embed?pb=!1m18!1m12!1m3!1d3065.5969880659572!2d37.08885567542787!3d39.79359879333043!2m3!1f0!2f0!3f0!3m2!1i1024!2i768!4f13.1!3m3!1m2!1s0x407954ca645429cb%3A0x5c6110c1ae47b13b!2zScWeSUsgQk9SVSBQUk9GxLBMIExURC4gxZ5UxLAu!5e0!3m2!1str!2str!4v1741290585869!5m2!1str!2str\" width=\"600\" height=\"450\" style=\"border:0;\" allowfullscreen=\"\" loading=\"lazy\" referrerpolicy=\"no-referrer-when-downgrade\"><\/iframe>\t\t\t\t<\/div>\n\t\t            <\/div>\n        <\/div>\n                    <\/div>\n        <\/section>\n        \t\t<\/div>\n\t\t","protected":false},"excerpt":{"rendered":"<p>I\u015eIK DEM\u0130R &#8211; OSB MERKEZ Ahmetturan Gazi Organize Sanayi B\u00f6lgesi Mahallesi 2. K\u0131s\u0131m 5. Cadde 9. Sokak No:10 Merkez\/Sivas T\u00dcRK\u0130YE TELEFON &#038; FAX: +90 346 218 17 51 +90 346 218 17 52 E MA\u0130L ADRESLER\u0130M\u0130Z: info@isikdemir.com.tr \u0130LET\u0130\u015e\u0130M FORMU \u0130S\u0130M\u0130Z * SOY\u0130SM\u0130N\u0130Z * EMA\u0130L ADRES\u0130N\u0130Z * TELEFON NUMARANIZ * MESAJINIZ&#8230; MESAJ G\u00d6NDER &#916;<\/p>\n","protected":false},"author":1,"featured_media":0,"parent":0,"menu_order":0,"comment_status":"closed","ping_status":"closed","template":"","meta":{"footnotes":""},"class_list":["post-24","page","type-page","status-publish","hentry"],"yoast_head":"<!-- This site is optimized with the Yoast SEO plugin v24.3 - https:\/\/yoast.com\/wordpress\/plugins\/seo\/ -->\r\n<title>OSB MERKEZ - I\u015eIK DEM\u0130R<\/title>\r\n<meta name=\"robots\" content=\"index, follow, max-snippet:-1, max-image-preview:large, max-video-preview:-1\" \/>\r\n<link rel=\"canonical\" href=\"https:\/\/isikdemir.com.tr\/index.php\/osb-merkez\/\" \/>\r\n<meta property=\"og:locale\" content=\"tr_TR\" \/>\r\n<meta property=\"og:type\" content=\"article\" \/>\r\n<meta property=\"og:title\" content=\"OSB MERKEZ - I\u015eIK DEM\u0130R\" \/>\r\n<meta property=\"og:description\" content=\"I\u015eIK DEM\u0130R &#8211; OSB MERKEZ Ahmetturan Gazi Organize Sanayi B\u00f6lgesi Mahallesi 2. K\u0131s\u0131m 5. Cadde 9. Sokak No:10 Merkez\/Sivas T\u00dcRK\u0130YE TELEFON &#038; FAX: +90 346 218 17 51 +90 346 218 17 52 E MA\u0130L ADRESLER\u0130M\u0130Z: info@isikdemir.com.tr \u0130LET\u0130\u015e\u0130M FORMU \u0130S\u0130M\u0130Z * SOY\u0130SM\u0130N\u0130Z * EMA\u0130L ADRES\u0130N\u0130Z * TELEFON NUMARANIZ * MESAJINIZ&#8230; MESAJ G\u00d6NDER &#916;\" \/>\r\n<meta property=\"og:url\" content=\"https:\/\/isikdemir.com.tr\/index.php\/osb-merkez\/\" \/>\r\n<meta property=\"og:site_name\" content=\"I\u015eIK DEM\u0130R\" \/>\r\n<meta property=\"article:publisher\" content=\"https:\/\/www.facebook.com\/p\/Ik-Demir-100092820544779\/?locale=tr_TR\" \/>\r\n<meta property=\"article:modified_time\" content=\"2025-03-11T18:27:52+00:00\" \/>\r\n<meta property=\"og:image\" content=\"http:\/\/isikdemir.com.tr\/wp-content\/uploads\/2024\/12\/osbmerkez.jpg\" \/>\r\n<meta name=\"twitter:card\" content=\"summary_large_image\" \/>\r\n<meta name=\"twitter:label1\" content=\"Tahmini okuma s\u00fcresi\" \/>\n\t<meta name=\"twitter:data1\" content=\"1 dakika\" \/>\r\n<script type=\"application\/ld+json\" class=\"yoast-schema-graph\">{\"@context\":\"https:\/\/schema.org\",\"@graph\":[{\"@type\":\"WebPage\",\"@id\":\"https:\/\/isikdemir.com.tr\/index.php\/osb-merkez\/\",\"url\":\"https:\/\/isikdemir.com.tr\/index.php\/osb-merkez\/\",\"name\":\"OSB MERKEZ - I\u015eIK DEM\u0130R\",\"isPartOf\":{\"@id\":\"https:\/\/isikdemir.com.tr\/#website\"},\"primaryImageOfPage\":{\"@id\":\"https:\/\/isikdemir.com.tr\/index.php\/osb-merkez\/#primaryimage\"},\"image\":{\"@id\":\"https:\/\/isikdemir.com.tr\/index.php\/osb-merkez\/#primaryimage\"},\"thumbnailUrl\":\"http:\/\/isikdemir.com.tr\/wp-content\/uploads\/2024\/12\/osbmerkez.jpg\",\"datePublished\":\"2019-10-30T08:04:10+00:00\",\"dateModified\":\"2025-03-11T18:27:52+00:00\",\"breadcrumb\":{\"@id\":\"https:\/\/isikdemir.com.tr\/index.php\/osb-merkez\/#breadcrumb\"},\"inLanguage\":\"tr\",\"potentialAction\":[{\"@type\":\"ReadAction\",\"target\":[\"https:\/\/isikdemir.com.tr\/index.php\/osb-merkez\/\"]}]},{\"@type\":\"ImageObject\",\"inLanguage\":\"tr\",\"@id\":\"https:\/\/isikdemir.com.tr\/index.php\/osb-merkez\/#primaryimage\",\"url\":\"https:\/\/isikdemir.com.tr\/wp-content\/uploads\/2024\/12\/osbmerkez.jpg\",\"contentUrl\":\"https:\/\/isikdemir.com.tr\/wp-content\/uploads\/2024\/12\/osbmerkez.jpg\",\"width\":605,\"height\":521},{\"@type\":\"BreadcrumbList\",\"@id\":\"https:\/\/isikdemir.com.tr\/index.php\/osb-merkez\/#breadcrumb\",\"itemListElement\":[{\"@type\":\"ListItem\",\"position\":1,\"name\":\"Anasayfa\",\"item\":\"https:\/\/isikdemir.com.tr\/\"},{\"@type\":\"ListItem\",\"position\":2,\"name\":\"OSB MERKEZ\"}]},{\"@type\":\"WebSite\",\"@id\":\"https:\/\/isikdemir.com.tr\/#website\",\"url\":\"https:\/\/isikdemir.com.tr\/\",\"name\":\"I\u015eIK BORU PROF\u0130L\",\"description\":\"I\u015eIK BORU PROF\u0130L\",\"publisher\":{\"@id\":\"https:\/\/isikdemir.com.tr\/#organization\"},\"potentialAction\":[{\"@type\":\"SearchAction\",\"target\":{\"@type\":\"EntryPoint\",\"urlTemplate\":\"https:\/\/isikdemir.com.tr\/?s={search_term_string}\"},\"query-input\":{\"@type\":\"PropertyValueSpecification\",\"valueRequired\":true,\"valueName\":\"search_term_string\"}}],\"inLanguage\":\"tr\"},{\"@type\":\"Organization\",\"@id\":\"https:\/\/isikdemir.com.tr\/#organization\",\"name\":\"I\u015eIK BORU PROF\u0130L\",\"url\":\"https:\/\/isikdemir.com.tr\/\",\"logo\":{\"@type\":\"ImageObject\",\"inLanguage\":\"tr\",\"@id\":\"https:\/\/isikdemir.com.tr\/#\/schema\/logo\/image\/\",\"url\":\"https:\/\/isikdemir.com.tr\/wp-content\/uploads\/2020\/02\/logo.png\",\"contentUrl\":\"https:\/\/isikdemir.com.tr\/wp-content\/uploads\/2020\/02\/logo.png\",\"width\":300,\"height\":57,\"caption\":\"I\u015eIK BORU PROF\u0130L\"},\"image\":{\"@id\":\"https:\/\/isikdemir.com.tr\/#\/schema\/logo\/image\/\"},\"sameAs\":[\"https:\/\/www.facebook.com\/p\/Ik-Demir-100092820544779\/?locale=tr_TR\"]}]}<\/script>\r\n<!-- \/ Yoast SEO plugin. -->","yoast_head_json":{"title":"OSB MERKEZ - I\u015eIK DEM\u0130R","robots":{"index":"index","follow":"follow","max-snippet":"max-snippet:-1","max-image-preview":"max-image-preview:large","max-video-preview":"max-video-preview:-1"},"canonical":"https:\/\/isikdemir.com.tr\/index.php\/osb-merkez\/","og_locale":"tr_TR","og_type":"article","og_title":"OSB MERKEZ - I\u015eIK DEM\u0130R","og_description":"I\u015eIK DEM\u0130R &#8211; OSB MERKEZ Ahmetturan Gazi Organize Sanayi B\u00f6lgesi Mahallesi 2. K\u0131s\u0131m 5. Cadde 9. Sokak No:10 Merkez\/Sivas T\u00dcRK\u0130YE TELEFON &#038; FAX: +90 346 218 17 51 +90 346 218 17 52 E MA\u0130L ADRESLER\u0130M\u0130Z: info@isikdemir.com.tr \u0130LET\u0130\u015e\u0130M FORMU \u0130S\u0130M\u0130Z * SOY\u0130SM\u0130N\u0130Z * EMA\u0130L ADRES\u0130N\u0130Z * TELEFON NUMARANIZ * MESAJINIZ&#8230; MESAJ G\u00d6NDER &#916;","og_url":"https:\/\/isikdemir.com.tr\/index.php\/osb-merkez\/","og_site_name":"I\u015eIK DEM\u0130R","article_publisher":"https:\/\/www.facebook.com\/p\/Ik-Demir-100092820544779\/?locale=tr_TR","article_modified_time":"2025-03-11T18:27:52+00:00","og_image":[{"url":"http:\/\/isikdemir.com.tr\/wp-content\/uploads\/2024\/12\/osbmerkez.jpg","type":"","width":"","height":""}],"twitter_card":"summary_large_image","twitter_misc":{"Tahmini okuma s\u00fcresi":"1 dakika"},"schema":{"@context":"https:\/\/schema.org","@graph":[{"@type":"WebPage","@id":"https:\/\/isikdemir.com.tr\/index.php\/osb-merkez\/","url":"https:\/\/isikdemir.com.tr\/index.php\/osb-merkez\/","name":"OSB MERKEZ - I\u015eIK DEM\u0130R","isPartOf":{"@id":"https:\/\/isikdemir.com.tr\/#website"},"primaryImageOfPage":{"@id":"https:\/\/isikdemir.com.tr\/index.php\/osb-merkez\/#primaryimage"},"image":{"@id":"https:\/\/isikdemir.com.tr\/index.php\/osb-merkez\/#primaryimage"},"thumbnailUrl":"http:\/\/isikdemir.com.tr\/wp-content\/uploads\/2024\/12\/osbmerkez.jpg","datePublished":"2019-10-30T08:04:10+00:00","dateModified":"2025-03-11T18:27:52+00:00","breadcrumb":{"@id":"https:\/\/isikdemir.com.tr\/index.php\/osb-merkez\/#breadcrumb"},"inLanguage":"tr","potentialAction":[{"@type":"ReadAction","target":["https:\/\/isikdemir.com.tr\/index.php\/osb-merkez\/"]}]},{"@type":"ImageObject","inLanguage":"tr","@id":"https:\/\/isikdemir.com.tr\/index.php\/osb-merkez\/#primaryimage","url":"https:\/\/isikdemir.com.tr\/wp-content\/uploads\/2024\/12\/osbmerkez.jpg","contentUrl":"https:\/\/isikdemir.com.tr\/wp-content\/uploads\/2024\/12\/osbmerkez.jpg","width":605,"height":521},{"@type":"BreadcrumbList","@id":"https:\/\/isikdemir.com.tr\/index.php\/osb-merkez\/#breadcrumb","itemListElement":[{"@type":"ListItem","position":1,"name":"Anasayfa","item":"https:\/\/isikdemir.com.tr\/"},{"@type":"ListItem","position":2,"name":"OSB MERKEZ"}]},{"@type":"WebSite","@id":"https:\/\/isikdemir.com.tr\/#website","url":"https:\/\/isikdemir.com.tr\/","name":"I\u015eIK BORU PROF\u0130L","description":"I\u015eIK BORU PROF\u0130L","publisher":{"@id":"https:\/\/isikdemir.com.tr\/#organization"},"potentialAction":[{"@type":"SearchAction","target":{"@type":"EntryPoint","urlTemplate":"https:\/\/isikdemir.com.tr\/?s={search_term_string}"},"query-input":{"@type":"PropertyValueSpecification","valueRequired":true,"valueName":"search_term_string"}}],"inLanguage":"tr"},{"@type":"Organization","@id":"https:\/\/isikdemir.com.tr\/#organization","name":"I\u015eIK BORU PROF\u0130L","url":"https:\/\/isikdemir.com.tr\/","logo":{"@type":"ImageObject","inLanguage":"tr","@id":"https:\/\/isikdemir.com.tr\/#\/schema\/logo\/image\/","url":"https:\/\/isikdemir.com.tr\/wp-content\/uploads\/2020\/02\/logo.png","contentUrl":"https:\/\/isikdemir.com.tr\/wp-content\/uploads\/2020\/02\/logo.png","width":300,"height":57,"caption":"I\u015eIK BORU PROF\u0130L"},"image":{"@id":"https:\/\/isikdemir.com.tr\/#\/schema\/logo\/image\/"},"sameAs":["https:\/\/www.facebook.com\/p\/Ik-Demir-100092820544779\/?locale=tr_TR"]}]}},"_links":{"self":[{"href":"https:\/\/isikdemir.com.tr\/index.php\/wp-json\/wp\/v2\/pages\/24","targetHints":{"allow":["GET"]}}],"collection":[{"href":"https:\/\/isikdemir.com.tr\/index.php\/wp-json\/wp\/v2\/pages"}],"about":[{"href":"https:\/\/isikdemir.com.tr\/index.php\/wp-json\/wp\/v2\/types\/page"}],"author":[{"embeddable":true,"href":"https:\/\/isikdemir.com.tr\/index.php\/wp-json\/wp\/v2\/users\/1"}],"replies":[{"embeddable":true,"href":"https:\/\/isikdemir.com.tr\/index.php\/wp-json\/wp\/v2\/comments?post=24"}],"version-history":[{"count":57,"href":"https:\/\/isikdemir.com.tr\/index.php\/wp-json\/wp\/v2\/pages\/24\/revisions"}],"predecessor-version":[{"id":10362,"href":"https:\/\/isikdemir.com.tr\/index.php\/wp-json\/wp\/v2\/pages\/24\/revisions\/10362"}],"wp:attachment":[{"href":"https:\/\/isikdemir.com.tr\/index.php\/wp-json\/wp\/v2\/media?parent=24"}],"curies":[{"name":"wp","href":"https:\/\/api.w.org\/{rel}","templated":true}]}}