{"id":125,"date":"2019-11-02T02:32:23","date_gmt":"2019-11-02T02:32:23","guid":{"rendered":"https:\/\/demo.casethemes.net\/consultio\/?page_id=125"},"modified":"2019-11-02T02:32:23","modified_gmt":"2019-11-02T02:32:23","slug":"blog-grid-2-columns-sidebar-left","status":"publish","type":"page","link":"https:\/\/isikdemir.com.tr\/index.php\/blog-grid-2-columns-sidebar-left\/","title":{"rendered":"Blog Grid 2 Columns + Sidebar Left"},"content":{"rendered":"\t\t<div data-elementor-type=\"wp-page\" data-elementor-id=\"125\" class=\"elementor elementor-125\">\n\t\t\t\t        <section class=\"elementor-section elementor-top-section elementor-element elementor-element-928f20f elementor-section-boxed elementor-section-height-default elementor-section-height-default ct-header-fixed-none ct-row-max-none\" data-id=\"928f20f\" data-element_type=\"section\">\n            \n                        <div class=\"elementor-container elementor-column-gap-extended \">\n                    <div class=\"elementor-column elementor-col-100 elementor-top-column elementor-element elementor-element-b1ac6d1\" data-id=\"b1ac6d1\" data-element_type=\"column\">\n        <div class=\"elementor-widget-wrap elementor-element-populated\">\n                    \n        \t\t<div class=\"elementor-element elementor-element-8c0262c elementor-widget elementor-widget-ct_blog_grid\" data-id=\"8c0262c\" data-element_type=\"widget\" data-widget_type=\"ct_blog_grid.default\">\n\t\t\t\t<div class=\"elementor-widget-container\">\n\t\t\t\t\t\r\n<div id=\"ct_blog_grid-8c0262c\" class=\"ct-grid ct-blog-grid ct-blog-grid-layout1\" data-layout=\"masonry\" data-start-page=\"1\" data-max-pages=\"1\" data-total=\"6\" data-perpage=\"8\" data-next-link=\"\">\r\n    <div class=\"ct-grid-overlay\"><\/div>\r\n    \r\n    <div class=\"ct-grid-inner ct-grid-masonry row animate-time\" data-gutter=\"15\">\r\n                    <div class=\"grid-sizer col-xl-6 col-lg-6 col-md-6 col-sm-6 col-12\"><\/div>\r\n                                <div class=\"grid-item col-xl-6 col-lg-6 col-md-6 col-sm-6 col-12 filter-category-2\">\r\n                    <div class=\"grid-item-inner wow fadeInUp\">\r\n                                                <div class=\"entry-body\">\r\n                            <div class=\"entry-holder\">\r\n                                                                    <ul class=\"entry-meta\">\r\n                                                                                    <li class=\"item-date\"><i class=\"fac fac-calendar-alt\"><\/i>Kas\u0131m 5, 2019<\/li>\r\n                                                                                                                            <li class=\"item-author\">\r\n                                                <a href=\"https:\/\/isikdemir.com.tr\/index.php\/author\/sunucudestek_opth5780\/\"><i class=\"fac fac-user\"><\/i>admin<\/a><\/li>\r\n                                                                            <\/ul>\r\n                                                                <h3 class=\"entry-title\"><a href=\"https:\/\/isikdemir.com.tr\/index.php\/2019\/11\/05\/strategy-for-norways-peion-to-fund-global\/\">Strategy for Norway&#8217;s Peion to Fund Global.<\/a><\/h3>\r\n                                                                    <div class=\"entry-readmore\">\r\n                                        <a href=\"https:\/\/isikdemir.com.tr\/index.php\/2019\/11\/05\/strategy-for-norways-peion-to-fund-global\/\">\r\n                                            Read more                                            <i class=\"fac fac-angle-double-right space-left\"><\/i>\r\n                                        <\/a>\r\n                                    <\/div>\r\n                                                            <\/div>\r\n                        <\/div>\r\n                    <\/div>\r\n                <\/div>\r\n                            <div class=\"grid-item col-xl-6 col-lg-6 col-md-6 col-sm-6 col-12 filter-category-4\">\r\n                    <div class=\"grid-item-inner wow fadeInUp\">\r\n                                                <div class=\"entry-body\">\r\n                            <div class=\"entry-holder\">\r\n                                                                    <ul class=\"entry-meta\">\r\n                                                                                    <li class=\"item-date\"><i class=\"fac fac-calendar-alt\"><\/i>Kas\u0131m 5, 2019<\/li>\r\n                                                                                                                            <li class=\"item-author\">\r\n                                                <a href=\"https:\/\/isikdemir.com.tr\/index.php\/author\/sunucudestek_opth5780\/\"><i class=\"fac fac-user\"><\/i>admin<\/a><\/li>\r\n                                                                            <\/ul>\r\n                                                                <h3 class=\"entry-title\"><a href=\"https:\/\/isikdemir.com.tr\/index.php\/2019\/11\/05\/what-we-are-capable-to-beo-usually-discovered\/\">What we are capable to usually discovered.<\/a><\/h3>\r\n                                                                    <div class=\"entry-readmore\">\r\n                                        <a href=\"https:\/\/isikdemir.com.tr\/index.php\/2019\/11\/05\/what-we-are-capable-to-beo-usually-discovered\/\">\r\n                                            Read more                                            <i class=\"fac fac-angle-double-right space-left\"><\/i>\r\n                                        <\/a>\r\n                                    <\/div>\r\n                                                            <\/div>\r\n                        <\/div>\r\n                    <\/div>\r\n                <\/div>\r\n                            <div class=\"grid-item col-xl-6 col-lg-6 col-md-6 col-sm-6 col-12 filter-category-2\">\r\n                    <div class=\"grid-item-inner wow fadeInUp\">\r\n                                                <div class=\"entry-body\">\r\n                            <div class=\"entry-holder\">\r\n                                                                    <ul class=\"entry-meta\">\r\n                                                                                    <li class=\"item-date\"><i class=\"fac fac-calendar-alt\"><\/i>Kas\u0131m 5, 2019<\/li>\r\n                                                                                                                            <li class=\"item-author\">\r\n                                                <a href=\"https:\/\/isikdemir.com.tr\/index.php\/author\/sunucudestek_opth5780\/\"><i class=\"fac fac-user\"><\/i>admin<\/a><\/li>\r\n                                                                            <\/ul>\r\n                                                                <h3 class=\"entry-title\"><a href=\"https:\/\/isikdemir.com.tr\/index.php\/2019\/11\/05\/food-industry-leaders-often-change-their-profound\/\">Food industry leaders often change their.<\/a><\/h3>\r\n                                                                    <div class=\"entry-readmore\">\r\n                                        <a href=\"https:\/\/isikdemir.com.tr\/index.php\/2019\/11\/05\/food-industry-leaders-often-change-their-profound\/\">\r\n                                            Read more                                            <i class=\"fac fac-angle-double-right space-left\"><\/i>\r\n                                        <\/a>\r\n                                    <\/div>\r\n                                                            <\/div>\r\n                        <\/div>\r\n                    <\/div>\r\n                <\/div>\r\n                            <div class=\"grid-item col-xl-6 col-lg-6 col-md-6 col-sm-6 col-12 filter-category-1\">\r\n                    <div class=\"grid-item-inner wow fadeInUp\">\r\n                                                <div class=\"entry-body\">\r\n                            <div class=\"entry-holder\">\r\n                                                                    <ul class=\"entry-meta\">\r\n                                                                                    <li class=\"item-date\"><i class=\"fac fac-calendar-alt\"><\/i>Kas\u0131m 5, 2019<\/li>\r\n                                                                                                                            <li class=\"item-author\">\r\n                                                <a href=\"https:\/\/isikdemir.com.tr\/index.php\/author\/sunucudestek_opth5780\/\"><i class=\"fac fac-user\"><\/i>admin<\/a><\/li>\r\n                                                                            <\/ul>\r\n                                                                <h3 class=\"entry-title\"><a href=\"https:\/\/isikdemir.com.tr\/index.php\/2019\/11\/05\/how-to-go-about-intiating-an-start-up\/\">How to go about intiating an start-up.<\/a><\/h3>\r\n                                                                    <div class=\"entry-readmore\">\r\n                                        <a href=\"https:\/\/isikdemir.com.tr\/index.php\/2019\/11\/05\/how-to-go-about-intiating-an-start-up\/\">\r\n                                            Read more                                            <i class=\"fac fac-angle-double-right space-left\"><\/i>\r\n                                        <\/a>\r\n                                    <\/div>\r\n                                                            <\/div>\r\n                        <\/div>\r\n                    <\/div>\r\n                <\/div>\r\n                            <div class=\"grid-item col-xl-6 col-lg-6 col-md-6 col-sm-6 col-12 filter-category-4\">\r\n                    <div class=\"grid-item-inner wow fadeInUp\">\r\n                                                <div class=\"entry-body\">\r\n                            <div class=\"entry-holder\">\r\n                                                                    <ul class=\"entry-meta\">\r\n                                                                                    <li class=\"item-date\"><i class=\"fac fac-calendar-alt\"><\/i>Kas\u0131m 5, 2019<\/li>\r\n                                                                                                                            <li class=\"item-author\">\r\n                                                <a href=\"https:\/\/isikdemir.com.tr\/index.php\/author\/sunucudestek_opth5780\/\"><i class=\"fac fac-user\"><\/i>admin<\/a><\/li>\r\n                                                                            <\/ul>\r\n                                                                <h3 class=\"entry-title\"><a href=\"https:\/\/isikdemir.com.tr\/index.php\/2019\/11\/05\/reasons-to-explan-fast-business-builder\/\">Reasons to explan fast business builder.<\/a><\/h3>\r\n                                                                    <div class=\"entry-readmore\">\r\n                                        <a href=\"https:\/\/isikdemir.com.tr\/index.php\/2019\/11\/05\/reasons-to-explan-fast-business-builder\/\">\r\n                                            Read more                                            <i class=\"fac fac-angle-double-right space-left\"><\/i>\r\n                                        <\/a>\r\n                                    <\/div>\r\n                                                            <\/div>\r\n                        <\/div>\r\n                    <\/div>\r\n                <\/div>\r\n                            <div class=\"grid-item col-xl-6 col-lg-6 col-md-6 col-sm-6 col-12 filter-category-1\">\r\n                    <div class=\"grid-item-inner wow fadeInUp\">\r\n                                                <div class=\"entry-body\">\r\n                            <div class=\"entry-holder\">\r\n                                                                    <ul class=\"entry-meta\">\r\n                                                                                    <li class=\"item-date\"><i class=\"fac fac-calendar-alt\"><\/i>Kas\u0131m 4, 2018<\/li>\r\n                                                                                                                            <li class=\"item-author\">\r\n                                                <a href=\"https:\/\/isikdemir.com.tr\/index.php\/author\/sunucudestek_opth5780\/\"><i class=\"fac fac-user\"><\/i>admin<\/a><\/li>\r\n                                                                            <\/ul>\r\n                                                                <h3 class=\"entry-title\"><a href=\"https:\/\/isikdemir.com.tr\/index.php\/2018\/11\/04\/many-types-of-construction-equipment-are-designed\/\">Blackpool polices hunt for David Schwimmer<\/a><\/h3>\r\n                                                                    <div class=\"entry-readmore\">\r\n                                        <a href=\"https:\/\/isikdemir.com.tr\/index.php\/2018\/11\/04\/many-types-of-construction-equipment-are-designed\/\">\r\n                                            Read more                                            <i class=\"fac fac-angle-double-right space-left\"><\/i>\r\n                                        <\/a>\r\n                                    <\/div>\r\n                                                            <\/div>\r\n                        <\/div>\r\n                    <\/div>\r\n                <\/div>\r\n                <\/div>\r\n            <div class=\"ct-grid-pagination\" data-loadmore=\"{&quot;startPage&quot;:1,&quot;maxPages&quot;:1,&quot;total&quot;:6,&quot;perpage&quot;:8,&quot;nextLink&quot;:&quot;&quot;,&quot;source&quot;:&quot;&quot;,&quot;orderby&quot;:&quot;date&quot;,&quot;order&quot;:&quot;desc&quot;,&quot;limit&quot;:8,&quot;post_ids&quot;:&quot;&quot;,&quot;col_xl&quot;:6,&quot;col_lg&quot;:6,&quot;col_md&quot;:6,&quot;col_sm&quot;:6,&quot;col_xs&quot;:12,&quot;thumbnail_size&quot;:&quot;custom&quot;,&quot;thumbnail_custom_dimension&quot;:{&quot;width&quot;:&quot;&quot;,&quot;height&quot;:&quot;&quot;},&quot;pagination_type&quot;:&quot;pagination&quot;,&quot;show_author&quot;:&quot;true&quot;,&quot;show_date&quot;:&quot;true&quot;,&quot;show_button&quot;:&quot;true&quot;,&quot;button_text&quot;:&quot;&quot;,&quot;ct_animate&quot;:&quot;wow fadeInUp&quot;,&quot;template_type&quot;:&quot;post_grid_layout1&quot;,&quot;tax&quot;:[&quot;category&quot;]}\" data-query=\"{&quot;post_type&quot;:&quot;post&quot;,&quot;post_status&quot;:&quot;publish&quot;,&quot;posts_per_page&quot;:8,&quot;order&quot;:&quot;desc&quot;,&quot;orderby&quot;:&quot;date&quot;,&quot;tax_query&quot;:{&quot;relation&quot;:&quot;OR&quot;},&quot;post__not_in&quot;:[125]}\">\r\n                    <\/div>\r\n        <\/div>\t\t\t\t<\/div>\n\t\t\t\t<\/div>\n\t\t            <\/div>\n        <\/div>\n                    <\/div>\n        <\/section>\n        \t\t<\/div>\n\t\t","protected":false},"excerpt":{"rendered":"<p>November 5, 2019 admin Strategy for Norway&#8217;s Peion to Fund Global. Read more November 5, 2019 admin What we are capable to usually discovered. Read more November 5, 2019 admin Food industry leaders often change their. Read more November 5, 2019 admin How to go about intiating an start-up. Read more November 5, 2019 admin [&hellip;]<\/p>\n","protected":false},"author":1,"featured_media":0,"parent":0,"menu_order":0,"comment_status":"closed","ping_status":"closed","template":"","meta":{"footnotes":""},"class_list":["post-125","page","type-page","status-publish","hentry"],"yoast_head":"<!-- This site is optimized with the Yoast SEO plugin v24.3 - https:\/\/yoast.com\/wordpress\/plugins\/seo\/ -->\r\n<title>Blog Grid 2 Columns + Sidebar Left - I\u015eIK DEM\u0130R<\/title>\r\n<meta name=\"robots\" content=\"index, follow, max-snippet:-1, max-image-preview:large, max-video-preview:-1\" \/>\r\n<link rel=\"canonical\" href=\"https:\/\/isikdemir.com.tr\/index.php\/blog-grid-2-columns-sidebar-left\/\" \/>\r\n<meta property=\"og:locale\" content=\"tr_TR\" \/>\r\n<meta property=\"og:type\" content=\"article\" \/>\r\n<meta property=\"og:title\" content=\"Blog Grid 2 Columns + Sidebar Left - I\u015eIK DEM\u0130R\" \/>\r\n<meta property=\"og:description\" content=\"November 5, 2019 admin Strategy for Norway&#8217;s Peion to Fund Global. Read more November 5, 2019 admin What we are capable to usually discovered. Read more November 5, 2019 admin Food industry leaders often change their. Read more November 5, 2019 admin How to go about intiating an start-up. Read more November 5, 2019 admin [&hellip;]\" \/>\r\n<meta property=\"og:url\" content=\"https:\/\/isikdemir.com.tr\/index.php\/blog-grid-2-columns-sidebar-left\/\" \/>\r\n<meta property=\"og:site_name\" content=\"I\u015eIK DEM\u0130R\" \/>\r\n<meta property=\"article:publisher\" content=\"https:\/\/www.facebook.com\/p\/Ik-Demir-100092820544779\/?locale=tr_TR\" \/>\r\n<meta property=\"og:image\" content=\"http:\/\/isikdemir.com.tr\/wp-content\/uploads\/2019\/11\/theme-10-600x414.jpg\" \/>\r\n<meta name=\"twitter:card\" content=\"summary_large_image\" \/>\r\n<script type=\"application\/ld+json\" class=\"yoast-schema-graph\">{\"@context\":\"https:\/\/schema.org\",\"@graph\":[{\"@type\":\"WebPage\",\"@id\":\"https:\/\/isikdemir.com.tr\/index.php\/blog-grid-2-columns-sidebar-left\/\",\"url\":\"https:\/\/isikdemir.com.tr\/index.php\/blog-grid-2-columns-sidebar-left\/\",\"name\":\"Blog Grid 2 Columns + Sidebar Left - I\u015eIK DEM\u0130R\",\"isPartOf\":{\"@id\":\"https:\/\/isikdemir.com.tr\/#website\"},\"primaryImageOfPage\":{\"@id\":\"https:\/\/isikdemir.com.tr\/index.php\/blog-grid-2-columns-sidebar-left\/#primaryimage\"},\"image\":{\"@id\":\"https:\/\/isikdemir.com.tr\/index.php\/blog-grid-2-columns-sidebar-left\/#primaryimage\"},\"thumbnailUrl\":\"http:\/\/isikdemir.com.tr\/wp-content\/uploads\/2019\/11\/theme-10-600x414.jpg\",\"datePublished\":\"2019-11-02T02:32:23+00:00\",\"dateModified\":\"2019-11-02T02:32:23+00:00\",\"breadcrumb\":{\"@id\":\"https:\/\/isikdemir.com.tr\/index.php\/blog-grid-2-columns-sidebar-left\/#breadcrumb\"},\"inLanguage\":\"tr\",\"potentialAction\":[{\"@type\":\"ReadAction\",\"target\":[\"https:\/\/isikdemir.com.tr\/index.php\/blog-grid-2-columns-sidebar-left\/\"]}]},{\"@type\":\"ImageObject\",\"inLanguage\":\"tr\",\"@id\":\"https:\/\/isikdemir.com.tr\/index.php\/blog-grid-2-columns-sidebar-left\/#primaryimage\",\"url\":\"http:\/\/isikdemir.com.tr\/wp-content\/uploads\/2019\/11\/theme-10-600x414.jpg\",\"contentUrl\":\"http:\/\/isikdemir.com.tr\/wp-content\/uploads\/2019\/11\/theme-10-600x414.jpg\"},{\"@type\":\"BreadcrumbList\",\"@id\":\"https:\/\/isikdemir.com.tr\/index.php\/blog-grid-2-columns-sidebar-left\/#breadcrumb\",\"itemListElement\":[{\"@type\":\"ListItem\",\"position\":1,\"name\":\"Anasayfa\",\"item\":\"https:\/\/isikdemir.com.tr\/\"},{\"@type\":\"ListItem\",\"position\":2,\"name\":\"Blog Grid 2 Columns + Sidebar Left\"}]},{\"@type\":\"WebSite\",\"@id\":\"https:\/\/isikdemir.com.tr\/#website\",\"url\":\"https:\/\/isikdemir.com.tr\/\",\"name\":\"I\u015eIK BORU PROF\u0130L\",\"description\":\"I\u015eIK BORU PROF\u0130L\",\"publisher\":{\"@id\":\"https:\/\/isikdemir.com.tr\/#organization\"},\"potentialAction\":[{\"@type\":\"SearchAction\",\"target\":{\"@type\":\"EntryPoint\",\"urlTemplate\":\"https:\/\/isikdemir.com.tr\/?s={search_term_string}\"},\"query-input\":{\"@type\":\"PropertyValueSpecification\",\"valueRequired\":true,\"valueName\":\"search_term_string\"}}],\"inLanguage\":\"tr\"},{\"@type\":\"Organization\",\"@id\":\"https:\/\/isikdemir.com.tr\/#organization\",\"name\":\"I\u015eIK BORU PROF\u0130L\",\"url\":\"https:\/\/isikdemir.com.tr\/\",\"logo\":{\"@type\":\"ImageObject\",\"inLanguage\":\"tr\",\"@id\":\"https:\/\/isikdemir.com.tr\/#\/schema\/logo\/image\/\",\"url\":\"https:\/\/isikdemir.com.tr\/wp-content\/uploads\/2020\/02\/logo.png\",\"contentUrl\":\"https:\/\/isikdemir.com.tr\/wp-content\/uploads\/2020\/02\/logo.png\",\"width\":300,\"height\":57,\"caption\":\"I\u015eIK BORU PROF\u0130L\"},\"image\":{\"@id\":\"https:\/\/isikdemir.com.tr\/#\/schema\/logo\/image\/\"},\"sameAs\":[\"https:\/\/www.facebook.com\/p\/Ik-Demir-100092820544779\/?locale=tr_TR\"]}]}<\/script>\r\n<!-- \/ Yoast SEO plugin. -->","yoast_head_json":{"title":"Blog Grid 2 Columns + Sidebar Left - I\u015eIK DEM\u0130R","robots":{"index":"index","follow":"follow","max-snippet":"max-snippet:-1","max-image-preview":"max-image-preview:large","max-video-preview":"max-video-preview:-1"},"canonical":"https:\/\/isikdemir.com.tr\/index.php\/blog-grid-2-columns-sidebar-left\/","og_locale":"tr_TR","og_type":"article","og_title":"Blog Grid 2 Columns + Sidebar Left - I\u015eIK DEM\u0130R","og_description":"November 5, 2019 admin Strategy for Norway&#8217;s Peion to Fund Global. Read more November 5, 2019 admin What we are capable to usually discovered. Read more November 5, 2019 admin Food industry leaders often change their. Read more November 5, 2019 admin How to go about intiating an start-up. Read more November 5, 2019 admin [&hellip;]","og_url":"https:\/\/isikdemir.com.tr\/index.php\/blog-grid-2-columns-sidebar-left\/","og_site_name":"I\u015eIK DEM\u0130R","article_publisher":"https:\/\/www.facebook.com\/p\/Ik-Demir-100092820544779\/?locale=tr_TR","og_image":[{"url":"http:\/\/isikdemir.com.tr\/wp-content\/uploads\/2019\/11\/theme-10-600x414.jpg","type":"","width":"","height":""}],"twitter_card":"summary_large_image","schema":{"@context":"https:\/\/schema.org","@graph":[{"@type":"WebPage","@id":"https:\/\/isikdemir.com.tr\/index.php\/blog-grid-2-columns-sidebar-left\/","url":"https:\/\/isikdemir.com.tr\/index.php\/blog-grid-2-columns-sidebar-left\/","name":"Blog Grid 2 Columns + Sidebar Left - I\u015eIK DEM\u0130R","isPartOf":{"@id":"https:\/\/isikdemir.com.tr\/#website"},"primaryImageOfPage":{"@id":"https:\/\/isikdemir.com.tr\/index.php\/blog-grid-2-columns-sidebar-left\/#primaryimage"},"image":{"@id":"https:\/\/isikdemir.com.tr\/index.php\/blog-grid-2-columns-sidebar-left\/#primaryimage"},"thumbnailUrl":"http:\/\/isikdemir.com.tr\/wp-content\/uploads\/2019\/11\/theme-10-600x414.jpg","datePublished":"2019-11-02T02:32:23+00:00","dateModified":"2019-11-02T02:32:23+00:00","breadcrumb":{"@id":"https:\/\/isikdemir.com.tr\/index.php\/blog-grid-2-columns-sidebar-left\/#breadcrumb"},"inLanguage":"tr","potentialAction":[{"@type":"ReadAction","target":["https:\/\/isikdemir.com.tr\/index.php\/blog-grid-2-columns-sidebar-left\/"]}]},{"@type":"ImageObject","inLanguage":"tr","@id":"https:\/\/isikdemir.com.tr\/index.php\/blog-grid-2-columns-sidebar-left\/#primaryimage","url":"http:\/\/isikdemir.com.tr\/wp-content\/uploads\/2019\/11\/theme-10-600x414.jpg","contentUrl":"http:\/\/isikdemir.com.tr\/wp-content\/uploads\/2019\/11\/theme-10-600x414.jpg"},{"@type":"BreadcrumbList","@id":"https:\/\/isikdemir.com.tr\/index.php\/blog-grid-2-columns-sidebar-left\/#breadcrumb","itemListElement":[{"@type":"ListItem","position":1,"name":"Anasayfa","item":"https:\/\/isikdemir.com.tr\/"},{"@type":"ListItem","position":2,"name":"Blog Grid 2 Columns + Sidebar Left"}]},{"@type":"WebSite","@id":"https:\/\/isikdemir.com.tr\/#website","url":"https:\/\/isikdemir.com.tr\/","name":"I\u015eIK BORU PROF\u0130L","description":"I\u015eIK BORU PROF\u0130L","publisher":{"@id":"https:\/\/isikdemir.com.tr\/#organization"},"potentialAction":[{"@type":"SearchAction","target":{"@type":"EntryPoint","urlTemplate":"https:\/\/isikdemir.com.tr\/?s={search_term_string}"},"query-input":{"@type":"PropertyValueSpecification","valueRequired":true,"valueName":"search_term_string"}}],"inLanguage":"tr"},{"@type":"Organization","@id":"https:\/\/isikdemir.com.tr\/#organization","name":"I\u015eIK BORU PROF\u0130L","url":"https:\/\/isikdemir.com.tr\/","logo":{"@type":"ImageObject","inLanguage":"tr","@id":"https:\/\/isikdemir.com.tr\/#\/schema\/logo\/image\/","url":"https:\/\/isikdemir.com.tr\/wp-content\/uploads\/2020\/02\/logo.png","contentUrl":"https:\/\/isikdemir.com.tr\/wp-content\/uploads\/2020\/02\/logo.png","width":300,"height":57,"caption":"I\u015eIK BORU PROF\u0130L"},"image":{"@id":"https:\/\/isikdemir.com.tr\/#\/schema\/logo\/image\/"},"sameAs":["https:\/\/www.facebook.com\/p\/Ik-Demir-100092820544779\/?locale=tr_TR"]}]}},"_links":{"self":[{"href":"https:\/\/isikdemir.com.tr\/index.php\/wp-json\/wp\/v2\/pages\/125","targetHints":{"allow":["GET"]}}],"collection":[{"href":"https:\/\/isikdemir.com.tr\/index.php\/wp-json\/wp\/v2\/pages"}],"about":[{"href":"https:\/\/isikdemir.com.tr\/index.php\/wp-json\/wp\/v2\/types\/page"}],"author":[{"embeddable":true,"href":"https:\/\/isikdemir.com.tr\/index.php\/wp-json\/wp\/v2\/users\/1"}],"replies":[{"embeddable":true,"href":"https:\/\/isikdemir.com.tr\/index.php\/wp-json\/wp\/v2\/comments?post=125"}],"version-history":[{"count":0,"href":"https:\/\/isikdemir.com.tr\/index.php\/wp-json\/wp\/v2\/pages\/125\/revisions"}],"wp:attachment":[{"href":"https:\/\/isikdemir.com.tr\/index.php\/wp-json\/wp\/v2\/media?parent=125"}],"curies":[{"name":"wp","href":"https:\/\/api.w.org\/{rel}","templated":true}]}}